{"id":55220,"date":"2020-06-03T15:41:41","date_gmt":"2020-06-03T13:41:41","guid":{"rendered":"https:\/\/univet.hu\/hu\/otdk2021\/tagozatok\/erdeszeti\/"},"modified":"2021-03-22T19:31:22","modified_gmt":"2021-03-22T18:31:22","slug":"allattenyesztestani-b-tagozat","status":"publish","type":"page","link":"https:\/\/univet.hu\/hu\/otdk2021\/tagozatok\/allattenyesztestani-b-tagozat\/","title":{"rendered":"\u00c1llatteny\u00e9szt\u00e9stani B tagozat"},"content":{"rendered":"<p>&nbsp;<\/p> <p><strong>Zs\u0171ri eln\u00f6ke:<\/strong>\u00a0Dr. Horn P\u00e9ter \/\u00a0Dr. Urb\u00e1nyi B\u00e9la<\/p> <p><strong>Tagok:<\/strong> Kov\u00e1csn\u00e9 Dr. Ga\u00e1l Katalin<\/p> <p style=\"padding-left: 60px;\">Dr. Mih\u00f3k S\u00e1ndor<\/p> <p style=\"padding-left: 60px;\">Dr. Fekete S\u00e1ndor<\/p> <p style=\"padding-left: 60px;\">Dr. Nagy Szabolcs<\/p> <p><strong>Hallgat\u00f3:<\/strong> Czirok Martin<\/p> <p><strong>Titk\u00e1r:<\/strong> dr. Marosi Andr\u00e1s<\/p> <p>&nbsp;<\/p> <table style=\"width: 866px;\" width=\"683\"> <tbody> <tr> <td style=\"width: 176px;\" data-sheets-value=\"{&quot;1&quot;:2,&quot;2&quot;:&quot;Szerz\u0151(k) neve&quot;}\"><strong>Szerz\u0151<\/strong><\/td> <td style=\"width: 339.2px;\"><strong>Dolgozat c\u00edme<\/strong><\/td> <td style=\"width: 156px;\"><strong>T\u00e9mavezet\u0151<\/strong><\/td> <td style=\"width: 168.8px;\" data-sheets-value=\"{&quot;1&quot;:2,&quot;2&quot;:&quot;Konzulens(ek)&quot;}\"><strong>K\u00fcld\u0151 int\u00e9zm\u00e9ny<\/strong><\/td> <\/tr> <tr> <td style=\"width: 176px;\"><strong>Balog Katalin<\/strong><\/td> <td style=\"width: 339.2px;\">Magyarorsz\u00e1gi ponty (Cyprinus carpio L.) t\u00e1jfajt\u00e1k genetikai diverzit\u00e1s\u00e1nak vizsg\u00e1lata<\/td> <td style=\"width: 156px;\"> <p>Dr. Bagi Zolt\u00e1n,<\/p> <p>Dr. Kusza Szilvia,<\/p> <p>V\u00e9ghn\u00e9 T\u00f3th Bianka M\u00f3nika<\/td> <td style=\"width: 168.8px;\">Debreceni Egyetem<\/td> <\/tr> <tr> <td style=\"width: 176px;\"><strong>B\u00edr\u00f3 Bence<\/strong><\/td> <td style=\"width: 339.2px;\">TINT t\u00edpus\u00fa k\u00eds\u00e9rleti toj\u00f3hibridek \u00e9rt\u00e9km\u00e9r\u0151 tulajdons\u00e1gainak \u00f6sszehasonl\u00edt\u00f3 vizsg\u00e1lata<\/td> <td style=\"width: 156px;\"> <p>Prof. Dr. S\u00fct\u0151 Zolt\u00e1n,<\/p> <p>Garamv\u00f6lgyi Erik<\/td> <td style=\"width: 168.8px;\">Szent Istv\u00e1n Egyetem<\/td> <\/tr> <tr> <td style=\"width: 176px;\"><strong>B\u00f3g\u00f3 Zsolt Bence<\/strong><\/td> <td style=\"width: 339.2px;\">K\u00fcl\u00f6nb\u00f6z\u0151 hormonbejuttat\u00e1si m\u00f3dszerek hat\u00e1sa az afrikai harcsa induk\u00e1lt szapor\u00edt\u00e1sa sor\u00e1n<\/td> <td style=\"width: 156px;\"> <p>Dr. Kucska Bal\u00e1zs,<\/p> <p>Dr. M\u00fcller Tam\u00e1s,<\/p> <p>Nguyen Ngoc Quyen<\/td> <td style=\"width: 168.8px;\">Szent Istv\u00e1n Egyetem<\/td> <\/tr> <tr> <td style=\"width: 176px;\"><strong>Dencs Veronika<\/strong><\/td> <td style=\"width: 339.2px;\">A k\u00fcl\u00f6nb\u00f6z\u0151 \u00e9letkorban alkalmazott magas k\u00f6rnyezeti h\u0151m\u00e9rs\u00e9klet hat\u00e1s\u00e1nak vizsg\u00e1lata n\u00f6vend\u00e9knyulakon<\/td> <td style=\"width: 156px;\"> <p>Dr. Gerencs\u00e9r Zsolt,<\/p> <p>Dr. Matics Zsolt<\/td> <td style=\"width: 168.8px;\">Szent Istv\u00e1n Egyetem<\/td> <\/tr> <tr> <td style=\"width: 176px;\"><strong>Izs\u00e1k Tibor<\/strong><\/td> <td style=\"width: 339.2px;\">Nagy mennyis\u00e9gben m\u00e9lyh\u0171t\u00f6tt csuka (Esox lucius) sperma alkalmaz\u00e1sa keltet\u0151h\u00e1zi szapor\u00edt\u00e1s sor\u00e1n \u00e9s a kikelt l\u00e1rv\u00e1k fejl\u0151d\u00e9stani vizsg\u00e1lata<\/td> <td style=\"width: 156px;\"> <p>Dr. Bern\u00e1th Gergely,<\/p> <p>Dr. Bokor Zolt\u00e1n,<\/p> <p>Moln\u00e1r J\u00f3zsef<\/td> <td style=\"width: 168.8px;\">Szent Istv\u00e1n Egyetem<\/td> <\/tr> <tr> <td style=\"width: 176px;\"><strong>Kert\u00e9sz Attila<\/strong><\/td> <td style=\"width: 339.2px;\">A f\u00e9nyintenzit\u00e1s hat\u00e1sa a harcsa (Silurus glanis) l\u00e1rv\u00e1k takarm\u00e1nyfelv\u00e9tel\u00e9re \u00e9s n\u00f6veked\u00e9s\u00e9re<\/td> <td style=\"width: 156px;\">Dr. Feh\u00e9r Mil\u00e1n<\/td> <td style=\"width: 168.8px;\">Debreceni Egyetem<\/td> <\/tr> <tr> <td style=\"width: 176px;\"><strong>L\u00e1ng Levente Zete<\/strong><\/td> <td style=\"width: 339.2px;\">A balatoni sud\u00e1r ponty (Cyprinus carpio morpha accuminatus) induk\u00e1lt szapor\u00edt\u00e1sa \u00e9s intenz\u00edv rendszerben t\u00f6rt\u00e9n\u0151 l\u00e1rvanevel\u00e9s\u00e9nek vizsg\u00e1lata<\/td> <td style=\"width: 156px;\"> <p>Dr. Bern\u00e1th Gergely,<\/p> <p>Dr. Bokor Zolt\u00e1n,<\/p> <p>V\u00e1rkonyi Levente<\/td> <td style=\"width: 168.8px;\">Szent Istv\u00e1n Egyetem<\/td> <\/tr> <tr> <td style=\"width: 176px;\"><strong>Rapai Andr\u00e1s<\/strong><\/td> <td style=\"width: 339.2px;\">Cs\u0151rkoptat\u00f3 anyag haszn\u00e1lat\u00e1nak vizsg\u00e1lata a k\u00fcl\u00f6nb\u00f6z\u0151 genot\u00edpus\u00fa toj\u00f3hibridek eset\u00e9n<\/td> <td style=\"width: 156px;\"> <p>Dr. Farkas Tam\u00e1s P\u00e9ter,<\/p> <p>Dr. S\u00fct\u0151 Zolt\u00e1n<\/td> <td style=\"width: 168.8px;\">Szent Istv\u00e1n Egyetem<\/td> <\/tr> <tr> <td style=\"width: 176px;\"><strong>Seres M\u00e1ty\u00e1s<\/strong><\/td> <td style=\"width: 339.2px;\">A kl\u00edmav\u00e1ltoz\u00e1sra adott v\u00e1lasz a ty\u00fakteny\u00e9szt\u00e9s ter\u00fclet\u00e9n egy hazai, innovat\u00edv baromfinemes\u00edt\u0151 c\u00e9g szemsz\u00f6g\u00e9b\u0151l<\/td> <td style=\"width: 156px;\"> <p>Prof. Dr. S\u00fct\u0151 Zolt\u00e1n,<\/p> <p>B\u00faza Gy\u00f6rgy,<\/p> <p>Garamv\u00f6lgyi Erik<\/td> <td style=\"width: 168.8px;\">Szent Istv\u00e1n Egyetem<\/td> <\/tr> <tr> <td style=\"width: 176px;\"><strong>Szil\u00e1gyi Szabina<\/strong><\/td> <td style=\"width: 339.2px;\">A kendermagos magyar ty\u00fak testt\u00f6meggyarapod\u00e1s\u00e1nak vizsg\u00e1lata, illetve a lenmagetet\u00e9s hat\u00e1sa a ty\u00fakok h\u00fas\u00e1nak zs\u00edrsav\u00f6sszet\u00e9tel\u00e9re<\/td> <td style=\"width: 156px;\">Dr. Benk \u00c1kos<\/td> <td style=\"width: 168.8px;\">Szegedi Tudom\u00e1nyegyetem<\/td> <\/tr> <tr> <td style=\"width: 176px;\"><strong>Varga Dzsenifer<\/strong><\/td> <td style=\"width: 339.2px;\">A pulykahizlal\u00e1s vizsg\u00e1lata egy B\u00e9k\u00e9s megyei telepen<\/td> <td style=\"width: 156px;\">Dr. Bodn\u00e1r K\u00e1roly<\/td> <td style=\"width: 168.8px;\">Szent Istv\u00e1n Egyetem<\/td> <\/tr> <\/tbody> <\/table> <p>&nbsp;<\/p>","protected":false},"excerpt":{"rendered":"<p>&nbsp; Zs\u0171ri eln\u00f6ke:\u00a0Dr. Horn P\u00e9ter \/\u00a0Dr. Urb\u00e1nyi B\u00e9la Tagok: Kov\u00e1csn\u00e9 Dr. Ga\u00e1l Katalin Dr. Mih\u00f3k S\u00e1ndor Dr. Fekete S\u00e1ndor Dr. Nagy Szabolcs Hallgat\u00f3: Czirok Martin Titk\u00e1r: dr. Marosi Andr\u00e1s &nbsp; Szerz\u0151 Dolgozat c\u00edme T\u00e9mavezet\u0151 K\u00fcld\u0151 int\u00e9zm\u00e9ny Balog Katalin Magyarorsz\u00e1gi ponty (Cyprinus carpio L.) t\u00e1jfajt\u00e1k genetikai diverzit\u00e1s\u00e1nak vizsg\u00e1lata Dr. Bagi Zolt\u00e1n, Dr. Kusza Szilvia, V\u00e9ghn\u00e9 T\u00f3th<\/p>\n","protected":false},"author":2518,"featured_media":0,"parent":55197,"menu_order":0,"comment_status":"open","ping_status":"open","template":"","meta":{"_acf_changed":false,"footnotes":""},"categories":[],"tags":[],"class_list":["post-55220","page","type-page","status-publish","hentry"],"acf":[],"_links":{"self":[{"href":"https:\/\/univet.hu\/hu\/wp-json\/wp\/v2\/pages\/55220","targetHints":{"allow":["GET"]}}],"collection":[{"href":"https:\/\/univet.hu\/hu\/wp-json\/wp\/v2\/pages"}],"about":[{"href":"https:\/\/univet.hu\/hu\/wp-json\/wp\/v2\/types\/page"}],"author":[{"embeddable":true,"href":"https:\/\/univet.hu\/hu\/wp-json\/wp\/v2\/users\/2518"}],"replies":[{"embeddable":true,"href":"https:\/\/univet.hu\/hu\/wp-json\/wp\/v2\/comments?post=55220"}],"version-history":[{"count":0,"href":"https:\/\/univet.hu\/hu\/wp-json\/wp\/v2\/pages\/55220\/revisions"}],"up":[{"embeddable":true,"href":"https:\/\/univet.hu\/hu\/wp-json\/wp\/v2\/pages\/55197"}],"wp:attachment":[{"href":"https:\/\/univet.hu\/hu\/wp-json\/wp\/v2\/media?parent=55220"}],"wp:term":[{"taxonomy":"category","embeddable":true,"href":"https:\/\/univet.hu\/hu\/wp-json\/wp\/v2\/categories?post=55220"},{"taxonomy":"post_tag","embeddable":true,"href":"https:\/\/univet.hu\/hu\/wp-json\/wp\/v2\/tags?post=55220"}],"curies":[{"name":"wp","href":"https:\/\/api.w.org\/{rel}","templated":true}]}}