{"id":55222,"date":"2020-06-03T15:42:49","date_gmt":"2020-06-03T13:42:49","guid":{"rendered":"https:\/\/univet.hu\/hu\/otdk2021\/tagozatok\/kerteszeti\/"},"modified":"2021-03-25T12:07:33","modified_gmt":"2021-03-25T11:07:33","slug":"kerteszeti-a-tagozat","status":"publish","type":"page","link":"https:\/\/univet.hu\/hu\/otdk2021\/tagozatok\/kerteszeti-a-tagozat\/","title":{"rendered":"Kert\u00e9szeti A tagozat"},"content":{"rendered":"<p>&nbsp;<\/p> <p><strong>Zs\u0171ri eln\u00f6ke:<\/strong> Dr. P\u00e9k Zolt\u00e1n<\/p> <p><strong>Tagok:<\/strong>\u00a0 Dr. Rad\u00e1csi P\u00e9ter<\/p> <p style=\"padding-left: 60px;\">Dr. Ge\u00f6sel Andr\u00e1s<\/p> <p style=\"padding-left: 60px;\">Dr. habil. Lantos Ferenc<\/p> <p style=\"padding-left: 60px;\">Dr. Csoma Zolt\u00e1n<\/p> <p><strong>Hallgat\u00f3:<\/strong> Monostori Dorottya<\/p> <p><strong>Titk\u00e1r:<\/strong> D\u00e9nes Lilla<\/p> <p>&nbsp;<\/p> <table width=\"866\"> <tbody> <tr> <td style=\"width: 140.8px;\"><strong>Szerz\u0151<\/strong><\/td> <td style=\"width: 307.2px;\"><strong>Dolgozat c\u00edme<\/strong><\/td> <td style=\"width: 232.8px;\"><strong>T\u00e9mavezet\u0151<\/strong><\/td> <td style=\"width: 159.2px;\">K\u00fcld\u0151 int\u00e9zm\u00e9ny<\/td> <\/tr> <tr> <td style=\"width: 140.8px;\"><strong>Farkas D\u00f3ra<\/strong><\/td> <td style=\"width: 307.2px;\">A Bowiea volubilis in vitro szapor\u00edt\u00e1sa \u00e9s akklimatiz\u00e1l\u00e1sa<\/td> <td style=\"width: 232.8px;\">Dr. \u00d6rd\u00f6gh M\u00e1t\u00e9<\/td> <td style=\"width: 159.2px;\">Szent Istv\u00e1n Egyetem<\/td> <\/tr> <tr> <td style=\"width: 140.8px;\"><strong>Gyurk\u00f3 Adrienn<\/strong><\/td> <td style=\"width: 307.2px;\">Mikrobiol\u00f3giai k\u00e9sz\u00edtm\u00e9nyek alkalmaz\u00e1s\u00e1nak gazdas\u00e1goss\u00e1ga \u00f6kol\u00f3giai szam\u00f3catermeszt\u00e9sben<\/td> <td style=\"width: 232.8px;\"> <p>Dr. Ferencz \u00c1rp\u00e1d,<\/p> <p>Dr. Mih\u00e1lka Vir\u00e1g<\/td> <td style=\"width: 159.2px;\">Neumann J\u00e1nos Egyetem<\/td> <\/tr> <tr> <td style=\"width: 140.8px;\"><strong>Horv\u00e1th Hajnalka<\/strong><\/td> <td style=\"width: 307.2px;\">A Multiclima kl\u00edmatikus h\u00e1l\u00f3 haszn\u00e1lat\u00e1nak tapasztalata a szam\u00f3catermeszt\u00e9sben<\/td> <td style=\"width: 232.8px;\">Dr. Kir\u00e1ly Ildik\u00f3<\/td> <td style=\"width: 159.2px;\">Neumann J\u00e1nos Egyetem<\/td> <\/tr> <tr> <td style=\"width: 140.8px;\"><strong>K\u0151hegyi M\u00e1t\u00e9<\/strong><\/td> <td style=\"width: 307.2px;\">A Verbena officinalis L. (k\u00f6z\u00f6ns\u00e9ges vasf\u0171) termeszt\u00e9stechnol\u00f3gi\u00e1j\u00e1nak fejleszt\u00e9se<\/td> <td style=\"width: 232.8px;\">Dr. Pluh\u00e1r Zsuzsanna<\/td> <td style=\"width: 159.2px;\">Szent Istv\u00e1n Egyetem<\/td> <\/tr> <tr> <td style=\"width: 140.8px;\"><strong>Papp Csenge D\u00f3ra<\/strong><\/td> <td style=\"width: 307.2px;\">Az RS 841-es alanyfajta hat\u00e1sa k\u00fcl\u00f6nb\u00f6z\u0151 g\u00f6r\u00f6gdinnye fajt\u00e1k mennyis\u00e9gi \u00e9s beltartalmi mutat\u00f3ira<\/td> <td style=\"width: 232.8px;\"> <p>Dr. Bal\u00e1zs G\u00e1bor,<\/p> <p>N\u00e9meth Dzsenifer<\/td> <td style=\"width: 159.2px;\">Szent Istv\u00e1n Egyetem<\/td> <\/tr> <tr> <td style=\"width: 140.8px;\"><strong>Selmeczi D\u00f3ra S\u00e1ra<\/strong><\/td> <td style=\"width: 307.2px;\">K\u00fcl\u00f6nb\u00f6z\u0151 talajtakar\u00e1si m\u00f3dok hat\u00e1sa a talaj fizikai \u00e9s k\u00e9miai param\u00e9tereire \u00e9s a f\u00f6ldigiliszt\u00e1k jelenl\u00e9t\u00e9re<\/td> <td style=\"width: 232.8px;\"> <p>Bozin\u00e9 Pullai Krisztina,<\/p> <p>Dr. Simon Barbara<\/td> <td style=\"width: 159.2px;\">Szent Istv\u00e1n Egyetem<\/td> <\/tr> <tr> <td style=\"width: 140.8px;\"><strong>Szak\u00e1l Fanni<\/strong><\/td> <td style=\"width: 307.2px;\">Gy\u0171jtem\u00e9nyes izs\u00f3p popul\u00e1ci\u00f3k \u00e9s nemes\u00edt\u00e9si t\u00f6rzsek \u00e9rt\u00e9kel\u00e9se<\/td> <td style=\"width: 232.8px;\">Z\u00e1mborin\u00e9 dr. N\u00e9meth \u00c9va<\/td> <td style=\"width: 159.2px;\">Szent Istv\u00e1n Egyetem<\/td> <\/tr> <tr> <td style=\"width: 140.8px;\"><strong>Szalai Anna<\/strong><\/td> <td style=\"width: 307.2px;\">K\u00f6rnyezettudatos termeszt\u00e9si m\u00f3dok hat\u00e1sa a fejes sal\u00e1ta \u00e9rt\u00e9km\u00e9r\u0151 tulajdons\u00e1gaira<\/td> <td style=\"width: 232.8px;\">Dr. T\u00f3thn\u00e9 Taskovics Zsuzsanna<\/td> <td style=\"width: 159.2px;\">Neumann J\u00e1nos Egyetem<\/td> <\/tr> <\/tbody> <\/table> <p>&nbsp;<\/p>","protected":false},"excerpt":{"rendered":"<p>&nbsp; Zs\u0171ri eln\u00f6ke: Dr. P\u00e9k Zolt\u00e1n Tagok:\u00a0 Dr. Rad\u00e1csi P\u00e9ter Dr. Ge\u00f6sel Andr\u00e1s Dr. habil. Lantos Ferenc Dr. Csoma Zolt\u00e1n Hallgat\u00f3: Monostori Dorottya Titk\u00e1r: D\u00e9nes Lilla &nbsp; Szerz\u0151 Dolgozat c\u00edme T\u00e9mavezet\u0151 K\u00fcld\u0151 int\u00e9zm\u00e9ny Farkas D\u00f3ra A Bowiea volubilis in vitro szapor\u00edt\u00e1sa \u00e9s akklimatiz\u00e1l\u00e1sa Dr. \u00d6rd\u00f6gh M\u00e1t\u00e9 Szent Istv\u00e1n Egyetem Gyurk\u00f3 Adrienn Mikrobiol\u00f3giai k\u00e9sz\u00edtm\u00e9nyek alkalmaz\u00e1s\u00e1nak gazdas\u00e1goss\u00e1ga<\/p>\n","protected":false},"author":2518,"featured_media":0,"parent":55197,"menu_order":0,"comment_status":"open","ping_status":"open","template":"","meta":{"_acf_changed":false,"footnotes":""},"categories":[],"tags":[],"class_list":["post-55222","page","type-page","status-publish","hentry"],"acf":[],"_links":{"self":[{"href":"https:\/\/univet.hu\/hu\/wp-json\/wp\/v2\/pages\/55222","targetHints":{"allow":["GET"]}}],"collection":[{"href":"https:\/\/univet.hu\/hu\/wp-json\/wp\/v2\/pages"}],"about":[{"href":"https:\/\/univet.hu\/hu\/wp-json\/wp\/v2\/types\/page"}],"author":[{"embeddable":true,"href":"https:\/\/univet.hu\/hu\/wp-json\/wp\/v2\/users\/2518"}],"replies":[{"embeddable":true,"href":"https:\/\/univet.hu\/hu\/wp-json\/wp\/v2\/comments?post=55222"}],"version-history":[{"count":0,"href":"https:\/\/univet.hu\/hu\/wp-json\/wp\/v2\/pages\/55222\/revisions"}],"up":[{"embeddable":true,"href":"https:\/\/univet.hu\/hu\/wp-json\/wp\/v2\/pages\/55197"}],"wp:attachment":[{"href":"https:\/\/univet.hu\/hu\/wp-json\/wp\/v2\/media?parent=55222"}],"wp:term":[{"taxonomy":"category","embeddable":true,"href":"https:\/\/univet.hu\/hu\/wp-json\/wp\/v2\/categories?post=55222"},{"taxonomy":"post_tag","embeddable":true,"href":"https:\/\/univet.hu\/hu\/wp-json\/wp\/v2\/tags?post=55222"}],"curies":[{"name":"wp","href":"https:\/\/api.w.org\/{rel}","templated":true}]}}