{"id":55227,"date":"2020-06-03T15:46:12","date_gmt":"2020-06-03T13:46:12","guid":{"rendered":"https:\/\/univet.hu\/hu\/otdk2021\/tagozatok\/kornyezetbiotechnologiai\/"},"modified":"2021-03-04T12:58:52","modified_gmt":"2021-03-04T11:58:52","slug":"kornyezetbiotechnologiai","status":"publish","type":"page","link":"https:\/\/univet.hu\/hu\/otdk2021\/tagozatok\/kornyezetbiotechnologiai\/","title":{"rendered":"K\u00f6rnyezetbiotechnol\u00f3giai"},"content":{"rendered":"<p>&nbsp;<\/p> <p><strong>Zs\u0171ri eln\u00f6ke:<\/strong> Dr. Mar\u00e1z Anna<\/p> <p><strong>Tagok:<\/strong>\u00a0 Dr. Kriszt Bal\u00e1zs<\/p> <p style=\"padding-left: 60px;\">Dr. Vid\u00e1cs Ildik\u00f3<\/p> <p style=\"padding-left: 60px;\">Dr. Kert\u00e9sz Szabolcs<\/p> <p><strong>Hallgat\u00f3:<\/strong> Gub\u00f3 Edu\u00e1rd<\/p> <p><strong>Titk\u00e1r:<\/strong>\u00a0Dr. J\u00f3cs\u00e1k Gergely<\/p> <p>&nbsp;<\/p> <table width=\"866\"> <tbody> <tr> <td style=\"width: 189.6px;\"><strong>Szerz\u0151<\/strong><\/td> <td style=\"width: 298.4px;\"><strong>Dolgozat c\u00edme<\/strong><\/td> <td style=\"width: 164.8px;\"><strong>T\u00e9mavezet\u0151<\/strong><\/td> <td style=\"width: 187.2px;\"><strong>K\u00fcld\u0151 int\u00e9zm\u00e9ny<\/strong><\/td> <\/tr> <tr> <td style=\"width: 189.6px;\">D\u00f6br\u00f6ntey R\u00e9ka Erika<\/td> <td style=\"width: 298.4px;\">Talaj szervesanyag tartalom t\u00e1blaszint\u0171 v\u00e1ltozatoss\u00e1g\u00e1nak vizsg\u00e1lata spekrtoszk\u00f3piai m\u00f3dszerekkel<\/td> <td style=\"width: 164.8px;\"> <p>Dr. Csorba \u00c1d\u00e1m,<\/p> <p>T\u00f3th J\u00f3zsef Attila<\/td> <td style=\"width: 187.2px;\">Szent Istv\u00e1n Egyetem<\/td> <\/tr> <tr> <td style=\"width: 189.6px;\">Erd\u00e9lyi Adrienn Bettina<\/td> <td style=\"width: 298.4px;\">\u00c9leszt\u0151 t\u00f6rzsek alkalmazhat\u00f3s\u00e1g\u00e1nak vizsg\u00e1lata pap\u00edr-alap\u00fa szubsztr\u00e1tumok biotiszt\u00edt\u00e1s\u00e1hoz<\/td> <td style=\"width: 164.8px;\">Farkas Csilla<\/td> <td style=\"width: 187.2px;\">Szent Istv\u00e1n Egyetem<\/td> <\/tr> <tr> <td style=\"width: 189.6px;\">Jakab Krisztina<\/td> <td style=\"width: 298.4px;\">\u00d6sszehasonl\u00edt\u00f3 tanulm\u00e1ny k\u00e9t Remazol textilipari fest\u00e9k adszorpci\u00f3s elt\u00e1vol\u00edt\u00e1s\u00e1ra vizes oldatb\u00f3l<\/td> <td style=\"width: 164.8px;\">dr. Tonk Szende-\u00c1gnes<\/td> <td style=\"width: 187.2px;\">Sapientia Erd\u00e9lyi Magyar Tudom\u00e1nyegyetem<\/td> <\/tr> <tr> <td style=\"width: 189.6px;\">Jord\u00e1n Anik\u00f3<\/td> <td style=\"width: 298.4px;\">Politejsav alap\u00fa m\u0171anyag ev\u0151eszk\u00f6z\u00f6k biol\u00f3gaiai bonthat\u00f3s\u00e1g\u00e1nak vizsg\u00e1lata<\/td> <td style=\"width: 164.8px;\"> <p>Dr. Farkas Csilla,<\/p> <p>Dr. Nguyen Duc Quang<\/td> <td style=\"width: 187.2px;\">Szent Istv\u00e1n Egyetem<\/td> <\/tr> <tr> <td style=\"width: 189.6px;\">Kov\u00e1cs Tam\u00e1s<\/td> <td style=\"width: 298.4px;\">Enzimes \u00e9s ferment\u00e1ci\u00f3s folyamatok hat\u00e9konys\u00e1g\u00e1nak nyomon k\u00f6vet\u00e9se\u00a0 dielektromos m\u00e9r\u00e9sekkel<\/td> <td style=\"width: 164.8px;\"> <p>Dr. Besz\u00e9des S\u00e1ndor,<\/p> <p>J\u00e1k\u00f3i Zolt\u00e1n<\/td> <td style=\"width: 187.2px;\">Szegedi Tudom\u00e1nyegyetem<\/td> <\/tr> <tr> <td style=\"width: 189.6px;\">R\u0151czey \u00c1gnes<\/td> <td style=\"width: 298.4px;\">A barna erd\u0151talajra alkalmazott n\u00f6v\u00e9nyv\u00e9d\u0151 szerek k\u00fcl\u00f6nb\u00f6z\u0151 biol\u00f3giai aktivit\u00e1sokra \u00e9s talajl\u00e9gz\u00e9sre gyakorolt \u00f6kotoxikol\u00f3giai hat\u00e1sainak \u00e9rt\u00e9kel\u00e9se<\/td> <td style=\"width: 164.8px;\">Prof. Bayoumi Hamuda Hosam<\/td> <td style=\"width: 187.2px;\">\u00d3budai Egyetem<\/td> <\/tr> <tr> <td style=\"width: 189.6px;\">Tombor Patr\u00edcia<\/td> <td style=\"width: 298.4px;\">K\u00fcl\u00f6nb\u00f6z\u0151 k\u00e9miai \u00f6sszet\u00e9tel\u0171\u00a0 k\u00e9zfert\u0151tlen\u00edt\u0151 g\u00e9l \u00e9s oldat bakteriocid hat\u00e1s\u00e1nak \u00f6sszehasonl\u00edt\u00e1sa<\/td> <td style=\"width: 164.8px;\">Taczmann\u00e9 dr. Br\u00fcckner Andrea<\/td> <td style=\"width: 187.2px;\">Szent Istv\u00e1n Egyetem<\/td> <\/tr> <\/tbody> <\/table> <p>&nbsp;<\/p>","protected":false},"excerpt":{"rendered":"<p>&nbsp; Zs\u0171ri eln\u00f6ke: Dr. Mar\u00e1z Anna Tagok:\u00a0 Dr. Kriszt Bal\u00e1zs Dr. Vid\u00e1cs Ildik\u00f3 Dr. Kert\u00e9sz Szabolcs Hallgat\u00f3: Gub\u00f3 Edu\u00e1rd Titk\u00e1r:\u00a0Dr. J\u00f3cs\u00e1k Gergely &nbsp; Szerz\u0151 Dolgozat c\u00edme T\u00e9mavezet\u0151 K\u00fcld\u0151 int\u00e9zm\u00e9ny D\u00f6br\u00f6ntey R\u00e9ka Erika Talaj szervesanyag tartalom t\u00e1blaszint\u0171 v\u00e1ltozatoss\u00e1g\u00e1nak vizsg\u00e1lata spekrtoszk\u00f3piai m\u00f3dszerekkel Dr. Csorba \u00c1d\u00e1m, T\u00f3th J\u00f3zsef Attila Szent Istv\u00e1n Egyetem Erd\u00e9lyi Adrienn Bettina \u00c9leszt\u0151 t\u00f6rzsek alkalmazhat\u00f3s\u00e1g\u00e1nak<\/p>\n","protected":false},"author":2518,"featured_media":0,"parent":55197,"menu_order":0,"comment_status":"open","ping_status":"open","template":"","meta":{"_acf_changed":false,"footnotes":""},"categories":[],"tags":[],"class_list":["post-55227","page","type-page","status-publish","hentry"],"acf":[],"_links":{"self":[{"href":"https:\/\/univet.hu\/hu\/wp-json\/wp\/v2\/pages\/55227","targetHints":{"allow":["GET"]}}],"collection":[{"href":"https:\/\/univet.hu\/hu\/wp-json\/wp\/v2\/pages"}],"about":[{"href":"https:\/\/univet.hu\/hu\/wp-json\/wp\/v2\/types\/page"}],"author":[{"embeddable":true,"href":"https:\/\/univet.hu\/hu\/wp-json\/wp\/v2\/users\/2518"}],"replies":[{"embeddable":true,"href":"https:\/\/univet.hu\/hu\/wp-json\/wp\/v2\/comments?post=55227"}],"version-history":[{"count":0,"href":"https:\/\/univet.hu\/hu\/wp-json\/wp\/v2\/pages\/55227\/revisions"}],"up":[{"embeddable":true,"href":"https:\/\/univet.hu\/hu\/wp-json\/wp\/v2\/pages\/55197"}],"wp:attachment":[{"href":"https:\/\/univet.hu\/hu\/wp-json\/wp\/v2\/media?parent=55227"}],"wp:term":[{"taxonomy":"category","embeddable":true,"href":"https:\/\/univet.hu\/hu\/wp-json\/wp\/v2\/categories?post=55227"},{"taxonomy":"post_tag","embeddable":true,"href":"https:\/\/univet.hu\/hu\/wp-json\/wp\/v2\/tags?post=55227"}],"curies":[{"name":"wp","href":"https:\/\/api.w.org\/{rel}","templated":true}]}}