{"id":55229,"date":"2020-06-03T15:47:31","date_gmt":"2020-06-03T13:47:31","guid":{"rendered":"https:\/\/univet.hu\/hu\/otdk2021\/tagozatok\/kornyezetgazdalkodasi\/"},"modified":"2021-02-25T09:07:13","modified_gmt":"2021-02-25T08:07:13","slug":"kornyezetgazdalkodasi-tagozat","status":"publish","type":"page","link":"https:\/\/univet.hu\/hu\/otdk2021\/tagozatok\/kornyezetgazdalkodasi-tagozat\/","title":{"rendered":"K\u00f6rnyezetgazd\u00e1lkod\u00e1si tagozat"},"content":{"rendered":"<p>&nbsp;<\/p> <p><strong>Zs\u0171ri eln\u00f6ke:<\/strong> Dr. Tam\u00e1s J\u00e1nos<\/p> <p><strong>Tagok:<\/strong>\u00a0 Dr. S\u00e1rdi Katalin<\/p> <p style=\"padding-left: 60px;\">Dr. Szak\u00e1l P\u00e1l<\/p> <p style=\"padding-left: 60px;\">Dr. Besz\u00e9des S\u00e1ndor<\/p> <p style=\"padding-left: 60px;\">Dr. Simon L\u00e1szl\u00f3<\/p> <p><strong>Hallgat\u00f3:<\/strong> Szab\u00f3 Andrea<\/p> <p><strong>Titk\u00e1r:<\/strong>\u00a0Dr. Hazai Di\u00e1na<\/p> <p>&nbsp;<\/p> <table width=\"866\"> <tbody> <tr> <td style=\"width: 200px;\"><strong>Szerz\u0151<\/strong><\/td> <td style=\"width: 310.4px;\"><strong>Dolgozat c\u00edme<\/strong><\/td> <td style=\"width: 166.4px;\"><strong>T\u00e9mavezet\u0151<\/strong><\/td> <td style=\"width: 163.2px;\"><strong>K\u00fcld\u0151 int\u00e9zm\u00e9ny<\/strong><\/td> <\/tr> <tr> <td style=\"width: 200px;\"><strong>Dr. Tekn\u0151s L\u00e1szl\u00f3<\/strong><\/td> <td style=\"width: 310.4px;\">A katasztr\u00f2fav\u00e9delem fenntarthat\u00f3 fejl\u0151d\u00e9st t\u00e1mogat\u00f3 feladatainak elemz\u00e9se<\/td> <td style=\"width: 166.4px;\">Dr. Anda Ang\u00e9la<\/td> <td style=\"width: 163.2px;\">Szent Istv\u00e1n Egyetem<\/td> <\/tr> <tr> <td style=\"width: 200px;\"><strong>Guly\u00e1s Ill\u00e9s Zsolt<\/strong><\/td> <td style=\"width: 310.4px;\">K\u00fcl\u00f6nb\u00f6z\u0151 t\u00f3gazdas\u00e1gi haltermel\u00e9si m\u00f3dok hat\u00e1sai a v\u00edzmin\u0151s\u00e9gre<\/td> <td style=\"width: 166.4px;\"> <p>Dr. Jakab Guszt\u00e1v,<\/p> <p>Berzi-Nagy L\u00e1szl\u00f3<\/td> <td style=\"width: 163.2px;\">Szent Istv\u00e1n Egyetem<\/td> <\/tr> <tr> <td style=\"width: 200px;\"><strong>Kord\u00e1s S\u00e1ndor<\/strong><\/td> <td style=\"width: 310.4px;\">A sz\u00fanyog\u00edrt\u00f3 fogasponty (Gambusia holbrooki Girard, 1859) \u00e1llom\u00e1ny\u00e1nak jellemz\u0151i a balmaz\u00fajv\u00e1rosi term\u00e1lvizes f\u00fcrd\u0151 kifoly\u00f3j\u00e1ban<\/td> <td style=\"width: 166.4px;\">Dr. Juh\u00e1sz Lajos<\/td> <td style=\"width: 163.2px;\">Debreceni Egyetem<\/td> <\/tr> <tr> <td style=\"width: 200px;\"><strong>Kozma Bogn\u00e1r Krist\u00f3f<\/strong><\/td> <td style=\"width: 310.4px;\">Az elt\u00e9r\u0151 v\u00edzell\u00e1t\u00e1s hat\u00e1sa a sz\u00f3ja (Glycine max L.) lev\u00e9lter\u00fclet\u00e9nek \u00e9s term\u00e9smennis\u00e9g\u00e9nek alakul\u00e1s\u00e1ra<\/td> <td style=\"width: 166.4px;\"> <p>Dr. Anda Ang\u00e9la,<\/p> <p>Simon Brigitta<\/td> <td style=\"width: 163.2px;\">Pannon Egyetem<\/td> <\/tr> <tr> <td style=\"width: 200px;\"><strong>Nagy Alexandra<\/strong><\/td> <td style=\"width: 310.4px;\">A k\u00f6rnyezettudatoss\u00e1g k\u00e9rd\u0151\u00edves vizsg\u00e1lata a hazai fogyaszt\u00f3k k\u00f6r\u00e9ben k\u00fcl\u00f6n\u00f6s tekintettel a h\u00e1ztart\u00e1sokban keletkez\u0151 hullad\u00e9kra<\/td> <td style=\"width: 166.4px;\">Dr. N\u00e9meth-Torkos Anett Szilvia<\/td> <td style=\"width: 163.2px;\">Sz\u00e9chenyi Istv\u00e1n Egyetem<\/td> <\/tr> <tr> <td style=\"width: 200px;\"><strong>Sallai M\u00e1rton<\/strong><\/td> <td style=\"width: 310.4px;\">A R\u00e1b\u00e1n \u00e9s a Pink\u00e1n l\u00e9tes\u00edtett hall\u00e9pcs\u0151k m\u0171k\u00f6d\u00e9si hat\u00e9konys\u00e1g\u00e1nak vizsg\u00e1lata<\/td> <td style=\"width: 166.4px;\"> <p>Dr. Juh\u00e1sz Lajos,<\/p> <p>Sallai Zolt\u00e1n<\/td> <td style=\"width: 163.2px;\">Debreceni Egyetem<\/td> <\/tr> <tr> <td style=\"width: 200px;\"><strong>T\u00f3th Ariel<\/strong><\/td> <td style=\"width: 310.4px;\">F\u0171z \u00e9s ny\u00e1r avar lebont\u00e1s\u00e1nak vizsg\u00e1lata avarzs\u00e1kos m\u00f3dszerrel<\/td> <td style=\"width: 166.4px;\"> <p>Dr. Kucserka Tam\u00e1s,<\/p> <p>Dr. Simon-G\u00e1sp\u00e1r Brigitta<\/td> <td style=\"width: 163.2px;\">Pannon Egyetem<\/td> <\/tr> <\/tbody> <\/table> <p>&nbsp;<\/p>","protected":false},"excerpt":{"rendered":"<p>&nbsp; Zs\u0171ri eln\u00f6ke: Dr. Tam\u00e1s J\u00e1nos Tagok:\u00a0 Dr. S\u00e1rdi Katalin Dr. Szak\u00e1l P\u00e1l Dr. Besz\u00e9des S\u00e1ndor Dr. Simon L\u00e1szl\u00f3 Hallgat\u00f3: Szab\u00f3 Andrea Titk\u00e1r:\u00a0Dr. Hazai Di\u00e1na &nbsp; Szerz\u0151 Dolgozat c\u00edme T\u00e9mavezet\u0151 K\u00fcld\u0151 int\u00e9zm\u00e9ny Dr. Tekn\u0151s L\u00e1szl\u00f3 A katasztr\u00f2fav\u00e9delem fenntarthat\u00f3 fejl\u0151d\u00e9st t\u00e1mogat\u00f3 feladatainak elemz\u00e9se Dr. Anda Ang\u00e9la Szent Istv\u00e1n Egyetem Guly\u00e1s Ill\u00e9s Zsolt K\u00fcl\u00f6nb\u00f6z\u0151 t\u00f3gazdas\u00e1gi haltermel\u00e9si m\u00f3dok<\/p>\n","protected":false},"author":2518,"featured_media":0,"parent":55197,"menu_order":0,"comment_status":"open","ping_status":"open","template":"","meta":{"_acf_changed":false,"footnotes":""},"categories":[],"tags":[],"class_list":["post-55229","page","type-page","status-publish","hentry"],"acf":[],"_links":{"self":[{"href":"https:\/\/univet.hu\/hu\/wp-json\/wp\/v2\/pages\/55229","targetHints":{"allow":["GET"]}}],"collection":[{"href":"https:\/\/univet.hu\/hu\/wp-json\/wp\/v2\/pages"}],"about":[{"href":"https:\/\/univet.hu\/hu\/wp-json\/wp\/v2\/types\/page"}],"author":[{"embeddable":true,"href":"https:\/\/univet.hu\/hu\/wp-json\/wp\/v2\/users\/2518"}],"replies":[{"embeddable":true,"href":"https:\/\/univet.hu\/hu\/wp-json\/wp\/v2\/comments?post=55229"}],"version-history":[{"count":0,"href":"https:\/\/univet.hu\/hu\/wp-json\/wp\/v2\/pages\/55229\/revisions"}],"up":[{"embeddable":true,"href":"https:\/\/univet.hu\/hu\/wp-json\/wp\/v2\/pages\/55197"}],"wp:attachment":[{"href":"https:\/\/univet.hu\/hu\/wp-json\/wp\/v2\/media?parent=55229"}],"wp:term":[{"taxonomy":"category","embeddable":true,"href":"https:\/\/univet.hu\/hu\/wp-json\/wp\/v2\/categories?post=55229"},{"taxonomy":"post_tag","embeddable":true,"href":"https:\/\/univet.hu\/hu\/wp-json\/wp\/v2\/tags?post=55229"}],"curies":[{"name":"wp","href":"https:\/\/api.w.org\/{rel}","templated":true}]}}