{"id":55231,"date":"2020-06-03T15:49:22","date_gmt":"2020-06-03T13:49:22","guid":{"rendered":"https:\/\/univet.hu\/hu\/otdk2021\/tagozatok\/kornyezettechnologiai\/"},"modified":"2021-03-23T12:07:48","modified_gmt":"2021-03-23T11:07:48","slug":"elelmiszertechnologiai-b-tagozat","status":"publish","type":"page","link":"https:\/\/univet.hu\/hu\/otdk2021\/tagozatok\/elelmiszertechnologiai-b-tagozat\/","title":{"rendered":"\u00c9lelmiszertechnol\u00f3giai B tagozat"},"content":{"rendered":"<p>&nbsp;<\/p> <p><strong>Zs\u0171ri eln\u00f6ke:<\/strong> Prof. Dr. Friedrich L\u00e1szl\u00f3<\/p> <p><strong>Tagok:<\/strong>\u00a0 Prof. Dr. V\u00e9ha Antal<\/p> <p style=\"padding-left: 60px;\">Dr. Szerdahelyi Em\u0151ke<\/p> <p style=\"padding-left: 60px;\">Dr. Kov\u00e1cs Attila J\u00f3zsef<\/p> <p><strong>Hallgat\u00f3:<\/strong> Bark\u00f3 Annam\u00e1ria<\/p> <p><strong>Titk\u00e1r:<\/strong> Falus Fruzsina<\/p> <p>&nbsp;<\/p> <table style=\"width: 866px;\" width=\"656\"> <tbody> <tr> <td style=\"width: 160px;\" data-sheets-value=\"{&quot;1&quot;:2,&quot;2&quot;:&quot;Szerz\u0151(k) neve&quot;}\"><strong>Szerz\u0151<\/strong><\/td> <td style=\"width: 272.8px;\" data-sheets-value=\"{&quot;1&quot;:2,&quot;2&quot;:&quot;Dolgozat c\u00edme&quot;}\"><strong>Dolgozat c\u00edme<\/strong><\/td> <td style=\"width: 187.2px;\"><strong>T\u00e9mavezet\u0151<\/strong><\/td> <td style=\"width: 220px;\" data-sheets-value=\"{&quot;1&quot;:2,&quot;2&quot;:&quot;Konzulens(ek)&quot;}\"><strong>K\u00fcld\u0151 int\u00e9zm\u00e9ny<\/strong><\/td> <\/tr> <tr> <td style=\"width: 160px;\"><strong>Berecki Borb\u00e1la<\/strong><\/td> <td style=\"width: 272.8px;\">\u00c9lelmi rostokkal d\u00fas\u00edtott kefir recept\u00far\u00e1j\u00e1nak kidolgoz\u00e1sa \u00e9s az erjed\u00e9si folyamat param\u00e9tereinek vizsg\u00e1lata<\/td> <td style=\"width: 187.2px;\"> <p>dr. Gy\u00f6rgy \u00c9va,<\/p> <p>dr. Molnos \u00c9va<\/td> <td style=\"width: 220px;\">Erd\u00e9lyi Tudom\u00e1nyos Di\u00e1kk\u00f6ri Konferencia<\/td> <\/tr> <tr> <td style=\"width: 160px;\"><strong>Dobozi R\u00e9ka<\/strong><\/td> <td style=\"width: 272.8px;\">Dielektromos m\u00e9r\u00e9si m\u00f3dszer alkalmazhat\u00f3s\u00e1g\u00e1nak vizsg\u00e1lata egyes tejipari technol\u00f3giai folyamatok nyomonk\u00f6vet\u00e9s\u00e9re<\/td> <td style=\"width: 187.2px;\"> <p>Dr. Besz\u00e9des S\u00e1ndor,<\/p> <p>Dr. Csan\u00e1di J\u00f3zsef<\/td> <td style=\"width: 220px;\">Szegedi Tudom\u00e1nyegyetem<\/td> <\/tr> <tr> <td style=\"width: 160px;\"><strong>Ko\u00f3sz Zsuzsanna<\/strong><\/td> <td style=\"width: 272.8px;\">Ultrahang \u00e9s nagy hidrosztatikus nyom\u00e1skezel\u00e9s kombin\u00e1lt hat\u00e1s\u00e1nak vizsg\u00e1lata p\u00e1colt h\u00fas min\u0151s\u00e9gi jellemz\u0151ire<\/td> <td style=\"width: 187.2px;\">Visy Anna<\/td> <td style=\"width: 220px;\">Szent Istv\u00e1n Egyetem<\/td> <\/tr> <tr> <td style=\"width: 160px;\"><strong>Mih\u00e1ly Klaudia<\/strong><\/td> <td style=\"width: 272.8px;\">Mikrobubor\u00e9koltat\u00e1ssal intenzifik\u00e1lt ultrahangos p\u00e1col\u00e1s hat\u00e1sa b\u0151r\u00f6s karaj min\u0151s\u00e9gi jellemz\u0151ire<\/td> <td style=\"width: 187.2px;\">Visy Anna<\/td> <td style=\"width: 220px;\">Szent Istv\u00e1n Egyetem<\/td> <\/tr> <tr> <td style=\"width: 160px;\"><strong>Moln\u00e1r Evelin<\/strong><\/td> <td style=\"width: 272.8px;\">Kitinporral \u00e9s magas feh\u00e9rje tartalm\u00fa rovarp\u00e9ppel d\u00fas\u00edtott virsli term\u00e9kfejleszt\u00e9se<\/td> <td style=\"width: 187.2px;\">Pint\u00e9r Rich\u00e1rd<\/td> <td style=\"width: 220px;\">Szent Istv\u00e1n Egyetem<\/td> <\/tr> <tr> <td style=\"width: 160px;\"><strong>Pesti Rich\u00e1rd<\/strong><\/td> <td style=\"width: 272.8px;\">Tejalap\u00fa g\u00e9lbe z\u00e1rt gy\u00fcm\u00f6lcs szelet term\u00e9kfejleszt\u00e9se<\/td> <td style=\"width: 187.2px;\">P\u00e1sztorn\u00e9 dr. Husz\u00e1r Kl\u00e1ra<\/td> <td style=\"width: 220px;\">Szent Istv\u00e1n Egyetem<\/td> <\/tr> <tr> <td style=\"width: 160px;\"><strong>Sz\u00fccs Fanni<\/strong><\/td> <td style=\"width: 272.8px;\">Toj\u00e1s \u00e9s tej allerg\u00e9nek kiv\u00e1lt\u00e1sa v\u00e9rplazma felhasznl\u00e1s\u00e1val \u00e9desipari term\u00e9kekben, avagy &#8222;mindenmentes&#8221; pisk\u00f3ta term\u00e9kfejleszt\u00e9se<\/td> <td style=\"width: 187.2px;\"> <p>Dr. Csehi Barbara,<\/p> <p>Csurka Tam\u00e1s<\/td> <td style=\"width: 220px;\">Szent Istv\u00e1n Egyetem<\/td> <\/tr> <\/tbody> <\/table> <p>&nbsp;<\/p>","protected":false},"excerpt":{"rendered":"<p>&nbsp; Zs\u0171ri eln\u00f6ke: Prof. Dr. Friedrich L\u00e1szl\u00f3 Tagok:\u00a0 Prof. Dr. V\u00e9ha Antal Dr. Szerdahelyi Em\u0151ke Dr. Kov\u00e1cs Attila J\u00f3zsef Hallgat\u00f3: Bark\u00f3 Annam\u00e1ria Titk\u00e1r: Falus Fruzsina &nbsp; Szerz\u0151 Dolgozat c\u00edme T\u00e9mavezet\u0151 K\u00fcld\u0151 int\u00e9zm\u00e9ny Berecki Borb\u00e1la \u00c9lelmi rostokkal d\u00fas\u00edtott kefir recept\u00far\u00e1j\u00e1nak kidolgoz\u00e1sa \u00e9s az erjed\u00e9si folyamat param\u00e9tereinek vizsg\u00e1lata dr. Gy\u00f6rgy \u00c9va, dr. Molnos \u00c9va Erd\u00e9lyi Tudom\u00e1nyos Di\u00e1kk\u00f6ri<\/p>\n","protected":false},"author":2518,"featured_media":0,"parent":55197,"menu_order":0,"comment_status":"open","ping_status":"open","template":"","meta":{"_acf_changed":false,"footnotes":""},"categories":[],"tags":[],"class_list":["post-55231","page","type-page","status-publish","hentry"],"acf":[],"_links":{"self":[{"href":"https:\/\/univet.hu\/hu\/wp-json\/wp\/v2\/pages\/55231","targetHints":{"allow":["GET"]}}],"collection":[{"href":"https:\/\/univet.hu\/hu\/wp-json\/wp\/v2\/pages"}],"about":[{"href":"https:\/\/univet.hu\/hu\/wp-json\/wp\/v2\/types\/page"}],"author":[{"embeddable":true,"href":"https:\/\/univet.hu\/hu\/wp-json\/wp\/v2\/users\/2518"}],"replies":[{"embeddable":true,"href":"https:\/\/univet.hu\/hu\/wp-json\/wp\/v2\/comments?post=55231"}],"version-history":[{"count":0,"href":"https:\/\/univet.hu\/hu\/wp-json\/wp\/v2\/pages\/55231\/revisions"}],"up":[{"embeddable":true,"href":"https:\/\/univet.hu\/hu\/wp-json\/wp\/v2\/pages\/55197"}],"wp:attachment":[{"href":"https:\/\/univet.hu\/hu\/wp-json\/wp\/v2\/media?parent=55231"}],"wp:term":[{"taxonomy":"category","embeddable":true,"href":"https:\/\/univet.hu\/hu\/wp-json\/wp\/v2\/categories?post=55231"},{"taxonomy":"post_tag","embeddable":true,"href":"https:\/\/univet.hu\/hu\/wp-json\/wp\/v2\/tags?post=55231"}],"curies":[{"name":"wp","href":"https:\/\/api.w.org\/{rel}","templated":true}]}}