{"id":55233,"date":"2020-06-03T15:50:17","date_gmt":"2020-06-03T13:50:17","guid":{"rendered":"https:\/\/univet.hu\/hu\/otdk2021\/tagozatok\/novenyvedelmi\/"},"modified":"2021-03-24T12:12:51","modified_gmt":"2021-03-24T11:12:51","slug":"novenyvedelmi-a-tagozat","status":"publish","type":"page","link":"https:\/\/univet.hu\/hu\/otdk2021\/tagozatok\/novenyvedelmi-a-tagozat\/","title":{"rendered":"N\u00f6v\u00e9nyv\u00e9delmi A tagozat"},"content":{"rendered":"<p><span class=\"emphasis\">A tagozat f\u0151 t\u00e1mogat\u00f3ja:\u00a0<\/span><\/p> <p style=\"padding-left: 210px;\"><a href=\"https:\/\/www.basf.com\/hu\/hu.html\"><img loading=\"lazy\" decoding=\"async\" class=\"alignleft wp-image-63378\" src=\"https:\/\/univet.hu\/wp-content\/uploads\/2021\/03\/basf.jpg\" alt=\"\" width=\"150\" height=\"75\" \/><\/a><\/p> <p>&nbsp;<\/p> <p>&nbsp;<\/p> <p>&nbsp;<\/p> <p><strong>Zs\u0171ri eln\u00f6ke:<\/strong> Dr. K\u00f6vics Gy\u00f6rgy<\/p> <p><strong>Tagok:<\/strong> Dr. Tarcali G\u00e1bor<\/p> <p style=\"padding-left: 60px;\">Dr. Schwarzinger Ildik\u00f3<\/p> <p style=\"padding-left: 60px;\">Dr. Oros Gyula<\/p> <p style=\"padding-left: 60px;\">Dr. Nagy G\u00e9za<\/p> <p style=\"padding-left: 60px;\">Dr. V\u00e1rallyay \u00c9va<\/p> <p style=\"padding-left: 60px;\">Dr. S\u00fcle S\u00e1ndor<\/p> <p>\u00a0 \u00a0 \u00a0 \u00a0 \u00a0 \u00a0 \u00a0 \u00a0Dr. F\u00fczi Istv\u00e1n<\/p> <p><strong>Hallgat\u00f3:<\/strong> Koczor \u00c1d\u00e1m<\/p> <p><strong>Titk\u00e1r:<\/strong> dr. Becker Zsolt<\/p> <p>&nbsp;<\/p> <table width=\"866\"> <tbody> <tr> <td style=\"width: 160px;\"><strong>Szerz\u0151<\/strong><\/td> <td style=\"width: 282.4px;\"><strong>Dolgozat c\u00edme<\/strong><\/td> <td style=\"width: 224.8px;\"><strong>T\u00e9mavezet\u0151<\/strong><\/td> <td style=\"width: 172.8px;\"><strong>K\u00fcld\u0151 int\u00e9zm\u00e9ny<\/strong><\/td> <\/tr> <tr> <td style=\"width: 160px;\"><strong>Csonka Val\u00e9ria Anna<\/strong><\/td> <td style=\"width: 282.4px;\">A plat\u00e1n massz\u00e1ri\u00e1s betegs\u00e9g\u00e9nek megjelen\u00e9se Magyarorsz\u00e1gon<\/td> <td style=\"width: 224.8px;\"> <p>Dr. Gutermuth \u00c1d\u00e1m,<\/p> <p>Dr. Palkovics L\u00e1szl\u00f3,<\/p> <p>Dr. Petr\u00f3czy Marietta<\/td> <td style=\"width: 172.8px;\">Szent Istv\u00e1n Egyetem<\/td> <\/tr> <tr> <td style=\"width: 160px;\"><strong>F\u00e1k\u00f3 Vivien<\/strong><\/td> <td style=\"width: 282.4px;\">N\u00f6v\u00e9nyi v\u00edrusok k\u00f6vet\u00e9se \u00faj gener\u00e1ci\u00f3s RNS technol\u00f3gi\u00e1val invaz\u00edv gyomokban<\/td> <td style=\"width: 224.8px;\"> <p>dr. B\u00e1lint J\u00e1nos,<\/p> <p>dr. Balog Adalbert,<\/p> <p>drd. Szab\u00f3 K\u00e1roly-Attila<\/td> <td style=\"width: 172.8px;\">Erd\u00e9lyi Tudom\u00e1nyos Di\u00e1kk\u00f6ri Konferencia<\/td> <\/tr> <tr> <td style=\"width: 160px;\"><strong>Fodor Attila<\/strong><\/td> <td style=\"width: 282.4px;\">T\u00e9nyek \u00e9s t\u00e9vhitek a leanderr\u00e1kr\u00f3l haz\u00e1nkban<\/td> <td style=\"width: 224.8px;\"> <p>Dr. Karacs-V\u00e9gh Anita,<\/p> <p>Dr. Palkovics L\u00e1szl\u00f3<\/td> <td style=\"width: 172.8px;\">Szent Istv\u00e1n Egyetem<\/td> <\/tr> <tr> <td style=\"width: 160px;\"><strong>Geiger Adrienn<\/strong><\/td> <td style=\"width: 282.4px;\">A Clonostachys rosea biokontroll \u00e1gensk\u00e9nt t\u00f6rt\u00e9n\u0151 jellemz\u00e9se a sz\u0151l\u0151 korai elhal\u00e1s\u00e1t okoz\u00f3 gomb\u00e1s betegs\u00e9gek ellen.<\/td> <td style=\"width: 224.8px;\"> <p>Dr. Kar\u00e1csony Zolt\u00e1n,<\/p> <p>Dr. P\u00e1l K\u00e1roly<\/td> <td style=\"width: 172.8px;\">Debreceni Egyetem<\/td> <\/tr> <tr> <td style=\"width: 160px;\"><strong>Gergely M\u00e1ty\u00e1s<\/strong><\/td> <td style=\"width: 282.4px;\">Hasznos szervezet vagy vesz\u00e9lyes patog\u00e9n?- Bacillus pumilus, a sz\u0151l\u0151 \u00faj k\u00f3rokoz\u00f3ja<\/td> <td style=\"width: 224.8px;\"> <p>Dr. Karacs-V\u00e9gh Anita,<\/p> <p>Dr. Palkovics L\u00e1szl\u00f3,<\/p> <p>S\u00e1ndor Vikt\u00f3ria<\/td> <td style=\"width: 172.8px;\">Szent Istv\u00e1n Egyetem<\/td> <\/tr> <tr> <td style=\"width: 160px;\"><strong>Gyuris Rita<\/strong><\/td> <td style=\"width: 282.4px;\">A vadgesztenyef\u00e1k injekt\u00e1l\u00e1sa sor\u00e1n felmer\u00fcl\u0151 n\u00f6v\u00e9nyk\u00f3rtani probl\u00e9m\u00e1k<\/td> <td style=\"width: 224.8px;\"> <p>Dr. Karacs-V\u00e9gh Anita,<\/p> <p>Dr. Palkovics L\u00e1szl\u00f3<\/td> <td style=\"width: 172.8px;\">Szent Istv\u00e1n Egyetem<\/td> <\/tr> <tr> <td style=\"width: 160px;\"><strong>J\u00e1ki Viktor<\/strong><\/td> <td style=\"width: 282.4px;\">A Plenodomus lingam \u00e9s a Plenodomus biglobosus g\u00e9njeinek molekul\u00e1ris vizsg\u00e1lata<\/td> <td style=\"width: 224.8px;\"> <p>Dr. Palkovics L\u00e1szl\u00f3,<\/p> <p>Dr. Petr\u00f3czy Marietta,<\/p> <p>Bagi Bianka<\/td> <td style=\"width: 172.8px;\">Szent Istv\u00e1n Egyetem<\/td> <\/tr> <tr> <td style=\"width: 160px;\"><strong>Kocsis Ivett<\/strong><\/td> <td style=\"width: 282.4px;\">A term\u00e9szetes pollencsapd\u00e1k szerepe a szam\u00f3ca \u00e9s m\u00e1lna botr\u00edtiszes betegs\u00e9g\u00e9nek kialakul\u00e1s\u00e1ban<\/td> <td style=\"width: 224.8px;\"> <p>Dr. Mark\u00f3 G\u00e1bor,<\/p> <p>Dr. Petr\u00f3czy Marietta<\/td> <td style=\"width: 172.8px;\">Szent Istv\u00e1n Egyetem<\/td> <\/tr> <tr> <td style=\"width: 160px;\"><strong>Merkely Bal\u00e1zs<\/strong><\/td> <td style=\"width: 282.4px;\">A Pseudomonas viridiflava megjelen\u00e9se cukorr\u00e9pa level\u00e9n<\/td> <td style=\"width: 224.8px;\"> <p>Dr. Karacs-V\u00e9gh Anita,<\/p> <p>Dr. Palkovics L\u00e1szl\u00f3,<\/p> <p>S\u00e1ndor Vikt\u00f3ria<\/td> <td style=\"width: 172.8px;\">Szent Istv\u00e1n Egyetem<\/td> <\/tr> <tr> <td style=\"width: 160px;\"><strong>Po\u00f3r Bogl\u00e1rka<\/strong><\/td> <td style=\"width: 282.4px;\">D\u00edszf\u00e1kon el\u0151fordul\u00f3 lisztharmatgomb\u00e1k jelent\u0151s\u00e9ge<\/td> <td style=\"width: 224.8px;\">Dr. T\u00f3th Annam\u00e1ria<\/td> <td style=\"width: 172.8px;\">Szent Istv\u00e1n Egyetem<\/td> <\/tr> <tr> <td style=\"width: 160px;\"><strong>Rad\u00f3cz L\u00e1szl\u00f3<\/strong><\/td> <td style=\"width: 282.4px;\">T\u00f6lgy (quercus) fajok \u00f6sszehasonl\u00edt\u00f3 vizsg\u00e1lata \u00e9s \u201eimmuniz\u00e1l\u00e1sa\u201d a Cryphonectria parasitica (murr.)barr gomb\u00e1val szemben.<\/td> <td style=\"width: 224.8px;\">Kov\u00e1cs Gabriella Enik\u0151<\/td> <td style=\"width: 172.8px;\">Debreceni Egyetem<\/td> <\/tr> <tr> <td style=\"width: 160px;\"><strong>Szendrei Lilla<\/strong><\/td> <td style=\"width: 282.4px;\">A Coniella granati megjelen\u00e9se gr\u00e1n\u00e1talm\u00e1n<\/td> <td style=\"width: 224.8px;\"> <p>Dr. Petr\u00f3czy Marietta,<\/p> <p>Dr. Salamon P\u00e1l,<\/p> <p>Dr. T\u00f3th Annam\u00e1ria<\/td> <td style=\"width: 172.8px;\">Szent Istv\u00e1n Egyetem<\/td> <\/tr> <\/tbody> <\/table> <p>&nbsp;<\/p> <p>&nbsp;<\/p>","protected":false},"excerpt":{"rendered":"<p>A tagozat f\u0151 t\u00e1mogat\u00f3ja:\u00a0 &nbsp; &nbsp; &nbsp; Zs\u0171ri eln\u00f6ke: Dr. K\u00f6vics Gy\u00f6rgy Tagok: Dr. Tarcali G\u00e1bor Dr. Schwarzinger Ildik\u00f3 Dr. Oros Gyula Dr. Nagy G\u00e9za Dr. V\u00e1rallyay \u00c9va Dr. S\u00fcle S\u00e1ndor \u00a0 \u00a0 \u00a0 \u00a0 \u00a0 \u00a0 \u00a0 \u00a0Dr. F\u00fczi Istv\u00e1n Hallgat\u00f3: Koczor \u00c1d\u00e1m Titk\u00e1r: dr. Becker Zsolt &nbsp; Szerz\u0151 Dolgozat c\u00edme T\u00e9mavezet\u0151 K\u00fcld\u0151 int\u00e9zm\u00e9ny<\/p>\n","protected":false},"author":2518,"featured_media":0,"parent":55197,"menu_order":0,"comment_status":"open","ping_status":"open","template":"","meta":{"_acf_changed":false,"footnotes":""},"categories":[],"tags":[],"class_list":["post-55233","page","type-page","status-publish","hentry"],"acf":[],"_links":{"self":[{"href":"https:\/\/univet.hu\/hu\/wp-json\/wp\/v2\/pages\/55233","targetHints":{"allow":["GET"]}}],"collection":[{"href":"https:\/\/univet.hu\/hu\/wp-json\/wp\/v2\/pages"}],"about":[{"href":"https:\/\/univet.hu\/hu\/wp-json\/wp\/v2\/types\/page"}],"author":[{"embeddable":true,"href":"https:\/\/univet.hu\/hu\/wp-json\/wp\/v2\/users\/2518"}],"replies":[{"embeddable":true,"href":"https:\/\/univet.hu\/hu\/wp-json\/wp\/v2\/comments?post=55233"}],"version-history":[{"count":0,"href":"https:\/\/univet.hu\/hu\/wp-json\/wp\/v2\/pages\/55233\/revisions"}],"up":[{"embeddable":true,"href":"https:\/\/univet.hu\/hu\/wp-json\/wp\/v2\/pages\/55197"}],"wp:attachment":[{"href":"https:\/\/univet.hu\/hu\/wp-json\/wp\/v2\/media?parent=55233"}],"wp:term":[{"taxonomy":"category","embeddable":true,"href":"https:\/\/univet.hu\/hu\/wp-json\/wp\/v2\/categories?post=55233"},{"taxonomy":"post_tag","embeddable":true,"href":"https:\/\/univet.hu\/hu\/wp-json\/wp\/v2\/tags?post=55233"}],"curies":[{"name":"wp","href":"https:\/\/api.w.org\/{rel}","templated":true}]}}