{"id":55235,"date":"2020-06-03T15:52:20","date_gmt":"2020-06-03T13:52:20","guid":{"rendered":"https:\/\/univet.hu\/hu\/otdk2021\/tagozatok\/novenytermesztestani\/"},"modified":"2021-03-30T10:35:32","modified_gmt":"2021-03-30T08:35:32","slug":"novenytermesztestani-tagozat","status":"publish","type":"page","link":"https:\/\/univet.hu\/hu\/otdk2021\/tagozatok\/novenytermesztestani-tagozat\/","title":{"rendered":"N\u00f6v\u00e9nytermeszt\u00e9stani tagozat"},"content":{"rendered":"<p style=\"text-align: left;\"><span class=\"emphasis\">A tagozat f\u0151 t\u00e1mogat\u00f3i:<\/span><\/p> <p style=\"text-align: left;\"><a href=\"https:\/\/mezohegyesbirtok.hu\/\"><img loading=\"lazy\" decoding=\"async\" class=\"wp-image-63197 alignleft\" src=\"https:\/\/univet.hu\/wp-content\/uploads\/2021\/03\/Fig.2_Embl\u00e9ma_M-03-320x320.png\" alt=\"\" width=\"90\" height=\"90\" srcset=\"https:\/\/univet.hu\/wp-content\/uploads\/2021\/03\/Fig.2_Embl\u00e9ma_M-03-320x320.png 320w, https:\/\/univet.hu\/wp-content\/uploads\/2021\/03\/Fig.2_Embl\u00e9ma_M-03-768x768.png 768w, https:\/\/univet.hu\/wp-content\/uploads\/2021\/03\/Fig.2_Embl\u00e9ma_M-03-960x960.png 960w, https:\/\/univet.hu\/wp-content\/uploads\/2021\/03\/Fig.2_Embl\u00e9ma_M-03-640x640.png 640w\" sizes=\"auto, (max-width: 90px) 100vw, 90px\" \/><\/a><\/p> <p>&nbsp;<\/p> <p style=\"text-align: left;\">Nemzeti M\u00e9nesbirtok \u00e9s Tangazdas\u00e1g Zrt. \u00e9s KITE Zrt.<\/p> <p>&nbsp;<\/p> <p><a href=\"https:\/\/www.kite.hu\/\"><img loading=\"lazy\" decoding=\"async\" class=\"alignleft wp-image-63211\" src=\"https:\/\/univet.hu\/wp-content\/uploads\/2021\/03\/kite.jpg\" alt=\"\" width=\"120\" height=\"53\" srcset=\"https:\/\/univet.hu\/wp-content\/uploads\/2021\/03\/kite.jpg 338w, https:\/\/univet.hu\/wp-content\/uploads\/2021\/03\/kite-320x141.jpg 320w\" sizes=\"auto, (max-width: 120px) 100vw, 120px\" \/><\/a><\/p> <p>&nbsp;<\/p> <p>&nbsp;<\/p> <p><strong>Zs\u0171ri eln\u00f6ke:<\/strong> Dr. Schmidt Rezs\u0151<\/p> <p><strong>Tagok:<\/strong>\u00a0 Dr. T\u00f3th Zolt\u00e1n<\/p> <p style=\"padding-left: 60px;\">Dr. M\u00e1t\u00e9 Andr\u00e1s<\/p> <p style=\"padding-left: 60px;\">Dr. Pep\u00f3 P\u00e9ter<\/p> <p style=\"padding-left: 60px;\">Dr. Monostori Tam\u00e1s<\/p> <p style=\"padding-left: 60px;\">Dr. Szab\u00f3 B\u00e9la<\/p> <p><strong>Hallgat\u00f3:<\/strong> Fekete \u00c1gnes<\/p> <p><strong>Titk\u00e1r:<\/strong>\u00a0Dr. T\u0151zs\u00e9r D\u00f3ra<\/p> <p>&nbsp;<\/p> <table width=\"866\"> <tbody> <tr> <td style=\"width: 168px;\"><strong>Szerz\u0151<\/strong><\/td> <td style=\"width: 293.6px;\"><strong>Dolgozat c\u00edme<\/strong><\/td> <td style=\"width: 180px;\"><strong>T\u00e9mavezet\u0151<\/strong><\/td> <td style=\"width: 198.4px;\"><strong>K\u00fcld\u0151 int\u00e9zm\u00e9ny<\/strong><\/td> <\/tr> <tr> <td style=\"width: 168px;\"><strong>Boz\u00f3ki Bogl\u00e1rka<\/strong><\/td> <td style=\"width: 293.6px;\">N\u00f6v\u00e9nytermeszt\u00e9si \u00e9s talajhaszn\u00e1lati m\u00f3dszerek alkalmaz\u00e1sa, fejleszt\u00e9se csal\u00e1di gazdas\u00e1gban, Szolnok j\u00e1r\u00e1sban<\/td> <td style=\"width: 180px;\">Dr. Birk\u00e1s M\u00e1rta<\/td> <td style=\"width: 198.4px;\">Szent Istv\u00e1n Egyetem<\/td> <\/tr> <tr> <td style=\"width: 168px;\"><strong>Csat\u00e1ri G\u00e1bor<\/strong><\/td> <td style=\"width: 293.6px;\">Lucerna fajt\u00e1k \u00f6sszehasonl\u00edt\u00f3 \u00e9rt\u00e9kel\u00e9se feh\u00e9rjehordoz\u00f3k alternat\u00edv lehet\u0151s\u00e9gek\u00e9nt<\/td> <td style=\"width: 180px;\"> <p>Dr. Domokos-Szabolcsy \u00c9va,<\/p> <p>Dr. Kov\u00e1cs Szilvia<\/td> <td style=\"width: 198.4px;\">Debreceni Egyetem<\/td> <\/tr> <tr> <td style=\"width: 168px;\"><strong>Jancs\u00f3 Katinka<\/strong><\/td> <td style=\"width: 293.6px;\">Az \u0151szi b\u00faza \u00e9s \u0151szi bors\u00f3 n\u00f6v\u00e9nyt\u00e1rs\u00edt\u00e1sa k\u00fcl\u00f6nb\u00f6z\u0151 cs\u00edrasz\u00e1mok alapj\u00e1n<\/td> <td style=\"width: 180px;\"> <p>Dr. habil Jakab P\u00e9ter, Dr.<\/p> <p>Krist\u00f3 Istv\u00e1n<\/td> <td style=\"width: 198.4px;\">Szegedi Tudom\u00e1nyegyetem<\/td> <\/tr> <tr> <td style=\"width: 168px;\"><strong>Koml\u00f3si \u00c1d\u00e1m<\/strong><\/td> <td style=\"width: 293.6px;\">A v\u00edzstressz hat\u00e1sa k\u00fcl\u00f6nb\u00f6z\u0151 kukoricahibridek fotoszintetikus aktivit\u00e1s\u00e1ra \u00e9s fenol\u00f3giai param\u00e9tereire<\/td> <td style=\"width: 180px;\"> <p>Dr. Fut\u00f3 Zolt\u00e1n,<\/p> <p>Bencze G\u00e1bor<\/td> <td style=\"width: 198.4px;\">Szent Istv\u00e1n Egyetem<\/td> <\/tr> <tr> <td style=\"width: 168px;\"><strong>L\u00e9vai \u00c1chim J\u00f3zsef<\/strong><\/td> <td style=\"width: 293.6px;\">Az \u00e1rny\u00e9k hat\u00e1sa az aerob rizs (Oryza sativa) fejl\u0151d\u00e9s\u00e9re \u00e9s term\u00e9smenynyis\u00e9g\u00e9re egy agr\u00e1rerd\u00e9szeti rendszerben<\/td> <td style=\"width: 180px;\"> <p>Dr. Jakab Guszt\u00e1v,<\/p> <p>Jancs\u00f3 Mih\u00e1ly<\/td> <td style=\"width: 198.4px;\">Szent Istv\u00e1n Egyetem<\/td> <\/tr> <tr> <td style=\"width: 168px;\"><strong>M\u00e1t\u00e9 \u00c1d\u00e1m<\/strong><\/td> <td style=\"width: 293.6px;\">Szemes cirok (Sorghum bicolor (L.) MOENCH) genotipusok fiziol\u00f3gia plaszticit\u00e1s\u00e1nak \u00f6sszehasonl\u00edt\u00f3 vizsg\u00e1lata \u00e9lt\u00e9r\u0151 mennyis\u00e9g\u0171 nitrog\u00e9n ell\u00e1t\u00e1s mellett<\/td> <td style=\"width: 180px;\">Dr. Veres Szilvia<\/td> <td style=\"width: 198.4px;\">Debreceni Egyetem<\/td> <\/tr> <tr> <td style=\"width: 168px;\"><strong>Milib\u00e1k Fl\u00f3ra<\/strong><\/td> <td style=\"width: 293.6px;\">\u0150szi b\u00faza \u00e1llom\u00e1nyok reflektancia-jellemz\u0151inek t\u00e9rbeli vizsg\u00e1lata<\/td> <td style=\"width: 180px;\">Dr. Balogh J\u00e1nos<\/td> <td style=\"width: 198.4px;\">Szent Istv\u00e1n Egyetem<\/td> <\/tr> <tr> <td style=\"width: 168px;\"><strong>Pal\u00e1sti \u00c1d\u00e1m<\/strong><\/td> <td style=\"width: 293.6px;\">Talaj- \u00e9s n\u00f6v\u00e9nykondicion\u00e1l\u00f3-szerek hat\u00e1s\u00e1nak vizsg\u00e1lata lucern\u00e1n (Medicago sativa L.)<\/td> <td style=\"width: 180px;\"> <p>Dr. Jakab Guszt\u00e1v,<\/p> <p>Dr. Kun \u00c1gnes<\/td> <td style=\"width: 198.4px;\">Szent Istv\u00e1n Egyetem<\/td> <\/tr> <tr> <td style=\"width: 168px;\"><strong>Szedlacsek J\u00e1nos<\/strong><\/td> <td style=\"width: 293.6px;\">Talajbakt\u00e9rium olt\u00e1s hat\u00e1sa a napraforg\u00f3 fenol\u00f3giai \u00e9s term\u00e9s param\u00e9tereire<\/td> <td style=\"width: 180px;\">Dr. Fut\u00f3 Zolt\u00e1n<\/td> <td style=\"width: 198.4px;\">Szent Istv\u00e1n Egyetem<\/td> <\/tr> <tr> <td style=\"width: 168px;\"><strong>Veres L\u00e1szl\u00f3<\/strong><\/td> <td style=\"width: 293.6px;\">Sepsiszentgy\u00f6rgy k\u00f6rny\u00e9ki talajok biol\u00f3giai aktivit\u00e1s\u00e1nak vizsg\u00e1lata<\/td> <td style=\"width: 180px;\"> <p>dr. Abod \u00c9va,<\/p> <p>dr. Csisz\u00e9r Levente<\/td> <td style=\"width: 198.4px;\">Erd\u00e9lyi Tudom\u00e1nyos Di\u00e1kk\u00f6ri Konferencia<\/td> <\/tr> <tr> <td style=\"width: 168px;\"><strong>Vincze Viktor<\/strong><\/td> <td style=\"width: 293.6px;\">K\u00fcl\u00f6nb\u00f6z\u0151 tritik\u00e1l\u00e9fajt\u00e1k, takarm\u00e1nykever\u00e9kek z\u00f6ldhozam\u00e1nak vizsg\u00e1lata<\/td> <td style=\"width: 180px;\">Dr. Fut\u00f3 Zolt\u00e1n<\/td> <td style=\"width: 198.4px;\">Szent Istv\u00e1n Egyetem<\/td> <\/tr> <\/tbody> <\/table> <p>&nbsp;<\/p>","protected":false},"excerpt":{"rendered":"<p>A tagozat f\u0151 t\u00e1mogat\u00f3i: &nbsp; Nemzeti M\u00e9nesbirtok \u00e9s Tangazdas\u00e1g Zrt. \u00e9s KITE Zrt. &nbsp; &nbsp; &nbsp; Zs\u0171ri eln\u00f6ke: Dr. Schmidt Rezs\u0151 Tagok:\u00a0 Dr. T\u00f3th Zolt\u00e1n Dr. M\u00e1t\u00e9 Andr\u00e1s Dr. Pep\u00f3 P\u00e9ter Dr. Monostori Tam\u00e1s Dr. Szab\u00f3 B\u00e9la Hallgat\u00f3: Fekete \u00c1gnes Titk\u00e1r:\u00a0Dr. T\u0151zs\u00e9r D\u00f3ra &nbsp; Szerz\u0151 Dolgozat c\u00edme T\u00e9mavezet\u0151 K\u00fcld\u0151 int\u00e9zm\u00e9ny Boz\u00f3ki Bogl\u00e1rka N\u00f6v\u00e9nytermeszt\u00e9si \u00e9s talajhaszn\u00e1lati<\/p>\n","protected":false},"author":2518,"featured_media":0,"parent":55197,"menu_order":0,"comment_status":"open","ping_status":"open","template":"","meta":{"_acf_changed":false,"footnotes":""},"categories":[],"tags":[],"class_list":["post-55235","page","type-page","status-publish","hentry"],"acf":[],"_links":{"self":[{"href":"https:\/\/univet.hu\/hu\/wp-json\/wp\/v2\/pages\/55235","targetHints":{"allow":["GET"]}}],"collection":[{"href":"https:\/\/univet.hu\/hu\/wp-json\/wp\/v2\/pages"}],"about":[{"href":"https:\/\/univet.hu\/hu\/wp-json\/wp\/v2\/types\/page"}],"author":[{"embeddable":true,"href":"https:\/\/univet.hu\/hu\/wp-json\/wp\/v2\/users\/2518"}],"replies":[{"embeddable":true,"href":"https:\/\/univet.hu\/hu\/wp-json\/wp\/v2\/comments?post=55235"}],"version-history":[{"count":0,"href":"https:\/\/univet.hu\/hu\/wp-json\/wp\/v2\/pages\/55235\/revisions"}],"up":[{"embeddable":true,"href":"https:\/\/univet.hu\/hu\/wp-json\/wp\/v2\/pages\/55197"}],"wp:attachment":[{"href":"https:\/\/univet.hu\/hu\/wp-json\/wp\/v2\/media?parent=55235"}],"wp:term":[{"taxonomy":"category","embeddable":true,"href":"https:\/\/univet.hu\/hu\/wp-json\/wp\/v2\/categories?post=55235"},{"taxonomy":"post_tag","embeddable":true,"href":"https:\/\/univet.hu\/hu\/wp-json\/wp\/v2\/tags?post=55235"}],"curies":[{"name":"wp","href":"https:\/\/api.w.org\/{rel}","templated":true}]}}