{"id":55236,"date":"2020-06-03T15:51:31","date_gmt":"2020-06-03T13:51:31","guid":{"rendered":"https:\/\/univet.hu\/hu\/otdk2021\/tagozatok\/novenygenetikai\/"},"modified":"2021-02-25T09:22:52","modified_gmt":"2021-02-25T08:22:52","slug":"noveny-genetikai-es-biotechnologiai-tagozat","status":"publish","type":"page","link":"https:\/\/univet.hu\/hu\/otdk2021\/tagozatok\/noveny-genetikai-es-biotechnologiai-tagozat\/","title":{"rendered":"N\u00f6v\u00e9ny-genetikai \u00e9s biotechnol\u00f3giai tagozat"},"content":{"rendered":"<p>&nbsp;<\/p> <p><strong>Zs\u0171ri eln\u00f6ke:<\/strong> Dr. Moln\u00e1r Zolt\u00e1n<\/p> <p><strong>Tagok:<\/strong>\u00a0 Dr. Alf\u00f6ldi Zolt\u00e1n<\/p> <p style=\"padding-left: 60px;\">Dr. Mara Gy\u00f6ngyv\u00e9r<\/p> <p style=\"padding-left: 60px;\">Dr. Veres Anik\u00f3<\/p> <p><strong>Hallgat\u00f3:<\/strong> Radn\u00f3ti \u00c1gnes<\/p> <p><strong>Titk\u00e1r:<\/strong>\u00a0Dr. T\u00f3th Gergely<\/p> <p>&nbsp;<\/p> <table width=\"866\"> <tbody> <tr> <td style=\"width: 152px;\"><strong>Szerz\u0151<\/strong><\/td> <td style=\"width: 340.8px;\"><strong>Dolgozat c\u00edme<\/strong><\/td> <td style=\"width: 186.4px;\"><strong>T\u00e9mavezet\u0151<\/strong><\/td> <td style=\"width: 160.8px;\"><strong>K\u00fcld\u0151 int\u00e9zm\u00e9ny<\/strong><\/td> <\/tr> <tr> <td style=\"width: 152px;\">Iakab Martin<\/td> <td style=\"width: 340.8px;\">Triakontanol \u00e9s BAP hat\u00e1s\u00e1nak vizsg\u00e1lata k\u00fcl\u00f6nb\u00f6z\u0151 koncentr\u00e1ci\u00f3kban, bazsalikom (Ocimum basilicum) \u2019Grand Verte\u2019 fajta mikroszapor\u00edt\u00e1sa eset\u00e9ben<\/td> <td style=\"width: 186.4px;\">dr. Benedek Kl\u00e1ra<\/td> <td style=\"width: 160.8px;\">Erd\u00e9lyi Tudom\u00e1nyos Di\u00e1kk\u00f6ri Konferencia<\/td> <\/tr> <tr> <td style=\"width: 152px;\">Mark\u00f3 Ferenc<\/td> <td style=\"width: 340.8px;\">\u00c1rpa (hordeum vulgare l.) In vitro portokteny\u00e9szt\u00e9si m\u00f3dszerek \u00f6sszehasonl\u00edt\u00f3 elemz\u00e9se a Gabonakutat\u00f3 Nonprofit Kft. \u00c1rpanemes\u00edt\u00e9si programja sz\u00e1m\u00e1ra<\/td> <td style=\"width: 186.4px;\"> <p>Dr. Lantos Csaba,<\/p> <p>Dr. Monostori Tam\u00e1s<\/td> <td style=\"width: 160.8px;\">Szegedi Tudom\u00e1nyegyetem<\/td> <\/tr> <tr> <td style=\"width: 152px;\">Szabados Fanni<\/td> <td style=\"width: 340.8px;\">Lisztharmat rezisztencia g\u00e9nek markerez\u00e9se sz\u0151l\u0151ben<\/td> <td style=\"width: 186.4px;\"> <p>Dr. Sz\u0151ke Antal,<\/p> <p>Dr. T\u00f3th-Lencs\u00e9s Andrea Kitti<\/td> <td style=\"width: 160.8px;\">Szent Istv\u00e1n Egyetem<\/td> <\/tr> <tr> <td style=\"width: 152px;\">Szendy Gerg\u0151<\/td> <td style=\"width: 340.8px;\">\u00daj nemes\u00edt\u00e9s\u0171, v\u00f6r\u00f6s gy\u00fcm\u00f6lcsh\u00fas\u00fa almahibridek genetikai jellemz\u00e9se<\/td> <td style=\"width: 186.4px;\">Dr. Hal\u00e1sz J\u00falia<\/td> <td style=\"width: 160.8px;\">Szent Istv\u00e1n Egyetem<\/td> <\/tr> <tr> <td style=\"width: 152px;\">Tompa Bern\u00e1t<\/td> <td style=\"width: 340.8px;\">N\u00f6v\u00e9nyi \u00e9letm\u0171k\u00f6d\u00e9sek v\u00e1ltoz\u00e1sai term\u00e9szetes fel\u00fcleti v\u00e9d\u0151anyag hat\u00e1s\u00e1ra<\/td> <td style=\"width: 186.4px;\">dr. Fodorpataki L\u00e1szl\u00f3<\/td> <td style=\"width: 160.8px;\">Erd\u00e9lyi Tudom\u00e1nyos Di\u00e1kk\u00f6ri Konferencia<\/td> <\/tr> <tr> <td style=\"width: 152px;\">Urb\u00e1n Gy\u00f6rgy<\/td> <td style=\"width: 340.8px;\">K\u00fcl\u00f6nb\u00f6z\u0151 bogy\u00f3sz\u00edn\u0171 paprika nemes\u00edt\u00e9si vonalak polifenol tartalm\u00e1nak meghat\u00e1roz\u00e1sa \u00e9s az antoci\u00e1n bioszint\u00e9zis molekul\u00e1ris h\u00e1tter\u00e9nek vizsg\u00e1lata<\/td> <td style=\"width: 186.4px;\"> <p>Dr. Sz\u0151ke Antal,<\/p> <p>Kov\u00e1cs Zs\u00f3fia<\/td> <td style=\"width: 160.8px;\">Szent Istv\u00e1n Egyetem<\/td> <\/tr> <tr> <td style=\"width: 152px;\">Vass Tam\u00e1s<\/td> <td style=\"width: 340.8px;\">R\u00e9gi almafajt\u00e1k koron\u00e1sod\u00e1s\u00e1nak fokoz\u00e1sa biostimul\u00e1torok alkalmaz\u00e1s\u00e1val<\/td> <td style=\"width: 186.4px;\">dr. Bandi Attila<\/td> <td style=\"width: 160.8px;\">Erd\u00e9lyi Tudom\u00e1nyos Di\u00e1kk\u00f6ri Konferencia<\/td> <\/tr> <\/tbody> <\/table> <p>&nbsp;<\/p>","protected":false},"excerpt":{"rendered":"<p>&nbsp; Zs\u0171ri eln\u00f6ke: Dr. Moln\u00e1r Zolt\u00e1n Tagok:\u00a0 Dr. Alf\u00f6ldi Zolt\u00e1n Dr. Mara Gy\u00f6ngyv\u00e9r Dr. Veres Anik\u00f3 Hallgat\u00f3: Radn\u00f3ti \u00c1gnes Titk\u00e1r:\u00a0Dr. T\u00f3th Gergely &nbsp; Szerz\u0151 Dolgozat c\u00edme T\u00e9mavezet\u0151 K\u00fcld\u0151 int\u00e9zm\u00e9ny Iakab Martin Triakontanol \u00e9s BAP hat\u00e1s\u00e1nak vizsg\u00e1lata k\u00fcl\u00f6nb\u00f6z\u0151 koncentr\u00e1ci\u00f3kban, bazsalikom (Ocimum basilicum) \u2019Grand Verte\u2019 fajta mikroszapor\u00edt\u00e1sa eset\u00e9ben dr. Benedek Kl\u00e1ra Erd\u00e9lyi Tudom\u00e1nyos Di\u00e1kk\u00f6ri Konferencia Mark\u00f3 Ferenc<\/p>\n","protected":false},"author":2518,"featured_media":0,"parent":55197,"menu_order":0,"comment_status":"open","ping_status":"open","template":"","meta":{"_acf_changed":false,"footnotes":""},"categories":[],"tags":[],"class_list":["post-55236","page","type-page","status-publish","hentry"],"acf":[],"_links":{"self":[{"href":"https:\/\/univet.hu\/hu\/wp-json\/wp\/v2\/pages\/55236","targetHints":{"allow":["GET"]}}],"collection":[{"href":"https:\/\/univet.hu\/hu\/wp-json\/wp\/v2\/pages"}],"about":[{"href":"https:\/\/univet.hu\/hu\/wp-json\/wp\/v2\/types\/page"}],"author":[{"embeddable":true,"href":"https:\/\/univet.hu\/hu\/wp-json\/wp\/v2\/users\/2518"}],"replies":[{"embeddable":true,"href":"https:\/\/univet.hu\/hu\/wp-json\/wp\/v2\/comments?post=55236"}],"version-history":[{"count":0,"href":"https:\/\/univet.hu\/hu\/wp-json\/wp\/v2\/pages\/55236\/revisions"}],"up":[{"embeddable":true,"href":"https:\/\/univet.hu\/hu\/wp-json\/wp\/v2\/pages\/55197"}],"wp:attachment":[{"href":"https:\/\/univet.hu\/hu\/wp-json\/wp\/v2\/media?parent=55236"}],"wp:term":[{"taxonomy":"category","embeddable":true,"href":"https:\/\/univet.hu\/hu\/wp-json\/wp\/v2\/categories?post=55236"},{"taxonomy":"post_tag","embeddable":true,"href":"https:\/\/univet.hu\/hu\/wp-json\/wp\/v2\/tags?post=55236"}],"curies":[{"name":"wp","href":"https:\/\/api.w.org\/{rel}","templated":true}]}}