{"id":55239,"date":"2020-06-03T15:53:19","date_gmt":"2020-06-03T13:53:19","guid":{"rendered":"https:\/\/univet.hu\/hu\/otdk2021\/tagozatok\/takarmanyozastani\/"},"modified":"2021-02-25T09:10:55","modified_gmt":"2021-02-25T08:10:55","slug":"takarmanyozastani-tagozat","status":"publish","type":"page","link":"https:\/\/univet.hu\/hu\/otdk2021\/tagozatok\/takarmanyozastani-tagozat\/","title":{"rendered":"Takarm\u00e1nyoz\u00e1stani tagozat"},"content":{"rendered":"<p>&nbsp;<\/p> <p><strong>Zs\u0171ri eln\u00f6ke:<\/strong> Dr. Babinszky L\u00e1szl\u00f3<\/p> <p><strong>Tagok:<\/strong> Dr. Tossenberger J\u00e1nos<\/p> <p style=\"padding-left: 60px;\">Dr. Balogh Kriszti\u00e1n Mil\u00e1n<\/p> <p style=\"padding-left: 60px;\">P\u00e1l L\u00e1szl\u00f3<\/p> <p style=\"padding-left: 60px;\">Dr. S\u00fcli \u00c1gnes<\/p> <p><strong>Hallgat\u00f3:<\/strong> Pap Tibor Istv\u00e1n<\/p> <p><strong>Titk\u00e1r:<\/strong>\u00a0Dr. Szekeres S\u00e1ndor<\/p> <p>&nbsp;<\/p> <table width=\"866\"> <tbody> <tr> <td style=\"width: 176px;\"><strong>Szerz\u0151<\/strong><\/td> <td style=\"width: 270.4px;\"><strong>Dolgozat c\u00edme<\/strong><\/td> <td style=\"width: 199.2px;\"><strong>T\u00e9mavezet\u0151<\/strong><\/td> <td style=\"width: 194.4px;\"><strong>K\u00fcld\u0151 int\u00e9zm\u00e9ny<\/strong><\/td> <\/tr> <tr> <td style=\"width: 176px;\"><strong>Kiss Brigitta<\/strong><\/td> <td style=\"width: 270.4px;\">Az \u00f3ri\u00e1s kosorr\u00fa ny\u00fal egyes termel\u00e9si \u00e9s h\u00fasmin\u0151s\u00e9gi param\u00e9tereinek vizsg\u00e1lata a takarm\u00e1nyoz\u00e1s t\u00fckr\u00e9ben<\/td> <td style=\"width: 199.2px;\">Ball\u00e1n\u00e9 Dr. Erd\u00e9lyi M\u00e1rta<\/td> <td style=\"width: 194.4px;\">Szent Istv\u00e1n Egyetem<\/td> <\/tr> <tr> <td style=\"width: 176px;\"><strong>Kocsis Alexandra Krisztina<\/strong><\/td> <td style=\"width: 270.4px;\">R\u00e9z-kieg\u00e9sz\u00edt\u00e9s hat\u00e1sa nagy testt\u00f6megre hizlalt pulyka hibrid hizlal\u00e1si teljes\u00edtm\u00e9ny\u00e9re<\/td> <td style=\"width: 199.2px;\">Dr. Zs\u00e9dely Eszter<\/td> <td style=\"width: 194.4px;\">Sz\u00e9chenyi\u00a0Istv\u00e1n Egyetem<\/td> <\/tr> <tr> <td style=\"width: 176px;\"><strong>Moln\u00e1r J\u00e1zmin T\u00edcia<\/strong><\/td> <td style=\"width: 270.4px;\">Feh\u00e9rjecs\u00f6kkentett t\u00e1pok etet\u00e9s\u00e9nek hat\u00e1sa broiler csirk\u00e9k termel\u00e9si param\u00e9tereire, test\u00f6sszet\u00e9tel\u00e9re \u00e9s nitrog\u00e9n forgalm\u00e1ra<\/td> <td style=\"width: 199.2px;\">Dr. Dublecz K\u00e1roly<\/td> <td style=\"width: 194.4px;\">Pannon Egyetem<\/td> <\/tr> <tr> <td style=\"width: 176px;\"><strong>Moln\u00e1r P\u00e9ter Istv\u00e1n<\/strong><\/td> <td style=\"width: 270.4px;\">Az aflatoxin szint v\u00e1ltoz\u00e1s\u00e1nak elemz\u00e9se tejtermel\u0151 tehenek tej\u00e9ben \u00e9s az etetett takarm\u00e1nyokban<\/td> <td style=\"width: 199.2px;\">Dr. B\u00e9ri B\u00e9la<\/td> <td style=\"width: 194.4px;\">Debreceni Egyetem<\/td> <\/tr> <tr> <td style=\"width: 176px;\"><strong>Nagy Ren\u00e1ta<\/strong><\/td> <td style=\"width: 270.4px;\">Az ell\u00e9s k\u00f6r\u00fcli id\u0151szakban alkalmazott foly\u00e9kony takarm\u00e1nykieg\u00e9sz\u00edt\u0151k hat\u00e1sa a tejel\u0151 tehenek eg\u00e9szs\u00e9gi \u00e1llapot\u00e1ra, szaporod\u00e1sbiol\u00f3giai mutat\u00f3ira \u00e9s termel\u00e9s\u00e9re<\/td> <td style=\"width: 199.2px;\">Dr. T\u00f3thi R\u00f3bert<\/td> <td style=\"width: 194.4px;\">Szent Istv\u00e1n Egyetem<\/td> <\/tr> <tr> <td style=\"width: 176px;\"><strong>Tolnai Csenge Hanna<\/strong><\/td> <td style=\"width: 270.4px;\">Egy magyarorsz\u00e1gi m\u00e9nesben alkalmazott takarm\u00e1nyoz\u00e1s ki\u00e9rt\u00e9kel\u00e9se a n\u00f6veked\u00e9s sor\u00e1n kialakul\u00f3 ortop\u00e9diai betegs\u00e9gek (Developmental Ortophedic Disease: DOD) hajlamos\u00edt\u00f3 t\u00e9nyez\u0151inek szempontj\u00e1b\u00f3l<\/td> <td style=\"width: 199.2px;\">Dr. Korbacska-Kutasi Orsolya<\/td> <td style=\"width: 194.4px;\">\u00c1llatorvostudom\u00e1nyi Egyetem<\/td> <\/tr> <tr> <td style=\"width: 176px;\"><strong>T\u00f3th M\u00e1rk<\/strong><\/td> <td style=\"width: 270.4px;\">Hazai termeszt\u00e9s\u0171 GMO mentes sz\u00f3jafajt\u00e1k takarm\u00e1nyoz\u00e1si \u00e9rt\u00e9k\u00e9nek meg\u00e1llap\u00edt\u00e1sa \u00f6sszehasonl\u00edt\u00f3 analitikai vizsg\u00e1latokkal<\/td> <td style=\"width: 199.2px;\"> <p>Dr. F\u00e9bel Hedvig,<\/p> <p>Dr. M\u00e9zes Mikl\u00f3s<\/td> <td style=\"width: 194.4px;\">Szent Istv\u00e1n Egyetem<\/td> <\/tr> <tr> <td style=\"width: 176px;\"><strong>V\u00e1rkonyi D\u00e1vid<\/strong><\/td> <td style=\"width: 270.4px;\">Tengeri alga etet\u00e9s hat\u00e1sa egy hazai alpesi kecske\u00e1llom\u00e1ny tej\u00e9nek beltartalm\u00e1ra \u00e9s zs\u00edrsav\u00f6sszet\u00e9tel\u00e9re<\/td> <td style=\"width: 199.2px;\"> <p>Dr. Bodn\u00e1r \u00c1kos,<\/p> <p>Dr. Pajor Ferenc<\/td> <td style=\"width: 194.4px;\">Szent Istv\u00e1n Egyetem<\/td> <\/tr> <tr> <td style=\"width: 176px;\"><strong>Vlaskality S\u00e1ra D\u00f3ra<\/strong><\/td> <td style=\"width: 270.4px;\">Aflatoxin \u00e9s szterigmatocisztin egyes DNS repair g\u00e9nekre gyakorolt hat\u00e1s\u00e1nak vizsg\u00e1lata brojlercsirk\u00e9ben<\/td> <td style=\"width: 199.2px;\">Szab\u00f3 Rubina T\u00fcnde<\/td> <td style=\"width: 194.4px;\">Szent Istv\u00e1n Egyetem<\/td> <\/tr> <\/tbody> <\/table> <p>&nbsp;<\/p>","protected":false},"excerpt":{"rendered":"<p>&nbsp; Zs\u0171ri eln\u00f6ke: Dr. Babinszky L\u00e1szl\u00f3 Tagok: Dr. Tossenberger J\u00e1nos Dr. Balogh Kriszti\u00e1n Mil\u00e1n P\u00e1l L\u00e1szl\u00f3 Dr. S\u00fcli \u00c1gnes Hallgat\u00f3: Pap Tibor Istv\u00e1n Titk\u00e1r:\u00a0Dr. Szekeres S\u00e1ndor &nbsp; Szerz\u0151 Dolgozat c\u00edme T\u00e9mavezet\u0151 K\u00fcld\u0151 int\u00e9zm\u00e9ny Kiss Brigitta Az \u00f3ri\u00e1s kosorr\u00fa ny\u00fal egyes termel\u00e9si \u00e9s h\u00fasmin\u0151s\u00e9gi param\u00e9tereinek vizsg\u00e1lata a takarm\u00e1nyoz\u00e1s t\u00fckr\u00e9ben Ball\u00e1n\u00e9 Dr. Erd\u00e9lyi M\u00e1rta Szent Istv\u00e1n Egyetem<\/p>\n","protected":false},"author":2518,"featured_media":0,"parent":55197,"menu_order":0,"comment_status":"open","ping_status":"open","template":"","meta":{"_acf_changed":false,"footnotes":""},"categories":[],"tags":[],"class_list":["post-55239","page","type-page","status-publish","hentry"],"acf":[],"_links":{"self":[{"href":"https:\/\/univet.hu\/hu\/wp-json\/wp\/v2\/pages\/55239","targetHints":{"allow":["GET"]}}],"collection":[{"href":"https:\/\/univet.hu\/hu\/wp-json\/wp\/v2\/pages"}],"about":[{"href":"https:\/\/univet.hu\/hu\/wp-json\/wp\/v2\/types\/page"}],"author":[{"embeddable":true,"href":"https:\/\/univet.hu\/hu\/wp-json\/wp\/v2\/users\/2518"}],"replies":[{"embeddable":true,"href":"https:\/\/univet.hu\/hu\/wp-json\/wp\/v2\/comments?post=55239"}],"version-history":[{"count":0,"href":"https:\/\/univet.hu\/hu\/wp-json\/wp\/v2\/pages\/55239\/revisions"}],"up":[{"embeddable":true,"href":"https:\/\/univet.hu\/hu\/wp-json\/wp\/v2\/pages\/55197"}],"wp:attachment":[{"href":"https:\/\/univet.hu\/hu\/wp-json\/wp\/v2\/media?parent=55239"}],"wp:term":[{"taxonomy":"category","embeddable":true,"href":"https:\/\/univet.hu\/hu\/wp-json\/wp\/v2\/categories?post=55239"},{"taxonomy":"post_tag","embeddable":true,"href":"https:\/\/univet.hu\/hu\/wp-json\/wp\/v2\/tags?post=55239"}],"curies":[{"name":"wp","href":"https:\/\/api.w.org\/{rel}","templated":true}]}}