{"id":55241,"date":"2020-06-03T15:54:07","date_gmt":"2020-06-03T13:54:07","guid":{"rendered":"https:\/\/univet.hu\/hu\/otdk2021\/tagozatok\/tajokologiai\/"},"modified":"2021-02-22T23:00:53","modified_gmt":"2021-02-22T22:00:53","slug":"tajokologiai-tagozat","status":"publish","type":"page","link":"https:\/\/univet.hu\/hu\/otdk2021\/tagozatok\/tajokologiai-tagozat\/","title":{"rendered":"T\u00e1j\u00f6kol\u00f3giai tagozat"},"content":{"rendered":"<p>&nbsp;<\/p> <p><strong>Zs\u0171ri eln\u00f6ke:<\/strong> Dr. R\u00e9dei K\u00e1roly<\/p> <p><strong>Tagok:<\/strong>\u00a0 Dr. Gr\u00f3n\u00e1s Viktor<\/p> <p style=\"padding-left: 60px;\">Prof. Dr. Penksza K\u00e1roly<\/p> <p style=\"padding-left: 60px;\">Hubayn\u00e9 dr. Horv\u00e1th N\u00f3ra<\/p> <p style=\"padding-left: 60px;\">Dr. Csemez Attila<\/p> <p style=\"padding-left: 60px;\">Dr. B\u00f3dis Judit<\/p> <p><strong>Hallgat\u00f3:<\/strong> Reith Anita<\/p> <p><strong>Titk\u00e1r:<\/strong> Dr. Szab\u00f3 Korinna<\/p> <p>&nbsp;<\/p> <table width=\"866\"> <tbody> <tr> <td style=\"width: 168.8px;\"><strong>Szerz\u0151<\/strong><\/td> <td style=\"width: 291.2px;\"><strong>Dolgozat c\u00edme<\/strong><\/td> <td style=\"width: 213.6px;\"><strong>T\u00e9mavezet\u0151<\/strong><\/td> <td style=\"width: 166.4px;\"><strong>K\u00fcld\u0151 int\u00e9zm\u00e9ny<\/strong><\/td> <\/tr> <tr> <td style=\"width: 168.8px;\"><strong>Csuk\u00e1s Nikolett<\/strong><\/td> <td style=\"width: 291.2px;\">Z\u00f6ldtet\u0151k, z\u00f6ldhomlokzatok szerepe J\u00f3zsefv\u00e1ros z\u00f6ldinfrastrukt\u00fara h\u00e1l\u00f3zat\u00e1ban \u2013 M\u00f3dszertani elemz\u00e9s<\/td> <td style=\"width: 213.6px;\">Dr. Jombach S\u00e1ndor<\/td> <td style=\"width: 166.4px;\">Szent Istv\u00e1n Egyetem<\/td> <\/tr> <tr> <td style=\"width: 168.8px;\"><strong>Gy\u00f6ngy\u00f6si Kevin<\/strong><\/td> <td style=\"width: 291.2px;\">A Sz\u00e9pv\u00f6lgyi \u00fat mintater\u00fclet csapad\u00e9kv\u00edz-gazd\u00e1lkod\u00e1s\u00e1nak vizsg\u00e1lata \u00e9s k\u00e9kes-z\u00f6ld szeml\u00e9let\u0171 fejleszt\u00e9si lehet\u0151s\u00e9gei<\/td> <td style=\"width: 213.6px;\">Varga Dalma<\/td> <td style=\"width: 166.4px;\">Szent Istv\u00e1n Egyetem<\/td> <\/tr> <tr> <td style=\"width: 168.8px;\"><strong>Ill\u00e9s Eszter Zs\u00f3fia<\/strong><\/td> <td style=\"width: 291.2px;\">Budafok-T\u00e9t\u00e9nyi Duna-part komplex t\u00e1jvizsg\u00e1lata<\/td> <td style=\"width: 213.6px;\">Erdei T\u00edmea<\/td> <td style=\"width: 166.4px;\">Szent Istv\u00e1n Egyetem<\/td> <\/tr> <tr> <td style=\"width: 168.8px;\"><strong>Janzs\u00f3 Mil\u00e1n G\u00e1bor<\/strong><\/td> <td style=\"width: 291.2px;\">V\u00edzmin\u0151s\u00e9g vizsg\u00e1latok a R\u00e1b\u00e1n<\/td> <td style=\"width: 213.6px;\">Dr. Kalicz P\u00e9ter<\/td> <td style=\"width: 166.4px;\">Soproni Egyetem<\/td> <\/tr> <tr> <td style=\"width: 168.8px;\"><strong>K\u00f3sa Franciska<\/strong><\/td> <td style=\"width: 291.2px;\">Csillaghegyi Strandf\u00fcrd\u0151 jap\u00e1nkertj\u00e9nek t\u00e1j\u00e9p\u00edt\u00e9szeti vizsg\u00e1lata<\/td> <td style=\"width: 213.6px;\">Dr. Epl\u00e9nyi Anna Vivien<\/td> <td style=\"width: 166.4px;\">Szent Istv\u00e1n Egyetem<\/td> <\/tr> <tr> <td style=\"width: 168.8px;\"><strong>Kutny\u00e1nszky Vir\u00e1g<\/strong><\/td> <td style=\"width: 291.2px;\">T\u00e9rinformatikai m\u00f3dszerek alkalmaz\u00e1sa mad\u00e1rv\u00e9delmi \u00f6kol\u00f3giai h\u00e1l\u00f3zat fejleszt\u00e9s\u00e9re<\/td> <td style=\"width: 213.6px;\"> <p>Dr. Szilv\u00e1csku Zsolt,<\/p> <p>M\u00e1t\u00e9 Klaudia<\/td> <td style=\"width: 166.4px;\">Szent Istv\u00e1n Egyetem<\/td> <\/tr> <tr> <td style=\"width: 168.8px;\"><strong>M\u00e9sz\u00e1ros Fanni Andrea<\/strong><\/td> <td style=\"width: 291.2px;\">Megporz\u00f3 k\u00f6z\u00f6ss\u00e9gek vizsg\u00e1lata konvencion\u00e1lis, \u00f6kol\u00f3giai \u00e9s permakult\u00far\u00e1s gazdas\u00e1gokban a Szentendrei-szigeten<\/td> <td style=\"width: 213.6px;\"> <p>Dr. S\u00e1rospataki Mikl\u00f3s,<\/p> <p>Szil\u00e1gyi Alfr\u00e9d J\u00e1nos<\/td> <td style=\"width: 166.4px;\">Szent Istv\u00e1n Egyetem<\/td> <\/tr> <tr> <td style=\"width: 168.8px;\"><strong>Nevezi Csenge<\/strong><\/td> <td style=\"width: 291.2px;\">Egy v\u00edzfoly\u00e1s menti \u00e9gerliget \u00e9s nedves r\u00e9t botanikai \u00e9s hidrol\u00f3giai jellemz\u0151inek \u00f6sszehasonl\u00edt\u00e1sa<\/td> <td style=\"width: 213.6px;\"> <p>Dr. Schmidt D\u00e1vid,<\/p> <p>Prof. Dr. Gribovszki Zolt\u00e1n<\/td> <td style=\"width: 166.4px;\">Soproni Egyetem<\/td> <\/tr> <tr> <td style=\"width: 168.8px;\"><strong>Sz\u00f3r\u00e1t Kriszti\u00e1n<\/strong><\/td> <td style=\"width: 291.2px;\">Invaz\u00edv fafajok elleni fell\u00e9p\u00e9s egy kiskuns\u00e1gi erd\u0151s sztyepp p\u00e9ld\u00e1j\u00e1n kereszt\u00fcl<\/td> <td style=\"width: 213.6px;\">Dr. Hoyk Edit<\/td> <td style=\"width: 166.4px;\">Neumann J\u00e1nos Egyetem<\/td> <\/tr> <\/tbody> <\/table> <p>&nbsp;<\/p>","protected":false},"excerpt":{"rendered":"<p>&nbsp; Zs\u0171ri eln\u00f6ke: Dr. R\u00e9dei K\u00e1roly Tagok:\u00a0 Dr. Gr\u00f3n\u00e1s Viktor Prof. Dr. Penksza K\u00e1roly Hubayn\u00e9 dr. Horv\u00e1th N\u00f3ra Dr. Csemez Attila Dr. B\u00f3dis Judit Hallgat\u00f3: Reith Anita Titk\u00e1r: Dr. Szab\u00f3 Korinna &nbsp; Szerz\u0151 Dolgozat c\u00edme T\u00e9mavezet\u0151 K\u00fcld\u0151 int\u00e9zm\u00e9ny Csuk\u00e1s Nikolett Z\u00f6ldtet\u0151k, z\u00f6ldhomlokzatok szerepe J\u00f3zsefv\u00e1ros z\u00f6ldinfrastrukt\u00fara h\u00e1l\u00f3zat\u00e1ban \u2013 M\u00f3dszertani elemz\u00e9s Dr. Jombach S\u00e1ndor Szent Istv\u00e1n Egyetem<\/p>\n","protected":false},"author":2518,"featured_media":0,"parent":55197,"menu_order":0,"comment_status":"open","ping_status":"open","template":"","meta":{"_acf_changed":false,"footnotes":""},"categories":[],"tags":[],"class_list":["post-55241","page","type-page","status-publish","hentry"],"acf":[],"_links":{"self":[{"href":"https:\/\/univet.hu\/hu\/wp-json\/wp\/v2\/pages\/55241","targetHints":{"allow":["GET"]}}],"collection":[{"href":"https:\/\/univet.hu\/hu\/wp-json\/wp\/v2\/pages"}],"about":[{"href":"https:\/\/univet.hu\/hu\/wp-json\/wp\/v2\/types\/page"}],"author":[{"embeddable":true,"href":"https:\/\/univet.hu\/hu\/wp-json\/wp\/v2\/users\/2518"}],"replies":[{"embeddable":true,"href":"https:\/\/univet.hu\/hu\/wp-json\/wp\/v2\/comments?post=55241"}],"version-history":[{"count":0,"href":"https:\/\/univet.hu\/hu\/wp-json\/wp\/v2\/pages\/55241\/revisions"}],"up":[{"embeddable":true,"href":"https:\/\/univet.hu\/hu\/wp-json\/wp\/v2\/pages\/55197"}],"wp:attachment":[{"href":"https:\/\/univet.hu\/hu\/wp-json\/wp\/v2\/media?parent=55241"}],"wp:term":[{"taxonomy":"category","embeddable":true,"href":"https:\/\/univet.hu\/hu\/wp-json\/wp\/v2\/categories?post=55241"},{"taxonomy":"post_tag","embeddable":true,"href":"https:\/\/univet.hu\/hu\/wp-json\/wp\/v2\/tags?post=55241"}],"curies":[{"name":"wp","href":"https:\/\/api.w.org\/{rel}","templated":true}]}}