{"id":55243,"date":"2020-06-03T15:55:01","date_gmt":"2020-06-03T13:55:01","guid":{"rendered":"https:\/\/univet.hu\/hu\/otdk2021\/tagozatok\/termeszetvedelmi-allattan\/"},"modified":"2021-02-25T09:10:34","modified_gmt":"2021-02-25T08:10:34","slug":"termeszetvedelmi-allattan-tagozat","status":"publish","type":"page","link":"https:\/\/univet.hu\/hu\/otdk2021\/tagozatok\/termeszetvedelmi-allattan-tagozat\/","title":{"rendered":"Term\u00e9szetv\u00e9delmi \u00e1llattan tagozat"},"content":{"rendered":"<p>&nbsp;<\/p> <p><strong>Zs\u0171ri eln\u00f6ke:<\/strong> Dr. Kondorosy El\u0151d<\/p> <p><strong>Tagok:<\/strong> Dr. Haltrich Attila<\/p> <p style=\"padding-left: 60px;\">Dr. Kiss Orsolya<\/p> <p style=\"padding-left: 60px;\">Dr. Koz\u00e1k Lajos<\/p> <p style=\"padding-left: 60px;\">Dr. Lanszki J\u00f3zsef<\/p> <p style=\"padding-left: 60px;\">Dr. S\u00e1rospataki Mikl\u00f3s<\/p> <p><strong>Hallgat\u00f3:<\/strong> Nov\u00e1k Zsuzsa<\/p> <p><strong>Titk\u00e1r:<\/strong>\u00a0Dr. Hazai Di\u00e1na<\/p> <p>&nbsp;<\/p> <table width=\"866\"> <tbody> <tr> <td style=\"width: 200px;\"><strong>Szerz\u0151<\/strong><\/td> <td style=\"width: 272px;\"><strong>Dolgozat c\u00edme<\/strong><\/td> <td style=\"width: 204.8px;\"><strong>T\u00e9mavezet\u0151<\/strong><\/td> <td style=\"width: 163.2px;\"><strong>K\u00fcld\u0151 int\u00e9zm\u00e9ny<\/strong><\/td> <\/tr> <tr> <td style=\"width: 200px;\"><strong>Farkas Gr\u00e9ta Szimonetta<\/strong><\/td> <td style=\"width: 272px;\">A tahit\u00f3tfalui Tildy Zolt\u00e1n h\u00eddon ki\u00e9p\u00edtett dunavir\u00e1g-v\u00e9d\u0151 f\u00e9nysoromp\u00f3 hat\u00e9konys\u00e1g\u00e1nak k\u00eds\u00e9rleti vizsg\u00e1lata<\/td> <td style=\"width: 204.8px;\"> <p>Dr. Egri \u00c1d\u00e1m,<\/p> <p>Dr. Farkas S\u00e1ndor<\/td> <td style=\"width: 163.2px;\">Szent Istv\u00e1n Egyetem<\/td> <\/tr> <tr> <td style=\"width: 200px;\"><strong>Gy\u0151rig El\u0151d<\/strong><\/td> <td style=\"width: 272px;\">A feh\u00e9r g\u00f3lya (Ciconia ciconia) fenol\u00f3gi\u00e1j\u00e1nak v\u00e1ltoz\u00e1sa Gy\u0151r-Moson-Sopron megy\u00e9ben<\/td> <td style=\"width: 204.8px;\">Prof. Dr. Winkler D\u00e1niel<\/td> <td style=\"width: 163.2px;\">Soproni Egyetem<\/td> <\/tr> <tr> <td style=\"width: 200px;\"><strong>Horv\u00e1th J\u00f3zsef Istv\u00e1n<\/strong><\/td> <td style=\"width: 272px;\">A szelekci\u00f3s hal\u00e1szat hat\u00e1sa egy horg\u00e1szv\u00edz halfajszerkezet\u00e9sre<\/td> <td style=\"width: 204.8px;\"> <p>Dr. Hegyi \u00c1rp\u00e1d,<\/p> <p>Dr. M\u00fcller Tam\u00e1s,<\/p> <p>Dr. T\u00f3th Bal\u00e1zs<\/td> <td style=\"width: 163.2px;\">Szent Istv\u00e1n Egyetem<\/td> <\/tr> <tr> <td style=\"width: 200px;\"><strong>Horv\u00e1th Olimpia D\u00f3ra<\/strong><\/td> <td style=\"width: 272px;\">R\u00f6vidkarm\u00fa fakusz (Certhia brachydactyla) \u00e9s hegyi fakusz (Certhia familiaris) \u00e1llom\u00e1nyv\u00e1ltoz\u00e1sa az \u00d3csai Turj\u00e1nban<\/td> <td style=\"width: 204.8px;\"> <p>Dr. Cs\u00f6rg\u0151 Tibor,<\/p> <p>Dr. Her\u00e9nyi M\u00e1rton Farkas<\/td> <td style=\"width: 163.2px;\">Szent Istv\u00e1n Egyetem<\/td> <\/tr> <tr> <td style=\"width: 200px;\"><strong>Kiss P\u00e9ter<\/strong><\/td> <td style=\"width: 272px;\">Vegyszermentes ikrakezel\u00e9s lehet\u0151s\u00e9gei v\u00edzi \u00e1szka (Asellus aquaticus) felhaszn\u00e1l\u00e1s\u00e1val<\/td> <td style=\"width: 204.8px;\"> <p>Dr. Kucska Bal\u00e1zs,<\/p> <p>Dr. M\u00fcller Tam\u00e1s<\/td> <td style=\"width: 163.2px;\">Szent Istv\u00e1n Egyetem<\/td> <\/tr> <tr> <td style=\"width: 200px;\"><strong>Kocs\u00e1n G\u00e1bor<\/strong><\/td> <td style=\"width: 272px;\">Territori\u00e1lis od\u00falak\u00f3 hark\u00e1lyfajok nagyfelbont\u00e1s\u00fa t\u00e9rk\u00e9pez\u00e9se<\/td> <td style=\"width: 204.8px;\"> <p>Dr. Malatinszky \u00c1kos,<\/p> <p>Dr. Vad\u00e1sz Csaba<\/td> <td style=\"width: 163.2px;\">Szent Istv\u00e1n Egyetem<\/td> <\/tr> <tr> <td style=\"width: 200px;\"><strong>Ol\u00e1h T\u00edmea Katalin<\/strong><\/td> <td style=\"width: 272px;\">Az ismeretterjeszt\u00e9s \u00e9s szeml\u00e9letform\u00e1l\u00e1s szerepe a j\u00e1k\u00f3papag\u00e1j ex situ v\u00e9delm\u00e9ben<\/td> <td style=\"width: 204.8px;\"> <p>Dr. Penksza K\u00e1roly L\u00e1szl\u00f3,<\/p> <p>T\u00f3thn\u00e9 Dr. Maros Katalin<\/td> <td style=\"width: 163.2px;\">Szent Istv\u00e1n Egyetem<\/td> <\/tr> <tr> <td style=\"width: 200px;\"><strong>Orosz Zs\u00f3fia<\/strong><\/td> <td style=\"width: 272px;\">K\u00e9k v\u00e9rcs\u00e9k \u00e9s szalak\u00f3t\u00e1k od\u00fafoglal\u00e1s\u00e1nak \u00e9s szaporod\u00e1si siker\u00e9nek vizsg\u00e1lata<\/td> <td style=\"width: 204.8px;\"> <p>Dr. K\u00f6v\u00e9r L\u00e1szl\u00f3,<\/p> <p>Dr. Lengyel Szabolcs<\/td> <td style=\"width: 163.2px;\">Debreceni Egyetem<\/td> <\/tr> <tr> <td style=\"width: 200px;\"><strong>Sik S\u00e1ra<\/strong><\/td> <td style=\"width: 272px;\">H-trap b\u00f6g\u00f6lycsapda m\u0171k\u00f6d\u00e9s\u00e9t befoly\u00e1sol\u00f3 t\u00e9nyez\u0151k vizsg\u00e1lata<\/td> <td style=\"width: 204.8px;\"> <p>Dr. habil. Farkas S\u00e1ndor,<\/p> <p>Ot\u00e1rtics M\u00e1t\u00e9<\/td> <td style=\"width: 163.2px;\">Kaposv\u00e1ri Egyetem<\/td> <\/tr> <tr> <td style=\"width: 200px;\"><strong>Sir\u00e1nyi Fl\u00f3ra<\/strong><\/td> <td style=\"width: 272px;\">Denev\u00e9rfajok ter\u00fclethaszn\u00e1lat\u00e1nak finoml\u00e9pt\u00e9k\u0171 t\u00e9rk\u00e9pesz\u00e9se a Pesz\u00e9ri-erd\u0151ben<\/td> <td style=\"width: 204.8px;\"> <p>Dr. Malatinszky \u00c1kos,<\/p> <p>Dr. Vad\u00e1sz Csaba<\/td> <td style=\"width: 163.2px;\">Szent Istv\u00e1n Egyetem<\/td> <\/tr> <tr> <td style=\"width: 200px;\"><strong>T\u00f3th M\u00e1t\u00e9<\/strong><\/td> <td style=\"width: 272px;\">Rekonstru\u00e1lt gyepek mad\u00e1r\u00e1llom\u00e1nyainak alakul\u00e1sa a Hortob\u00e1gyon<\/td> <td style=\"width: 204.8px;\"> <p>Dr. K\u00f6v\u00e9r L\u00e1szl\u00f3,<\/p> <p>Dr. Lengyel Szabolcs<\/td> <td style=\"width: 163.2px;\">Debreceni Egyetem<\/td> <\/tr> <\/tbody> <\/table> <p>&nbsp;<\/p>","protected":false},"excerpt":{"rendered":"<p>&nbsp; Zs\u0171ri eln\u00f6ke: Dr. Kondorosy El\u0151d Tagok: Dr. Haltrich Attila Dr. Kiss Orsolya Dr. Koz\u00e1k Lajos Dr. Lanszki J\u00f3zsef Dr. S\u00e1rospataki Mikl\u00f3s Hallgat\u00f3: Nov\u00e1k Zsuzsa Titk\u00e1r:\u00a0Dr. Hazai Di\u00e1na &nbsp; Szerz\u0151 Dolgozat c\u00edme T\u00e9mavezet\u0151 K\u00fcld\u0151 int\u00e9zm\u00e9ny Farkas Gr\u00e9ta Szimonetta A tahit\u00f3tfalui Tildy Zolt\u00e1n h\u00eddon ki\u00e9p\u00edtett dunavir\u00e1g-v\u00e9d\u0151 f\u00e9nysoromp\u00f3 hat\u00e9konys\u00e1g\u00e1nak k\u00eds\u00e9rleti vizsg\u00e1lata Dr. Egri \u00c1d\u00e1m, Dr. Farkas S\u00e1ndor<\/p>\n","protected":false},"author":2518,"featured_media":0,"parent":55197,"menu_order":0,"comment_status":"open","ping_status":"open","template":"","meta":{"_acf_changed":false,"footnotes":""},"categories":[],"tags":[],"class_list":["post-55243","page","type-page","status-publish","hentry"],"acf":[],"_links":{"self":[{"href":"https:\/\/univet.hu\/hu\/wp-json\/wp\/v2\/pages\/55243","targetHints":{"allow":["GET"]}}],"collection":[{"href":"https:\/\/univet.hu\/hu\/wp-json\/wp\/v2\/pages"}],"about":[{"href":"https:\/\/univet.hu\/hu\/wp-json\/wp\/v2\/types\/page"}],"author":[{"embeddable":true,"href":"https:\/\/univet.hu\/hu\/wp-json\/wp\/v2\/users\/2518"}],"replies":[{"embeddable":true,"href":"https:\/\/univet.hu\/hu\/wp-json\/wp\/v2\/comments?post=55243"}],"version-history":[{"count":0,"href":"https:\/\/univet.hu\/hu\/wp-json\/wp\/v2\/pages\/55243\/revisions"}],"up":[{"embeddable":true,"href":"https:\/\/univet.hu\/hu\/wp-json\/wp\/v2\/pages\/55197"}],"wp:attachment":[{"href":"https:\/\/univet.hu\/hu\/wp-json\/wp\/v2\/media?parent=55243"}],"wp:term":[{"taxonomy":"category","embeddable":true,"href":"https:\/\/univet.hu\/hu\/wp-json\/wp\/v2\/categories?post=55243"},{"taxonomy":"post_tag","embeddable":true,"href":"https:\/\/univet.hu\/hu\/wp-json\/wp\/v2\/tags?post=55243"}],"curies":[{"name":"wp","href":"https:\/\/api.w.org\/{rel}","templated":true}]}}