{"id":55245,"date":"2020-06-03T15:56:09","date_gmt":"2020-06-03T13:56:09","guid":{"rendered":"https:\/\/univet.hu\/hu\/otdk2021\/tagozatok\/termeszetvedelmi-novenytan\/"},"modified":"2021-02-22T23:01:35","modified_gmt":"2021-02-22T22:01:35","slug":"termeszetvedelmi-novenytan-tagozat","status":"publish","type":"page","link":"https:\/\/univet.hu\/hu\/otdk2021\/tagozatok\/termeszetvedelmi-novenytan-tagozat\/","title":{"rendered":"Term\u00e9szetv\u00e9delmi n\u00f6v\u00e9nytan tagozat"},"content":{"rendered":"<p>&nbsp;<\/p> <p><strong>Zs\u0171ri eln\u00f6ke:<\/strong> Dr. Jakab Guszt\u00e1v<\/p> <p><strong>Tagok:<\/strong> Dr. H\u00f6hn M\u00e1ria<\/p> <p style=\"padding-left: 60px;\">Dr. Malatinszky \u00c1kos<\/p> <p style=\"padding-left: 60px;\">Dr. Szeglet P\u00e9ter<\/p> <p style=\"padding-left: 60px;\">Dr. Veres Szilvia<\/p> <p><strong>Hallgat\u00f3:<\/strong> Erd\u00e9lyi Arnold<\/p> <p><strong>Titk\u00e1r:<\/strong> Dr. Szab\u00f3 Korinna<\/p> <p>&nbsp;<\/p> <table width=\"866\"> <tbody> <tr> <td style=\"width: 168px;\"><strong>Szerz\u0151<\/strong><\/td> <td style=\"width: 293.6px;\"><strong>Dolgozat c\u00edme<\/strong><\/td> <td style=\"width: 205.6px;\"><strong>T\u00e9mavezet\u0151<\/strong><\/td> <td style=\"width: 172.8px;\"><strong>K\u00fcld\u0151 int\u00e9zm\u00e9ny<\/strong><\/td> <\/tr> <tr> <td style=\"width: 168px;\"><strong>Baksa Gabriella<\/strong><\/td> <td style=\"width: 293.6px;\">Festetics uradalomt\u00f3l a strandkult\u00far\u00e1ig, Balatongy\u00f6r\u00f6k t\u00e1jhaszn\u00e1lat v\u00e1ltoz\u00e1sa a 18. sz\u00e1zadt\u00f3l napjainkig<\/td> <td style=\"width: 205.6px;\"> <p>Dr. B\u00f3dis Judit,<\/p> <p>Dr. Varga Anna<\/td> <td style=\"width: 172.8px;\">Szent Istv\u00e1n Egyetem<\/td> <\/tr> <tr> <td style=\"width: 168px;\"><strong>Di\u00f3szegi Soma<\/strong><\/td> <td style=\"width: 293.6px;\">Lucfitolitok paleokl\u00edma kutat\u00e1sokban t\u00f6rt\u00e9n\u0151 alkalmazhat\u00f3s\u00e1g\u00e1nak vizsg\u00e1lata<\/td> <td style=\"width: 205.6px;\"> <p>Dr. Kov\u00e1cs Szilvia,<\/p> <p>Dr. Lisztes-Szab\u00f3 Zsuzsa<\/td> <td style=\"width: 172.8px;\">Debreceni Egyetem<\/td> <\/tr> <tr> <td style=\"width: 168px;\"><strong>Horv\u00e1th Melitta<\/strong><\/td> <td style=\"width: 293.6px;\">A feketefeny\u0151 telep\u00edt\u00e9ssel \u00e9rintett ter\u00fcletek n\u00f6v\u00e9nyzeti v\u00e1ltoz\u00e1sai a Keszthelyi-hegys\u00e9gben l\u00e9gifot\u00f3k alapj\u00e1n (1959-2016)<\/td> <td style=\"width: 205.6px;\"> <p>Dr. Bauer Norbert,<\/p> <p>Dr.B\u00f3dis Judit<\/td> <td style=\"width: 172.8px;\">Szent Istv\u00e1n Egyetem<\/td> <\/tr> <tr> <td style=\"width: 168px;\"><strong>Kov\u00e1cs D\u00e1niel \u00c1d\u00e1m<\/strong><\/td> <td style=\"width: 293.6px;\">Zalasz\u00e1nt\u00f3 t\u00e1jhaszn\u00e1lat t\u00f6rt\u00e9nete<\/td> <td style=\"width: 205.6px;\"> <p>Dr. B\u00f3dis Judit,<\/p> <p>Dr. Varga Anna<\/td> <td style=\"width: 172.8px;\">Szent Istv\u00e1n Egyetem<\/td> <\/tr> <tr> <td style=\"width: 168px;\"><strong>L\u00e1badi Vivien<\/strong><\/td> <td style=\"width: 293.6px;\">A t\u00e1jhaszn\u00e1lat t\u00f6rt\u00e9nete \u00e9s a felhagy\u00e1s k\u00f6vetkezm\u00e9nyei a nyir\u00e1di S\u00e1r-\u00e1ll\u00f3n<\/td> <td style=\"width: 205.6px;\">Dr. B\u00f3dis Judit<\/td> <td style=\"width: 172.8px;\">Szent Istv\u00e1n Egyetem<\/td> <\/tr> <tr> <td style=\"width: 168px;\"><strong>L\u00f3r\u00e1ntfy Kolos<\/strong><\/td> <td style=\"width: 293.6px;\">Egy kemenesalji telep\u00fcl\u00e9s, Mesteri t\u00e1jhaszn\u00e1lat t\u00f6rt\u00e9nete \u00e9s term\u00e9szetv\u00e9delmi vonatkoz\u00e1sai<\/td> <td style=\"width: 205.6px;\"> <p>Dr. B\u00f3dis Judit,<\/p> <p>Dr. Varga Anna<\/td> <td style=\"width: 172.8px;\">Szent Istv\u00e1n Egyetem<\/td> <\/tr> <tr> <td style=\"width: 168px;\"><strong>Svajda Petra<\/strong><\/td> <td style=\"width: 293.6px;\">K\u00fcl\u00f6nb\u00f6z\u0151 kezel\u00e9sek hat\u00e1sa a term\u00e9szetv\u00e9delmi szempontb\u00f3l fontos n\u00f6v\u00e9nyfajokra a nyir\u00e1di S\u00e1r-\u00e1ll\u00f3n<\/td> <td style=\"width: 205.6px;\">Dr. B\u00f3dis Judit<\/td> <td style=\"width: 172.8px;\">Szent Istv\u00e1n Egyetem<\/td> <\/tr> <tr> <td style=\"width: 168px;\"><strong>Sz\u00e1ntai Bernadett<\/strong><\/td> <td style=\"width: 293.6px;\">A fokozottan v\u00e9dett lisztes kankalin (Primula farinosa L.) hazai \u00e1llom\u00e1nyainak popul\u00e1ci\u00f3biol\u00f3giai vizsg\u00e1lata<\/td> <td style=\"width: 205.6px;\">Csete S\u00e1ndor<\/td> <td style=\"width: 172.8px;\">Szent Istv\u00e1n Egyetem<\/td> <\/tr> <\/tbody> <\/table> <p>&nbsp;<\/p>","protected":false},"excerpt":{"rendered":"<p>&nbsp; Zs\u0171ri eln\u00f6ke: Dr. Jakab Guszt\u00e1v Tagok: Dr. H\u00f6hn M\u00e1ria Dr. Malatinszky \u00c1kos Dr. Szeglet P\u00e9ter Dr. Veres Szilvia Hallgat\u00f3: Erd\u00e9lyi Arnold Titk\u00e1r: Dr. Szab\u00f3 Korinna &nbsp; Szerz\u0151 Dolgozat c\u00edme T\u00e9mavezet\u0151 K\u00fcld\u0151 int\u00e9zm\u00e9ny Baksa Gabriella Festetics uradalomt\u00f3l a strandkult\u00far\u00e1ig, Balatongy\u00f6r\u00f6k t\u00e1jhaszn\u00e1lat v\u00e1ltoz\u00e1sa a 18. sz\u00e1zadt\u00f3l napjainkig Dr. B\u00f3dis Judit, Dr. Varga Anna Szent Istv\u00e1n Egyetem<\/p>\n","protected":false},"author":2518,"featured_media":0,"parent":55197,"menu_order":0,"comment_status":"open","ping_status":"open","template":"","meta":{"_acf_changed":false,"footnotes":""},"categories":[],"tags":[],"class_list":["post-55245","page","type-page","status-publish","hentry"],"acf":[],"_links":{"self":[{"href":"https:\/\/univet.hu\/hu\/wp-json\/wp\/v2\/pages\/55245","targetHints":{"allow":["GET"]}}],"collection":[{"href":"https:\/\/univet.hu\/hu\/wp-json\/wp\/v2\/pages"}],"about":[{"href":"https:\/\/univet.hu\/hu\/wp-json\/wp\/v2\/types\/page"}],"author":[{"embeddable":true,"href":"https:\/\/univet.hu\/hu\/wp-json\/wp\/v2\/users\/2518"}],"replies":[{"embeddable":true,"href":"https:\/\/univet.hu\/hu\/wp-json\/wp\/v2\/comments?post=55245"}],"version-history":[{"count":0,"href":"https:\/\/univet.hu\/hu\/wp-json\/wp\/v2\/pages\/55245\/revisions"}],"up":[{"embeddable":true,"href":"https:\/\/univet.hu\/hu\/wp-json\/wp\/v2\/pages\/55197"}],"wp:attachment":[{"href":"https:\/\/univet.hu\/hu\/wp-json\/wp\/v2\/media?parent=55245"}],"wp:term":[{"taxonomy":"category","embeddable":true,"href":"https:\/\/univet.hu\/hu\/wp-json\/wp\/v2\/categories?post=55245"},{"taxonomy":"post_tag","embeddable":true,"href":"https:\/\/univet.hu\/hu\/wp-json\/wp\/v2\/tags?post=55245"}],"curies":[{"name":"wp","href":"https:\/\/api.w.org\/{rel}","templated":true}]}}