{"id":55247,"date":"2020-06-03T15:56:58","date_gmt":"2020-06-03T13:56:58","guid":{"rendered":"https:\/\/univet.hu\/hu\/otdk2021\/tagozatok\/vadgazdalkodasi\/"},"modified":"2021-02-25T09:17:01","modified_gmt":"2021-02-25T08:17:01","slug":"vadgazdalkodasi-tagozat","status":"publish","type":"page","link":"https:\/\/univet.hu\/hu\/otdk2021\/tagozatok\/vadgazdalkodasi-tagozat\/","title":{"rendered":"Vadgazd\u00e1lkod\u00e1si tagozat"},"content":{"rendered":"<p>&nbsp;<\/p> <p><strong>Zs\u0171ri eln\u00f6ke:<\/strong> Dr. Farag\u00f3 S\u00e1ndor<\/p> <p><strong>Tagok:<\/strong> Dr. Maros\u00e1n Mikl\u00f3s<\/p> <p style=\"padding-left: 60px;\">Dr. Szendrei L\u00e1szl\u00f3<\/p> <p style=\"padding-left: 60px;\">Dr. Kov\u00e1cs Szilvia<\/p> <p style=\"padding-left: 60px;\">Dr. B\u00edr\u00f3 Zsolt<\/p> <p><strong>Hallgat\u00f3:<\/strong> Cs\u00f3k\u00e1s Adrienn<\/p> <p><strong>Titk\u00e1r:<\/strong>\u00a0Dr. N\u00e9met Zolt\u00e1n<\/p> <p>&nbsp;<\/p> <table width=\"866\"> <tbody> <tr> <td style=\"width: 164.8px;\"><strong>Szerz\u0151<\/strong><\/td> <td style=\"width: 320.8px;\"><strong>Dolgozat c\u00edme<\/strong><\/td> <td style=\"width: 186.4px;\"><strong>T\u00e9mavezet\u0151<\/strong><\/td> <td style=\"width: 168px;\"><strong>K\u00fcld\u0151 int\u00e9zm\u00e9ny<\/strong><\/td> <\/tr> <tr> <td style=\"width: 164.8px;\"><strong>Gyetk\u00f3 Szilvia<\/strong><\/td> <td style=\"width: 320.8px;\">Vaddiszn\u00f3 f\u00e9szekpred\u00e1ci\u00f3j\u00e1nak vizsg\u00e1lata a Mak\u00e1di Vad\u00e1szt\u00e1rsas\u00e1g (Csepel-sziget) ter\u00fclet\u00e9n<\/td> <td style=\"width: 186.4px;\">Dr. Tari Tam\u00e1s<\/td> <td style=\"width: 168px;\">Soproni Egyetem<\/td> <\/tr> <tr> <td style=\"width: 164.8px;\"><strong>Ily\u00e9s Kinga<\/strong><\/td> <td style=\"width: 320.8px;\">A g\u00edmszarvas terjeszked\u00e9se B\u00e1cs-Kiskun megye k\u00f6z\u00e9ps\u0151 ter\u00fcletein<\/td> <td style=\"width: 186.4px;\"> <p>Dr. Cs\u00e1nyi S\u00e1ndor,<\/p> <p>Dr. M\u00e1rton Mih\u00e1ly<\/td> <td style=\"width: 168px;\">Szent Istv\u00e1n Egyetem<\/td> <\/tr> <tr> <td style=\"width: 164.8px;\"><strong>Jantek Ren\u00e1ta<\/strong><\/td> <td style=\"width: 320.8px;\">A hegyi gorill\u00e1k ter\u00fclethaszn\u00e1lat\u00e1nak szerepe az ebola terjed\u00e9s\u00e9ben a Virunga Nemzeti Parkban<\/td> <td style=\"width: 186.4px;\"> <p>Dr. Katona Kriszti\u00e1n,<\/p> <p>Adam Kiefer<\/td> <td style=\"width: 168px;\">Szent Istv\u00e1n Egyetem<\/td> <\/tr> <tr> <td style=\"width: 164.8px;\"><strong>Karasszon Ervin Andr\u00e1s<\/strong><\/td> <td style=\"width: 320.8px;\">Az Afrikai sert\u00e9spestis f\u00f6ldrajzi terjed\u00e9s\u00e9nek kock\u00e1zatbecsl\u00e9si modellfejleszt\u00e9se<\/td> <td style=\"width: 186.4px;\">Dr. Solymosi Norbert<\/td> <td style=\"width: 168px;\">\u00c1llatorvostudom\u00e1nyi Egyetem<\/td> <\/tr> <tr> <td style=\"width: 164.8px;\"><strong>Major Fanni Csilla<\/strong><\/td> <td style=\"width: 320.8px;\">A popul\u00e1ci\u00f3-rekonstrukci\u00f3 alkalmaz\u00e1sa a muflonn\u00e1l &#8211; lehet\u0151s\u00e9gek \u00e9s korl\u00e1tok<\/td> <td style=\"width: 186.4px;\">Dr. Cs\u00e1nyi S\u00e1ndor<\/td> <td style=\"width: 168px;\">Szent Istv\u00e1n Egyetem<\/td> <\/tr> <tr> <td style=\"width: 164.8px;\"><strong>Pal\u00e1di Petra<\/strong><\/td> <td style=\"width: 320.8px;\">A dolm\u00e1nyos varj\u00fa t\u00e1rsadalmi elfogadotts\u00e1g\u00e1nak vizsg\u00e1lata a magyar lakoss\u00e1g k\u00f6r\u00e9ben<\/td> <td style=\"width: 186.4px;\"> <p>Dr. Balogh P\u00e9ter,<\/p> <p>Dr. K\u00f6v\u00e9r L\u00e1szl\u00f3<\/td> <td style=\"width: 168px;\">Debreceni Egyetem<\/td> <\/tr> <tr> <td style=\"width: 164.8px;\"><strong>Szab\u00f3 D\u00f3ra<\/strong><\/td> <td style=\"width: 320.8px;\">Az erdei szalonka magyarorsz\u00e1gi telel\u0151 \u00e9s f\u00e9szkel\u0151 \u00e1llom\u00e1ny\u00e1nak vizsg\u00e1lata k\u00e9rd\u0151\u00edves felm\u00e9r\u00e9s alapj\u00e1n<\/td> <td style=\"width: 186.4px;\"> <p>Dr. Katona Kriszti\u00e1n,<\/p> <p>Schally Gergely Tibor<\/td> <td style=\"width: 168px;\">Szent Istv\u00e1n Egyetem<\/td> <\/tr> <tr> <td style=\"width: 164.8px;\"><strong>T\u00f3th Gergely<\/strong><\/td> <td style=\"width: 320.8px;\">\u0150zek \u00e1llom\u00e1nys\u0171r\u0171s\u00e9g becsl\u00e9si m\u00f3dszereinek \u00f6sszehasonl\u00edt\u00f3 vizsg\u00e1lata<\/td> <td style=\"width: 186.4px;\">Dr. Katona Kriszti\u00e1n<\/td> <td style=\"width: 168px;\">Szent Istv\u00e1n Egyetem<\/td> <\/tr> <\/tbody> <\/table> <p>&nbsp;<\/p>","protected":false},"excerpt":{"rendered":"<p>&nbsp; Zs\u0171ri eln\u00f6ke: Dr. Farag\u00f3 S\u00e1ndor Tagok: Dr. Maros\u00e1n Mikl\u00f3s Dr. Szendrei L\u00e1szl\u00f3 Dr. Kov\u00e1cs Szilvia Dr. B\u00edr\u00f3 Zsolt Hallgat\u00f3: Cs\u00f3k\u00e1s Adrienn Titk\u00e1r:\u00a0Dr. N\u00e9met Zolt\u00e1n &nbsp; Szerz\u0151 Dolgozat c\u00edme T\u00e9mavezet\u0151 K\u00fcld\u0151 int\u00e9zm\u00e9ny Gyetk\u00f3 Szilvia Vaddiszn\u00f3 f\u00e9szekpred\u00e1ci\u00f3j\u00e1nak vizsg\u00e1lata a Mak\u00e1di Vad\u00e1szt\u00e1rsas\u00e1g (Csepel-sziget) ter\u00fclet\u00e9n Dr. Tari Tam\u00e1s Soproni Egyetem Ily\u00e9s Kinga A g\u00edmszarvas terjeszked\u00e9se B\u00e1cs-Kiskun megye k\u00f6z\u00e9ps\u0151<\/p>\n","protected":false},"author":2518,"featured_media":0,"parent":55197,"menu_order":0,"comment_status":"open","ping_status":"open","template":"","meta":{"_acf_changed":false,"footnotes":""},"categories":[],"tags":[],"class_list":["post-55247","page","type-page","status-publish","hentry"],"acf":[],"_links":{"self":[{"href":"https:\/\/univet.hu\/hu\/wp-json\/wp\/v2\/pages\/55247","targetHints":{"allow":["GET"]}}],"collection":[{"href":"https:\/\/univet.hu\/hu\/wp-json\/wp\/v2\/pages"}],"about":[{"href":"https:\/\/univet.hu\/hu\/wp-json\/wp\/v2\/types\/page"}],"author":[{"embeddable":true,"href":"https:\/\/univet.hu\/hu\/wp-json\/wp\/v2\/users\/2518"}],"replies":[{"embeddable":true,"href":"https:\/\/univet.hu\/hu\/wp-json\/wp\/v2\/comments?post=55247"}],"version-history":[{"count":0,"href":"https:\/\/univet.hu\/hu\/wp-json\/wp\/v2\/pages\/55247\/revisions"}],"up":[{"embeddable":true,"href":"https:\/\/univet.hu\/hu\/wp-json\/wp\/v2\/pages\/55197"}],"wp:attachment":[{"href":"https:\/\/univet.hu\/hu\/wp-json\/wp\/v2\/media?parent=55247"}],"wp:term":[{"taxonomy":"category","embeddable":true,"href":"https:\/\/univet.hu\/hu\/wp-json\/wp\/v2\/categories?post=55247"},{"taxonomy":"post_tag","embeddable":true,"href":"https:\/\/univet.hu\/hu\/wp-json\/wp\/v2\/tags?post=55247"}],"curies":[{"name":"wp","href":"https:\/\/api.w.org\/{rel}","templated":true}]}}