{"id":55249,"date":"2020-06-03T15:57:43","date_gmt":"2020-06-03T13:57:43","guid":{"rendered":"https:\/\/univet.hu\/hu\/otdk2021\/tagozatok\/vallalatgazdalkodasi\/"},"modified":"2021-02-25T09:12:56","modified_gmt":"2021-02-25T08:12:56","slug":"idegen-nyelvu-tagozat","status":"publish","type":"page","link":"https:\/\/univet.hu\/hu\/otdk2021\/tagozatok\/idegen-nyelvu-tagozat\/","title":{"rendered":"Idegennyelv\u0171 agr\u00e1rtudom\u00e1nyi tagozat"},"content":{"rendered":"<p>&nbsp;<\/p> <p><strong>Chairman:<\/strong> Dr. Bence R\u00e1cz<\/p> <p><strong>Members:<\/strong> Dr. Mikl\u00f3s S\u00fcth<\/p> <p style=\"padding-left: 90px;\">Dr. Istv\u00e1n Hull\u00e1r<\/p> <p style=\"padding-left: 90px;\">Dr. L\u00e1szl\u00f3 Abrank\u00f3<\/p> <p><strong>Secretary:<\/strong>\u00a0Dr. Istv\u00e1n T\u00f3th<\/p> <p>&nbsp;<\/p> <table width=\"879\"> <tbody> <tr> <td style=\"width: 184px;\"><strong>Author<\/strong><\/td> <td style=\"width: 304px;\"><strong>Title<\/strong><\/td> <td style=\"width: 168px;\"><strong>Supervisor<\/strong><\/td> <td style=\"width: 196.8px;\"><strong>Institution<\/strong><\/td> <\/tr> <tr> <td style=\"width: 184px;\"><strong>Thomas Juhasz<\/strong><\/td> <td style=\"width: 304px;\">Epidemiological investigation of infectious agents associated to wedge-tailed shearwater (Ardenna pacifica) and Barau\u2019s petrel (Pterodroma baraui) populations on Reunion Island<\/td> <td style=\"width: 168px;\"> <p>Lebarbenchon Camille,<\/p> <p>Dr. G\u00e1bor Majoros<\/td> <td style=\"width: 196.8px;\">University of Veterinary Medicine Budapest<\/td> <\/tr> <tr> <td style=\"width: 184px;\"><strong>Lewin Natalja<\/strong><\/td> <td style=\"width: 304px;\">Effect of fermented wheat germ extract and grape seed proanthocyanidins on the intestinal epithelial barrier<\/td> <td style=\"width: 168px;\"> <p>Dr. Orsolya Farkas,<\/p> <p>Dr. Zita Karancsi<\/td> <td style=\"width: 196.8px;\">University of Veterinary Medicine Budapest<\/td> <\/tr> <tr> <td style=\"width: 184px;\"><strong>Natalia Pitta-Osses<\/strong><\/td> <td style=\"width: 304px;\">Pattern and impact of wild boar (sus scrofa) rooting in a forested area of Hungary<\/td> <td style=\"width: 168px;\"> <p>Kriszti\u00e1n Katona,<\/p> <p>Csaba Centeri Ph.D.<\/td> <td style=\"width: 196.8px;\">Szent Istv\u00e1n University<\/td> <\/tr> <tr> <td style=\"width: 184px;\"><strong>Shreya Bhattacharya<\/strong><\/td> <td style=\"width: 304px;\">A study about the feeding analysis of golden jackals (Canis aureus moreoticus Geoffroy, 1835) in Hungary<\/td> <td style=\"width: 168px;\">Prof. Mikl\u00f3s Heltai (PhD, D.Sc)<\/td> <td style=\"width: 196.8px;\">Szent Istv\u00e1n University<\/td> <\/tr> <tr> <td style=\"width: 184px;\"><strong>Sophia Fischer-Colbrie<\/strong><\/td> <td style=\"width: 304px;\">The prevalence of feline leukemia virus and feline immunodeficiency virus in domestic cats in Hungary<\/td> <td style=\"width: 168px;\">Dr. Anna Szilasi<\/td> <td style=\"width: 196.8px;\">University of Veterinary Medicine Budapest<\/td> <\/tr> <\/tbody> <\/table> <p>&nbsp;<\/p>","protected":false},"excerpt":{"rendered":"<p>&nbsp; Chairman: Dr. Bence R\u00e1cz Members: Dr. Mikl\u00f3s S\u00fcth Dr. Istv\u00e1n Hull\u00e1r Dr. L\u00e1szl\u00f3 Abrank\u00f3 Secretary:\u00a0Dr. Istv\u00e1n T\u00f3th &nbsp; Author Title Supervisor Institution Thomas Juhasz Epidemiological investigation of infectious agents associated to wedge-tailed shearwater (Ardenna pacifica) and Barau\u2019s petrel (Pterodroma baraui) populations on Reunion Island Lebarbenchon Camille, Dr. G\u00e1bor Majoros University of Veterinary Medicine Budapest<\/p>\n","protected":false},"author":2518,"featured_media":0,"parent":55197,"menu_order":0,"comment_status":"open","ping_status":"open","template":"","meta":{"_acf_changed":false,"footnotes":""},"categories":[],"tags":[],"class_list":["post-55249","page","type-page","status-publish","hentry"],"acf":[],"_links":{"self":[{"href":"https:\/\/univet.hu\/hu\/wp-json\/wp\/v2\/pages\/55249","targetHints":{"allow":["GET"]}}],"collection":[{"href":"https:\/\/univet.hu\/hu\/wp-json\/wp\/v2\/pages"}],"about":[{"href":"https:\/\/univet.hu\/hu\/wp-json\/wp\/v2\/types\/page"}],"author":[{"embeddable":true,"href":"https:\/\/univet.hu\/hu\/wp-json\/wp\/v2\/users\/2518"}],"replies":[{"embeddable":true,"href":"https:\/\/univet.hu\/hu\/wp-json\/wp\/v2\/comments?post=55249"}],"version-history":[{"count":0,"href":"https:\/\/univet.hu\/hu\/wp-json\/wp\/v2\/pages\/55249\/revisions"}],"up":[{"embeddable":true,"href":"https:\/\/univet.hu\/hu\/wp-json\/wp\/v2\/pages\/55197"}],"wp:attachment":[{"href":"https:\/\/univet.hu\/hu\/wp-json\/wp\/v2\/media?parent=55249"}],"wp:term":[{"taxonomy":"category","embeddable":true,"href":"https:\/\/univet.hu\/hu\/wp-json\/wp\/v2\/categories?post=55249"},{"taxonomy":"post_tag","embeddable":true,"href":"https:\/\/univet.hu\/hu\/wp-json\/wp\/v2\/tags?post=55249"}],"curies":[{"name":"wp","href":"https:\/\/api.w.org\/{rel}","templated":true}]}}