{"id":55251,"date":"2020-06-03T15:59:20","date_gmt":"2020-06-03T13:59:20","guid":{"rendered":"https:\/\/univet.hu\/hu\/otdk2021\/tagozatok\/videk-es-teruletfejlesztesi\/"},"modified":"2021-03-26T17:21:54","modified_gmt":"2021-03-26T16:21:54","slug":"videk-es-teruletfejlesztesi-tagozat","status":"publish","type":"page","link":"https:\/\/univet.hu\/hu\/otdk2021\/tagozatok\/videk-es-teruletfejlesztesi-tagozat\/","title":{"rendered":"Vid\u00e9k- \u00e9s ter\u00fcletfejleszt\u00e9si tagozat"},"content":{"rendered":"<p>&nbsp;<\/p> <p><strong>Zs\u0171ri eln\u00f6ke:<\/strong> Dr. Nagy Frigyes \/\u00a0Dr. Koll\u00e1nyi L\u00e1szl\u00f3<\/p> <p><strong>Tagok:<\/strong> Dr. Horv\u00e1th P\u00e9ter<\/p> <p style=\"padding-left: 60px;\">Dr. Panyor \u00c1gota<\/p> <p style=\"padding-left: 60px;\">Dr. Bacsi Zsuzsanna<\/p> <p style=\"padding-left: 60px;\">Dr. Koncz G\u00e1bor<\/p> <p><strong>Hallgat\u00f3:<\/strong> Gubacsi Franciska<\/p> <p><strong>Titk\u00e1r:<\/strong>\u00a0Dr. N\u00e9met Zolt\u00e1n<\/p> <p>&nbsp;<\/p> <table width=\"866\"> <tbody> <tr> <td style=\"width: 172px;\"><strong>Szerz\u0151<\/strong><\/td> <td style=\"width: 272px;\"><strong>Dolgozat c\u00edme<\/strong><\/td> <td style=\"width: 202px;\"><strong>T\u00e9mavezet\u0151<\/strong><\/td> <td style=\"width: 192px;\"><strong>K\u00fcld\u0151 int\u00e9zm\u00e9ny<\/strong><\/td> <\/tr> <tr> <td style=\"width: 172px;\"><strong>Amtmann Petra<\/strong><\/td> <td style=\"width: 272px;\">A nyugat-\u00e9s keletn\u00e9met tartom\u00e1nyok \u00f6sszehasonl\u00edt\u00f3 elemz\u00e9se mez\u0151gazdas\u00e1gi \u00e9s vid\u00e9kfejleszt\u00e9si szempontb\u00f3l<\/td> <td style=\"width: 202px;\">Dr. Mezei Katalin<\/td> <td style=\"width: 192px;\">Sz\u00e9chenyi\u00a0Istv\u00e1n Egyetem<\/td> <\/tr> <tr> <td style=\"width: 172px;\"><strong>Antal S\u00e1ndor<\/strong><\/td> <td style=\"width: 272px;\">A z\u00f6ldenergia helyes \u00e9s szerepe a r\u00f6vid ell\u00e1t\u00e1si l\u00e1ncban<\/td> <td style=\"width: 202px;\">Dr. Vincze Judit<\/td> <td style=\"width: 192px;\">Eszterh\u00e1zy K\u00e1roly Egyetem<\/td> <\/tr> <tr> <td style=\"width: 172px;\"><strong>Baka Fl\u00f3ra<\/strong><\/td> <td style=\"width: 272px;\">A Budapesti agglomer\u00e1ci\u00f3 v\u00e1rosainak vizsg\u00e1lata sikert\u00e9nyez\u0151k t\u00fckr\u00e9ben<\/td> <td style=\"width: 202px;\">Nagyn\u00e9 Dr. Moln\u00e1r Melinda<\/td> <td style=\"width: 192px;\">Szent Istv\u00e1n Egyetem<\/td> <\/tr> <tr> <td style=\"width: 172px;\"><strong>Gonda Vikt\u00f3ria Jol\u00e1n<\/strong><\/td> <td style=\"width: 272px;\">Gener\u00e1ci\u00f3v\u00e1lt\u00e1s problematik\u00e1ja a tanyasi \u00e9letform\u00e1ban &#8211; Fiatalok az \u00e9let perem\u00e9n (a)vagy az ,,elveszett paradicsomban&#8221;<\/td> <td style=\"width: 202px;\">Dr. P\u00e9li L\u00e1szl\u00f3<\/td> <td style=\"width: 192px;\">Szent Istv\u00e1n Egyetem<\/td> <\/tr> <tr> <td style=\"width: 172px;\"><strong>Kov\u00e1cs R\u00e9ka<\/strong><\/td> <td style=\"width: 272px;\">Iv\u00f3v\u00edzell\u00e1t\u00e1s probl\u00e9m\u00e1i egy \u00e9szak-magyarorsz\u00e1gi kistelep\u00fcl\u00e9sen<\/td> <td style=\"width: 202px;\">Bod\u00e1n\u00e9 Dr. Kendrovics Rita<\/td> <td style=\"width: 192px;\">\u00d3budai Egyetem<\/td> <\/tr> <tr> <td style=\"width: 172px;\"><strong>L\u0151rinc Bal\u00e1zs<\/strong><\/td> <td style=\"width: 272px;\">A Paksi Gazdas\u00e1gi \u00e9s Fejleszt\u00e9si \u00d6v vizsg\u00e1lata<\/td> <td style=\"width: 202px;\">Dr. K\u00e1poszta J\u00f3zsef<\/td> <td style=\"width: 192px;\">Szent Istv\u00e1n Egyetem<\/td> <\/tr> <tr> <td style=\"width: 172px;\"><strong>Michels Bori Judit<\/strong><\/td> <td style=\"width: 272px;\">Kerts\u00e9gek vizsg\u00e1lata haz\u00e1nk \u00f6kofalvaiban<\/td> <td style=\"width: 202px;\"> <p>Dancsokn\u00e9 F\u00f3ris Edina Kl\u00e1ra,<\/p> <p>Proh\u00e1szka Viola Judit<\/td> <td style=\"width: 192px;\">Szent Istv\u00e1n Egyetem<\/td> <\/tr> <tr> <td style=\"width: 172px;\"><strong>N\u00e1das Zolt\u00e1n<\/strong><\/td> <td style=\"width: 272px;\">Az \u00e1llatl\u00e9tsz\u00e1m mikro ter\u00fcleti v\u00e1ltoz\u00e1sai az \u00faj \u00e9vezred els\u0151 dek\u00e1dj\u00e1ban<\/td> <td style=\"width: 202px;\">Dr. Egri Zolt\u00e1n<\/td> <td style=\"width: 192px;\">Szent Istv\u00e1n Egyetem<\/td> <\/tr> <tr> <td style=\"width: 172px;\"><strong>Sz\u00e9kely Rita<\/strong><\/td> <td style=\"width: 272px;\">A vid\u00e9kfejleszt\u00e9s int\u00e9zm\u00e9nyrendszer\u00e9nek fejl\u0151d\u00e9st\u00f6rt\u00e9nete Magyarorsz\u00e1gon<\/td> <td style=\"width: 202px;\">Dr. Mezei Katalin<\/td> <td style=\"width: 192px;\">Sz\u00e9chenyi\u00a0Istv\u00e1n Egyetem<\/td> <\/tr> <tr> <td style=\"width: 172px;\"><strong>Varga Szabolcs<\/strong><\/td> <td style=\"width: 272px;\">F\u00f6ldnyilv\u00e1ntart\u00e1si probl\u00e9m\u00e1k mez\u0151gazdas\u00e1gi t\u00e1mogat\u00e1sokkal kapcsolatban<\/td> <td style=\"width: 202px;\">Dr. Mezei Katalin<\/td> <td style=\"width: 192px;\">Sz\u00e9chenyi\u00a0Istv\u00e1n Egyetem<\/td> <\/tr> <\/tbody> <\/table> <p>&nbsp;<\/p>","protected":false},"excerpt":{"rendered":"<p>&nbsp; Zs\u0171ri eln\u00f6ke: Dr. Nagy Frigyes \/\u00a0Dr. Koll\u00e1nyi L\u00e1szl\u00f3 Tagok: Dr. Horv\u00e1th P\u00e9ter Dr. Panyor \u00c1gota Dr. Bacsi Zsuzsanna Dr. Koncz G\u00e1bor Hallgat\u00f3: Gubacsi Franciska Titk\u00e1r:\u00a0Dr. N\u00e9met Zolt\u00e1n &nbsp; Szerz\u0151 Dolgozat c\u00edme T\u00e9mavezet\u0151 K\u00fcld\u0151 int\u00e9zm\u00e9ny Amtmann Petra A nyugat-\u00e9s keletn\u00e9met tartom\u00e1nyok \u00f6sszehasonl\u00edt\u00f3 elemz\u00e9se mez\u0151gazdas\u00e1gi \u00e9s vid\u00e9kfejleszt\u00e9si szempontb\u00f3l Dr. Mezei Katalin Sz\u00e9chenyi\u00a0Istv\u00e1n Egyetem Antal S\u00e1ndor A<\/p>\n","protected":false},"author":2518,"featured_media":0,"parent":55197,"menu_order":0,"comment_status":"open","ping_status":"open","template":"","meta":{"_acf_changed":false,"footnotes":""},"categories":[],"tags":[],"class_list":["post-55251","page","type-page","status-publish","hentry"],"acf":[],"_links":{"self":[{"href":"https:\/\/univet.hu\/hu\/wp-json\/wp\/v2\/pages\/55251","targetHints":{"allow":["GET"]}}],"collection":[{"href":"https:\/\/univet.hu\/hu\/wp-json\/wp\/v2\/pages"}],"about":[{"href":"https:\/\/univet.hu\/hu\/wp-json\/wp\/v2\/types\/page"}],"author":[{"embeddable":true,"href":"https:\/\/univet.hu\/hu\/wp-json\/wp\/v2\/users\/2518"}],"replies":[{"embeddable":true,"href":"https:\/\/univet.hu\/hu\/wp-json\/wp\/v2\/comments?post=55251"}],"version-history":[{"count":0,"href":"https:\/\/univet.hu\/hu\/wp-json\/wp\/v2\/pages\/55251\/revisions"}],"up":[{"embeddable":true,"href":"https:\/\/univet.hu\/hu\/wp-json\/wp\/v2\/pages\/55197"}],"wp:attachment":[{"href":"https:\/\/univet.hu\/hu\/wp-json\/wp\/v2\/media?parent=55251"}],"wp:term":[{"taxonomy":"category","embeddable":true,"href":"https:\/\/univet.hu\/hu\/wp-json\/wp\/v2\/categories?post=55251"},{"taxonomy":"post_tag","embeddable":true,"href":"https:\/\/univet.hu\/hu\/wp-json\/wp\/v2\/tags?post=55251"}],"curies":[{"name":"wp","href":"https:\/\/api.w.org\/{rel}","templated":true}]}}