{"id":55255,"date":"2020-06-03T16:05:42","date_gmt":"2020-06-03T14:05:42","guid":{"rendered":"https:\/\/univet.hu\/hu\/otdk2021\/rezumekotet\/"},"modified":"2021-03-26T19:05:26","modified_gmt":"2021-03-26T18:05:26","slug":"rezumekotet","status":"publish","type":"page","link":"https:\/\/univet.hu\/hu\/otdk2021\/rezumekotet\/","title":{"rendered":"Rez\u00fcm\u00e9k\u00f6tet"},"content":{"rendered":"<p><iframe loading=\"lazy\" style=\"border: none; width: 100%; height: 326px;\" src=\"\/\/e.issuu.com\/embed.html?d=otdk_rezu_me_ko_tet_a5_210326&amp;u=univet0\" width=\"300\" height=\"150\" allowfullscreen=\"allowfullscreen\"><\/iframe><\/p>","protected":false},"excerpt":{"rendered":"","protected":false},"author":2518,"featured_media":0,"parent":52223,"menu_order":0,"comment_status":"open","ping_status":"open","template":"","meta":{"_acf_changed":false,"footnotes":""},"categories":[],"tags":[],"class_list":["post-55255","page","type-page","status-publish","hentry"],"acf":[],"_links":{"self":[{"href":"https:\/\/univet.hu\/hu\/wp-json\/wp\/v2\/pages\/55255","targetHints":{"allow":["GET"]}}],"collection":[{"href":"https:\/\/univet.hu\/hu\/wp-json\/wp\/v2\/pages"}],"about":[{"href":"https:\/\/univet.hu\/hu\/wp-json\/wp\/v2\/types\/page"}],"author":[{"embeddable":true,"href":"https:\/\/univet.hu\/hu\/wp-json\/wp\/v2\/users\/2518"}],"replies":[{"embeddable":true,"href":"https:\/\/univet.hu\/hu\/wp-json\/wp\/v2\/comments?post=55255"}],"version-history":[{"count":0,"href":"https:\/\/univet.hu\/hu\/wp-json\/wp\/v2\/pages\/55255\/revisions"}],"up":[{"embeddable":true,"href":"https:\/\/univet.hu\/hu\/wp-json\/wp\/v2\/pages\/52223"}],"wp:attachment":[{"href":"https:\/\/univet.hu\/hu\/wp-json\/wp\/v2\/media?parent=55255"}],"wp:term":[{"taxonomy":"category","embeddable":true,"href":"https:\/\/univet.hu\/hu\/wp-json\/wp\/v2\/categories?post=55255"},{"taxonomy":"post_tag","embeddable":true,"href":"https:\/\/univet.hu\/hu\/wp-json\/wp\/v2\/tags?post=55255"}],"curies":[{"name":"wp","href":"https:\/\/api.w.org\/{rel}","templated":true}]}}