{"id":55263,"date":"2020-06-03T16:28:38","date_gmt":"2020-06-03T14:28:38","guid":{"rendered":"https:\/\/univet.hu\/hu\/otdk2021\/tamogatok\/"},"modified":"2021-10-26T12:58:22","modified_gmt":"2021-10-26T10:58:22","slug":"tamogatok","status":"publish","type":"page","link":"https:\/\/univet.hu\/hu\/otdk2021\/tamogatok\/","title":{"rendered":"T\u00e1mogat\u00f3k"},"content":{"rendered":"<p>&nbsp;<\/p> <p><strong><em>\u201eA program az Innov\u00e1ci\u00f3s \u00e9s Technol\u00f3giai Miniszt\u00e9rium Nemzeti Kutat\u00e1si, Fejleszt\u00e9si \u00e9s Innov\u00e1ci\u00f3s Alapb\u00f3l biztos\u00edtott t\u00e1mogat\u00e1ssal, az NKFI Hivatallal k\u00f6t\u00f6tt 2020-2.1.1-ED-2020-00035 sz\u00e1m\u00fa t\u00e1mogat\u00e1si szerz\u0151d\u00e9s alapj\u00e1n val\u00f3sul meg\u201d<\/em><\/strong><\/p> <p><a href=\"https:\/\/univet.hu\/wp-content\/uploads\/2021\/10\/NKFIA_infoblokk_projekt_fekvo_2019_HU.jpg\"><img loading=\"lazy\" decoding=\"async\" class=\"aligncenter size-medium wp-image-69094\" src=\"https:\/\/univet.hu\/wp-content\/uploads\/2021\/10\/NKFIA_infoblokk_projekt_fekvo_2019_HU-320x75.jpg\" alt=\"\" width=\"320\" height=\"75\" srcset=\"https:\/\/univet.hu\/wp-content\/uploads\/2021\/10\/NKFIA_infoblokk_projekt_fekvo_2019_HU-320x75.jpg 320w, https:\/\/univet.hu\/wp-content\/uploads\/2021\/10\/NKFIA_infoblokk_projekt_fekvo_2019_HU-768x180.jpg 768w, https:\/\/univet.hu\/wp-content\/uploads\/2021\/10\/NKFIA_infoblokk_projekt_fekvo_2019_HU-960x225.jpg 960w, https:\/\/univet.hu\/wp-content\/uploads\/2021\/10\/NKFIA_infoblokk_projekt_fekvo_2019_HU.jpg 1110w\" sizes=\"auto, (max-width: 320px) 100vw, 320px\" \/><\/a><\/p> <p><span class=\"emphasis\" style=\"font-size: 14pt;\">A 35. OTDK f\u0151 t\u00e1mogat\u00f3i:<\/span><\/p> <p><a href=\"https:\/\/www.kormany.hu\/hu\/innovacios-es-technologiai-miniszterium\"><img loading=\"lazy\" decoding=\"async\" class=\"wp-image-55269 alignleft\" src=\"https:\/\/univet.hu\/wp-content\/uploads\/2020\/06\/itm-320x250.jpg\" alt=\"\" width=\"172\" height=\"90\" srcset=\"https:\/\/univet.hu\/wp-content\/uploads\/2020\/06\/itm-320x168.jpg 320w, https:\/\/univet.hu\/wp-content\/uploads\/2020\/06\/itm.jpg 477w\" sizes=\"auto, (max-width: 172px) 100vw, 172px\" \/><\/a><a href=\"https:\/\/mta.hu\/\"><img loading=\"lazy\" decoding=\"async\" class=\"alignleft wp-image-55265\" src=\"https:\/\/univet.hu\/wp-content\/uploads\/2020\/06\/MTA-logo-320x320.png\" alt=\"\" width=\"76\" height=\"100\" srcset=\"https:\/\/univet.hu\/wp-content\/uploads\/2020\/06\/MTA-logo-242x320.png 242w, https:\/\/univet.hu\/wp-content\/uploads\/2020\/06\/MTA-logo.png 566w\" sizes=\"auto, (max-width: 76px) 100vw, 76px\" \/><\/a><\/p> <p><a href=\"https:\/\/kormany.hu\/emberi-eroforrasok-miniszteriuma\"><img loading=\"lazy\" decoding=\"async\" class=\"alignleft wp-image-55268\" src=\"https:\/\/univet.hu\/wp-content\/uploads\/2020\/06\/emmi-320x320.jpg\" alt=\"\" width=\"146\" height=\"100\" srcset=\"https:\/\/univet.hu\/wp-content\/uploads\/2020\/06\/emmi-320x219.jpg 320w, https:\/\/univet.hu\/wp-content\/uploads\/2020\/06\/emmi.jpg 512w\" sizes=\"auto, (max-width: 146px) 100vw, 146px\" \/><\/a><a href=\"https:\/\/kormany.hu\/agrarminiszterium\"><img loading=\"lazy\" decoding=\"async\" class=\"alignleft wp-image-63191\" src=\"https:\/\/univet.hu\/wp-content\/uploads\/2021\/03\/agrarminiszterium.png\" alt=\"\" width=\"150\" height=\"102\" \/><\/a><a href=\"https:\/\/mezohegyesbirtok.hu\/\"><img loading=\"lazy\" decoding=\"async\" class=\"alignnone wp-image-63197\" src=\"https:\/\/univet.hu\/wp-content\/uploads\/2021\/03\/Fig.2_Embl\u00e9ma_M-03-320x320.png\" alt=\"\" width=\"90\" height=\"90\" srcset=\"https:\/\/univet.hu\/wp-content\/uploads\/2021\/03\/Fig.2_Embl\u00e9ma_M-03-320x320.png 320w, https:\/\/univet.hu\/wp-content\/uploads\/2021\/03\/Fig.2_Embl\u00e9ma_M-03-768x768.png 768w, https:\/\/univet.hu\/wp-content\/uploads\/2021\/03\/Fig.2_Embl\u00e9ma_M-03-960x960.png 960w, https:\/\/univet.hu\/wp-content\/uploads\/2021\/03\/Fig.2_Embl\u00e9ma_M-03-640x640.png 640w\" sizes=\"auto, (max-width: 90px) 100vw, 90px\" \/><\/a><\/p> <p>&nbsp;<\/p> <p>&nbsp;<\/p> <p><span class=\"emphasis\" style=\"font-size: 14pt;\">Kiemelt t\u00e1mogat\u00f3k:<\/span><\/p> <p><a href=\"https:\/\/www.agrofeed.hu\/hu\/\"><img loading=\"lazy\" decoding=\"async\" class=\"alignleft wp-image-63205\" src=\"https:\/\/univet.hu\/wp-content\/uploads\/2021\/03\/Agrofeed-logo_fekvo_alap_atmenettel_CMYK-1-320x320.jpg\" alt=\"\" width=\"175\" height=\"66\" srcset=\"https:\/\/univet.hu\/wp-content\/uploads\/2021\/03\/Agrofeed-logo_fekvo_alap_atmenettel_CMYK-1-320x121.jpg 320w, https:\/\/univet.hu\/wp-content\/uploads\/2021\/03\/Agrofeed-logo_fekvo_alap_atmenettel_CMYK-1-768x289.jpg 768w, https:\/\/univet.hu\/wp-content\/uploads\/2021\/03\/Agrofeed-logo_fekvo_alap_atmenettel_CMYK-1-960x362.jpg 960w\" sizes=\"auto, (max-width: 175px) 100vw, 175px\" \/><\/a><\/p> <p><img loading=\"lazy\" decoding=\"async\" class=\"wp-image-63256 alignleft\" src=\"https:\/\/univet.hu\/wp-content\/uploads\/2021\/03\/N\u00c9BIH_logo_szlogennel_sz\u00ednes-320x180.png\" alt=\"\" width=\"155\" height=\"87\" srcset=\"https:\/\/univet.hu\/wp-content\/uploads\/2021\/03\/N\u00c9BIH_logo_szlogennel_sz\u00ednes-320x180.png 320w, https:\/\/univet.hu\/wp-content\/uploads\/2021\/03\/N\u00c9BIH_logo_szlogennel_sz\u00ednes-768x432.png 768w, https:\/\/univet.hu\/wp-content\/uploads\/2021\/03\/N\u00c9BIH_logo_szlogennel_sz\u00ednes-960x540.png 960w, https:\/\/univet.hu\/wp-content\/uploads\/2021\/03\/N\u00c9BIH_logo_szlogennel_sz\u00ednes.png 1032w\" sizes=\"auto, (max-width: 155px) 100vw, 155px\" \/><a href=\"https:\/\/www.kite.hu\/\"><img loading=\"lazy\" decoding=\"async\" class=\"alignleft wp-image-63211\" src=\"https:\/\/univet.hu\/wp-content\/uploads\/2021\/03\/kite-320x149.jpg\" alt=\"\" width=\"170\" height=\"75\" srcset=\"https:\/\/univet.hu\/wp-content\/uploads\/2021\/03\/kite-320x141.jpg 320w, https:\/\/univet.hu\/wp-content\/uploads\/2021\/03\/kite.jpg 338w\" sizes=\"auto, (max-width: 170px) 100vw, 170px\" \/><\/a><\/p> <p>&nbsp;<\/p> <p>&nbsp;<\/p> <p>&nbsp;<\/p> <p>&nbsp;<\/p> <p>&nbsp;<\/p> <p><span class=\"emphasis\" style=\"font-size: 14pt;\">Egy\u00fcttm\u0171k\u00f6d\u0151 partnerek:<\/span><\/p> <p><a href=\"http:\/\/www.aranybullazrt.hu\/\"><img loading=\"lazy\" decoding=\"async\" class=\"alignleft wp-image-63214\" src=\"https:\/\/univet.hu\/wp-content\/uploads\/2021\/03\/Log\u00f3.jpg\" alt=\"\" width=\"150\" height=\"49\" \/><\/a><a href=\"https:\/\/www.bfnp.hu\/\"><img loading=\"lazy\" decoding=\"async\" class=\"alignleft wp-image-63216\" src=\"https:\/\/univet.hu\/wp-content\/uploads\/2021\/03\/Log\u00f3-1-320x320.jpg\" alt=\"\" width=\"95\" height=\"125\" srcset=\"https:\/\/univet.hu\/wp-content\/uploads\/2021\/03\/Log\u00f3-1-243x320.jpg 243w, https:\/\/univet.hu\/wp-content\/uploads\/2021\/03\/Log\u00f3-1-768x1010.jpg 768w, https:\/\/univet.hu\/wp-content\/uploads\/2021\/03\/Log\u00f3-1-730x960.jpg 730w, https:\/\/univet.hu\/wp-content\/uploads\/2021\/03\/Log\u00f3-1.jpg 1926w\" sizes=\"auto, (max-width: 95px) 100vw, 95px\" \/><\/a><a href=\"https:\/\/www.boehringer-ingelheim.hu\/\"><img loading=\"lazy\" decoding=\"async\" class=\"alignleft wp-image-63219\" src=\"https:\/\/univet.hu\/wp-content\/uploads\/2021\/03\/N\u00e9vtelen-2.jpg\" alt=\"\" width=\"140\" height=\"120\" \/><\/a><a href=\"https:\/\/eagrt.hu\/\"><img loading=\"lazy\" decoding=\"async\" class=\"alignleft wp-image-63221\" src=\"https:\/\/univet.hu\/wp-content\/uploads\/2021\/03\/Log\u00f3-2.jpg\" alt=\"\" width=\"100\" height=\"80\" \/><\/a><a href=\"http:\/\/www.fagosz.hu\/\"><img loading=\"lazy\" decoding=\"async\" class=\"alignleft wp-image-63224\" src=\"https:\/\/univet.hu\/wp-content\/uploads\/2021\/03\/N\u00e9vtelen-3.jpg\" alt=\"\" width=\"90\" height=\"105\" \/><\/a><a href=\"https:\/\/semex.hu\/\"><img loading=\"lazy\" decoding=\"async\" class=\"alignleft wp-image-63226\" src=\"https:\/\/univet.hu\/wp-content\/uploads\/2021\/03\/N\u00e9vtelen-4.jpg\" alt=\"\" width=\"115\" height=\"79\" \/><\/a><a href=\"http:\/\/www.hermanottointezet.hu\/\"><img loading=\"lazy\" decoding=\"async\" class=\"alignleft wp-image-63228\" src=\"https:\/\/univet.hu\/wp-content\/uploads\/2021\/03\/N\u00e9vtelen-5-320x320.jpg\" alt=\"\" width=\"125\" height=\"80\" srcset=\"https:\/\/univet.hu\/wp-content\/uploads\/2021\/03\/N\u00e9vtelen-5-320x204.jpg 320w, https:\/\/univet.hu\/wp-content\/uploads\/2021\/03\/N\u00e9vtelen-5.jpg 512w\" sizes=\"auto, (max-width: 125px) 100vw, 125px\" \/><\/a><\/p> <p>&nbsp;<\/p> <p>&nbsp;<\/p> <p>&nbsp;<\/p> <p>&nbsp;<\/p> <p><a href=\"https:\/\/www.basf.com\/hu\/hu.html\"><img loading=\"lazy\" decoding=\"async\" class=\"alignleft wp-image-63378\" src=\"https:\/\/univet.hu\/wp-content\/uploads\/2021\/03\/basf.jpg\" alt=\"\" width=\"150\" height=\"75\" \/><\/a><a href=\"https:\/\/parkerdo.hu\/\"><img loading=\"lazy\" decoding=\"async\" class=\"alignleft wp-image-63380\" src=\"https:\/\/univet.hu\/wp-content\/uploads\/2021\/03\/unnamed-300x320.jpg\" alt=\"\" width=\"150\" height=\"176\" srcset=\"https:\/\/univet.hu\/wp-content\/uploads\/2021\/03\/unnamed-274x320.jpg 274w, https:\/\/univet.hu\/wp-content\/uploads\/2021\/03\/unnamed.jpg 300w\" sizes=\"auto, (max-width: 150px) 100vw, 150px\" \/><\/a><a href=\"https:\/\/gyulajzrt.hu\/cimoldal\"><img loading=\"lazy\" decoding=\"async\" class=\"alignleft wp-image-63400\" src=\"https:\/\/univet.hu\/wp-content\/uploads\/2021\/03\/Gyulaj-Zrt-logo-rgb-ujszlogennel-320x320.jpg\" alt=\"\" width=\"150\" height=\"150\" srcset=\"https:\/\/univet.hu\/wp-content\/uploads\/2021\/03\/Gyulaj-Zrt-logo-rgb-ujszlogennel-320x320.jpg 320w, https:\/\/univet.hu\/wp-content\/uploads\/2021\/03\/Gyulaj-Zrt-logo-rgb-ujszlogennel-768x768.jpg 768w, https:\/\/univet.hu\/wp-content\/uploads\/2021\/03\/Gyulaj-Zrt-logo-rgb-ujszlogennel-640x640.jpg 640w, https:\/\/univet.hu\/wp-content\/uploads\/2021\/03\/Gyulaj-Zrt-logo-rgb-ujszlogennel.jpg 850w\" sizes=\"auto, (max-width: 150px) 100vw, 150px\" \/><\/a><a href=\"https:\/\/www.alphavet.hu\/\"><img loading=\"lazy\" decoding=\"async\" class=\"alignleft wp-image-62490\" src=\"https:\/\/univet.hu\/wp-content\/uploads\/2021\/02\/alphavet-logo-szlogennel_HU-320x320.png\" alt=\"\" width=\"150\" height=\"42\" srcset=\"https:\/\/univet.hu\/wp-content\/uploads\/2021\/02\/alphavet-logo-szlogennel_HU-320x89.png 320w, https:\/\/univet.hu\/wp-content\/uploads\/2021\/02\/alphavet-logo-szlogennel_HU-768x213.png 768w, https:\/\/univet.hu\/wp-content\/uploads\/2021\/02\/alphavet-logo-szlogennel_HU-960x266.png 960w\" sizes=\"auto, (max-width: 150px) 100vw, 150px\" \/><\/a><\/p> <p><a href=\"https:\/\/bonafarmcsoport.hu\/\"><img loading=\"lazy\" decoding=\"async\" class=\"alignleft wp-image-48983\" src=\"https:\/\/univet.hu\/wp-content\/uploads\/2020\/01\/Bonafarm.jpg\" alt=\"\" width=\"150\" height=\"58\" \/><\/a><\/p> <p><img loading=\"lazy\" decoding=\"async\" class=\"wp-image-64093 alignleft\" src=\"https:\/\/univet.hu\/wp-content\/uploads\/2021\/04\/Log\u00f3.jpg\" alt=\"\" width=\"107\" height=\"107\" \/><img loading=\"lazy\" decoding=\"async\" class=\"aligncenter wp-image-63553\" src=\"https:\/\/univet.hu\/wp-content\/uploads\/2021\/03\/\u00e1ll\u00f3-logo.jpg\" alt=\"\" width=\"150\" height=\"141\" srcset=\"https:\/\/univet.hu\/wp-content\/uploads\/2021\/03\/\u00e1ll\u00f3-logo.jpg 642w, https:\/\/univet.hu\/wp-content\/uploads\/2021\/03\/\u00e1ll\u00f3-logo-320x301.jpg 320w, https:\/\/univet.hu\/wp-content\/uploads\/2021\/03\/\u00e1ll\u00f3-logo-640x603.jpg 640w\" sizes=\"auto, (max-width: 150px) 100vw, 150px\" \/><iframe loading=\"lazy\" style=\"position: absolute; border: none; width: 100%; height: 100%; left: 0; right: 0; top: 0; bottom: 0;\" src=\"https:\/\/e.issuu.com\/embed.html?d=otdk_ta_mogato_i_kiadva_ny_a5_210504&amp;u=univet0\" width=\"300\" height=\"150\" sandbox=\"allow-top-navigation allow-top-navigation-by-user-activation allow-downloads allow-scripts allow-same-origin allow-popups\" allowfullscreen=\"allowfullscreen\"><\/iframe><\/p>","protected":false},"excerpt":{"rendered":"<p>&nbsp; \u201eA program az Innov\u00e1ci\u00f3s \u00e9s Technol\u00f3giai Miniszt\u00e9rium Nemzeti Kutat\u00e1si, Fejleszt\u00e9si \u00e9s Innov\u00e1ci\u00f3s Alapb\u00f3l biztos\u00edtott t\u00e1mogat\u00e1ssal, az NKFI Hivatallal k\u00f6t\u00f6tt 2020-2.1.1-ED-2020-00035 sz\u00e1m\u00fa t\u00e1mogat\u00e1si szerz\u0151d\u00e9s alapj\u00e1n val\u00f3sul meg\u201d A 35. OTDK f\u0151 t\u00e1mogat\u00f3i: &nbsp; &nbsp; Kiemelt t\u00e1mogat\u00f3k: &nbsp; &nbsp; &nbsp; &nbsp; &nbsp; Egy\u00fcttm\u0171k\u00f6d\u0151 partnerek: &nbsp; &nbsp; &nbsp; &nbsp;<\/p>\n","protected":false},"author":2518,"featured_media":0,"parent":52223,"menu_order":0,"comment_status":"open","ping_status":"open","template":"","meta":{"_acf_changed":false,"footnotes":""},"categories":[],"tags":[],"class_list":["post-55263","page","type-page","status-publish","hentry"],"acf":[],"_links":{"self":[{"href":"https:\/\/univet.hu\/hu\/wp-json\/wp\/v2\/pages\/55263","targetHints":{"allow":["GET"]}}],"collection":[{"href":"https:\/\/univet.hu\/hu\/wp-json\/wp\/v2\/pages"}],"about":[{"href":"https:\/\/univet.hu\/hu\/wp-json\/wp\/v2\/types\/page"}],"author":[{"embeddable":true,"href":"https:\/\/univet.hu\/hu\/wp-json\/wp\/v2\/users\/2518"}],"replies":[{"embeddable":true,"href":"https:\/\/univet.hu\/hu\/wp-json\/wp\/v2\/comments?post=55263"}],"version-history":[{"count":0,"href":"https:\/\/univet.hu\/hu\/wp-json\/wp\/v2\/pages\/55263\/revisions"}],"up":[{"embeddable":true,"href":"https:\/\/univet.hu\/hu\/wp-json\/wp\/v2\/pages\/52223"}],"wp:attachment":[{"href":"https:\/\/univet.hu\/hu\/wp-json\/wp\/v2\/media?parent=55263"}],"wp:term":[{"taxonomy":"category","embeddable":true,"href":"https:\/\/univet.hu\/hu\/wp-json\/wp\/v2\/categories?post=55263"},{"taxonomy":"post_tag","embeddable":true,"href":"https:\/\/univet.hu\/hu\/wp-json\/wp\/v2\/tags?post=55263"}],"curies":[{"name":"wp","href":"https:\/\/api.w.org\/{rel}","templated":true}]}}