{"id":55292,"date":"2020-06-04T11:05:39","date_gmt":"2020-06-04T09:05:39","guid":{"rendered":"https:\/\/univet.hu\/hu\/otdk2021\/biralas\/"},"modified":"2021-02-14T10:33:26","modified_gmt":"2021-02-14T09:33:26","slug":"biralas-menete","status":"publish","type":"page","link":"https:\/\/univet.hu\/hu\/otdk2021\/biralas-menete\/","title":{"rendered":"B\u00edr\u00e1l\u00e1s menete"},"content":{"rendered":"<p><strong>A beny\u00fajtott \u00e9s befogadott p\u00e1lyamunk\u00e1kat \u00edr\u00e1sban k\u00e9t b\u00edr\u00e1l\u00f3 \u00e9rt\u00e9keli, a k\u00f6vetkez\u0151 szempontok alapj\u00e1n:<\/strong><\/p> <ul> <li>a dolgozat szerkeszt\u00e9se, st\u00edlusa, nyelvezet\u00e9nek szakszer\u0171s\u00e9ge;<\/li> <li>a t\u00e9ma irodalm\u00e1nak feldolgozotts\u00e1ga;<\/li> <li>a t\u00e9ma kutat\u00e1s\u00e1nak sz\u00ednvonala \u00e9s m\u00f3dszertana;<\/li> <li>az eredm\u00e9nyek bemutat\u00e1sa \u00e9s \u00e9rt\u00e9kel\u00e9se;<\/li> <li>az eredm\u00e9nyek alkalmazhat\u00f3s\u00e1ga, hasznoss\u00e1ga, tudom\u00e1nyos \u00e9rt\u00e9ke, tov\u00e1bb fejleszthet\u0151s\u00e9g.<\/li> <\/ul> <p>&nbsp;<\/p> <p><strong>Az \u00edr\u00e1sbeli b\u00edr\u00e1lat sor\u00e1n szerezhet\u0151 maxim\u00e1lis pontsz\u00e1m \u00e9s az \u00edr\u00e1sbeli pontsz\u00e1mok sz\u00e1m\u00edt\u00e1si m\u00f3dja:<\/strong><\/p> <p>Az \u00edr\u00e1sbeli b\u00edr\u00e1lat sor\u00e1n megszerezhet\u0151 maxim\u00e1lis pontsz\u00e1m <strong>45 pont<\/strong>, amely \u00e1ltal\u00e1ban k\u00e9t k\u00fcl\u00f6n b\u00edr\u00e1l\u00f3t\u00f3l kapott pontsz\u00e1m sz\u00e1mtani \u00e1tlaga.<\/p> <p>Ha a dolgozat b\u00edr\u00e1lat\u00e1n\u00e1l jelent\u0151s v\u00e9lem\u00e9nyk\u00fcl\u00f6nbs\u00e9g ad\u00f3dik (9 pont vagy ann\u00e1l nagyobb pontk\u00fcl\u00f6nbs\u00e9g eset\u00e9n), a b\u00edr\u00e1l\u00f3 bizotts\u00e1g eln\u00f6ke harmadik b\u00edr\u00e1l\u00f3t k\u00e9rhet fel a munka tudom\u00e1nyos \u00e9rt\u00e9k\u00e9nek eld\u00f6nt\u00e9s\u00e9re.<\/p> <p>Harmadik b\u00edr\u00e1l\u00f3 bevon\u00e1sa eset\u00e9n a pontsz\u00e1m\u00edt\u00e1s m\u00f3dja: s\u00falyozott \u00e1tlag, a k\u00e9t k\u00f6zelebbi b\u00edr\u00e1lat pontsz\u00e1m\u00e1t 0,4-0,4 s\u00falyponttal, m\u00edg a harmadikat csak 0,2 s\u00falyponttal sz\u00e1m\u00edtj\u00e1k.<\/p> <p>Amennyiben a k\u00e9t \u00edr\u00e1sbeli b\u00edr\u00e1lat \u00e1tlagpontsz\u00e1ma nem \u00e9ri el a megszerezhet\u0151 pontok 60 %-\u00e1t, a dolgozat nem ker\u00fclhet bemutat\u00e1sra. Ezt a d\u00f6nt\u00e9st a konferenci\u00e1t megel\u0151z\u0151en legal\u00e1bb 10 nappal kell k\u00f6z\u00f6lni az \u00e9rintett hallgat\u00f3val a nevez\u0151 Kar egyidej\u0171 t\u00e1j\u00e9koztat\u00e1s\u00e1val.<\/p> <p>Az elk\u00e9sz\u00fclt b\u00edr\u00e1latokat (pontsz\u00e1m \u00e9s sz\u00f6veges b\u00edr\u00e1latok, valamint b\u00edr\u00e1l\u00f3 szem\u00e9ly) a szekci\u00f3k az OTDT online rendszer\u00e9ben publik\u00e1lj\u00e1k a konferencia z\u00e1r\u00e1s\u00e1t k\u00f6vet\u0151 harmadik h\u00e9ten.<\/p> <p>&nbsp;<\/p> <p><strong>Az el\u0151ad\u00e1s \u00e9rt\u00e9kel\u00e9s\u00e9nek szab\u00e1lyai:<\/strong><\/p> <p>A konferenci\u00e1n a dolgozat bemutat\u00e1s\u00e1ra (prezent\u00e1ci\u00f3) <strong>15 perc<\/strong> \u00e1ll rendelkez\u00e9sre, amelyet \u00e1ltal\u00e1nos elv szerint <strong>7 perces<\/strong> vita k\u00f6vet.<\/p> <p>Az el\u0151ad\u00e1s \u00e9rt\u00e9kel\u00e9s\u00e9t a szakma elismert k\u00e9pvisel\u0151ib\u0151l \u00e1ll\u00f3 tagozati b\u00edr\u00e1l\u00f3 bizotts\u00e1g v\u00e9gzi. Az el\u0151ad\u00e1s \u00e9rt\u00e9kel\u00e9si szempontjai:<\/p> <ul> <li>az el\u0151ad\u00e1s m\u00f3dja, nyelvezete;<\/li> <li>az el\u0151ad\u00e1s szerkezete, fel\u00e9p\u00edt\u00e9se, id\u0151beoszt\u00e1sa;<\/li> <li>az el\u0151ad\u00e1s tartalma \u00e9s szakmai sz\u00ednvonala;<\/li> <li>az el\u0151ad\u00e1s szeml\u00e9ltet\u00e9se;<\/li> <li>az el\u0151ad\u00f3 felk\u00e9sz\u00fclts\u00e9ge \u00e9s vitak\u00e9szs\u00e9ge.<\/li> <\/ul> <p>&nbsp;<\/p> <p>A sz\u00f3beli \u00e9rt\u00e9kel\u00e9s maxim\u00e1lis pontsz\u00e1ma: <strong>55 pont<\/strong><\/p>","protected":false},"excerpt":{"rendered":"<p>A beny\u00fajtott \u00e9s befogadott p\u00e1lyamunk\u00e1kat \u00edr\u00e1sban k\u00e9t b\u00edr\u00e1l\u00f3 \u00e9rt\u00e9keli, a k\u00f6vetkez\u0151 szempontok alapj\u00e1n: a dolgozat szerkeszt\u00e9se, st\u00edlusa, nyelvezet\u00e9nek szakszer\u0171s\u00e9ge; a t\u00e9ma irodalm\u00e1nak feldolgozotts\u00e1ga; a t\u00e9ma kutat\u00e1s\u00e1nak sz\u00ednvonala \u00e9s m\u00f3dszertana; az eredm\u00e9nyek bemutat\u00e1sa \u00e9s \u00e9rt\u00e9kel\u00e9se; az eredm\u00e9nyek alkalmazhat\u00f3s\u00e1ga, hasznoss\u00e1ga, tudom\u00e1nyos \u00e9rt\u00e9ke, tov\u00e1bb fejleszthet\u0151s\u00e9g. &nbsp; Az \u00edr\u00e1sbeli b\u00edr\u00e1lat sor\u00e1n szerezhet\u0151 maxim\u00e1lis pontsz\u00e1m \u00e9s az \u00edr\u00e1sbeli pontsz\u00e1mok sz\u00e1m\u00edt\u00e1si<\/p>\n","protected":false},"author":2518,"featured_media":0,"parent":52223,"menu_order":0,"comment_status":"open","ping_status":"open","template":"","meta":{"_acf_changed":false,"footnotes":""},"categories":[],"tags":[],"class_list":["post-55292","page","type-page","status-publish","hentry"],"acf":[],"_links":{"self":[{"href":"https:\/\/univet.hu\/hu\/wp-json\/wp\/v2\/pages\/55292","targetHints":{"allow":["GET"]}}],"collection":[{"href":"https:\/\/univet.hu\/hu\/wp-json\/wp\/v2\/pages"}],"about":[{"href":"https:\/\/univet.hu\/hu\/wp-json\/wp\/v2\/types\/page"}],"author":[{"embeddable":true,"href":"https:\/\/univet.hu\/hu\/wp-json\/wp\/v2\/users\/2518"}],"replies":[{"embeddable":true,"href":"https:\/\/univet.hu\/hu\/wp-json\/wp\/v2\/comments?post=55292"}],"version-history":[{"count":0,"href":"https:\/\/univet.hu\/hu\/wp-json\/wp\/v2\/pages\/55292\/revisions"}],"up":[{"embeddable":true,"href":"https:\/\/univet.hu\/hu\/wp-json\/wp\/v2\/pages\/52223"}],"wp:attachment":[{"href":"https:\/\/univet.hu\/hu\/wp-json\/wp\/v2\/media?parent=55292"}],"wp:term":[{"taxonomy":"category","embeddable":true,"href":"https:\/\/univet.hu\/hu\/wp-json\/wp\/v2\/categories?post=55292"},{"taxonomy":"post_tag","embeddable":true,"href":"https:\/\/univet.hu\/hu\/wp-json\/wp\/v2\/tags?post=55292"}],"curies":[{"name":"wp","href":"https:\/\/api.w.org\/{rel}","templated":true}]}}