{"id":55602,"date":"2020-06-12T09:01:39","date_gmt":"2020-06-12T07:01:39","guid":{"rendered":"https:\/\/univet.hu\/hu\/applikacio\/adatkezelesi-tajekoztato\/"},"modified":"2022-08-16T10:09:43","modified_gmt":"2022-08-16T08:09:43","slug":"adatkezelesi-tajekoztato","status":"publish","type":"page","link":"https:\/\/univet.hu\/hu\/applikacio\/adatkezelesi-tajekoztato\/","title":{"rendered":"Adatkezel\u00e9si t\u00e1j\u00e9koztat\u00f3"},"content":{"rendered":"<p>&nbsp;<\/p> <p><a href=\"https:\/\/univet.hu\/wp-content\/uploads\/2020\/06\/adatkezeles-2.pdf\" target=\"_blank\" rel=\"noopener\">Ide kattintva let\u00f6ltheti Adatkezel\u00e9si t\u00e1j\u00e9koztat\u00f3nkat.<\/a><\/p> <p>&nbsp;<\/p> <p>Adatkezel\u00e9si t\u00e1j\u00e9koztat\u00f3 \u00e1ll\u00e1sp\u00e1ly\u00e1z\u00f3k r\u00e9sz\u00e9re<\/p> <p>&nbsp;<\/p> <p>&nbsp;<\/p>","protected":false},"excerpt":{"rendered":"<p>&nbsp; Ide kattintva let\u00f6ltheti Adatkezel\u00e9si t\u00e1j\u00e9koztat\u00f3nkat. &nbsp; Adatkezel\u00e9si t\u00e1j\u00e9koztat\u00f3 \u00e1ll\u00e1sp\u00e1ly\u00e1z\u00f3k r\u00e9sz\u00e9re &nbsp; &nbsp;<\/p>\n","protected":false},"author":2518,"featured_media":0,"parent":53352,"menu_order":0,"comment_status":"open","ping_status":"open","template":"","meta":{"_acf_changed":false,"footnotes":""},"categories":[],"tags":[],"class_list":["post-55602","page","type-page","status-publish","hentry"],"acf":[],"_links":{"self":[{"href":"https:\/\/univet.hu\/hu\/wp-json\/wp\/v2\/pages\/55602","targetHints":{"allow":["GET"]}}],"collection":[{"href":"https:\/\/univet.hu\/hu\/wp-json\/wp\/v2\/pages"}],"about":[{"href":"https:\/\/univet.hu\/hu\/wp-json\/wp\/v2\/types\/page"}],"author":[{"embeddable":true,"href":"https:\/\/univet.hu\/hu\/wp-json\/wp\/v2\/users\/2518"}],"replies":[{"embeddable":true,"href":"https:\/\/univet.hu\/hu\/wp-json\/wp\/v2\/comments?post=55602"}],"version-history":[{"count":0,"href":"https:\/\/univet.hu\/hu\/wp-json\/wp\/v2\/pages\/55602\/revisions"}],"up":[{"embeddable":true,"href":"https:\/\/univet.hu\/hu\/wp-json\/wp\/v2\/pages\/53352"}],"wp:attachment":[{"href":"https:\/\/univet.hu\/hu\/wp-json\/wp\/v2\/media?parent=55602"}],"wp:term":[{"taxonomy":"category","embeddable":true,"href":"https:\/\/univet.hu\/hu\/wp-json\/wp\/v2\/categories?post=55602"},{"taxonomy":"post_tag","embeddable":true,"href":"https:\/\/univet.hu\/hu\/wp-json\/wp\/v2\/tags?post=55602"}],"curies":[{"name":"wp","href":"https:\/\/api.w.org\/{rel}","templated":true}]}}