{"id":55635,"date":"2020-06-15T13:57:44","date_gmt":"2020-06-15T11:57:44","guid":{"rendered":"https:\/\/univet.hu\/hu\/egyetem\/palyazati-projektek\/nkfih-palyazatok\/uj-nemzeti-kivalosag-program\/unkp-2020-2021\/name-2\/"},"modified":"2020-06-15T14:18:38","modified_gmt":"2020-06-15T12:18:38","slug":"felsooktatasi-alapkepzes-hallgatoi-kutatoi-osztondij","status":"publish","type":"page","link":"https:\/\/univet.hu\/hu\/egyetem\/palyazati-projektek\/nkfih-palyazatok\/uj-nemzeti-kivalosag-program\/unkp-2020-2021\/felsooktatasi-alapkepzes-hallgatoi-kutatoi-osztondij\/","title":{"rendered":"Fels\u0151oktat\u00e1si Alapk\u00e9pz\u00e9s Hallgat\u00f3i Kutat\u00f3i \u00d6szt\u00f6nd\u00edj"},"content":{"rendered":"<p>&nbsp;<\/p> <p><strong>P\u00e1ly\u00e1z\u00e1shoz sz\u00fcks\u00e9ges dokumentumok:<\/strong><\/p> <p>&nbsp;<\/p> <p><a href=\"https:\/\/univet.hu\/wp-content\/uploads\/2020\/06\/1.1_UNKP_PALYAZATI_KIIRAS_ALAPKEPZES_UNKP_2020.pdf\">P\u00e1ly\u00e1zati Ki\u00edr\u00e1s<\/a><\/p> <p><a href=\"https:\/\/univet.hu\/wp-content\/uploads\/2020\/06\/2.1.1_UNKP_PALYAZATI-KIIRAS_1_MELLEKLET_Palyazati-adatlap.xlsx\">P\u00e1ly\u00e1zati Adatlap<\/a><\/p> <p><a href=\"https:\/\/univet.hu\/wp-content\/uploads\/2020\/06\/2.1.1.2_UNKP_PK_FELSOS_ALAP_OSZTATLAN_FELSOS_MESTER_OSZTOTT_MESTER_DOKTORI_KUTATASI_TERV_2020.docx\">Kutat\u00e1si terv<\/a><\/p> <p><a href=\"https:\/\/univet.hu\/wp-content\/uploads\/2020\/06\/2.1.2_UNKP_PALYAZATI_ADATLAP_2_MELLEKLET_A_FELSOOKTATASI_INTEZMENY_SZANDEK_NYILATKOZATA_UNKP_2020-1.docx\">A fels\u0151oktat\u00e1si Int\u00e9zm\u00e9ny Sz\u00e1nd\u00e9knyilatkozata<\/a><\/p> <p><a href=\"https:\/\/univet.hu\/wp-content\/uploads\/2020\/06\/2.1.3_UNKP_PALYAZATI_ADATLAP_3_MELLEKLET_PALYAZOI_NYILATKOZAT_UNKP_2020.docx\">P\u00e1ly\u00e1z\u00f3i Nyilatkozat<\/a><\/p> <p>&nbsp;<\/p> <p>A p\u00e1l\u00e1yzatokat az\u00a0az <a class=\"decrypt\" rel=\"volq\/lppsejobupsAvojwfu\/iv\" href=\"javascript:void(0);\">[Kattintson az emailc\u00edmhez]<\/a>\u00a0e-mail c\u00edmre v\u00e1rj\u00e1k 2020. j\u00fanius 30-ig.<\/p>","protected":false},"excerpt":{"rendered":"<p>&nbsp; P\u00e1ly\u00e1z\u00e1shoz sz\u00fcks\u00e9ges dokumentumok: &nbsp; P\u00e1ly\u00e1zati Ki\u00edr\u00e1s P\u00e1ly\u00e1zati Adatlap Kutat\u00e1si terv A fels\u0151oktat\u00e1si Int\u00e9zm\u00e9ny Sz\u00e1nd\u00e9knyilatkozata P\u00e1ly\u00e1z\u00f3i Nyilatkozat &nbsp; A p\u00e1l\u00e1yzatokat az\u00a0az [Kattintson az emailc\u00edmhez]\u00a0e-mail c\u00edmre v\u00e1rj\u00e1k 2020. j\u00fanius 30-ig.<\/p>\n","protected":false},"author":1195,"featured_media":0,"parent":55003,"menu_order":0,"comment_status":"open","ping_status":"open","template":"","meta":{"_acf_changed":false,"footnotes":""},"categories":[],"tags":[],"class_list":["post-55635","page","type-page","status-publish","hentry"],"acf":[],"_links":{"self":[{"href":"https:\/\/univet.hu\/hu\/wp-json\/wp\/v2\/pages\/55635","targetHints":{"allow":["GET"]}}],"collection":[{"href":"https:\/\/univet.hu\/hu\/wp-json\/wp\/v2\/pages"}],"about":[{"href":"https:\/\/univet.hu\/hu\/wp-json\/wp\/v2\/types\/page"}],"author":[{"embeddable":true,"href":"https:\/\/univet.hu\/hu\/wp-json\/wp\/v2\/users\/1195"}],"replies":[{"embeddable":true,"href":"https:\/\/univet.hu\/hu\/wp-json\/wp\/v2\/comments?post=55635"}],"version-history":[{"count":0,"href":"https:\/\/univet.hu\/hu\/wp-json\/wp\/v2\/pages\/55635\/revisions"}],"up":[{"embeddable":true,"href":"https:\/\/univet.hu\/hu\/wp-json\/wp\/v2\/pages\/55003"}],"wp:attachment":[{"href":"https:\/\/univet.hu\/hu\/wp-json\/wp\/v2\/media?parent=55635"}],"wp:term":[{"taxonomy":"category","embeddable":true,"href":"https:\/\/univet.hu\/hu\/wp-json\/wp\/v2\/categories?post=55635"},{"taxonomy":"post_tag","embeddable":true,"href":"https:\/\/univet.hu\/hu\/wp-json\/wp\/v2\/tags?post=55635"}],"curies":[{"name":"wp","href":"https:\/\/api.w.org\/{rel}","templated":true}]}}