{"id":55798,"date":"2020-06-19T10:42:02","date_gmt":"2020-06-19T08:42:02","guid":{"rendered":"https:\/\/univet.hu\/?page_id=55798"},"modified":"2020-06-19T10:58:19","modified_gmt":"2020-06-19T08:58:19","slug":"magyar-indiai-ipari-kutatasi-fejlesztesi-egyuttmukodesi-palyazat-2","status":"publish","type":"page","link":"https:\/\/univet.hu\/hu\/egyetem\/palyazati-projektek\/nkfih-palyazatok\/magyar-indiai-ipari-kutatasi-fejlesztesi-egyuttmukodesi-palyazat-2\/","title":{"rendered":"Versenyk\u00e9pess\u00e9gi Kiv\u00e1l\u00f3s\u00e1gi Egy\u00fcttm\u0171k\u00f6d\u00e9s (VKE)"},"content":{"rendered":"<p><span style=\"font-size: 18pt;\"><strong>A p\u00e1ly\u00e1zat r\u00e9szletei<\/strong><\/span><\/p> <p><strong>Projekt k\u00f3dja:<\/strong>\u00a02017-1.3.1-VKE-2017-00026<\/p> <p><strong>Projekt c\u00edme<\/strong>: \u201eH\u00e1ziny\u00fal teny\u00e9szetek termel\u0151k\u00e9pess\u00e9g\u00e9nek jav\u00edt\u00e1sa genomikai m\u00f3dszerekkel\u201d<\/p> <p>A felh\u00edv\u00e1s c\u00e9lja a hazai v\u00e1llalkoz\u00e1sok, kutat\u00f3helyek \u00e9s fels\u0151oktat\u00e1si int\u00e9zm\u00e9nyek k\u00f6z\u00f6tt hossz\u00fa t\u00e1von fenntarthat\u00f3, strat\u00e9giai jelent\u0151s\u00e9g\u0171 egy\u00fcttm\u0171k\u00f6d\u00e9sek \u00f6szt\u00f6nz\u00e9se \u00fczletileg is hasznos\u00edthat\u00f3 tudom\u00e1nyos eredm\u00e9nyek l\u00e9trej\u00f6tte, illetve a nagy jelent\u0151s\u00e9g\u0171 \u00e9s \u00f6sszetett feladatok megold\u00e1s\u00e1t, t\u00f6bb szakter\u00fcletet \u00e9rint\u0151 kutat\u00e1s-fejleszt\u00e9si \u00e9s innov\u00e1ci\u00f3s eredm\u00e9nyek el\u00e9r\u00e9s\u00e9nek t\u00e1mogat\u00e1sa volt.<\/p> <p>Egyetem\u00fcnk a Nemzeti Agr\u00e1rkutat\u00e1si- \u00e9s Innov\u00e1ci\u00f3s K\u00f6zpont, valamint az S&amp;K-Lap Ny\u00falteny\u00e9szt\u0151 Kft. mellett konzorciumi partnerk\u00e9nt vesz r\u00e9szt a projekt megval\u00f3s\u00edt\u00e1s\u00e1ban.\u00a0\u00a0<strong>A 824.795.930,- Ft \u00f6sszeg\u0171 t\u00e1mogat\u00e1sb\u00f3l egyetem\u00fcnk 299.507.271- Ft-ot ford\u00edthat a szakmai munk\u00e1ra,<\/strong>\u00a0amelyben a Patol\u00f3gia Tansz\u00e9k \u00e9s az \u00dcll\u0151i Tangazdas\u00e1g munkat\u00e1rsai vesznek r\u00e9szt.<\/p> <p><strong>A projekt megval\u00f3s\u00edt\u00e1s\u00e1nak kezdete:\u00a0<\/strong>2018. 01. 01.<\/p> <p><strong>A projekt fizikai befejez\u00e9s\u00e9nek hat\u00e1rideje:\u00a0<\/strong>2020. 12. 31.<\/p> <p><strong>A megval\u00f3s\u00edtani tervezett eredm\u00e9nyek:<\/strong><\/p> <ul> <li>Ny\u00fal teny\u00e9sz\u00e1llom\u00e1nyok l\u00e9trehoz\u00e1sa, amelyek antibiotikum mentes t\u00e1pon nevelhet\u0151k fel.<\/li> <li>Modern genomikai m\u00f3dszerek felhaszn\u00e1l\u00e1sa, de genetikai m\u00f3dos\u00edt\u00e1s n\u00e9lk\u00fcli teny\u00e9sz\u00e1llom\u00e1nyok l\u00e9trehoz\u00e1sa, amelyek ellen\u00e1ll\u00f3ak lesznek a betegs\u00e9gekkel szemben, de tov\u00e1bbra is meg\u0151rzik kiv\u00e1l\u00f3 tulajdons\u00e1gaikat.<\/li> <li>A projekt k\u00f6z\u00e9pt\u00e1v\u00fa c\u00e9ljai k\u00f6z\u00f6tt szerepel a jelen egy\u00fcttm\u0171k\u00f6d\u00e9ssel l\u00e9trej\u00f6v\u0151 agr\u00e1rgazdas\u00e1gi, egyetemi, kutat\u00f3int\u00e9zeti tudom\u00e1nyos \u00f6sszefog\u00e1s tov\u00e1bbi elm\u00e9ly\u00edt\u00e9se.<\/li> <\/ul> <p><a href=\"https:\/\/univet.hu\/wp-content\/uploads\/2020\/06\/Sajt\u00f3k\u00f6zlem\u00e9ny_SandK-2.pdf\">Sajt\u00f3k\u00f6zlem\u00e9ny<\/a><\/p>","protected":false},"excerpt":{"rendered":"<p>A p\u00e1ly\u00e1zat r\u00e9szletei Projekt k\u00f3dja:\u00a02017-1.3.1-VKE-2017-00026 Projekt c\u00edme: \u201eH\u00e1ziny\u00fal teny\u00e9szetek termel\u0151k\u00e9pess\u00e9g\u00e9nek jav\u00edt\u00e1sa genomikai m\u00f3dszerekkel\u201d A felh\u00edv\u00e1s c\u00e9lja a hazai v\u00e1llalkoz\u00e1sok, kutat\u00f3helyek \u00e9s fels\u0151oktat\u00e1si int\u00e9zm\u00e9nyek k\u00f6z\u00f6tt hossz\u00fa t\u00e1von fenntarthat\u00f3, strat\u00e9giai jelent\u0151s\u00e9g\u0171 egy\u00fcttm\u0171k\u00f6d\u00e9sek \u00f6szt\u00f6nz\u00e9se \u00fczletileg is hasznos\u00edthat\u00f3 tudom\u00e1nyos eredm\u00e9nyek l\u00e9trej\u00f6tte, illetve a nagy jelent\u0151s\u00e9g\u0171 \u00e9s \u00f6sszetett feladatok megold\u00e1s\u00e1t, t\u00f6bb szakter\u00fcletet \u00e9rint\u0151 kutat\u00e1s-fejleszt\u00e9si \u00e9s innov\u00e1ci\u00f3s eredm\u00e9nyek el\u00e9r\u00e9s\u00e9nek t\u00e1mogat\u00e1sa volt.<\/p>\n","protected":false},"author":1195,"featured_media":0,"parent":45583,"menu_order":280,"comment_status":"closed","ping_status":"closed","template":"page-templates\/page-project.php","meta":{"_acf_changed":false,"footnotes":""},"categories":[],"tags":[],"class_list":["post-55798","page","type-page","status-publish","hentry"],"acf":[],"_links":{"self":[{"href":"https:\/\/univet.hu\/hu\/wp-json\/wp\/v2\/pages\/55798","targetHints":{"allow":["GET"]}}],"collection":[{"href":"https:\/\/univet.hu\/hu\/wp-json\/wp\/v2\/pages"}],"about":[{"href":"https:\/\/univet.hu\/hu\/wp-json\/wp\/v2\/types\/page"}],"author":[{"embeddable":true,"href":"https:\/\/univet.hu\/hu\/wp-json\/wp\/v2\/users\/1195"}],"replies":[{"embeddable":true,"href":"https:\/\/univet.hu\/hu\/wp-json\/wp\/v2\/comments?post=55798"}],"version-history":[{"count":0,"href":"https:\/\/univet.hu\/hu\/wp-json\/wp\/v2\/pages\/55798\/revisions"}],"up":[{"embeddable":true,"href":"https:\/\/univet.hu\/hu\/wp-json\/wp\/v2\/pages\/45583"}],"wp:attachment":[{"href":"https:\/\/univet.hu\/hu\/wp-json\/wp\/v2\/media?parent=55798"}],"wp:term":[{"taxonomy":"category","embeddable":true,"href":"https:\/\/univet.hu\/hu\/wp-json\/wp\/v2\/categories?post=55798"},{"taxonomy":"post_tag","embeddable":true,"href":"https:\/\/univet.hu\/hu\/wp-json\/wp\/v2\/tags?post=55798"}],"curies":[{"name":"wp","href":"https:\/\/api.w.org\/{rel}","templated":true}]}}