{"id":55859,"date":"2020-06-23T09:43:23","date_gmt":"2020-06-23T07:43:23","guid":{"rendered":"https:\/\/univet.hu\/hu\/felnottkepzes\/gyakori-kerdesek\/"},"modified":"2021-08-04T13:32:34","modified_gmt":"2021-08-04T11:32:34","slug":"gyakori-kerdesek","status":"publish","type":"page","link":"https:\/\/univet.hu\/hu\/gyakori-kerdesek\/","title":{"rendered":"Gyakori k\u00e9rd\u00e9sek"},"content":{"rendered":"<p><strong>\u00a0<\/strong><\/p> <ul> <li><strong>Mennyi id\u0151 alatt v\u00e9gezhet\u0151 el a k\u00e9pz\u00e9s? \u2013 <\/strong>Intenz\u00edv f\u00e9l \u00e9v alatt.<\/li> <li><strong>Mikor vannak az oktat\u00e1si napok?<\/strong> \u2013 Az elm\u00e9leti oktat\u00e1s p\u00e9ntekenk\u00e9nt kora d\u00e9lut\u00e1n kezd\u0151dik (13-14 \u00f3rai kezdettel), szombatonk\u00e9nt eg\u00e9sz napos a k\u00e9pz\u00e9s, ezen fel\u00fcl a szorgalmi id\u0151ben szem\u00e9lyre szabott klinikai gyakorlat \u00f6sszesen 2 hetet \u00f6lel fel.<\/li> <li><strong>Mennyit lehetek t\u00e1vol a k\u00e9pz\u00e9s oktat\u00e1si napjair\u00f3l?<\/strong> \u2013 A hi\u00e1nyz\u00e1s nem haladhatja meg a teljes k\u00e9pz\u00e9si id\u0151 30 %-\u00e1t. Ezen fel\u00fcl a k\u00e9pz\u00e9si program hat modulj\u00e1ban sem megengedett az adott modulhoz tartoz\u00f3 \u00f3r\u00e1k 30%-n\u00e1l nagyobb sz\u00e1m\u00fa hi\u00e1nyz\u00e1s.<\/li> <li><strong>Van lehet\u0151s\u00e9g r\u00e9szletfizet\u00e9sre?<\/strong> \u2013 Ig\u00e9ny eset\u00e9n k\u00e9t egyenl\u0151 r\u00e9szletben a feln\u0151ttk\u00e9pz\u00e9si szerz\u0151d\u00e9sben foglaltak szerint.<\/li> <li><strong>Di\u00e1kigazolv\u00e1nyt kapok?<\/strong> Feln\u0151ttk\u00e9pz\u00e9s eset\u00e9ben nincsen di\u00e1kigazolv\u00e1ny.<\/li> <li><strong>Gyakorlati helysz\u00ednnek v\u00e1laszthatok rendel\u0151t?<\/strong> Igen, el\u0151zetes egyeztet\u00e9ssel van erre lehet\u0151s\u00e9g.<\/li> <li><strong>Kell-e emelt szint\u0171 \u00e9retts\u00e9gi a jelentkez\u00e9shez?<\/strong> Nem, \u00e1ltal\u00e1nos \u00e9retts\u00e9gi bizony\u00edtv\u00e1ny a bemeneti k\u00f6vetelm\u00e9ny.<\/li> <li><strong>El\u00e9g a h\u00e1ziorvost\u00f3l k\u00e9rni a munka alkalmass\u00e1gi igazol\u00e1st?<\/strong> Nem, csak abban az esetben, ha Foglalkoz\u00e1s- eg\u00e9szs\u00e9g\u00fcgyi szakell\u00e1t\u00f3 helyen is rendel. Kiz\u00e1r\u00f3lag az erre a c\u00e9lra kijel\u00f6lt int\u00e9zm\u00e9nyekt\u0151l fogadjuk el az igazol\u00e1st az al\u00e1bbi dokumentumon, amelyet az al\u00e1bbi linken tudnak let\u00f6lteni: <a href=\"https:\/\/univet.hu\/hu\/felnottkepzes\/letoltheto-dokumentumok\/\">https:\/\/univet.hu\/hu\/felnottkepzes\/letoltheto-dokumentumok\/<\/a><\/li> <\/ul> <p>A szakell\u00e1t\u00f3 helyek list\u00e1ja el\u00e9rhet\u0151:<\/p> <p><a href=\"https:\/\/www.nnk.gov.hu\/attachments\/article\/66\/Szakell%C3%A1t%C3%B3%20helyek%20bv%20int%C3%A9zetek%20n%C3%A9lk%C3%BCl%20a%20honlapra%2020210525.pdf\">ITT<\/a><\/p> <p>A r\u00e9sztvev\u0151 bejelentkez\u00e9s el\u0151tt k\u00f6teles megbizonyosodni az adott ell\u00e1t\u00f3 helyn\u00e9l, hogy az jogosult-e ilyen igazol\u00e1st ki\u00e1ll\u00edtani a feln\u0151ttk\u00e9pz\u00e9sben. Hangs\u00falyozzuk, hogy az igazol\u00e1st a k\u00e9pz\u00e9s megkezd\u00e9se el\u0151tt kell megszerezni, d\u00e1tummal ell\u00e1tni, ennek hi\u00e1ny\u00e1ban a k\u00e9pz\u00e9s nem kezdhet\u0151 meg.<\/p> <p>&nbsp;<\/p>","protected":false},"excerpt":{"rendered":"<p>\u00a0 Mennyi id\u0151 alatt v\u00e9gezhet\u0151 el a k\u00e9pz\u00e9s? \u2013 Intenz\u00edv f\u00e9l \u00e9v alatt. Mikor vannak az oktat\u00e1si napok? \u2013 Az elm\u00e9leti oktat\u00e1s p\u00e9ntekenk\u00e9nt kora d\u00e9lut\u00e1n kezd\u0151dik (13-14 \u00f3rai kezdettel), szombatonk\u00e9nt eg\u00e9sz napos a k\u00e9pz\u00e9s, ezen fel\u00fcl a szorgalmi id\u0151ben szem\u00e9lyre szabott klinikai gyakorlat \u00f6sszesen 2 hetet \u00f6lel fel. Mennyit lehetek t\u00e1vol a k\u00e9pz\u00e9s oktat\u00e1si napjair\u00f3l?<\/p>\n","protected":false},"author":2518,"featured_media":0,"parent":0,"menu_order":0,"comment_status":"open","ping_status":"open","template":"","meta":{"_acf_changed":false,"footnotes":""},"categories":[],"tags":[],"class_list":["post-55859","page","type-page","status-publish","hentry"],"acf":[],"_links":{"self":[{"href":"https:\/\/univet.hu\/hu\/wp-json\/wp\/v2\/pages\/55859","targetHints":{"allow":["GET"]}}],"collection":[{"href":"https:\/\/univet.hu\/hu\/wp-json\/wp\/v2\/pages"}],"about":[{"href":"https:\/\/univet.hu\/hu\/wp-json\/wp\/v2\/types\/page"}],"author":[{"embeddable":true,"href":"https:\/\/univet.hu\/hu\/wp-json\/wp\/v2\/users\/2518"}],"replies":[{"embeddable":true,"href":"https:\/\/univet.hu\/hu\/wp-json\/wp\/v2\/comments?post=55859"}],"version-history":[{"count":0,"href":"https:\/\/univet.hu\/hu\/wp-json\/wp\/v2\/pages\/55859\/revisions"}],"wp:attachment":[{"href":"https:\/\/univet.hu\/hu\/wp-json\/wp\/v2\/media?parent=55859"}],"wp:term":[{"taxonomy":"category","embeddable":true,"href":"https:\/\/univet.hu\/hu\/wp-json\/wp\/v2\/categories?post=55859"},{"taxonomy":"post_tag","embeddable":true,"href":"https:\/\/univet.hu\/hu\/wp-json\/wp\/v2\/tags?post=55859"}],"curies":[{"name":"wp","href":"https:\/\/api.w.org\/{rel}","templated":true}]}}