{"id":56683,"date":"2020-08-12T09:43:49","date_gmt":"2020-08-12T07:43:49","guid":{"rendered":"https:\/\/univet.hu\/?page_id=56683"},"modified":"2026-02-10T03:45:37","modified_gmt":"2026-02-10T02:45:37","slug":"foigazgatoi-titkarsag","status":"publish","type":"page","link":"https:\/\/univet.hu\/hu\/egyetem\/szervezeti-egysegek\/gazdasagi-igazgatosag\/foigazgatoi-titkarsag\/","title":{"rendered":"F\u0151igazgat\u00f3i Titk\u00e1rs\u00e1g"},"content":{"rendered":"","protected":false},"excerpt":{"rendered":"","protected":false},"author":3837,"featured_media":0,"parent":3280,"menu_order":0,"comment_status":"closed","ping_status":"closed","template":"","meta":{"_acf_changed":false,"footnotes":""},"categories":[58],"tags":[],"class_list":["post-56683","page","type-page","status-publish","hentry","category-szervezeti-egysegek"],"acf":[],"_links":{"self":[{"href":"https:\/\/univet.hu\/hu\/wp-json\/wp\/v2\/pages\/56683","targetHints":{"allow":["GET"]}}],"collection":[{"href":"https:\/\/univet.hu\/hu\/wp-json\/wp\/v2\/pages"}],"about":[{"href":"https:\/\/univet.hu\/hu\/wp-json\/wp\/v2\/types\/page"}],"author":[{"embeddable":true,"href":"https:\/\/univet.hu\/hu\/wp-json\/wp\/v2\/users\/3837"}],"replies":[{"embeddable":true,"href":"https:\/\/univet.hu\/hu\/wp-json\/wp\/v2\/comments?post=56683"}],"version-history":[{"count":2,"href":"https:\/\/univet.hu\/hu\/wp-json\/wp\/v2\/pages\/56683\/revisions"}],"predecessor-version":[{"id":199086,"href":"https:\/\/univet.hu\/hu\/wp-json\/wp\/v2\/pages\/56683\/revisions\/199086"}],"up":[{"embeddable":true,"href":"https:\/\/univet.hu\/hu\/wp-json\/wp\/v2\/pages\/3280"}],"wp:attachment":[{"href":"https:\/\/univet.hu\/hu\/wp-json\/wp\/v2\/media?parent=56683"}],"wp:term":[{"taxonomy":"category","embeddable":true,"href":"https:\/\/univet.hu\/hu\/wp-json\/wp\/v2\/categories?post=56683"},{"taxonomy":"post_tag","embeddable":true,"href":"https:\/\/univet.hu\/hu\/wp-json\/wp\/v2\/tags?post=56683"}],"curies":[{"name":"wp","href":"https:\/\/api.w.org\/{rel}","templated":true}]}}