{"id":56725,"date":"2020-08-12T13:08:34","date_gmt":"2020-08-12T11:08:34","guid":{"rendered":"https:\/\/univet.hu\/?page_id=56725"},"modified":"2026-02-10T03:45:04","modified_gmt":"2026-02-10T02:45:04","slug":"innovacios-iroda","status":"publish","type":"page","link":"https:\/\/univet.hu\/hu\/egyetem\/szervezeti-egysegek\/innovacios-iroda\/","title":{"rendered":"Innov\u00e1ci\u00f3s Iroda"},"content":{"rendered":"<header class=\"entry-header\"> <h2 class=\"page-title\"><img loading=\"lazy\" decoding=\"async\" class=\"wp-image-170256 aligncenter\" style=\"font-size: 16px\" src=\"https:\/\/univet.hu\/wp-content\/uploads\/2024\/10\/Innov\u00e1ci\u00f3s-Iroda-szolg\u00e1ltat\u00e1sai-320x194.png\" alt=\"\" width=\"953\" height=\"578\" srcset=\"https:\/\/univet.hu\/wp-content\/uploads\/2024\/10\/Innov\u00e1ci\u00f3s-Iroda-szolg\u00e1ltat\u00e1sai-320x194.png 320w, https:\/\/univet.hu\/wp-content\/uploads\/2024\/10\/Innov\u00e1ci\u00f3s-Iroda-szolg\u00e1ltat\u00e1sai-960x581.png 960w\" sizes=\"auto, (max-width: 953px) 100vw, 953px\" \/><\/h2> <\/header>","protected":false},"excerpt":{"rendered":"","protected":false},"author":3837,"featured_media":0,"parent":861,"menu_order":0,"comment_status":"closed","ping_status":"closed","template":"","meta":{"_acf_changed":false,"footnotes":""},"categories":[58],"tags":[],"class_list":["post-56725","page","type-page","status-publish","hentry","category-szervezeti-egysegek"],"acf":[],"_links":{"self":[{"href":"https:\/\/univet.hu\/hu\/wp-json\/wp\/v2\/pages\/56725","targetHints":{"allow":["GET"]}}],"collection":[{"href":"https:\/\/univet.hu\/hu\/wp-json\/wp\/v2\/pages"}],"about":[{"href":"https:\/\/univet.hu\/hu\/wp-json\/wp\/v2\/types\/page"}],"author":[{"embeddable":true,"href":"https:\/\/univet.hu\/hu\/wp-json\/wp\/v2\/users\/3837"}],"replies":[{"embeddable":true,"href":"https:\/\/univet.hu\/hu\/wp-json\/wp\/v2\/comments?post=56725"}],"version-history":[{"count":7,"href":"https:\/\/univet.hu\/hu\/wp-json\/wp\/v2\/pages\/56725\/revisions"}],"predecessor-version":[{"id":199025,"href":"https:\/\/univet.hu\/hu\/wp-json\/wp\/v2\/pages\/56725\/revisions\/199025"}],"up":[{"embeddable":true,"href":"https:\/\/univet.hu\/hu\/wp-json\/wp\/v2\/pages\/861"}],"wp:attachment":[{"href":"https:\/\/univet.hu\/hu\/wp-json\/wp\/v2\/media?parent=56725"}],"wp:term":[{"taxonomy":"category","embeddable":true,"href":"https:\/\/univet.hu\/hu\/wp-json\/wp\/v2\/categories?post=56725"},{"taxonomy":"post_tag","embeddable":true,"href":"https:\/\/univet.hu\/hu\/wp-json\/wp\/v2\/tags?post=56725"}],"curies":[{"name":"wp","href":"https:\/\/api.w.org\/{rel}","templated":true}]}}