{"id":56886,"date":"2020-08-25T12:48:47","date_gmt":"2020-08-25T10:48:47","guid":{"rendered":"https:\/\/univet.hu\/hu\/egyetem\/munkatarsak\/new-staff-member-page\/"},"modified":"2026-02-10T03:58:28","modified_gmt":"2026-02-10T02:58:28","slug":"szimrok-zoltan","status":"publish","type":"page","link":"https:\/\/univet.hu\/hu\/egyetem\/munkatarsak\/szimrok-zoltan\/","title":{"rendered":"Szimr\u00f3k Zolt\u00e1n"},"content":{"rendered":"<p style=\"font-family: impact, sans-serif\" align=\"justify\">Bemutatkoz\u00e1s<\/p> <p align=\"justify\">Szimr\u00f3k Zolt\u00e1n Budapesten sz\u00fcletett \u00e9s a tanulm\u00e1nyait is itt v\u00e9gezte el. 2019-ben az E\u00f6tv\u00f6s Lor\u00e1nd Tudom\u00e1nyegyetemen v\u00e9gzett okleveles vegy\u00e9szk\u00e9nt. Munkater\u00fclete folyad\u00e9kkromatogr\u00e1fi\u00e1s-t\u00f6megspektrometri\u00e1s (LC-MS) m\u00e9r\u00e9si m\u00f3dszerek fejleszt\u00e9se \u00e9s kivitelez\u00e9se. 2022-ben felv\u00e9telt nyert az \u00c1llatorvostudom\u00e1nyi Egyetem Doktori Iskol\u00e1j\u00e1ba.<\/p> <p>F\u0151bb tev\u00e9kenys\u00e9gek:<\/p> <ul> <li>analitikai m\u00e9r\u00e9sek<\/li> <li>folyad\u00e9kkromatogr\u00e1fi\u00e1s-t\u00f6megspektrometri\u00e1s (LC-MS) m\u00e9r\u00e9sek<\/li> <li>HPLC m\u00e9r\u00e9sek<\/li> <\/ul> <p><strong>El\u0151rehalad\u00e1s<\/strong><\/p> <table style=\"border-collapse: collapse;width: 48.2932%;height: 36px\"> <tbody> <tr> <td style=\"width: 21.1019%\">2022<\/td> <td style=\"width: 78.8981%\">\u00a0tudom\u00e1nyos seg\u00e9dmunkat\u00e1rs<\/td> <\/tr> <tr> <td style=\"width: 21.1019%\">2020<\/td> <td style=\"width: 78.8981%\">tansz\u00e9ki m\u00e9rn\u00f6k<\/td> <\/tr> <\/tbody> <\/table> <p><strong>Publik\u00e1ci\u00f3k<\/strong><\/p> <table style=\"border-collapse: collapse;width: 100%;height: 120px\"> <tbody> <tr style=\"height: 72px\"> <td style=\"width: 7.53012%;height: 72px\">1.<\/td> <td style=\"width: 92.4699%;height: 72px\">Kerek, \u00c1.; Ecsedi, B.G.; Szab\u00f3, \u00c1.; Szimr\u00f3k, Z.; Paliczn\u00e9 Kust\u00e1n, B.; Jerzsele, \u00c1.; Nagy, G., \u201cStability Studies of the Dilution Seriesof Different Antibiotic Stock Solutions in Culture Medium Incubated at 37 C.\u201c Antibiotics 2024, 13, 549. https:\/\/doi.org\/10.3390\/antibiotics13060549<\/td> <\/tr> <tr style=\"height: 24px\"> <td style=\"width: 7.53012%;height: 24px\">2.<\/td> <td style=\"width: 92.4699%;height: 24px\">Fedor, Z.; Szentkir\u00e1lyi-T\u00f3th, A.; Nagy, G.; Szimr\u00f3k, Z.; Varga, E.; P\u00e1szti, A.; P\u00e1szti, Z.; Jerzsele, \u00c1.; Pilgram, O.; Steinmetzer, T.; et al. \u201cInterspecies Comparisons of the Effects of Potential Antiviral 3-Amidinophenylalanine Derivatives on Cytochrome P450 1A2 Isoenzyme. \u201c Vet. Sci. 2022, 9, 156. https:\/\/doi.org\/10.3390\/vetsci9040156<\/td> <\/tr> <tr style=\"height: 24px\"> <td style=\"width: 7.53012%;height: 24px\">3.<\/td> <td style=\"width: 92.4699%;height: 24px\">P\u00e1szti-Gere, E.; Szentkir\u00e1lyi, A.; Fedor, Z.; Nagy, G.; Szimr\u00f3k, Z.; P\u00e1szti, Z.; P\u00e1szti, A.; Pilgram, O.; Steinmetzer, T.; Bodn\u00e1rov\u00e1, S.; Flisz\u00e1r-Ny\u00fal, E.; Po\u00f3r, M., \u201cIn vitro interaction of potential antiviral TMPRSS2 inhibitors with human serum albumin and cytochrome P 450 isoenzymes. \u201c Biomedicine &amp; Pharmacotherapy, Volume 146,2022, 112513, ISSN 0753-3322, https:\/\/doi.org\/10.1016\/j.biopha.2021.112513.<\/td> <\/tr> <\/tbody> <\/table> <p>&nbsp;<\/p> <p>(Friss\u00edtve: 2025. janu\u00e1r)<\/p>","protected":false},"excerpt":{"rendered":"<p>Bemutatkoz\u00e1s Szimr\u00f3k Zolt\u00e1n Budapesten sz\u00fcletett \u00e9s a tanulm\u00e1nyait is itt v\u00e9gezte el. 2019-ben az E\u00f6tv\u00f6s Lor\u00e1nd Tudom\u00e1nyegyetemen v\u00e9gzett okleveles vegy\u00e9szk\u00e9nt. Munkater\u00fclete folyad\u00e9kkromatogr\u00e1fi\u00e1s-t\u00f6megspektrometri\u00e1s (LC-MS) m\u00e9r\u00e9si m\u00f3dszerek fejleszt\u00e9se \u00e9s kivitelez\u00e9se. 2022-ben felv\u00e9telt nyert az \u00c1llatorvostudom\u00e1nyi Egyetem Doktori Iskol\u00e1j\u00e1ba. F\u0151bb tev\u00e9kenys\u00e9gek: analitikai m\u00e9r\u00e9sek folyad\u00e9kkromatogr\u00e1fi\u00e1s-t\u00f6megspektrometri\u00e1s (LC-MS) m\u00e9r\u00e9sek HPLC m\u00e9r\u00e9sek El\u0151rehalad\u00e1s 2022 \u00a0tudom\u00e1nyos seg\u00e9dmunkat\u00e1rs 2020 tansz\u00e9ki m\u00e9rn\u00f6k Publik\u00e1ci\u00f3k 1. Kerek,<\/p>\n","protected":false},"author":5824,"featured_media":0,"parent":858,"menu_order":37,"comment_status":"open","ping_status":"open","template":"","meta":{"_acf_changed":false,"footnotes":""},"categories":[56],"tags":[],"class_list":["post-56886","page","type-page","status-publish","hentry","category-munkatarsak"],"acf":[],"_links":{"self":[{"href":"https:\/\/univet.hu\/hu\/wp-json\/wp\/v2\/pages\/56886","targetHints":{"allow":["GET"]}}],"collection":[{"href":"https:\/\/univet.hu\/hu\/wp-json\/wp\/v2\/pages"}],"about":[{"href":"https:\/\/univet.hu\/hu\/wp-json\/wp\/v2\/types\/page"}],"author":[{"embeddable":true,"href":"https:\/\/univet.hu\/hu\/wp-json\/wp\/v2\/users\/5824"}],"replies":[{"embeddable":true,"href":"https:\/\/univet.hu\/hu\/wp-json\/wp\/v2\/comments?post=56886"}],"version-history":[{"count":2,"href":"https:\/\/univet.hu\/hu\/wp-json\/wp\/v2\/pages\/56886\/revisions"}],"predecessor-version":[{"id":175607,"href":"https:\/\/univet.hu\/hu\/wp-json\/wp\/v2\/pages\/56886\/revisions\/175607"}],"up":[{"embeddable":true,"href":"https:\/\/univet.hu\/hu\/wp-json\/wp\/v2\/pages\/858"}],"wp:attachment":[{"href":"https:\/\/univet.hu\/hu\/wp-json\/wp\/v2\/media?parent=56886"}],"wp:term":[{"taxonomy":"category","embeddable":true,"href":"https:\/\/univet.hu\/hu\/wp-json\/wp\/v2\/categories?post=56886"},{"taxonomy":"post_tag","embeddable":true,"href":"https:\/\/univet.hu\/hu\/wp-json\/wp\/v2\/tags?post=56886"}],"curies":[{"name":"wp","href":"https:\/\/api.w.org\/{rel}","templated":true}]}}