{"id":56901,"date":"2020-08-25T13:59:08","date_gmt":"2020-08-25T11:59:08","guid":{"rendered":"https:\/\/univet.hu\/hu\/egyetem\/munkatarsak\/new-staff-member-page\/"},"modified":"2026-02-10T03:57:48","modified_gmt":"2026-02-10T02:57:48","slug":"czimmermann-agnes-eszter","status":"publish","type":"page","link":"https:\/\/univet.hu\/hu\/egyetem\/munkatarsak\/czimmermann-agnes-eszter\/","title":{"rendered":"Czimmermann \u00c1gnes Eszter"},"content":{"rendered":"<p><strong>Bemutatkoz\u00e1s<\/strong><\/p> <p>Dr. Czimmermann \u00c1gnes Eszter- \u00e1llatorvos, PhD hallgat\u00f3 1993-ban sz\u00fcletett P\u00e9csett.<br \/> <strong>Tanulm\u00e1nyok:<\/strong><\/p> <ul> <li>\u00e9retts\u00e9gi vizsga a p\u00e9csi Janus Pannonius Gimn\u00e1ziumban, 2011.<\/li> <li>\u00e1llatorvosi diploma 2018-ban, cum laude min\u0151s\u00edt\u00e9ssel<\/li> <li>PhD tanulm\u00e1nyok 2019-t\u0151l a Gy\u00f3gyszertani \u00e9s M\u00e9regtani Tansz\u00e9ken<\/li> <\/ul> <p>Kutat\u00e1si t\u00e9ma:\u00a0<strong>V\u00e9d\u0151 hat\u00e1s\u00fa anyagok in vitro sz\u0171r\u00e9se xenobiotikumok \u00e1ltal okozott sejtk\u00e1rosod\u00e1sokban<\/strong><\/p> <p>T\u00e9mavezet\u0151: P\u00e1sztin\u00e9 dr. Gere Erzs\u00e9bet<\/p> <p>&nbsp;<\/p> <p><strong>Tev\u00e9kenys\u00e9gek:<\/strong><\/p> <ul> <li>graud\u00e1lis k\u00e9pz\u00e9s sor\u00e1n Egyetem TDK konferencia (2015.): Szelekt\u00edv TMPRSS2 g\u00e1tl\u00f3szer in vitro farmakol\u00f3giai jellemz\u00e9se<\/li> <li>2017-ben rendezett OTDK konferenci\u00e1n III. helyez\u00e9s az \u00c1llat\u00e9lettani szekci\u00f3ban<\/li> <\/ul> <p>Az \u00e1llatorvosi diplom\u00e1ja megszerz\u00e9s\u00e9t k\u00f6vet\u0151en 2 h\u00f3napig tart\u00f3 ERASMUS+ \u00f6szt\u00f6nd\u00edjprogramban vett r\u00e9szt Pis\u00e1ban, Olaszorsz\u00e1gban egy helyi kis\u00e1llat klinika ambulanci\u00e1j\u00e1n.<\/p> <p>PhD tanulm\u00e1nyai mellett a FuzioVet \u00e9s FeliCaVet \u00c1llatk\u00f3rh\u00e1z csapat\u00e1t er\u0151s\u00edti 2018 m\u00e1jus \u00f3ta, mint klinikus \u00e1llatorvos. \u00c9rdekl\u0151d\u00e9si k\u00f6rei e ter\u00fcleten bel\u00fcl a kis\u00e1llat belgy\u00f3gy\u00e1szat, illetve az ultrahang diagnosztika.<\/p> <p>&nbsp;<\/p> <hr align=\"center\" size=\"5\" width=\"60%\" \/> <p><span style=\"font-family: impact, sans-serif;\">Publik\u00e1ci\u00f3s lista<\/span><\/p> <table style=\"height: 100px; width: 1142px;\" width=\"1140\"> <tbody> <tr style=\"height: 86px;\"> <td style=\"width: 36px; height: 86px; text-align: center;\">1.<\/td> <td style=\"width: 1090px; height: 86px;\">P\u00e1szti-Gere E, Czimmermann E, Ujhelyi G, Balla P, Maiwald A, Steinmetzer T. In vitro characterization of TMPRSS2 inhibition in IPEC-J2 cells. Journal of Enzyme Inhibition and Medicinal Chemistry. 2016;31(sup2):123-129.<\/td> <\/tr> <\/tbody> <\/table> <p>&nbsp;<\/p> <p>(Friss\u00edtve: 2020. augusztus)<\/p>","protected":false},"excerpt":{"rendered":"<p>Bemutatkoz\u00e1s Dr. Czimmermann \u00c1gnes Eszter- \u00e1llatorvos, PhD hallgat\u00f3 1993-ban sz\u00fcletett P\u00e9csett. Tanulm\u00e1nyok: \u00e9retts\u00e9gi vizsga a p\u00e9csi Janus Pannonius Gimn\u00e1ziumban, 2011. \u00e1llatorvosi diploma 2018-ban, cum laude min\u0151s\u00edt\u00e9ssel PhD tanulm\u00e1nyok 2019-t\u0151l a Gy\u00f3gyszertani \u00e9s M\u00e9regtani Tansz\u00e9ken Kutat\u00e1si t\u00e9ma:\u00a0V\u00e9d\u0151 hat\u00e1s\u00fa anyagok in vitro sz\u0171r\u00e9se xenobiotikumok \u00e1ltal okozott sejtk\u00e1rosod\u00e1sokban T\u00e9mavezet\u0151: P\u00e1sztin\u00e9 dr. Gere Erzs\u00e9bet &nbsp; Tev\u00e9kenys\u00e9gek: graud\u00e1lis k\u00e9pz\u00e9s sor\u00e1n<\/p>\n","protected":false},"author":5824,"featured_media":0,"parent":858,"menu_order":37,"comment_status":"open","ping_status":"open","template":"","meta":{"_acf_changed":false,"footnotes":""},"categories":[],"tags":[],"class_list":["post-56901","page","type-page","status-publish","hentry"],"acf":[],"_links":{"self":[{"href":"https:\/\/univet.hu\/hu\/wp-json\/wp\/v2\/pages\/56901","targetHints":{"allow":["GET"]}}],"collection":[{"href":"https:\/\/univet.hu\/hu\/wp-json\/wp\/v2\/pages"}],"about":[{"href":"https:\/\/univet.hu\/hu\/wp-json\/wp\/v2\/types\/page"}],"author":[{"embeddable":true,"href":"https:\/\/univet.hu\/hu\/wp-json\/wp\/v2\/users\/5824"}],"replies":[{"embeddable":true,"href":"https:\/\/univet.hu\/hu\/wp-json\/wp\/v2\/comments?post=56901"}],"version-history":[{"count":1,"href":"https:\/\/univet.hu\/hu\/wp-json\/wp\/v2\/pages\/56901\/revisions"}],"predecessor-version":[{"id":199422,"href":"https:\/\/univet.hu\/hu\/wp-json\/wp\/v2\/pages\/56901\/revisions\/199422"}],"up":[{"embeddable":true,"href":"https:\/\/univet.hu\/hu\/wp-json\/wp\/v2\/pages\/858"}],"wp:attachment":[{"href":"https:\/\/univet.hu\/hu\/wp-json\/wp\/v2\/media?parent=56901"}],"wp:term":[{"taxonomy":"category","embeddable":true,"href":"https:\/\/univet.hu\/hu\/wp-json\/wp\/v2\/categories?post=56901"},{"taxonomy":"post_tag","embeddable":true,"href":"https:\/\/univet.hu\/hu\/wp-json\/wp\/v2\/tags?post=56901"}],"curies":[{"name":"wp","href":"https:\/\/api.w.org\/{rel}","templated":true}]}}