{"id":56986,"date":"2020-08-26T14:36:31","date_gmt":"2020-08-26T12:36:31","guid":{"rendered":"https:\/\/univet.hu\/hu\/oktatas\/kurzusok\/new-course-page-2\/"},"modified":"2026-01-12T16:45:44","modified_gmt":"2026-01-12T15:45:44","slug":"allat-egeszsegugyi-igazgatastan-1","status":"publish","type":"page","link":"https:\/\/univet.hu\/hu\/oktatas\/kurzusok\/allat-egeszsegugyi-igazgatastan-1\/","title":{"rendered":"\u00c1llateg\u00e9szs\u00e9g\u00fcgyi igazgat\u00e1stan \u00e9s etika 1."},"content":{"rendered":"<p>Tant\u00e1rgyfelel\u0151s: Prof. Dr. \u00d3zsv\u00e1ri L\u00e1szl\u00f3<\/p> <p>Az \u00e1llatorvosi tev\u00e9kenys\u00e9ggel kapcsolatos jogszab\u00e1lyok ismertet\u00e9se, valamint a jelent\u0151s fert\u0151z\u0151 \u00e1llatbetegs\u00e9gek megel\u0151z\u0151s\u00e9re \u00e9s lek\u00fczd\u00e9s\u00e9re vonatkoz\u00f3 jogi szab\u00e1lyoz\u00e1s bemutat\u00e1sa.<\/p> <p>&nbsp;<\/p>","protected":false},"excerpt":{"rendered":"<p>Tant\u00e1rgyfelel\u0151s: Prof. Dr. \u00d3zsv\u00e1ri L\u00e1szl\u00f3 Az \u00e1llatorvosi tev\u00e9kenys\u00e9ggel kapcsolatos jogszab\u00e1lyok ismertet\u00e9se, valamint a jelent\u0151s fert\u0151z\u0151 \u00e1llatbetegs\u00e9gek megel\u0151z\u0151s\u00e9re \u00e9s lek\u00fczd\u00e9s\u00e9re vonatkoz\u00f3 jogi szab\u00e1lyoz\u00e1s bemutat\u00e1sa. &nbsp;<\/p>\n","protected":false},"author":3837,"featured_media":0,"parent":677,"menu_order":0,"comment_status":"open","ping_status":"open","template":"","meta":{"_acf_changed":false,"footnotes":""},"categories":[],"tags":[],"class_list":["post-56986","page","type-page","status-publish","hentry"],"acf":[],"_links":{"self":[{"href":"https:\/\/univet.hu\/hu\/wp-json\/wp\/v2\/pages\/56986","targetHints":{"allow":["GET"]}}],"collection":[{"href":"https:\/\/univet.hu\/hu\/wp-json\/wp\/v2\/pages"}],"about":[{"href":"https:\/\/univet.hu\/hu\/wp-json\/wp\/v2\/types\/page"}],"author":[{"embeddable":true,"href":"https:\/\/univet.hu\/hu\/wp-json\/wp\/v2\/users\/3837"}],"replies":[{"embeddable":true,"href":"https:\/\/univet.hu\/hu\/wp-json\/wp\/v2\/comments?post=56986"}],"version-history":[{"count":4,"href":"https:\/\/univet.hu\/hu\/wp-json\/wp\/v2\/pages\/56986\/revisions"}],"predecessor-version":[{"id":197783,"href":"https:\/\/univet.hu\/hu\/wp-json\/wp\/v2\/pages\/56986\/revisions\/197783"}],"up":[{"embeddable":true,"href":"https:\/\/univet.hu\/hu\/wp-json\/wp\/v2\/pages\/677"}],"wp:attachment":[{"href":"https:\/\/univet.hu\/hu\/wp-json\/wp\/v2\/media?parent=56986"}],"wp:term":[{"taxonomy":"category","embeddable":true,"href":"https:\/\/univet.hu\/hu\/wp-json\/wp\/v2\/categories?post=56986"},{"taxonomy":"post_tag","embeddable":true,"href":"https:\/\/univet.hu\/hu\/wp-json\/wp\/v2\/tags?post=56986"}],"curies":[{"name":"wp","href":"https:\/\/api.w.org\/{rel}","templated":true}]}}