{"id":57362,"date":"2020-09-08T16:38:23","date_gmt":"2020-09-08T14:38:23","guid":{"rendered":"https:\/\/univet.hu\/hu\/egyetem\/szervezeti-egysegek\/torvenyszeki-allatorvostani-jogi-es-gazdasagtudomanyi-tanszek\/kurzusok\/name\/"},"modified":"2026-01-12T16:49:28","modified_gmt":"2026-01-12T15:49:28","slug":"prezentacios-keszsegfejleszto-trening-2","status":"publish","type":"page","link":"https:\/\/univet.hu\/hu\/oktatas\/kurzusok\/prezentacios-keszsegfejleszto-trening-2\/","title":{"rendered":"Prezent\u00e1ci\u00f3s k\u00e9szs\u00e9gfejleszt\u0151 tr\u00e9ning"},"content":{"rendered":"<p>Tant\u00e1rgyfelel\u0151s: Prof. Dr. \u00d3zsv\u00e1ri L\u00e1szl\u00f3<\/p> <p>A tant\u00e1rgy \u00e1ltal\u00e1nos c\u00e9lja:\u00a0A kit\u0171z\u00f6tt c\u00e9lok el\u00e9r\u00e9s\u00e9hez elengedhetetlen a megfelel\u0151 tud\u00e1s megszerz\u00e9se. K\u00fcl\u00f6nbs\u00e9g van az \u00fan. \u201ehard skills\u201d \u00e9s \u201esoft skills\u201d kifejez\u00e9sek k\u00f6z\u00f6tt. A hard skills jelenti a szakmai tud\u00e1st, k\u00e9pes\u00edt\u00e9s\u00fcnket, m\u00edg a soft skills azokat a szem\u00e9lyes k\u00e9pess\u00e9geket jelenti, amiket nyilv\u00e1nval\u00f3an sokkal nehezebben lehet m\u00e9rni, vagy \u201ebizony\u00edtani\u201d, mint p\u00e9ld\u00e1ul egy diplom\u00e1t vagy szakmai el\u0151menetelt. <em>Munkamor\u00e1l<\/em><em>, <\/em><em>attit\u0171d, kommunik\u00e1ci\u00f3s <\/em>k\u00e9szs\u00e9gek, az <em>\u00e9rzelmi intelligencia <\/em>mind-mind a <em>\u201e<\/em><em>soft skills<\/em><em>\u201d<\/em> t\u00e9mak\u00f6rbe tartoznak.<\/p> <p>A prezent\u00e1ci\u00f3s k\u00e9szs\u00e9gfejleszt\u00e9s tant\u00e1rgy c\u00e9lja, hogy a r\u00e9sztvev\u0151k tiszta, \u00e9rdekes \u00e9s meggy\u0151z\u0151 el\u0151ad\u00e1st tudjanak tartani hallgat\u00f3s\u00e1guk sz\u00e1m\u00e1ra.<\/p> <p>A prezent\u00e1ci\u00f3s k\u00e9szs\u00e9gfejleszt\u0151 tr\u00e9ning foglalkozik az el\u0151ad\u00e1sok sikeress\u00e9g\u00e9nek azon k\u00e9t fontos t\u00e9nyez\u0151j\u00e9vel, hogy mit mondjunk, \u00e9s hogyan mondjuk azt. A tr\u00e9ning c\u00e9lja, hogy olyan \u00e1tfog\u00f3 tud\u00e1st \u00e9s tapasztalatot biztos\u00edtson a r\u00e9sztvev\u0151knek, mely lehet\u0151v\u00e9 teszi, hogy nyugalommal \u00f6nbizalommal \u00e9s felk\u00e9sz\u00fclten tarts\u00e1k prezent\u00e1ci\u00f3ikat, az el\u0151ad\u00f3i helyzett\u0151l f\u00fcggetlen\u00fcl.<\/p>","protected":false},"excerpt":{"rendered":"<p>Tant\u00e1rgyfelel\u0151s: Prof. Dr. \u00d3zsv\u00e1ri L\u00e1szl\u00f3 A tant\u00e1rgy \u00e1ltal\u00e1nos c\u00e9lja:\u00a0A kit\u0171z\u00f6tt c\u00e9lok el\u00e9r\u00e9s\u00e9hez elengedhetetlen a megfelel\u0151 tud\u00e1s megszerz\u00e9se. K\u00fcl\u00f6nbs\u00e9g van az \u00fan. \u201ehard skills\u201d \u00e9s \u201esoft skills\u201d kifejez\u00e9sek k\u00f6z\u00f6tt. A hard skills jelenti a szakmai tud\u00e1st, k\u00e9pes\u00edt\u00e9s\u00fcnket, m\u00edg a soft skills azokat a szem\u00e9lyes k\u00e9pess\u00e9geket jelenti, amiket nyilv\u00e1nval\u00f3an sokkal nehezebben lehet m\u00e9rni, vagy \u201ebizony\u00edtani\u201d, mint p\u00e9ld\u00e1ul<\/p>\n","protected":false},"author":3837,"featured_media":0,"parent":677,"menu_order":0,"comment_status":"open","ping_status":"open","template":"","meta":{"_acf_changed":false,"footnotes":""},"categories":[],"tags":[],"class_list":["post-57362","page","type-page","status-publish","hentry"],"acf":[],"_links":{"self":[{"href":"https:\/\/univet.hu\/hu\/wp-json\/wp\/v2\/pages\/57362","targetHints":{"allow":["GET"]}}],"collection":[{"href":"https:\/\/univet.hu\/hu\/wp-json\/wp\/v2\/pages"}],"about":[{"href":"https:\/\/univet.hu\/hu\/wp-json\/wp\/v2\/types\/page"}],"author":[{"embeddable":true,"href":"https:\/\/univet.hu\/hu\/wp-json\/wp\/v2\/users\/3837"}],"replies":[{"embeddable":true,"href":"https:\/\/univet.hu\/hu\/wp-json\/wp\/v2\/comments?post=57362"}],"version-history":[{"count":4,"href":"https:\/\/univet.hu\/hu\/wp-json\/wp\/v2\/pages\/57362\/revisions"}],"predecessor-version":[{"id":197787,"href":"https:\/\/univet.hu\/hu\/wp-json\/wp\/v2\/pages\/57362\/revisions\/197787"}],"up":[{"embeddable":true,"href":"https:\/\/univet.hu\/hu\/wp-json\/wp\/v2\/pages\/677"}],"wp:attachment":[{"href":"https:\/\/univet.hu\/hu\/wp-json\/wp\/v2\/media?parent=57362"}],"wp:term":[{"taxonomy":"category","embeddable":true,"href":"https:\/\/univet.hu\/hu\/wp-json\/wp\/v2\/categories?post=57362"},{"taxonomy":"post_tag","embeddable":true,"href":"https:\/\/univet.hu\/hu\/wp-json\/wp\/v2\/tags?post=57362"}],"curies":[{"name":"wp","href":"https:\/\/api.w.org\/{rel}","templated":true}]}}