{"id":57464,"date":"2020-09-09T16:38:22","date_gmt":"2020-09-09T14:38:22","guid":{"rendered":"https:\/\/univet.hu\/hu\/egyetem\/munkatarsak\/new-staff-member-page-4\/"},"modified":"2026-02-10T03:58:33","modified_gmt":"2026-02-10T02:58:33","slug":"tuska-szalay-barbara","status":"publish","type":"page","link":"https:\/\/univet.hu\/hu\/egyetem\/munkatarsak\/tuska-szalay-barbara\/","title":{"rendered":"Tuska-Szalay Barbara"},"content":{"rendered":"<p style=\"text-align: center\"><strong><span style=\"font-size: 14pt\">Bemutatkoz\u00e1s<\/span><br \/> <\/strong><\/p> <p><span data-olk-copy-source=\"MessageBody\">Dr. Tuska-Szalay Barbara 2011-ben szerzett \u00e1llatorvos-doktori diplom\u00e1t a Szent Istv\u00e1n Egyetem \u00c1llatorvos-tudom\u00e1nyi Kar\u00e1n. Ezt k\u00f6vet\u0151en kis\u00e1llatpraxisban tev\u00e9kenykedett klinikus \u00e1llatorvosk\u00e9nt. 2020 \u00f3ta az \u00c1llatorvostudom\u00e1nyi Egyetem Parazitol\u00f3giai \u00e9s \u00c1llattani Tansz\u00e9k\u00e9nek munkat\u00e1rsa, ahol akt\u00edvan r\u00e9szt vesz a magyar \u00e9s idegen nyelv\u0171 oktat\u00e1sban, tov\u00e1bb\u00e1 kutat\u00e1si \u00e9s diagnosztikai feladatok ell\u00e1t\u00e1s\u00e1ban. 2025-ben szerezte meg PhD fokozat\u00e1t. Kutat\u00e1si \u00e9s szakmai \u00e9rdekl\u0151d\u00e9s\u00e9nek k\u00f6z\u00e9ppontj\u00e1ban a kis\u00e1llatokban el\u0151fordul\u00f3 parazit\u00e1k, k\u00fcl\u00f6n\u00f6sen az egysejt\u0171 \u00e9l\u0151sk\u00f6d\u0151k vizsg\u00e1lata \u00e1ll.<\/span><\/p> <p><strong>F\u0151bb kutat\u00e1si ter\u00fcletek: <\/strong><\/p> <ul> <li><span data-olk-copy-source=\"MessageBody\">T\u00e1rs\u00e1llatok egysejt\u0171 parazit\u00e1inak molekul\u00e1ris j\u00e1rv\u00e1nytani vizsg\u00e1lata.<\/span><\/li> <\/ul> <p><strong>Szakmai szervezeti tags\u00e1g:<\/strong><\/p> <div data-olk-copy-source=\"MessageBody\">Magyar Parazitol\u00f3gusok T\u00e1rsas\u00e1ga<\/div> <div>ESCCAP Hungary<\/div> <p><strong>\u00a0<\/strong><strong>Eddigi szakdolgozat\/TDK hallgat\u00f3k sz\u00e1ma: <\/strong><\/p> <p><strong>8<\/strong><\/p> <table style=\"height: 78px\" width=\"569\"> <tbody> <tr style=\"height: 54px\"> <td style=\"height: 54px;width: 559.8px\" colspan=\"2\"><strong>PhD-hallgat\u00f3k<\/strong><\/td> <\/tr> <\/tbody> <\/table> <p><strong>Publik\u00e1ci\u00f3s lista\u00a0<\/strong><\/p> <p>MTMT:<\/p> <table style=\"height: 123px\" width=\"964\"> <tbody> <tr style=\"height: 99px\"> <td style=\"width: 27px;height: 99px;text-align: center\">1.<\/td> <td style=\"width: 922.2px;height: 99px;text-align: center\">Tuska-Szalay, Barbara ; Vizi, Zsuzsanna ; Hofmann-Lehmann, Regina ; Vajdovich, Pe\u0301ter ; Taka\u0301cs, No\u0301ra ; Meli, Marina L. ; Farkas, Ro\u0301bert ; Stummer-Knyiha\u0301r, Vikto\u0301ria ; Jerzsele, A\u0301kos ; Kontscha\u0301n, Jeno\u030b et al.: Babesia gibsoni emerging with high prevalence and co-infections in \u201cfighting dogs\u201d in Hungary\u00a0 Current Research in Parasitology &amp; Vector-Borne Diseases p. 100048 (2021)<\/td> <\/tr> <tr style=\"height: 24px\"> <td style=\"width: 27px;height: 24px;text-align: center\">2.<\/td> <td style=\"width: 922.2px;height: 24px;text-align: center\">Tuska-Szalay, Barbara ; Taka\u0301cs, No\u0301ra ; Kontscha\u0301n, Jeno\u030b ; Vizi, Zsuzsanna ; Hornok, Sa\u0301ndor:\u00a0 Dogs are final hosts of Sarcocystis morae (Apicomplexa: Sarcocystidae): First report of this species in Hungary and its region \u2013 Short communication\u00a0 ACTA VETERINARIA HUNGARICA 69 : 2 pp. 157-160. , 4 p. (2021)<\/td> <\/tr> <tr> <td style=\"width: 27px;text-align: center\">3.<\/td> <td style=\"width: 922.2px;text-align: center\">\u00a0Tuska-Szalay B, Gilbert J, Tak\u00e1cs N, Boldogh S A, F\u00e1y J, Sterczer \u00c1, Ps\u00e1der R, Kontsch\u00e1n J, Izs\u00f3 \u00c1, Hornok S<br \/> Molecular-phylogenetic investigation of trichomonads in dogs and cats reveals a novel\u00a0<i>Tritrichomonas<\/i>\u00a0species<br \/> PARASITES AND VECTORS 17: (1) p. 271. (2024)<\/td> <\/tr> <tr> <td style=\"width: 27px;text-align: center\">4.<\/td> <td style=\"width: 922.2px;text-align: center\">Tuska-Szalay B, Papde\u00e1k V, Vizi Zs, Hornok S, Tak\u00e1cs N<br \/> Parasitological and molecular investigation of consequences of raw meat feeding (BARF) in dogs and cats: implications for other pets living nearby<br \/> PARASITOLOGY RESEARCH 123: (2) p: 114. (2024)<\/td> <\/tr> <tr> <td style=\"width: 27px;text-align: center\">5.<\/td> <td style=\"width: 922.2px;text-align: center\">Tuska-Szalay B, Boldogh S A, Farkas R, Rompos L, Tak\u00e1cs N, Beresny\u00e1k V, Izs\u00f3 \u00c1, Kontsch\u00e1n J, Lanszki J, Hornok S<br \/> Screening of domestic cats from north-eastern Hungary for\u00a0<i>Hepatozoon felis<\/i>\u00a0and\u00a0<i>Cytauxzoon europaeus<\/i>\u00a0that cause infections in local wildcat populations<br \/> PATHOGENS 12: (5) p. 656. (2023)<\/td> <\/tr> <tr> <td style=\"width: 27px;text-align: center\">6.<\/td> <td style=\"width: 922.2px;text-align: center\">Tuska-Szalay B, Sipos G, Tak\u00e1cs N, Kontsch\u00e1n J, S\u00e1ndor A D, P\u00e9ter \u00c1, Berta K, Kerek \u00c1, Jerzsele \u00c1, Vot\u00fdpka J, Hornok S<br \/> Molecular epidemiological study of\u00a0<i>Trichomonas gallinae<\/i>\u00a0focusing on central and southeastern Europe<br \/> FRONTIERS IN VETERINARY SCIENCE (9) p. 1050561. (2022)<\/td> <\/tr> <tr> <td style=\"width: 27px;text-align: center\">7.<\/td> <td style=\"width: 922.2px;text-align: center\">Tuska-Szalay B, Kelly H, Tak\u00e1cs N, Kontsch\u00e1n Jen\u0151, Vot\u00fdpka J, Hornok S<br \/> Molecular evidence of\u00a0<i>Monocercomonas<\/i>\u00a0and\u00a0<i>Acanthamoeba<\/i>\u00a0in the feces of captive reptiles<br \/> PARASITOLOGY RESEARCH 121: (12) pp. 3681-3687. (2022)<\/td> <\/tr> <tr> <td style=\"width: 27px;text-align: center\">8.<\/td> <td style=\"width: 922.2px;text-align: center\">Tuska-Szalay B, Vizi Zs, Hofmann-Lehmann R, Vajdovich P, Tak\u00e1cs N, Meli M L, Farkas R, Stummer-Knyih\u00e1r V, Jerzsele \u00c1, Kontsch\u00e1n J, Szekeres S, Hornok S<br \/> <i>Babesia gibsoni<\/i>\u00a0emerging with high prevalence and co-infections in \u201cfighting dogs\u201d in Hungary<br \/> CURRENT RESEARCH IN PARASITOLOGY &amp; VECTOR-BORNE DISEASES (1) p. 100048. (2021)<\/td> <\/tr> <tr> <td style=\"width: 27px;text-align: center\">9.<\/td> <td style=\"width: 922.2px;text-align: center\">Tuska-Szalay B, Tak\u00e1cs N, Kontsch\u00e1n J, Vizi Zs, Hornok S<br \/> Dogs are final hosts of\u00a0<i>Sarcocystis morae<\/i>\u00a0(Apicomplexa: Sarcocystidae): First report of this species in Hungary and its region \u2013 Short communication<br \/> ACTA VETERINARIA HUNGARICA 69: (2) pp. 157-160. (2021)<\/td> <\/tr> <\/tbody> <\/table> <p>&nbsp;<\/p> <p>&nbsp;<\/p>","protected":false},"excerpt":{"rendered":"<p>Bemutatkoz\u00e1s Dr. Tuska-Szalay Barbara 2011-ben szerzett \u00e1llatorvos-doktori diplom\u00e1t a Szent Istv\u00e1n Egyetem \u00c1llatorvos-tudom\u00e1nyi Kar\u00e1n. Ezt k\u00f6vet\u0151en kis\u00e1llatpraxisban tev\u00e9kenykedett klinikus \u00e1llatorvosk\u00e9nt. 2020 \u00f3ta az \u00c1llatorvostudom\u00e1nyi Egyetem Parazitol\u00f3giai \u00e9s \u00c1llattani Tansz\u00e9k\u00e9nek munkat\u00e1rsa, ahol akt\u00edvan r\u00e9szt vesz a magyar \u00e9s idegen nyelv\u0171 oktat\u00e1sban, tov\u00e1bb\u00e1 kutat\u00e1si \u00e9s diagnosztikai feladatok ell\u00e1t\u00e1s\u00e1ban. 2025-ben szerezte meg PhD fokozat\u00e1t. Kutat\u00e1si \u00e9s szakmai \u00e9rdekl\u0151d\u00e9s\u00e9nek<\/p>\n","protected":false},"author":5824,"featured_media":0,"parent":858,"menu_order":37,"comment_status":"open","ping_status":"open","template":"","meta":{"_acf_changed":false,"footnotes":""},"categories":[56],"tags":[],"class_list":["post-57464","page","type-page","status-publish","hentry","category-munkatarsak"],"acf":[],"_links":{"self":[{"href":"https:\/\/univet.hu\/hu\/wp-json\/wp\/v2\/pages\/57464","targetHints":{"allow":["GET"]}}],"collection":[{"href":"https:\/\/univet.hu\/hu\/wp-json\/wp\/v2\/pages"}],"about":[{"href":"https:\/\/univet.hu\/hu\/wp-json\/wp\/v2\/types\/page"}],"author":[{"embeddable":true,"href":"https:\/\/univet.hu\/hu\/wp-json\/wp\/v2\/users\/5824"}],"replies":[{"embeddable":true,"href":"https:\/\/univet.hu\/hu\/wp-json\/wp\/v2\/comments?post=57464"}],"version-history":[{"count":5,"href":"https:\/\/univet.hu\/hu\/wp-json\/wp\/v2\/pages\/57464\/revisions"}],"predecessor-version":[{"id":198658,"href":"https:\/\/univet.hu\/hu\/wp-json\/wp\/v2\/pages\/57464\/revisions\/198658"}],"up":[{"embeddable":true,"href":"https:\/\/univet.hu\/hu\/wp-json\/wp\/v2\/pages\/858"}],"wp:attachment":[{"href":"https:\/\/univet.hu\/hu\/wp-json\/wp\/v2\/media?parent=57464"}],"wp:term":[{"taxonomy":"category","embeddable":true,"href":"https:\/\/univet.hu\/hu\/wp-json\/wp\/v2\/categories?post=57464"},{"taxonomy":"post_tag","embeddable":true,"href":"https:\/\/univet.hu\/hu\/wp-json\/wp\/v2\/tags?post=57464"}],"curies":[{"name":"wp","href":"https:\/\/api.w.org\/{rel}","templated":true}]}}