{"id":57575,"date":"2020-09-10T16:42:03","date_gmt":"2020-09-10T14:42:03","guid":{"rendered":"https:\/\/univet.hu\/?page_id=57575"},"modified":"2021-01-18T10:37:36","modified_gmt":"2021-01-18T09:37:36","slug":"kisallatgyogyaszat-ii","status":"publish","type":"page","link":"https:\/\/univet.hu\/hu\/oktatas\/kurzusok\/kisallatgyogyaszat-ii\/","title":{"rendered":"Kis\u00e1llatgy\u00f3gy\u00e1szat II."},"content":{"rendered":"<p>&nbsp;<\/p> <p style=\"text-align: center;\"><strong>Kis\u00e1llatgy\u00f3gy\u00e1szat c tant\u00e1rgy II.<\/strong><\/p> <p style=\"text-align: center;\"><strong>2020\/2021 \u0151szi szemeszter<\/strong><\/p> <p>A tananyagok publik\u00e1l\u00e1s\u00e1ra szolg\u00e1l\u00f3 egyetemi dokumentumt\u00e1r hozz\u00e1f\u00e9rhet\u0151 a www. univet.hu honlapon, az Oktat\u00e1s\/Kurzusok \u00fatvonalon. Az adott kurzus nev\u00e9re kattintva a kurzus le\u00edr\u00e1s\u00e1n\u00e1l a jobb oldali men\u00fcsorban tal\u00e1lhat\u00f3 a Dokumentumt\u00e1r, mellyel az el\u0151ad\u00e1sv\u00e1zlatok \u00e9s a tant\u00e1rggyal kapcsolatos oktat\u00e1si tudnival\u00f3k el\u00e9rhet\u0151k. Bejelentkez\u00e9s a dokumentumt\u00e1rba: saj\u00e1t Neptun k\u00f3ddal \u00e9s a hozz\u00e1 tartoz\u00f3 jelsz\u00f3val<\/p> <p><u>T\u00e1rgyi el\u0151felt\u00e9tel<\/u>: Kis\u00e1llatgy\u00f3gy\u00e1szat I.<\/p> <p><u>Kredit: 4<\/u><\/p> <p><u>El\u0151ad\u00e1sok sz\u00e1ma: <\/u>45&#215;45 perc<\/p> <p><u>Gyakorlatok sz\u00e1ma: <\/u>45&#215;45 perc<\/p> <p>&nbsp;<\/p> <p><strong>El\u0151ad\u00e1sok<\/strong><\/p> <p>Az el\u0151ad\u00e1sok tematik\u00e1ja a fenti dokumentumt\u00e1rban is megtal\u00e1lhat\u00f3. Az el\u0151ad\u00e1sok a l\u00e9gz\u0151szervek \u00e9s a kardiovaszkul\u00e1ris rendszer belgy\u00f3gy\u00e1szat\u00e1t \u00e9s seb\u00e9szet\u00e9t, valamint a s\u00e9rvek seb\u00e9szet\u00e9t \u00f6leli \u00e1t. Az el\u0151ad\u00e1sok l\u00e1togat\u00e1sa \u2013 normalis k\u00f6r\u00fclm\u00e9nyek k\u00f6z\u00f6tt &#8211; k\u00f6telez\u0151, \u00e9s a r\u00e9szv\u00e9telt n\u00e9vsorolvas\u00e1ssal ellen\u0151rizz\u00fck. <strong><em>A jelenlegi COVID k\u00f6r\u00fclm\u00e9nyek k\u00f6z\u00f6tt ett\u0151l az adminisztr\u00e1ci\u00f3t\u00f3l eltekint\u00fcnk.<\/em><\/strong> Az egyes el\u0151ad\u00e1sok anyaga let\u00f6lthet\u0151 pdf form\u00e1tumban a honlapr\u00f3l. Az el\u0151ad\u00e1sok helysz\u00edne a kiadott tematik\u00e1ban \u00e9s a Neptunban el\u00e9rhet\u0151 \u00f3rarendben is szerepel: A keddi el\u0151ad\u00e1sokat a Marek J\u00f3zsef el\u0151ad\u00f3teremben, a p\u00e9ntekieket a Pl\u00f3sz B\u00e9la el\u0151ad\u00f3teremben tartjuk. <em>On-line oktat\u00e1s<\/em> <em>keret\u00e9ben az el\u0151ad\u00e1sok val\u00f3s id\u0151ben az interneten l\u00e1that\u00f3ak lesznek<\/em><\/p> <p><strong>Gyakorlatok<\/strong><\/p> <p>A gyakorlatokra az <strong><u>elhangzott el\u0151ad\u00e1si anyag, valamint a t\u00e9mak\u00f6r\u00f6k vonatkoz\u00f3 tank\u00f6nyvekben tal\u00e1lhat\u00f3<\/u><\/strong> r\u00e9szletes ismerete elengedhetetlen. Norm\u00e1lis k\u00f6r\u00fclm\u00e9nyek k\u00f6z\u00f6tt a hallgat\u00f3k a gyakorlat elej\u00e9n \u00edr\u00e1sban vagy sz\u00f3ban be is sz\u00e1molnak err\u0151l<strong>.<\/strong> <strong><em>A jelenlegi COVID helyzetben ett\u0151l a sz\u00e1monk\u00e9r\u00e9st\u0151l v\u00e9lhet\u0151en el kell tekinten\u00fcnk.<\/em><\/strong> A gyakorlatokon a hallgat\u00f3knak a k\u00f6vetkez\u0151 felszerel\u00e9ssel kell rendelkezni\u00fck: <u>saj\u00e1t feh\u00e9r k\u00f6peny, h\u0151m\u00e9r\u0151 \u00e9s fonendoszk\u00f3p<\/u>. A gyakorlatok l\u00e1togat\u00e1sa k\u00f6telez\u0151! Hi\u00e1nyozni kiz\u00e1r\u00f3lag igazolt betegs\u00e9g, illetve hivatalos egyetemi elfoglalts\u00e1g miatt lehets\u00e9ges.\u00a0 Az esetleges hi\u00e1nyz\u00f3 gyakorlatok p\u00f3tl\u00e1sa belgy\u00f3gy\u00e1szatb\u00f3l az utols\u00f3 h\u00e9ten, szem\u00e9lyes egyeztet\u00e9s alapj\u00e1n t\u00f6rt\u00e9nik, seb\u00e9szetb\u0151l a gyakorlatvezet\u0151vel egyeztetett id\u0151pontban a gyakorlat anyag\u00e1b\u00f3l besz\u00e1mol\u00f3 sz\u00fcks\u00e9ges.\u00a0 A gyakorlatokr\u00f3l t\u00f6rt\u00e9n\u0151 hi\u00e1nyz\u00e1st a gyakorlatvezet\u0151n\u00e9l igazolni kell. <strong><u>A gyakorlatokon mindenki kiz\u00e1r\u00f3lag csak a saj\u00e1t csoportj\u00e1ban vehet r\u00e9szt<\/u><\/strong>, kiv\u00e9telt csak betegs\u00e9g eset\u00e9n tesz\u00fcnk, orvosi igazol\u00e1s sz\u00fcks\u00e9ges. A Tanulm\u00e1nyi \u00e9s Vizsgaszab\u00e1lyzatban megengedettn\u00e9l t\u00f6bb hi\u00e1nyz\u00e1s, illetve nem p\u00f3tolt gyakorlatok eset\u00e9ben a hallgat\u00f3 nem kap f\u00e9l\u00e9vi al\u00e1\u00edr\u00e1st a t\u00e1rgyb\u00f3l.<\/p> <p>A gyakorlatok helysz\u00edne a belgy\u00f3gy\u00e1szaton a Papp L\u00e1szl\u00f3 gyakorl\u00f3 helyis\u00e9gben (Belgy\u00f3gy\u00e1szati Tansz\u00e9k emeleti gyakorl\u00f3), illetve az \u201eM\u201d \u00e9p\u00fcletben kialak\u00edtott belgy\u00f3gy\u00e1szati gyakorl\u00f3 helyis\u00e9gben lesznek a tematik\u00e1ban jelzett m\u00f3don. Seb\u00e9szeti t\u00e9mak\u00f6rben a seb\u00e9szeti gyakorl\u00f3ban (B \u00e9p\u00fclet). A gyakorlatok tematik\u00e1ja el\u00e9rhet\u0151 a dokumentumt\u00e1rban, illetve a f\u00e9l\u00e9v elej\u00e9n kik\u00fcld\u00e9sre ker\u00fcl az \u00e9vfolyam\u00f6sszek\u00f6t\u0151knek.<\/p> <p><strong>F\u00e9l\u00e9v v\u00e9gi jegy:<\/strong><\/p> <p>A Kis\u00e1llatgy\u00f3gy\u00e1szat II. c. t\u00e1rgy gyakorlati jegye a f\u00e9l\u00e9v sor\u00e1n \u00edrt 2 z\u00e1rthelyi dolgozat eredm\u00e9nye alapj\u00e1n ker\u00fcl kialak\u00edt\u00e1sra.<\/p> <p>&nbsp;<\/p> <p><strong>\u00a0<\/strong><\/p>","protected":false},"excerpt":{"rendered":"<p>&nbsp; Kis\u00e1llatgy\u00f3gy\u00e1szat c tant\u00e1rgy II. 2020\/2021 \u0151szi szemeszter A tananyagok publik\u00e1l\u00e1s\u00e1ra szolg\u00e1l\u00f3 egyetemi dokumentumt\u00e1r hozz\u00e1f\u00e9rhet\u0151 a www. univet.hu honlapon, az Oktat\u00e1s\/Kurzusok \u00fatvonalon. Az adott kurzus nev\u00e9re kattintva a kurzus le\u00edr\u00e1s\u00e1n\u00e1l a jobb oldali men\u00fcsorban tal\u00e1lhat\u00f3 a Dokumentumt\u00e1r, mellyel az el\u0151ad\u00e1sv\u00e1zlatok \u00e9s a tant\u00e1rggyal kapcsolatos oktat\u00e1si tudnival\u00f3k el\u00e9rhet\u0151k. Bejelentkez\u00e9s a dokumentumt\u00e1rba: saj\u00e1t Neptun k\u00f3ddal \u00e9s a<\/p>\n","protected":false},"author":3837,"featured_media":0,"parent":677,"menu_order":0,"comment_status":"closed","ping_status":"closed","template":"","meta":{"_acf_changed":false,"footnotes":""},"categories":[64],"tags":[],"class_list":["post-57575","page","type-page","status-publish","hentry","category-kurzusok"],"acf":[],"_links":{"self":[{"href":"https:\/\/univet.hu\/hu\/wp-json\/wp\/v2\/pages\/57575","targetHints":{"allow":["GET"]}}],"collection":[{"href":"https:\/\/univet.hu\/hu\/wp-json\/wp\/v2\/pages"}],"about":[{"href":"https:\/\/univet.hu\/hu\/wp-json\/wp\/v2\/types\/page"}],"author":[{"embeddable":true,"href":"https:\/\/univet.hu\/hu\/wp-json\/wp\/v2\/users\/3837"}],"replies":[{"embeddable":true,"href":"https:\/\/univet.hu\/hu\/wp-json\/wp\/v2\/comments?post=57575"}],"version-history":[{"count":0,"href":"https:\/\/univet.hu\/hu\/wp-json\/wp\/v2\/pages\/57575\/revisions"}],"up":[{"embeddable":true,"href":"https:\/\/univet.hu\/hu\/wp-json\/wp\/v2\/pages\/677"}],"wp:attachment":[{"href":"https:\/\/univet.hu\/hu\/wp-json\/wp\/v2\/media?parent=57575"}],"wp:term":[{"taxonomy":"category","embeddable":true,"href":"https:\/\/univet.hu\/hu\/wp-json\/wp\/v2\/categories?post=57575"},{"taxonomy":"post_tag","embeddable":true,"href":"https:\/\/univet.hu\/hu\/wp-json\/wp\/v2\/tags?post=57575"}],"curies":[{"name":"wp","href":"https:\/\/api.w.org\/{rel}","templated":true}]}}