{"id":57687,"date":"2020-09-11T19:28:17","date_gmt":"2020-09-11T17:28:17","guid":{"rendered":"https:\/\/univet.hu\/hu\/egyetem\/munkatarsak\/marialigeti-marton\/publikaciok\/"},"modified":"2026-02-10T04:03:15","modified_gmt":"2026-02-10T03:03:15","slug":"publikaciok-tarsasagi-tagsagok","status":"publish","type":"page","link":"https:\/\/univet.hu\/hu\/egyetem\/munkatarsak\/marialigeti-marton\/publikaciok-tarsasagi-tagsagok\/","title":{"rendered":"Publik\u00e1ci\u00f3k, t\u00e1rsas\u00e1gi tags\u00e1gok"},"content":{"rendered":"<h2>Publik\u00e1ci\u00f3k<\/h2> <ul> <li>Hard Ticks Infesting Dogs in Hungary and their Infection with Babesia and Borrelia Species<\/li> <\/ul> <p style=\"padding-left: 60px;\">F\u00f6ldv\u00e1ri G., M\u00e1rialigeti M., Solymosi N., Luk\u00e1cs Z., Majoros G., K\u00f3sa J. P., Farkas R., Parasitology Research, 2007<\/p> <ul> <li>Neh\u00e9z helyzetben &#8211; (tudom\u00e1ny)kommunik\u00e1ci\u00f3r\u00f3l \u00e1llatorvosoknak<\/li> <\/ul> <p style=\"padding-left: 60px;\">Liptovszky M, M\u00e1rialigeti M, Kamarai \u00c1llatorvos 2014<\/p> <h2>T\u00e1rsas\u00e1gi tags\u00e1g<\/h2> <ul> <li><a href=\"http:\/\/mbae.hu\">Magyar B\u0151rgy\u00f3gy\u00e1sz \u00c1llatorvosok Egyes\u00fclete<\/a> &#8211; p\u00e1rtol\u00f3 tag<\/li> <li><a href=\"http:\/\/esvcp.org\">European Society of Veterinary Clinical Pathology<\/a><\/li> <li><a href=\"https:\/\/balinttarsasag.hu\/\">Magyarorsz\u00e1gi B\u00e1lint Mih\u00e1ly Pszichoszomatikus T\u00e1rsas\u00e1g<\/a><\/li> <\/ul> <p>&nbsp;<\/p>","protected":false},"excerpt":{"rendered":"<p>Publik\u00e1ci\u00f3k Hard Ticks Infesting Dogs in Hungary and their Infection with Babesia and Borrelia Species F\u00f6ldv\u00e1ri G., M\u00e1rialigeti M., Solymosi N., Luk\u00e1cs Z., Majoros G., K\u00f3sa J. P., Farkas R., Parasitology Research, 2007 Neh\u00e9z helyzetben &#8211; (tudom\u00e1ny)kommunik\u00e1ci\u00f3r\u00f3l \u00e1llatorvosoknak Liptovszky M, M\u00e1rialigeti M, Kamarai \u00c1llatorvos 2014 T\u00e1rsas\u00e1gi tags\u00e1g Magyar B\u0151rgy\u00f3gy\u00e1sz \u00c1llatorvosok Egyes\u00fclete &#8211; p\u00e1rtol\u00f3 tag European<\/p>\n","protected":false},"author":5824,"featured_media":0,"parent":54818,"menu_order":0,"comment_status":"open","ping_status":"open","template":"","meta":{"_acf_changed":false,"footnotes":""},"categories":[],"tags":[],"class_list":["post-57687","page","type-page","status-publish","hentry"],"acf":[],"_links":{"self":[{"href":"https:\/\/univet.hu\/hu\/wp-json\/wp\/v2\/pages\/57687","targetHints":{"allow":["GET"]}}],"collection":[{"href":"https:\/\/univet.hu\/hu\/wp-json\/wp\/v2\/pages"}],"about":[{"href":"https:\/\/univet.hu\/hu\/wp-json\/wp\/v2\/types\/page"}],"author":[{"embeddable":true,"href":"https:\/\/univet.hu\/hu\/wp-json\/wp\/v2\/users\/5824"}],"replies":[{"embeddable":true,"href":"https:\/\/univet.hu\/hu\/wp-json\/wp\/v2\/comments?post=57687"}],"version-history":[{"count":1,"href":"https:\/\/univet.hu\/hu\/wp-json\/wp\/v2\/pages\/57687\/revisions"}],"predecessor-version":[{"id":199719,"href":"https:\/\/univet.hu\/hu\/wp-json\/wp\/v2\/pages\/57687\/revisions\/199719"}],"up":[{"embeddable":true,"href":"https:\/\/univet.hu\/hu\/wp-json\/wp\/v2\/pages\/54818"}],"wp:attachment":[{"href":"https:\/\/univet.hu\/hu\/wp-json\/wp\/v2\/media?parent=57687"}],"wp:term":[{"taxonomy":"category","embeddable":true,"href":"https:\/\/univet.hu\/hu\/wp-json\/wp\/v2\/categories?post=57687"},{"taxonomy":"post_tag","embeddable":true,"href":"https:\/\/univet.hu\/hu\/wp-json\/wp\/v2\/tags?post=57687"}],"curies":[{"name":"wp","href":"https:\/\/api.w.org\/{rel}","templated":true}]}}