{"id":57771,"date":"2020-09-13T22:36:30","date_gmt":"2020-09-13T20:36:30","guid":{"rendered":"https:\/\/univet.hu\/hu\/egyetem\/szervezeti-egysegek\/informatikai-es-biztonsagi-igazgatosag\/informatikai-osztaly\/name-2\/"},"modified":"2020-12-10T12:35:02","modified_gmt":"2020-12-10T11:35:02","slug":"microsoft-teams","status":"publish","type":"page","link":"https:\/\/univet.hu\/hu\/egyetem\/szervezeti-egysegek\/informatikai-osztaly\/microsoft-teams\/","title":{"rendered":"Microsoft Teams"},"content":{"rendered":"<p><a href=\"https:\/\/univet.hu\/wp-content\/uploads\/2020\/09\/Hallgat\u00f3i-Microsoft-Teams-haszn\u00e1lata.pdf\">Hallgat\u00f3i Microsoft Teams haszn\u00e1lata<\/a><\/p> <p><a href=\"https:\/\/univet.hu\/wp-content\/uploads\/2020\/12\/Dokument\u00e1ci\u00f3-a-Vide\u00f3megoszt\u00e1sokr\u00f3l-2.0.pdf\">Dokument\u00e1ci\u00f3 a Vide\u00f3megoszt\u00e1sokr\u00f3l<\/a><\/p> <p><a href=\"https:\/\/univet.hu\/wp-content\/uploads\/2020\/12\/Dokument\u00e1ci\u00f3-a-Vide\u00f3megoszt\u00e1sokr\u00f3l-hallgat\u00f3knak.pdf\">Dokument\u00e1ci\u00f3 a Vide\u00f3megoszt\u00e1sokr\u00f3l hallgat\u00f3knak<\/a><\/p> <p>&nbsp;<\/p>","protected":false},"excerpt":{"rendered":"<p>Hallgat\u00f3i Microsoft Teams haszn\u00e1lata Dokument\u00e1ci\u00f3 a Vide\u00f3megoszt\u00e1sokr\u00f3l Dokument\u00e1ci\u00f3 a Vide\u00f3megoszt\u00e1sokr\u00f3l hallgat\u00f3knak &nbsp;<\/p>\n","protected":false},"author":3837,"featured_media":0,"parent":3439,"menu_order":0,"comment_status":"open","ping_status":"open","template":"","meta":{"_acf_changed":false,"footnotes":""},"categories":[],"tags":[],"class_list":["post-57771","page","type-page","status-publish","hentry"],"acf":[],"_links":{"self":[{"href":"https:\/\/univet.hu\/hu\/wp-json\/wp\/v2\/pages\/57771","targetHints":{"allow":["GET"]}}],"collection":[{"href":"https:\/\/univet.hu\/hu\/wp-json\/wp\/v2\/pages"}],"about":[{"href":"https:\/\/univet.hu\/hu\/wp-json\/wp\/v2\/types\/page"}],"author":[{"embeddable":true,"href":"https:\/\/univet.hu\/hu\/wp-json\/wp\/v2\/users\/3837"}],"replies":[{"embeddable":true,"href":"https:\/\/univet.hu\/hu\/wp-json\/wp\/v2\/comments?post=57771"}],"version-history":[{"count":0,"href":"https:\/\/univet.hu\/hu\/wp-json\/wp\/v2\/pages\/57771\/revisions"}],"up":[{"embeddable":true,"href":"https:\/\/univet.hu\/hu\/wp-json\/wp\/v2\/pages\/3439"}],"wp:attachment":[{"href":"https:\/\/univet.hu\/hu\/wp-json\/wp\/v2\/media?parent=57771"}],"wp:term":[{"taxonomy":"category","embeddable":true,"href":"https:\/\/univet.hu\/hu\/wp-json\/wp\/v2\/categories?post=57771"},{"taxonomy":"post_tag","embeddable":true,"href":"https:\/\/univet.hu\/hu\/wp-json\/wp\/v2\/tags?post=57771"}],"curies":[{"name":"wp","href":"https:\/\/api.w.org\/{rel}","templated":true}]}}