{"id":57832,"date":"2020-09-15T09:16:20","date_gmt":"2020-09-15T07:16:20","guid":{"rendered":"https:\/\/univet.hu\/hu\/oktatas\/kurzusok\/new-course-page-2\/"},"modified":"2026-01-12T16:50:43","modified_gmt":"2026-01-12T15:50:43","slug":"tarsallatok-es-emberek-kapcsolata-1-2","status":"publish","type":"page","link":"https:\/\/univet.hu\/hu\/oktatas\/kurzusok\/tarsallatok-es-emberek-kapcsolata-1-2\/","title":{"rendered":"T\u00e1rs\u00e1llatok \u00e9s emberek kapcsolata 1."},"content":{"rendered":"<p>Tant\u00e1rgyfelel\u0151s \u00e9s oktat\u00f3: Dr. S\u00e1tori \u00c1gnes<\/p> <p>A tant\u00e1rgy r\u00f6vid\u00edtett tematik\u00e1ja:\u00a0Kedvencek szoci\u00e1lis funkci\u00f3i, gazd\u00e1k meg\u00edt\u00e9l\u00e9se, sztereot\u00edpi\u00e1k, attit\u0171d\u00f6k. Term\u00e9szetv\u00e9delemr\u0151l val\u00f3 gondolkod\u00e1s az iparilag fejlett orsz\u00e1gos lakosai k\u00f6r\u00e9ben, Az \u00e1llatok felhaszn\u00e1l\u00e1s\u00e1r\u00f3l val\u00f3 gondolkod\u00e1s, viselked\u00e9s, Az ember-\u00e1llat kapcsolat alakul\u00e1sa az \u00e9let\u00fat folyam\u00e1n I, Az ember-\u00e1llat kapcsolat alakul\u00e1sa az \u00e9let\u00fat folyam\u00e1n II, K\u00f6t\u0151d\u00e9s-bevezet\u0151 ea.<\/p>","protected":false},"excerpt":{"rendered":"<p>Tant\u00e1rgyfelel\u0151s \u00e9s oktat\u00f3: Dr. S\u00e1tori \u00c1gnes A tant\u00e1rgy r\u00f6vid\u00edtett tematik\u00e1ja:\u00a0Kedvencek szoci\u00e1lis funkci\u00f3i, gazd\u00e1k meg\u00edt\u00e9l\u00e9se, sztereot\u00edpi\u00e1k, attit\u0171d\u00f6k. Term\u00e9szetv\u00e9delemr\u0151l val\u00f3 gondolkod\u00e1s az iparilag fejlett orsz\u00e1gos lakosai k\u00f6r\u00e9ben, Az \u00e1llatok felhaszn\u00e1l\u00e1s\u00e1r\u00f3l val\u00f3 gondolkod\u00e1s, viselked\u00e9s, Az ember-\u00e1llat kapcsolat alakul\u00e1sa az \u00e9let\u00fat folyam\u00e1n I, Az ember-\u00e1llat kapcsolat alakul\u00e1sa az \u00e9let\u00fat folyam\u00e1n II, K\u00f6t\u0151d\u00e9s-bevezet\u0151 ea.<\/p>\n","protected":false},"author":3837,"featured_media":0,"parent":677,"menu_order":0,"comment_status":"open","ping_status":"open","template":"","meta":{"_acf_changed":false,"footnotes":""},"categories":[],"tags":[],"class_list":["post-57832","page","type-page","status-publish","hentry"],"acf":[],"_links":{"self":[{"href":"https:\/\/univet.hu\/hu\/wp-json\/wp\/v2\/pages\/57832","targetHints":{"allow":["GET"]}}],"collection":[{"href":"https:\/\/univet.hu\/hu\/wp-json\/wp\/v2\/pages"}],"about":[{"href":"https:\/\/univet.hu\/hu\/wp-json\/wp\/v2\/types\/page"}],"author":[{"embeddable":true,"href":"https:\/\/univet.hu\/hu\/wp-json\/wp\/v2\/users\/3837"}],"replies":[{"embeddable":true,"href":"https:\/\/univet.hu\/hu\/wp-json\/wp\/v2\/comments?post=57832"}],"version-history":[{"count":5,"href":"https:\/\/univet.hu\/hu\/wp-json\/wp\/v2\/pages\/57832\/revisions"}],"predecessor-version":[{"id":197789,"href":"https:\/\/univet.hu\/hu\/wp-json\/wp\/v2\/pages\/57832\/revisions\/197789"}],"up":[{"embeddable":true,"href":"https:\/\/univet.hu\/hu\/wp-json\/wp\/v2\/pages\/677"}],"wp:attachment":[{"href":"https:\/\/univet.hu\/hu\/wp-json\/wp\/v2\/media?parent=57832"}],"wp:term":[{"taxonomy":"category","embeddable":true,"href":"https:\/\/univet.hu\/hu\/wp-json\/wp\/v2\/categories?post=57832"},{"taxonomy":"post_tag","embeddable":true,"href":"https:\/\/univet.hu\/hu\/wp-json\/wp\/v2\/tags?post=57832"}],"curies":[{"name":"wp","href":"https:\/\/api.w.org\/{rel}","templated":true}]}}