{"id":57838,"date":"2020-09-15T10:34:00","date_gmt":"2020-09-15T08:34:00","guid":{"rendered":"https:\/\/univet.hu\/?page_id=57838"},"modified":"2022-02-01T12:08:56","modified_gmt":"2022-02-01T11:08:56","slug":"logyogyaszat-2","status":"publish","type":"page","link":"https:\/\/univet.hu\/hu\/oktatas\/kurzusok\/logyogyaszat-2\/","title":{"rendered":"L\u00f3gy\u00f3gy\u00e1szat 2"},"content":{"rendered":"<p>A tant\u00e1rgy c\u00e9lja, hogy a hallgat\u00f3k megfelel\u0151 szint\u0171 \u00e9s korszer\u0171 ismereteket szerezzenek a lovak leggyakoribb \u00e9s legfontosabb belgy\u00f3gy\u00e1szati \u00e9s seb\u00e9szeti betegs\u00e9geir\u0151l. Az oktat\u00e1s el\u0151ad\u00e1sok \u00e9s kiscsoportos gyakorlatok keret\u00e9ben val\u00f3sul meg. Mivel a lovak belgy\u00f3gy\u00e1szat\u00e1r\u00f3l \u00e9s seb\u00e9szet\u00e9r\u0151l rendelkez\u00e9sre \u00e1ll\u00f3 inform\u00e1ci\u00f3 rendk\u00edv\u00fcl b\u0151s\u00e9ges, elv\u00e1rjuk a hallgat\u00f3kt\u00f3l, hogy a bemutatott t\u00e9m\u00e1k m\u00e9lyebb meg\u00e9rt\u00e9s\u00e9hez \u00f6n\u00e1ll\u00f3an is olvass\u00e1k a vonatkoz\u00f3 szakirodalmat. A kurzus arra is k\u00e9sztetni k\u00edv\u00e1nja a hallgat\u00f3kat, hogy a megszerzett elm\u00e9leti tud\u00e1st a felmer\u00fcl\u0151 klinikai probl\u00e9mamegold\u00e1si szitu\u00e1ci\u00f3kban is alkalmazni tudj\u00e1k. Erre sz\u00fcks\u00e9g lesz a kiscsoportos gyakorlatokon, az egyhetes klinikai betegell\u00e1t\u00e1si gyakorlaton, a 11. f\u00e9l\u00e9ves gyakorlatokon, illetve v\u00e9gz\u00e9s ut\u00e1n a napi praxisban. A f\u00e9l\u00e9v sor\u00e1n a lovak mozg\u00e1si, l\u00e9g\u00fati, em\u00e9szt\u0151, vizeletkiv\u00e1laszt\u00f3 \u00e9s -elvezet\u0151 szervrendszereinek belgy\u00f3gy\u00e1szati \u00e9s seb\u00e9szeti betegs\u00e9geit t\u00e1rgyaljuk. A hallgat\u00f3k elsaj\u00e1t\u00edtj\u00e1k a bemutatott betegs\u00e9gek k\u00f3roktan\u00e1t, k\u00f3rfejl\u0151d\u00e9s\u00e9t, k\u00f3r\u00e9lettan\u00e1t, klinikai t\u00fcneteit, epidemiol\u00f3gi\u00e1j\u00e1t, a k\u00f3rjelz\u00e9s m\u00f3dszereit, a gy\u00f3gykezel\u00e9s lehet\u0151s\u00e9geit, a megel\u0151z\u00e9s m\u00f3djait \u00e9s a k\u00f3rj\u00f3slatot. A hallgat\u00f3kt\u00f3l elv\u00e1rjuk azt is, hogy elsaj\u00e1t\u00edts\u00e1k a lovas praxisban leggyakrabban haszn\u00e1lt gy\u00f3gyszerek indik\u00e1ci\u00f3it, form\u00e1it, a bead\u00e1s m\u00f3djait \u00e9s a potenci\u00e1lis mell\u00e9khat\u00e1saikat.<\/p> <p>A tananyagok a Moodle fel\u00fclet\u00e9re ker\u00fclnek felt\u00f6lt\u00e9sre.<\/p> <p>&nbsp;<\/p>","protected":false},"excerpt":{"rendered":"<p>A tant\u00e1rgy c\u00e9lja, hogy a hallgat\u00f3k megfelel\u0151 szint\u0171 \u00e9s korszer\u0171 ismereteket szerezzenek a lovak leggyakoribb \u00e9s legfontosabb belgy\u00f3gy\u00e1szati \u00e9s seb\u00e9szeti betegs\u00e9geir\u0151l. Az oktat\u00e1s el\u0151ad\u00e1sok \u00e9s kiscsoportos gyakorlatok keret\u00e9ben val\u00f3sul meg. Mivel a lovak belgy\u00f3gy\u00e1szat\u00e1r\u00f3l \u00e9s seb\u00e9szet\u00e9r\u0151l rendelkez\u00e9sre \u00e1ll\u00f3 inform\u00e1ci\u00f3 rendk\u00edv\u00fcl b\u0151s\u00e9ges, elv\u00e1rjuk a hallgat\u00f3kt\u00f3l, hogy a bemutatott t\u00e9m\u00e1k m\u00e9lyebb meg\u00e9rt\u00e9s\u00e9hez \u00f6n\u00e1ll\u00f3an is olvass\u00e1k a vonatkoz\u00f3<\/p>\n","protected":false},"author":3837,"featured_media":0,"parent":677,"menu_order":0,"comment_status":"closed","ping_status":"closed","template":"","meta":{"_acf_changed":false,"footnotes":""},"categories":[64],"tags":[],"class_list":["post-57838","page","type-page","status-publish","hentry","category-kurzusok"],"acf":[],"_links":{"self":[{"href":"https:\/\/univet.hu\/hu\/wp-json\/wp\/v2\/pages\/57838","targetHints":{"allow":["GET"]}}],"collection":[{"href":"https:\/\/univet.hu\/hu\/wp-json\/wp\/v2\/pages"}],"about":[{"href":"https:\/\/univet.hu\/hu\/wp-json\/wp\/v2\/types\/page"}],"author":[{"embeddable":true,"href":"https:\/\/univet.hu\/hu\/wp-json\/wp\/v2\/users\/3837"}],"replies":[{"embeddable":true,"href":"https:\/\/univet.hu\/hu\/wp-json\/wp\/v2\/comments?post=57838"}],"version-history":[{"count":0,"href":"https:\/\/univet.hu\/hu\/wp-json\/wp\/v2\/pages\/57838\/revisions"}],"up":[{"embeddable":true,"href":"https:\/\/univet.hu\/hu\/wp-json\/wp\/v2\/pages\/677"}],"wp:attachment":[{"href":"https:\/\/univet.hu\/hu\/wp-json\/wp\/v2\/media?parent=57838"}],"wp:term":[{"taxonomy":"category","embeddable":true,"href":"https:\/\/univet.hu\/hu\/wp-json\/wp\/v2\/categories?post=57838"},{"taxonomy":"post_tag","embeddable":true,"href":"https:\/\/univet.hu\/hu\/wp-json\/wp\/v2\/tags?post=57838"}],"curies":[{"name":"wp","href":"https:\/\/api.w.org\/{rel}","templated":true}]}}