{"id":57956,"date":"2020-09-17T09:15:06","date_gmt":"2020-09-17T07:15:06","guid":{"rendered":"https:\/\/univet.hu\/hu\/egyetem\/munkatarsak\/new-staff-member-page-4\/"},"modified":"2026-02-10T03:58:34","modified_gmt":"2026-02-10T02:58:34","slug":"vili-nora","status":"publish","type":"page","link":"https:\/\/univet.hu\/hu\/egyetem\/munkatarsak\/vili-nora\/","title":{"rendered":"Vili N\u00f3ra"},"content":{"rendered":"<p><span data-contrast=\"auto\"><strong>Bemutatkoz\u00e1s:<\/strong><\/span><\/p> <p><span data-olk-copy-source=\"MessageBody\">Dr Vili N\u00f3ra vagyok, az Zool\u00f3giai Tansz\u00e9ken adjunktusk\u00e9nt dolgozom. A zool\u00f3gus k\u00e9pz\u00e9sben jelenleg a Zool\u00f3gia aktu\u00e1lis k\u00e9rd\u00e9sei c\u00edm\u0171 tant\u00e1rgy tartozik hozz\u00e1m, illetve a tansz\u00e9ken m\u0171k\u00f6d\u0151 Molekul\u00e1ris \u00d6kol\u00f3giai Kutat\u00f3csoport tagja vagyok. Kutat\u00e1si \u00e9rdekl\u0151d\u00e9sem els\u0151sorban a molekul\u00e1ris markerek kidolgoz\u00e1s\u00e1ra \u00e9s term\u00e9szetv\u00e9delmi \u2013 \u00f6kol\u00f3giai alkalmaz\u00e1s\u00e1ra ir\u00e1nyul, illetve \u00fajabban a k\u00e9t\u00e9lt\u0171ek ivarv\u00e1lt\u00e1s\u00e1nak okaira \u00e9s k\u00f6vetkezm\u00e9nyeire.<\/span><br \/> <span data-ccp-props=\"{&quot;201341983&quot;:0,&quot;335559739&quot;:160,&quot;335559740&quot;:259}\">\u00a0<\/span><\/p> <p>&nbsp;<\/p> <p><span data-ccp-props=\"{&quot;201341983&quot;:0,&quot;335559739&quot;:160,&quot;335559740&quot;:259}\">\u00a0<strong>F\u0151bb kutat\u00e1si ter\u00fcletek:<\/strong><\/span><\/p> <ul> <li>Ragadoz\u00f3 madarak egyedi genetikai azonos\u00edt\u00e1sa mikroszatellita markerek felhaszn\u00e1l\u00e1s\u00e1val<\/li> <li>Molekul\u00e1ris markerek kidolgoz\u00e1sa, \u00e9s felhaszn\u00e1l\u00e1sa \u00f6kol\u00f3giai \u00e9s term\u00e9szetv\u00e9delmi genetikai vizsg\u00e1latokban<\/li> <li>Az ivarv\u00e1lt\u00e1s okai \u00e9s k\u00f6vetkezm\u00e9nyei k\u00e9t\u00e9lt\u0171ekn\u00e9l<\/li> <\/ul> <p>&nbsp;<\/p> <p><strong>T\u00e9mavezet\u00e9s<\/strong>:<\/p> <p>PhD hallgat\u00f3k (t\u00e1rs-t\u00e9mavezet\u00e9s): 2<\/p> <p>MSc hallgat\u00f3k: 3<\/p> <p>BSc hallgat\u00f3k: 5<\/p> <p>TDK dolgozatok: 5<\/p> <p>&nbsp;<\/p> <p><b><span data-contrast=\"auto\"><strong>El\u0151rehalad\u00e1s<\/strong>:<\/span><\/b><span data-ccp-props=\"{&quot;201341983&quot;:0,&quot;335559739&quot;:160,&quot;335559740&quot;:259}\">\u00a0<\/span><\/p> <p><strong>2020<\/strong> \u2013 \u00c1llatorvostudom\u00e1nyi Egyetem, Zool\u00f3giai Tansz\u00e9k, Molekul\u00e1ris \u00d6kol\u00f3giai Kutat\u00f3csoport, egyetemi adjunktus<\/p> <p>2019 \u2013 2020 \u00c1llatorvostudom\u00e1nyi Egyetem, Zool\u00f3giai Tansz\u00e9k, Konzerv\u00e1ci\u00f3-Genetikai Kutat\u00f3csoport, tudom\u00e1nyos munkat\u00e1rs<\/p> <p>(2017 \u2013 2018 az Aquilabor megb\u00edzott laborvezet\u0151je)<\/p> <p>2017 \u2013 2019 \u00c1llatorvostudom\u00e1nyi Egyetem, \u00d6kol\u00f3giai Tansz\u00e9k, Konzerv\u00e1ci\u00f3-Genetikai Kutat\u00f3csoport, tudom\u00e1nyos seg\u00e9dmunkat\u00e1rs<\/p> <p>2014 \u2013 2016 Royal Society for the Protection of Birds, \u00f6nk\u00e9ntes<\/p> <p>2008 \u2013 2013 Szent Istv\u00e1n Egyetem \u00c1llatorvos-tudom\u00e1nyi Kar, Biol\u00f3giai Int\u00e9zet, \u00d6kol\u00f3giai Tansz\u00e9k, \u00fcgyviv\u0151 szak\u00e9rt\u0151 (zool\u00f3gus)<\/p> <p><span data-ccp-props=\"{&quot;201341983&quot;:0,&quot;335559739&quot;:160,&quot;335559740&quot;:259}\">\u00a0<\/span><\/p> <p><b><span data-contrast=\"auto\">Bizotts\u00e1gi tags\u00e1g(ok):<\/span><\/b><span data-ccp-props=\"{&quot;201341983&quot;:0,&quot;335559739&quot;:160,&quot;335559740&quot;:259}\">\u00a0<\/span><\/p> <p><span data-contrast=\"auto\">2011 &#8211; a Magyar Term\u00e9szetv\u00e9delmi Biol\u00f3giai Konferenci\u00e1k szervez\u0151bizotts\u00e1g\u00e1nak tagja<\/span><span data-ccp-props=\"{&quot;201341983&quot;:0,&quot;335559739&quot;:160,&quot;335559740&quot;:259}\">\u00a0<\/span><\/p> <p><span data-contrast=\"auto\">2015 &#8211; a Student Conferences on Conservation Science sorozat magyarorsz\u00e1gi testv\u00e9rkonferenci\u00e1j\u00e1nak (SCCS Europe) szervez\u0151bizotts\u00e1gi tagja (<\/span><a href=\"http:\/\/sccs.ecolres.hu\"><span data-contrast=\"none\">http:\/\/sccs.ecolres.hu<\/span><\/a><span data-contrast=\"auto\">)<\/span><span data-ccp-props=\"{&quot;201341983&quot;:0,&quot;335559739&quot;:160,&quot;335559740&quot;:259}\">\u00a0<\/span><\/p> <p><span data-ccp-props=\"{&quot;201341983&quot;:0,&quot;335559739&quot;:160,&quot;335559740&quot;:259}\">\u00a0<\/span><\/p> <p><b><span data-contrast=\"auto\">Szakmai szevezeti tags\u00e1g(ok):<\/span><\/b><span data-ccp-props=\"{&quot;201341983&quot;:0,&quot;335559739&quot;:160,&quot;335559740&quot;:259}\">\u00a0<\/span><\/p> <p>2001 &#8211; Magyar Mad\u00e1rtani \u00e9s Term\u00e9szetv\u00e9delmi Egyes\u00fclet<\/p> <p>2005 &#8211; Magyar Biol\u00f3giai T\u00e1rsas\u00e1g<\/p> <p>2012 \u2013 Society for Conservation Biology<\/p> <p>&nbsp;<\/p> <p><strong>Publik\u00e1ci\u00f3s lista<\/strong>:<\/p> <p>\u2013 <span class=\"person_name\">Zsinka, Bernadett,<\/span>\u00a0<strong><span class=\"person_name\">Vili, N\u00f3ra<\/span><\/strong>, <span class=\"person_name\">Szab\u00f3, Kriszti\u00e1n<\/span>, <span class=\"person_name\">Tisza, \u00c1d\u00e1m<\/span>, <span class=\"person_name\">Csonka, Veronika<\/span>, <span class=\"person_name\">P\u00e1sztory-Kov\u00e1cs, Szilvia<\/span>\u00a0(2024)\u00a0<em>Mikroszatellita-markerk\u00e9szlet fejleszt\u00e9se parlagi sasok (Aquila heliaca) egyedi azonos\u00edt\u00e1s\u00e1hoz rokon fajokban le\u00edrt markerek seg\u00edts\u00e9g\u00e9vel.<\/em>\u00a0MAGYAR \u00c1LLATORVOSOK LAPJA, 146 (6). pp. 357-365. ISSN 0025-004X<\/p> <p>\u2013 <span class=\"author\">B\u00f3kony,\u00a0V.<\/span>,\u00a0<span class=\"author\">Kalina,\u00a0C.<\/span>,\u00a0<span class=\"author\">Ujhegyi,\u00a0N.<\/span>,\u00a0<span class=\"author\">Mik\u00f3,\u00a0Z.<\/span>,\u00a0<span class=\"author\">Lefler,\u00a0K. K.<\/span>,\u00a0<strong><span class=\"author\">Vili,\u00a0N.<\/span><\/strong>,\u00a0<span class=\"author\">G\u00e1l,\u00a0Z.<\/span>,\u00a0<span class=\"author\">Gabor,\u00a0C. R.<\/span>, &amp;\u00a0<span class=\"author\">Hoffmann,\u00a0O. I.<\/span>\u00a0(<span class=\"pubYear\">2024<\/span>).\u00a0<span class=\"articleTitle\">Does stress make males? An experiment on the role of glucocorticoids in anuran sex reversal<\/span>.\u00a0<i>Journal of Experimental Zoology Part A: Ecological and Integrative Physiology<\/i>,\u00a0<span class=\"vol\">341<\/span>,\u00a0<span class=\"pageFirst\">172<\/span>\u2013<span class=\"pageLast\">181<\/span>.\u00a0<a class=\"linkBehavior\" href=\"https:\/\/doi.org\/10.1002\/jez.2772\">https:\/\/doi.org\/10.1002\/jez.2772<\/a><\/p> <p>\u2013 Nemesh\u00e1zi, E; Sramk\u00f3, G; Laczk\u00f3, L; Balogh, E; Szatm\u00e1ri, L; <strong>Vili, N<\/strong>; Ujhegyi, N; \u00dcveges, B; B\u00f3kony, V, Novel genetic sex markers reveal unexpected lack of, and similar susceptibility to, sex reversal in free\u2010living common toads in both natural and anthropogenic habitats, Molecular Ecology, 31, 7, 2032-2043, 2022 https:\/\/doi.org\/10.1111\/mec.16388<\/p> <p>\u2013 B\u00f3kony, V; Ujhegyi, N; Mik\u00f3, Zs; Er\u00f6s, R; Hettyey, A; <strong>Vili, N<\/strong>; G\u00e1l, Z; Hoffmann, OI; Nemesh\u00e1zi, E, Sex Reversal and Performance in Fitness-Related Traits During Early Life in Agile Frogs,The Development and Fitness Consequences of Sex Roles, 768263101, 2022 https:\/\/doi.org\/10.3389\/fevo.2021.745752<\/p> <p>\u2013 Ujszegi, J; Bertalan, R; Ujhegyi, N; Vereb\u00e9lyi, V; Nemesh\u00e1zi, E; Mik\u00f3, Zs; K\u00e1sler, A; Herczeg, D; Szederk\u00e9nyi, M; <strong>Vili, N<\/strong>; G\u00e1l, Z; Hoffmannf, OI; B\u00f3kony, V; Hettyey, A, \u201cHeat waves\u201d experienced during larval life have species-specific consequences on life-history traits and sexual development in anuran amphibians, Science of the Total Environment,835,155297, 2022 https:\/\/doi.org\/10.1016\/j.scitotenv.2022.155297<\/p> <p>\u2013 Mik\u00f3, Zs; Nemesh\u00e1zi, E; Ujhegyi, N; Vereb\u00e9lyi, V; Ujszegi, J; K\u00e1sler, A; Bertalan, R; <strong>Vili, N<\/strong>; G\u00e1l, Z; Hoffmann, OI; Sex reversal and ontogeny under climate change and chemical pollution: are there interactions between the effects of elevated temperature and a xenoestrogen on early development in agile frogs?, Environmental Pollution, 285, 117464, 2021, https:\/\/doi.org\/ 10.1016\/j.envpol.2021.117464<\/p> <p>\u2013 Magonyi, NM; Szab\u00f3, K; Feh\u00e9rv\u00e1ri, P; Solt, Sz; Palatitz, P; <strong>Vili, N<\/strong>; Bert\u00f3k, P; M\u00e1tics, R; Extra\u2010pair paternity, intraspecific brood parasitism, quasi\u2010parasitism and polygamy in the Red\u2010footed Falcon (Falco vespertinus), Ibis, 163, 3, 1087-1092, 2021, https:\/\/doi.org\/10.1111\/ibi.12932<\/p> <p>\u2013 Magonyi, M.N., M\u00e1tics, R., Szab\u00f3, K., Feh\u00e9rv\u00e1ri, P., Solt, Sz., Palatitz, P., <strong>Vili, N<\/strong>. Characterisation of novel microsatellite markers for Red-footed Falcon (Falco vespertinus) and cross-species amplification in other Falco species, European Journal of Wildlife Research 65 (4), 62, 2019, https:\/\/doi.org\/10.1007\/s10344-019-1300-8<\/p> <p>\u2013 <strong>Vili, N.<\/strong>, Szab\u00f3, K., Kov\u00e1cs, Sz., Kabai, P., Kalm\u00e1r, L., Horv\u00e1th, M. (2013) High turnover rate revealed by non-invasive genetic analyses in an expanding Eastern Imperial Eagle population. Acta Zoologica Academiae Scientiarum Hungaricae 59: 279\u2013295<\/p> <p>\u2013 <strong>Vili, N.<\/strong>, Nemesh\u00e1zi, E., Kov\u00e1cs, Sz., Horv\u00e1th, M., Kalm\u00e1r, L., Szab\u00f3, K. (2013) Factors affecting DNA quality in feathers used for non-invasive sampling. Journal of Ornithology 154: 587\u2013595, https:\/\/doi.org\/10.1007\/s10336-013-0932-9<\/p> <p>\u2013 <strong>Vili, N<\/strong>., Horv\u00e1th, M., Szab\u00f3, K., Kov\u00e1cs, S., Chavko, J., Hornung, E., Kalm\u00e1r, L. (2009) Genetic structure of the Imperial Eagle (Aquila heliaca) population in Slovakia. Slovak Raptor Journal 3: 21\u201328, https:\/\/doi.org\/10.2478\/v10262-012-0029-z<\/p> <p>\u2013 <strong>Vili, N<\/strong>., Horv\u00e1th, M.B., Kov\u00e1cs, Sz., Chavko, J., Hornung, E., Kalm\u00e1r, L. (2009) Alternative sampling methods in avian genetic studies: sexing, microsatellites based individual identification and mtDNA analyses of eastern imperial eagles (Aquila heliaca). Magyar \u00c1llatorvosok Lapja 131: 426-435.<\/p> <p><a href=\"https:\/\/m2.mtmt.hu\/gui2\/?type=authors&amp;mode=browse&amp;sel=authors10023248\">MTMT2<\/a> | <a href=\"https:\/\/scholar.google.com\/citations?user=gCsC4MgAAAAJ&amp;hl=hu\">Google Scholar<\/a> | <a href=\"https:\/\/orcid.org\/0000-0001-7241-231X\">ORCID<\/a><\/p>","protected":false},"excerpt":{"rendered":"<p>Bemutatkoz\u00e1s: Dr Vili N\u00f3ra vagyok, az Zool\u00f3giai Tansz\u00e9ken adjunktusk\u00e9nt dolgozom. A zool\u00f3gus k\u00e9pz\u00e9sben jelenleg a Zool\u00f3gia aktu\u00e1lis k\u00e9rd\u00e9sei c\u00edm\u0171 tant\u00e1rgy tartozik hozz\u00e1m, illetve a tansz\u00e9ken m\u0171k\u00f6d\u0151 Molekul\u00e1ris \u00d6kol\u00f3giai Kutat\u00f3csoport tagja vagyok. Kutat\u00e1si \u00e9rdekl\u0151d\u00e9sem els\u0151sorban a molekul\u00e1ris markerek kidolgoz\u00e1s\u00e1ra \u00e9s term\u00e9szetv\u00e9delmi \u2013 \u00f6kol\u00f3giai alkalmaz\u00e1s\u00e1ra ir\u00e1nyul, illetve \u00fajabban a k\u00e9t\u00e9lt\u0171ek ivarv\u00e1lt\u00e1s\u00e1nak okaira \u00e9s k\u00f6vetkezm\u00e9nyeire. \u00a0 &nbsp; \u00a0F\u0151bb<\/p>\n","protected":false},"author":5824,"featured_media":0,"parent":858,"menu_order":37,"comment_status":"open","ping_status":"open","template":"","meta":{"_acf_changed":false,"footnotes":""},"categories":[],"tags":[],"class_list":["post-57956","page","type-page","status-publish","hentry"],"acf":[],"_links":{"self":[{"href":"https:\/\/univet.hu\/hu\/wp-json\/wp\/v2\/pages\/57956","targetHints":{"allow":["GET"]}}],"collection":[{"href":"https:\/\/univet.hu\/hu\/wp-json\/wp\/v2\/pages"}],"about":[{"href":"https:\/\/univet.hu\/hu\/wp-json\/wp\/v2\/types\/page"}],"author":[{"embeddable":true,"href":"https:\/\/univet.hu\/hu\/wp-json\/wp\/v2\/users\/5824"}],"replies":[{"embeddable":true,"href":"https:\/\/univet.hu\/hu\/wp-json\/wp\/v2\/comments?post=57956"}],"version-history":[{"count":2,"href":"https:\/\/univet.hu\/hu\/wp-json\/wp\/v2\/pages\/57956\/revisions"}],"predecessor-version":[{"id":176746,"href":"https:\/\/univet.hu\/hu\/wp-json\/wp\/v2\/pages\/57956\/revisions\/176746"}],"up":[{"embeddable":true,"href":"https:\/\/univet.hu\/hu\/wp-json\/wp\/v2\/pages\/858"}],"wp:attachment":[{"href":"https:\/\/univet.hu\/hu\/wp-json\/wp\/v2\/media?parent=57956"}],"wp:term":[{"taxonomy":"category","embeddable":true,"href":"https:\/\/univet.hu\/hu\/wp-json\/wp\/v2\/categories?post=57956"},{"taxonomy":"post_tag","embeddable":true,"href":"https:\/\/univet.hu\/hu\/wp-json\/wp\/v2\/tags?post=57956"}],"curies":[{"name":"wp","href":"https:\/\/api.w.org\/{rel}","templated":true}]}}