{"id":58260,"date":"2020-09-22T11:20:52","date_gmt":"2020-09-22T09:20:52","guid":{"rendered":"https:\/\/univet.hu\/?page_id=58260"},"modified":"2024-10-09T12:27:57","modified_gmt":"2024-10-09T10:27:57","slug":"haszonallat-gyogyaszat-1","status":"publish","type":"page","link":"https:\/\/univet.hu\/hu\/oktatas\/kurzusok\/haszonallat-gyogyaszat-1\/","title":{"rendered":"Haszon\u00e1llat-gy\u00f3gy\u00e1szat 1."},"content":{"rendered":"<p>Az \u00e9lelmiszerl\u00e1nc-biztons\u00e1g egyik pill\u00e9re a haszon\u00e1llatokat \u00e9rint\u0151 betegs\u00e9gek korai diagn\u00f3zisa, \u00e9s szakszer\u0171 kezel\u00e9se. A Haszon\u00e1llat-gy\u00f3gy\u00e1szat 1. t\u00e9m\u00e1ja a sert\u00e9sek seb\u00e9szeti, sz\u00fcl\u00e9szeti \u00e9s belgy\u00f3gy\u00e1szati betegs\u00e9gei, diagnosztik\u00e1ja, ell\u00e1t\u00e1sa elm\u00e9letben \u00e9s gyakorlatban. A seb\u00e9szet keret\u00e9ben \u00e9rintj\u00fck az aneszt\u00e9zi\u00e1t \u00e9s a mindennapi klinikumban alkalmazott legfontosabb seb\u00e9szeti beavatkoz\u00e1sokat. A sz\u00fcl\u00e9szet t\u00e9mak\u00f6r\u00e9ben t\u00e1rgyaljuk a megfelel\u0151 telepi szaporod\u00e1sbiol\u00f3giai menedzsment megval\u00f3s\u00edt\u00e1s\u00e1hoz sz\u00fcks\u00e9ges szakmai ismereteket. A belgy\u00f3gy\u00e1szati t\u00e9m\u00e1k k\u00f6z\u00f6tt szerepel a legfontosabb em\u00e9szt\u0151szervi, m\u00e1j-, l\u00e9gz\u0151szervi, h\u00fagyszervi, sz\u00edv-\u00e9s v\u00e9rk\u00e9pz\u0151szervi, anyagforgalmi, mozg\u00e1sszervi, idegrendszeri \u00e9s b\u0151rbetegs\u00e9gek k\u00f3roktana, k\u00f3rfejl\u0151d\u00e9se, t\u00fcnetei, diagnosztik\u00e1ja, gy\u00f3gykezel\u00e9se \u00e9s megel\u0151z\u00e9si lehet\u0151s\u00e9gei.<\/p> <p>&nbsp;<\/p> <p>Oktat\u00f3k: Prof. Dr. R\u00e1tky J\u00f3zsef, Dr. Horv\u00e1th Andr\u00e1s, Dr. Szel\u00e9nyi Zolt\u00e1n, Dr. L\u00e9n\u00e1rt Lea, Dr. Csepreghy Anna<\/p>","protected":false},"excerpt":{"rendered":"<p>Az \u00e9lelmiszerl\u00e1nc-biztons\u00e1g egyik pill\u00e9re a haszon\u00e1llatokat \u00e9rint\u0151 betegs\u00e9gek korai diagn\u00f3zisa, \u00e9s szakszer\u0171 kezel\u00e9se. A Haszon\u00e1llat-gy\u00f3gy\u00e1szat 1. t\u00e9m\u00e1ja a sert\u00e9sek seb\u00e9szeti, sz\u00fcl\u00e9szeti \u00e9s belgy\u00f3gy\u00e1szati betegs\u00e9gei, diagnosztik\u00e1ja, ell\u00e1t\u00e1sa elm\u00e9letben \u00e9s gyakorlatban. A seb\u00e9szet keret\u00e9ben \u00e9rintj\u00fck az aneszt\u00e9zi\u00e1t \u00e9s a mindennapi klinikumban alkalmazott legfontosabb seb\u00e9szeti beavatkoz\u00e1sokat. A sz\u00fcl\u00e9szet t\u00e9mak\u00f6r\u00e9ben t\u00e1rgyaljuk a megfelel\u0151 telepi szaporod\u00e1sbiol\u00f3giai menedzsment megval\u00f3s\u00edt\u00e1s\u00e1hoz sz\u00fcks\u00e9ges szakmai<\/p>\n","protected":false},"author":3837,"featured_media":0,"parent":677,"menu_order":0,"comment_status":"closed","ping_status":"closed","template":"","meta":{"_acf_changed":false,"footnotes":""},"categories":[64],"tags":[],"class_list":["post-58260","page","type-page","status-publish","hentry","category-kurzusok"],"acf":[],"_links":{"self":[{"href":"https:\/\/univet.hu\/hu\/wp-json\/wp\/v2\/pages\/58260","targetHints":{"allow":["GET"]}}],"collection":[{"href":"https:\/\/univet.hu\/hu\/wp-json\/wp\/v2\/pages"}],"about":[{"href":"https:\/\/univet.hu\/hu\/wp-json\/wp\/v2\/types\/page"}],"author":[{"embeddable":true,"href":"https:\/\/univet.hu\/hu\/wp-json\/wp\/v2\/users\/3837"}],"replies":[{"embeddable":true,"href":"https:\/\/univet.hu\/hu\/wp-json\/wp\/v2\/comments?post=58260"}],"version-history":[{"count":0,"href":"https:\/\/univet.hu\/hu\/wp-json\/wp\/v2\/pages\/58260\/revisions"}],"up":[{"embeddable":true,"href":"https:\/\/univet.hu\/hu\/wp-json\/wp\/v2\/pages\/677"}],"wp:attachment":[{"href":"https:\/\/univet.hu\/hu\/wp-json\/wp\/v2\/media?parent=58260"}],"wp:term":[{"taxonomy":"category","embeddable":true,"href":"https:\/\/univet.hu\/hu\/wp-json\/wp\/v2\/categories?post=58260"},{"taxonomy":"post_tag","embeddable":true,"href":"https:\/\/univet.hu\/hu\/wp-json\/wp\/v2\/tags?post=58260"}],"curies":[{"name":"wp","href":"https:\/\/api.w.org\/{rel}","templated":true}]}}