{"id":58262,"date":"2020-09-22T11:22:57","date_gmt":"2020-09-22T09:22:57","guid":{"rendered":"https:\/\/univet.hu\/?page_id=58262"},"modified":"2025-01-31T10:52:31","modified_gmt":"2025-01-31T09:52:31","slug":"haszonallat-gyogyaszat-2","status":"publish","type":"page","link":"https:\/\/univet.hu\/hu\/oktatas\/kurzusok\/haszonallat-gyogyaszat-2\/","title":{"rendered":"Haszon\u00e1llat-gy\u00f3gy\u00e1szat 2."},"content":{"rendered":"<p>Szarvasmarh\u00e1k seb\u00e9szeti, sz\u00fcl\u00e9szeti \u00e9s belgy\u00f3gy\u00e1szati ell\u00e1tasa elm\u00e9letben \u00e9s gyakorlatban.<\/p>","protected":false},"excerpt":{"rendered":"<p>Szarvasmarh\u00e1k seb\u00e9szeti, sz\u00fcl\u00e9szeti \u00e9s belgy\u00f3gy\u00e1szati ell\u00e1tasa elm\u00e9letben \u00e9s gyakorlatban.<\/p>\n","protected":false},"author":3837,"featured_media":0,"parent":677,"menu_order":0,"comment_status":"closed","ping_status":"closed","template":"","meta":{"_acf_changed":false,"footnotes":""},"categories":[64],"tags":[],"class_list":["post-58262","page","type-page","status-publish","hentry","category-kurzusok"],"acf":[],"_links":{"self":[{"href":"https:\/\/univet.hu\/hu\/wp-json\/wp\/v2\/pages\/58262","targetHints":{"allow":["GET"]}}],"collection":[{"href":"https:\/\/univet.hu\/hu\/wp-json\/wp\/v2\/pages"}],"about":[{"href":"https:\/\/univet.hu\/hu\/wp-json\/wp\/v2\/types\/page"}],"author":[{"embeddable":true,"href":"https:\/\/univet.hu\/hu\/wp-json\/wp\/v2\/users\/3837"}],"replies":[{"embeddable":true,"href":"https:\/\/univet.hu\/hu\/wp-json\/wp\/v2\/comments?post=58262"}],"version-history":[{"count":2,"href":"https:\/\/univet.hu\/hu\/wp-json\/wp\/v2\/pages\/58262\/revisions"}],"predecessor-version":[{"id":174840,"href":"https:\/\/univet.hu\/hu\/wp-json\/wp\/v2\/pages\/58262\/revisions\/174840"}],"up":[{"embeddable":true,"href":"https:\/\/univet.hu\/hu\/wp-json\/wp\/v2\/pages\/677"}],"wp:attachment":[{"href":"https:\/\/univet.hu\/hu\/wp-json\/wp\/v2\/media?parent=58262"}],"wp:term":[{"taxonomy":"category","embeddable":true,"href":"https:\/\/univet.hu\/hu\/wp-json\/wp\/v2\/categories?post=58262"},{"taxonomy":"post_tag","embeddable":true,"href":"https:\/\/univet.hu\/hu\/wp-json\/wp\/v2\/tags?post=58262"}],"curies":[{"name":"wp","href":"https:\/\/api.w.org\/{rel}","templated":true}]}}