{"id":58264,"date":"2020-09-22T11:24:41","date_gmt":"2020-09-22T09:24:41","guid":{"rendered":"https:\/\/univet.hu\/?page_id=58264"},"modified":"2024-09-02T12:26:41","modified_gmt":"2024-09-02T10:26:41","slug":"haszonallat-gyogyaszat-3","status":"publish","type":"page","link":"https:\/\/univet.hu\/hu\/oktatas\/kurzusok\/haszonallat-gyogyaszat-3\/","title":{"rendered":"Haszon\u00e1llat-gy\u00f3gy\u00e1szat 3."},"content":{"rendered":"<p>Az \u00e9lelmiszerl\u00e1nc-biztons\u00e1g egyik pill\u00e9re a haszon\u00e1llatokat \u00e9rint\u0151 betegs\u00e9gek korai diagn\u00f3zisa, \u00e9s szakszer\u0171 kezel\u00e9se. A Haszon\u00e1llat-gy\u00f3gy\u00e1szat 3. t\u00e9m\u00e1ja a szarvasmarh\u00e1k szaporod\u00e1sbiol\u00f3giai probl\u00e9m\u00e1inak, t\u0151gybetegs\u00e9geinek, l\u00e1bv\u00e9g-megbeteged\u00e9seinek k\u00f3roktana, k\u00f3rfejl\u0151d\u00e9se, t\u00fcnetei, diagnosztik\u00e1ja, gy\u00f3gykezel\u00e9se \u00e9s megel\u0151z\u00e9si lehet\u0151s\u00e9gei. Szint\u00e9n t\u00e1rgyal\u00e1sra ker\u00fclnek a kisk\u00e9r\u0151dz\u0151k seb\u00e9szeti \u00e9s sz\u00fcl\u00e9szeti betegs\u00e9gei elm\u00e9letben \u00e9s gyakorlatban.<\/p>","protected":false},"excerpt":{"rendered":"<p>Az \u00e9lelmiszerl\u00e1nc-biztons\u00e1g egyik pill\u00e9re a haszon\u00e1llatokat \u00e9rint\u0151 betegs\u00e9gek korai diagn\u00f3zisa, \u00e9s szakszer\u0171 kezel\u00e9se. A Haszon\u00e1llat-gy\u00f3gy\u00e1szat 3. t\u00e9m\u00e1ja a szarvasmarh\u00e1k szaporod\u00e1sbiol\u00f3giai probl\u00e9m\u00e1inak, t\u0151gybetegs\u00e9geinek, l\u00e1bv\u00e9g-megbeteged\u00e9seinek k\u00f3roktana, k\u00f3rfejl\u0151d\u00e9se, t\u00fcnetei, diagnosztik\u00e1ja, gy\u00f3gykezel\u00e9se \u00e9s megel\u0151z\u00e9si lehet\u0151s\u00e9gei. Szint\u00e9n t\u00e1rgyal\u00e1sra ker\u00fclnek a kisk\u00e9r\u0151dz\u0151k seb\u00e9szeti \u00e9s sz\u00fcl\u00e9szeti betegs\u00e9gei elm\u00e9letben \u00e9s gyakorlatban.<\/p>\n","protected":false},"author":3837,"featured_media":0,"parent":677,"menu_order":0,"comment_status":"closed","ping_status":"closed","template":"","meta":{"_acf_changed":false,"footnotes":""},"categories":[64],"tags":[],"class_list":["post-58264","page","type-page","status-publish","hentry","category-kurzusok"],"acf":[],"_links":{"self":[{"href":"https:\/\/univet.hu\/hu\/wp-json\/wp\/v2\/pages\/58264","targetHints":{"allow":["GET"]}}],"collection":[{"href":"https:\/\/univet.hu\/hu\/wp-json\/wp\/v2\/pages"}],"about":[{"href":"https:\/\/univet.hu\/hu\/wp-json\/wp\/v2\/types\/page"}],"author":[{"embeddable":true,"href":"https:\/\/univet.hu\/hu\/wp-json\/wp\/v2\/users\/3837"}],"replies":[{"embeddable":true,"href":"https:\/\/univet.hu\/hu\/wp-json\/wp\/v2\/comments?post=58264"}],"version-history":[{"count":0,"href":"https:\/\/univet.hu\/hu\/wp-json\/wp\/v2\/pages\/58264\/revisions"}],"up":[{"embeddable":true,"href":"https:\/\/univet.hu\/hu\/wp-json\/wp\/v2\/pages\/677"}],"wp:attachment":[{"href":"https:\/\/univet.hu\/hu\/wp-json\/wp\/v2\/media?parent=58264"}],"wp:term":[{"taxonomy":"category","embeddable":true,"href":"https:\/\/univet.hu\/hu\/wp-json\/wp\/v2\/categories?post=58264"},{"taxonomy":"post_tag","embeddable":true,"href":"https:\/\/univet.hu\/hu\/wp-json\/wp\/v2\/tags?post=58264"}],"curies":[{"name":"wp","href":"https:\/\/api.w.org\/{rel}","templated":true}]}}