{"id":58266,"date":"2020-09-22T11:26:36","date_gmt":"2020-09-22T09:26:36","guid":{"rendered":"https:\/\/univet.hu\/?page_id=58266"},"modified":"2025-09-04T11:51:44","modified_gmt":"2025-09-04T09:51:44","slug":"szaporodasbiologia-es-biotechnologia-1","status":"publish","type":"page","link":"https:\/\/univet.hu\/hu\/oktatas\/kurzusok\/szaporodasbiologia-es-biotechnologia-1\/","title":{"rendered":"Szaporod\u00e1sbiol\u00f3gia \u00e9s biotechnol\u00f3gia 1."},"content":{"rendered":"<div class=\"ewa-rteLine\">A t\u00e1rgy a szaporod\u00e1s fogalm\u00e1nak \u00e9s jelent\u0151s\u00e9g\u00e9nek ismertet\u00e9s\u00e9vel, valamint az alapfogalmakkal kezd\u0151dik. Bemutatja a szaporod\u00e1s ciklikus jelleg\u00e9t \u00e9s a ciklus k\u00fcl\u00f6nb\u00f6z\u0151 fajt\u00e1it, egyes f\u00e1zisait \u00e9s a szezonalit\u00e1st. Ezt k\u00f6veti a neuroendokrin szab\u00e1lyoz\u00e1s ismertet\u00e9se, kezdve a hypothalamussal \u00e9s a hypophysissel eg\u00e9szen a gon\u00e1dokig, bele\u00e9rtve a t\u00fcsz\u0151\u00e9r\u00e9s, ovul\u00e1ci\u00f3 \u00e9s fertiliz\u00e1ci\u00f3 folyamat\u00e1t, tov\u00e1bb\u00e1 a korai embri\u00f3fejl\u0151d\u00e9st \u00e9s a vemhess\u00e9g anyai felismer\u00e9s\u00e9nek mechanizmus\u00e1t. V\u00e9g\u00fcl ismerteti a vemhess\u00e9g \u00e9s az ell\u00e9s, valamint a post partum esem\u00e9nyek l\u00e1ncolat\u00e1t, kieg\u00e9sz\u00edtve a gyakorlatban is haszn\u00e1lt egyes elj\u00e1r\u00e1sokkal, mint az ivarz\u00e1s szinkroniz\u00e1l\u00e1s \u00e9s ivarz\u00e1sindukci\u00f3.<\/div> <div class=\"ewa-rteLine\">A tant\u00e1rgy fel\u00f6leli a n\u0151ivar\u00fa sert\u00e9sek egyedfejl\u0151d\u00e9se sor\u00e1n a szaporod\u00e1s\u00e9lettanban tapasztalhat\u00f3 v\u00e1ltoz\u00e1sokat, k\u00fcl\u00f6n\u00f6s tekintettel azokra a sarokpontokra, amelyek meghat\u00e1roz\u00f3 szereppel b\u00edrnak a teny\u00e9szt\u00e9sben \u00e9s a gazdas\u00e1gos v\u00e9gterm\u00e9k el\u0151\u00e1ll\u00edt\u00e1sban. R\u00e9szletes betekint\u00e9st ny\u00fajt az ivar\u00e9r\u00e9s \u00e9s a term\u00e9keny\u00fcl\u00e9s, majd a vemhess\u00e9g, v\u00e9g\u00fcl a fial\u00e1s folyamat\u00e1ba. Kiemeli a multipara faj l\u00e9nyeges k\u00fcl\u00f6nbs\u00e9geit az unipara fajokkal szemben, \u00e9s megvil\u00e1g\u00edt reprodukci\u00f3s fajtak\u00fcl\u00f6nbs\u00e9geket<\/div> <div class=\"ewa-rteLine\">Kisk\u00e9r\u0151dz\u0151k \u00e9s szarvasmarha eset\u00e9n bemutat\u00e1sra ker\u00fcl: a szaporod\u00e1s szezonal\u00edt\u00e1sa, ivar\u00e9r\u00e9s, ivarz\u00e1si ciklus, a reprodukci\u00f3 neuro-endokrin ir\u00e1ny\u00edt\u00e1sa, vemhess\u00e9g, ell\u00e9s, ivarz\u00e1s-szinkroniz\u00e1l\u00e1s \u00e9s induk\u00e1l\u00e1s, juh- \u00e9s szarvasmarha\u00e1llom\u00e1ny szaporod\u00e1sbiol\u00f3giai management.<\/div> <div><\/div> <div>A t\u00e1rgy oktat\u00f3i: Prof. Dr. R\u00e1tky J\u00f3zsef, Prof.Dr.Cseh S\u00e1ndor, Prof.Dr.Solti L\u00e1szl\u00f3, Dr. Vincze Bogl\u00e1rka<\/div> <div>T\u00e1rgyfelel\u0151s: dr. R\u00e1tky J\u00f3zsef<\/div> <div>Oktat\u00e1si felel\u0151s: dr. Bacsa M\u00f3nika<\/div>","protected":false},"excerpt":{"rendered":"<p>A t\u00e1rgy a szaporod\u00e1s fogalm\u00e1nak \u00e9s jelent\u0151s\u00e9g\u00e9nek ismertet\u00e9s\u00e9vel, valamint az alapfogalmakkal kezd\u0151dik. Bemutatja a szaporod\u00e1s ciklikus jelleg\u00e9t \u00e9s a ciklus k\u00fcl\u00f6nb\u00f6z\u0151 fajt\u00e1it, egyes f\u00e1zisait \u00e9s a szezonalit\u00e1st. Ezt k\u00f6veti a neuroendokrin szab\u00e1lyoz\u00e1s ismertet\u00e9se, kezdve a hypothalamussal \u00e9s a hypophysissel eg\u00e9szen a gon\u00e1dokig, bele\u00e9rtve a t\u00fcsz\u0151\u00e9r\u00e9s, ovul\u00e1ci\u00f3 \u00e9s fertiliz\u00e1ci\u00f3 folyamat\u00e1t, tov\u00e1bb\u00e1 a korai embri\u00f3fejl\u0151d\u00e9st \u00e9s a<\/p>\n","protected":false},"author":3837,"featured_media":0,"parent":677,"menu_order":0,"comment_status":"closed","ping_status":"closed","template":"","meta":{"_acf_changed":false,"footnotes":""},"categories":[64],"tags":[],"class_list":["post-58266","page","type-page","status-publish","hentry","category-kurzusok"],"acf":[],"_links":{"self":[{"href":"https:\/\/univet.hu\/hu\/wp-json\/wp\/v2\/pages\/58266","targetHints":{"allow":["GET"]}}],"collection":[{"href":"https:\/\/univet.hu\/hu\/wp-json\/wp\/v2\/pages"}],"about":[{"href":"https:\/\/univet.hu\/hu\/wp-json\/wp\/v2\/types\/page"}],"author":[{"embeddable":true,"href":"https:\/\/univet.hu\/hu\/wp-json\/wp\/v2\/users\/3837"}],"replies":[{"embeddable":true,"href":"https:\/\/univet.hu\/hu\/wp-json\/wp\/v2\/comments?post=58266"}],"version-history":[{"count":2,"href":"https:\/\/univet.hu\/hu\/wp-json\/wp\/v2\/pages\/58266\/revisions"}],"predecessor-version":[{"id":190005,"href":"https:\/\/univet.hu\/hu\/wp-json\/wp\/v2\/pages\/58266\/revisions\/190005"}],"up":[{"embeddable":true,"href":"https:\/\/univet.hu\/hu\/wp-json\/wp\/v2\/pages\/677"}],"wp:attachment":[{"href":"https:\/\/univet.hu\/hu\/wp-json\/wp\/v2\/media?parent=58266"}],"wp:term":[{"taxonomy":"category","embeddable":true,"href":"https:\/\/univet.hu\/hu\/wp-json\/wp\/v2\/categories?post=58266"},{"taxonomy":"post_tag","embeddable":true,"href":"https:\/\/univet.hu\/hu\/wp-json\/wp\/v2\/tags?post=58266"}],"curies":[{"name":"wp","href":"https:\/\/api.w.org\/{rel}","templated":true}]}}