{"id":58268,"date":"2020-09-22T11:29:53","date_gmt":"2020-09-22T09:29:53","guid":{"rendered":"https:\/\/univet.hu\/?page_id=58268"},"modified":"2026-02-25T10:33:36","modified_gmt":"2026-02-25T09:33:36","slug":"szaporodasbiologia-es-biotechnologia-2","status":"publish","type":"page","link":"https:\/\/univet.hu\/hu\/oktatas\/kurzusok\/szaporodasbiologia-es-biotechnologia-2\/","title":{"rendered":"Szaporod\u00e1sbiol\u00f3gia \u00e9s biotechnol\u00f3gia 2."},"content":{"rendered":"<div class=\"ewa-rteLine\">A t\u00e1rgy keret\u00e9ben ismertet\u00e9sre ker\u00fcl a lovak \u00e9s a t\u00e1rs\u00e1llatok (kutya, macska) szaporod\u00e1sbiol\u00f3gi\u00e1j\u00e1nak neuroendokrin szab\u00e1lyoz\u00e1sa. Lovak eset\u00e9n sz\u00f3 van ezen k\u00edv\u00fcl a kanc\u00e1k ivari ciklus\u00e1r\u00f3l, mesters\u00e9ges term\u00e9keny\u00edt\u00e9s id\u0151z\u00edt\u00e9s\u00e9r\u0151l \u00e9s \u00e9lettani alapjair\u00f3l, a vemhess\u00e9gr\u0151l, ell\u00e9sr\u0151l, illetve ezen id\u0151szakok rendelleness\u00e9geir\u0151l, a l\u00f3\u00e1llom\u00e1nyok szaporod\u00e1sbiol\u00f3giai menedzsmentj\u00e9r\u0151l.<\/div> <div class=\"ewa-rteLine\">Kis\u00e1llatok eset\u00e9n bemutat\u00e1sra ker\u00fcl az ivari ciklus faji jellegzetess\u00e9gei, ivarz\u00e1s, ciklus diagnosztika, mesters\u00e9ges term\u00e9keny\u00edt\u00e9s, vemhess\u00e9g, ell\u00e9s, neonatol\u00f3gia alapjai.<\/div> <div><\/div> <div>Oktat\u00f3k: Dr. M\u00fcller Linda, Dr. Vincze Bogl\u00e1rka, Dr. Horv\u00e1th Andr\u00e1s<\/div> <div>T\u00e1rgyfelel\u0151s: Dr. R\u00e1tky J\u00f3zsef<\/div> <div>Oktat\u00e1si felel\u0151s: Dr. Bacsa M\u00f3nika email: <a class=\"decrypt\" rel=\"Cbdtb\/NpojlbAvojwfu\/iv\" href=\"javascript:void(0);\">[Kattintson az emailc\u00edmhez]<\/a><\/div>","protected":false},"excerpt":{"rendered":"<p>A t\u00e1rgy keret\u00e9ben ismertet\u00e9sre ker\u00fcl a lovak \u00e9s a t\u00e1rs\u00e1llatok (kutya, macska) szaporod\u00e1sbiol\u00f3gi\u00e1j\u00e1nak neuroendokrin szab\u00e1lyoz\u00e1sa. Lovak eset\u00e9n sz\u00f3 van ezen k\u00edv\u00fcl a kanc\u00e1k ivari ciklus\u00e1r\u00f3l, mesters\u00e9ges term\u00e9keny\u00edt\u00e9s id\u0151z\u00edt\u00e9s\u00e9r\u0151l \u00e9s \u00e9lettani alapjair\u00f3l, a vemhess\u00e9gr\u0151l, ell\u00e9sr\u0151l, illetve ezen id\u0151szakok rendelleness\u00e9geir\u0151l, a l\u00f3\u00e1llom\u00e1nyok szaporod\u00e1sbiol\u00f3giai menedzsmentj\u00e9r\u0151l. Kis\u00e1llatok eset\u00e9n bemutat\u00e1sra ker\u00fcl az ivari ciklus faji jellegzetess\u00e9gei, ivarz\u00e1s, ciklus diagnosztika, mesters\u00e9ges<\/p>\n","protected":false},"author":3837,"featured_media":0,"parent":677,"menu_order":0,"comment_status":"closed","ping_status":"closed","template":"","meta":{"_acf_changed":false,"footnotes":""},"categories":[64],"tags":[],"class_list":["post-58268","page","type-page","status-publish","hentry","category-kurzusok"],"acf":[],"_links":{"self":[{"href":"https:\/\/univet.hu\/hu\/wp-json\/wp\/v2\/pages\/58268","targetHints":{"allow":["GET"]}}],"collection":[{"href":"https:\/\/univet.hu\/hu\/wp-json\/wp\/v2\/pages"}],"about":[{"href":"https:\/\/univet.hu\/hu\/wp-json\/wp\/v2\/types\/page"}],"author":[{"embeddable":true,"href":"https:\/\/univet.hu\/hu\/wp-json\/wp\/v2\/users\/3837"}],"replies":[{"embeddable":true,"href":"https:\/\/univet.hu\/hu\/wp-json\/wp\/v2\/comments?post=58268"}],"version-history":[{"count":2,"href":"https:\/\/univet.hu\/hu\/wp-json\/wp\/v2\/pages\/58268\/revisions"}],"predecessor-version":[{"id":201724,"href":"https:\/\/univet.hu\/hu\/wp-json\/wp\/v2\/pages\/58268\/revisions\/201724"}],"up":[{"embeddable":true,"href":"https:\/\/univet.hu\/hu\/wp-json\/wp\/v2\/pages\/677"}],"wp:attachment":[{"href":"https:\/\/univet.hu\/hu\/wp-json\/wp\/v2\/media?parent=58268"}],"wp:term":[{"taxonomy":"category","embeddable":true,"href":"https:\/\/univet.hu\/hu\/wp-json\/wp\/v2\/categories?post=58268"},{"taxonomy":"post_tag","embeddable":true,"href":"https:\/\/univet.hu\/hu\/wp-json\/wp\/v2\/tags?post=58268"}],"curies":[{"name":"wp","href":"https:\/\/api.w.org\/{rel}","templated":true}]}}