{"id":58272,"date":"2020-09-22T11:33:09","date_gmt":"2020-09-22T09:33:09","guid":{"rendered":"https:\/\/univet.hu\/?page_id=58272"},"modified":"2023-08-25T13:28:16","modified_gmt":"2023-08-25T11:28:16","slug":"allatorvosi-neonatologia","status":"publish","type":"page","link":"https:\/\/univet.hu\/hu\/oktatas\/kurzusok\/allatorvosi-neonatologia\/","title":{"rendered":"\u00c1llatorvosi neonatol\u00f3gia"},"content":{"rendered":"<p>Tematika:<\/p> <ul> <li>L\u00f3 neonatol\u00f3gia (asphyxi\u00e1s \u00fajsz\u00fcl\u00f6tt csik\u00f3k diagn\u00f3zisa \u00e9s gy\u00f3gykezel\u00e9se)<\/li> <li>Szarvasmarha neonatol\u00f3gia (asphyxi\u00e1s \u00fajsz\u00fcl\u00f6tt borjak diagn\u00f3zisa \u00e9s gy\u00f3gykezel\u00e9se)<\/li> <li>Kisk\u00e9r\u0151dz\u0151 neonatol\u00f3gia (asphyxi\u00e1s \u00fajsz\u00fcl\u00f6tt kisk\u00e9r\u0151dz\u0151k diagn\u00f3zisa \u00e9s gy\u00f3gykezel\u00e9se)<\/li> <li>Sert\u00e9s neonatol\u00f3gia (asphyxi\u00e1s \u00fajsz\u00fcl\u00f6tt malacok diagn\u00f3zisa \u00e9s gy\u00f3gykezel\u00e9se)<\/li> <li>Kis\u00e1llat neonatol\u00f3gia (asphyxi\u00e1s \u00fajsz\u00fcl\u00f6tt kis\u00e1llatok diagn\u00f3zisa \u00e9s gy\u00f3gykezel\u00e9se)<\/li> <\/ul> <p>Kapcsolattart\u00f3: Prof. Dr. Szenci Ott\u00f3- <a class=\"decrypt\" rel=\"T{fodj\/PuupAvojwfu\/iv\" href=\"javascript:void(0);\">[Kattintson az emailc\u00edmhez]<\/a><\/p> <p>Aj\u00e1nlott irodalom:<\/p> <p>\u2022 Bovine Prenatal, Perinatal and Neonatal Medicine. Edited by: Ott\u00f3 Szenci, John F. Mee, Ulrich Bleul, Marcel A. M. Taverne, 1st edition, Hungarian Association for Buiatrics, Budapest, 2021<\/p>","protected":false},"excerpt":{"rendered":"<p>Tematika: L\u00f3 neonatol\u00f3gia (asphyxi\u00e1s \u00fajsz\u00fcl\u00f6tt csik\u00f3k diagn\u00f3zisa \u00e9s gy\u00f3gykezel\u00e9se) Szarvasmarha neonatol\u00f3gia (asphyxi\u00e1s \u00fajsz\u00fcl\u00f6tt borjak diagn\u00f3zisa \u00e9s gy\u00f3gykezel\u00e9se) Kisk\u00e9r\u0151dz\u0151 neonatol\u00f3gia (asphyxi\u00e1s \u00fajsz\u00fcl\u00f6tt kisk\u00e9r\u0151dz\u0151k diagn\u00f3zisa \u00e9s gy\u00f3gykezel\u00e9se) Sert\u00e9s neonatol\u00f3gia (asphyxi\u00e1s \u00fajsz\u00fcl\u00f6tt malacok diagn\u00f3zisa \u00e9s gy\u00f3gykezel\u00e9se) Kis\u00e1llat neonatol\u00f3gia (asphyxi\u00e1s \u00fajsz\u00fcl\u00f6tt kis\u00e1llatok diagn\u00f3zisa \u00e9s gy\u00f3gykezel\u00e9se) Kapcsolattart\u00f3: Prof. Dr. Szenci Ott\u00f3- [Kattintson az emailc\u00edmhez] Aj\u00e1nlott irodalom: \u2022 Bovine Prenatal, Perinatal<\/p>\n","protected":false},"author":3837,"featured_media":0,"parent":677,"menu_order":0,"comment_status":"closed","ping_status":"closed","template":"","meta":{"_acf_changed":false,"footnotes":""},"categories":[64],"tags":[],"class_list":["post-58272","page","type-page","status-publish","hentry","category-kurzusok"],"acf":[],"_links":{"self":[{"href":"https:\/\/univet.hu\/hu\/wp-json\/wp\/v2\/pages\/58272","targetHints":{"allow":["GET"]}}],"collection":[{"href":"https:\/\/univet.hu\/hu\/wp-json\/wp\/v2\/pages"}],"about":[{"href":"https:\/\/univet.hu\/hu\/wp-json\/wp\/v2\/types\/page"}],"author":[{"embeddable":true,"href":"https:\/\/univet.hu\/hu\/wp-json\/wp\/v2\/users\/3837"}],"replies":[{"embeddable":true,"href":"https:\/\/univet.hu\/hu\/wp-json\/wp\/v2\/comments?post=58272"}],"version-history":[{"count":0,"href":"https:\/\/univet.hu\/hu\/wp-json\/wp\/v2\/pages\/58272\/revisions"}],"up":[{"embeddable":true,"href":"https:\/\/univet.hu\/hu\/wp-json\/wp\/v2\/pages\/677"}],"wp:attachment":[{"href":"https:\/\/univet.hu\/hu\/wp-json\/wp\/v2\/media?parent=58272"}],"wp:term":[{"taxonomy":"category","embeddable":true,"href":"https:\/\/univet.hu\/hu\/wp-json\/wp\/v2\/categories?post=58272"},{"taxonomy":"post_tag","embeddable":true,"href":"https:\/\/univet.hu\/hu\/wp-json\/wp\/v2\/tags?post=58272"}],"curies":[{"name":"wp","href":"https:\/\/api.w.org\/{rel}","templated":true}]}}