{"id":58273,"date":"2020-09-22T11:34:46","date_gmt":"2020-09-22T09:34:46","guid":{"rendered":"https:\/\/univet.hu\/?page_id=58273"},"modified":"2022-09-01T11:00:18","modified_gmt":"2022-09-01T09:00:18","slug":"hajlamosito-tenyezok-hatasai-a-szarvasmarha-peripartalis-idoszakaban","status":"publish","type":"page","link":"https:\/\/univet.hu\/hu\/oktatas\/kurzusok\/hajlamosito-tenyezok-hatasai-a-szarvasmarha-peripartalis-idoszakaban\/","title":{"rendered":"Hajlamos\u00edt\u00f3 t\u00e9nyez\u0151k hat\u00e1sai a szarvasmarha peripart\u00e1lis id\u0151szak\u00e1ban"},"content":{"rendered":"<p>A fakult\u00e1ci\u00f3 keret\u00e9ben a gradu\u00e1lis k\u00e9pz\u00e9sen t\u00falmutat\u00f3 ismereteket tan\u00edtunk a szarvasmarh\u00e1k peripart\u00e1lis id\u0151szakban el\u0151fordul\u00f3 klinikai megbeteged\u00e9seir\u0151l. A kurzus keret\u00e9ben sz\u00f3 esik a legfontosabb megbeteged\u00e9sek klinikai diagnosztikai \u00e9s ter\u00e1pi\u00e1s lehet\u0151s\u00e9geir\u0151l mind tejhaszn\u00fa, mind h\u00fashaszn\u00fa szarvasmarh\u00e1k eset\u00e9ben mind a n\u0151-, mind a h\u00edmivarban. A k\u00e9pz\u00e9s v\u00e9g\u00e9n a hallgat\u00f3k elm\u00e9leti klinikai ismeretei eg\u00e9sz\u00fclnek ki a mindennapi gyakorlatban felhaszn\u00e1lhat\u00f3 ismeretekkel.<\/p> <p>Kapcsolattart\u00f3: Dr. Szel\u00e9nyi Zolt\u00e1n<\/p>","protected":false},"excerpt":{"rendered":"<p>A fakult\u00e1ci\u00f3 keret\u00e9ben a gradu\u00e1lis k\u00e9pz\u00e9sen t\u00falmutat\u00f3 ismereteket tan\u00edtunk a szarvasmarh\u00e1k peripart\u00e1lis id\u0151szakban el\u0151fordul\u00f3 klinikai megbeteged\u00e9seir\u0151l. A kurzus keret\u00e9ben sz\u00f3 esik a legfontosabb megbeteged\u00e9sek klinikai diagnosztikai \u00e9s ter\u00e1pi\u00e1s lehet\u0151s\u00e9geir\u0151l mind tejhaszn\u00fa, mind h\u00fashaszn\u00fa szarvasmarh\u00e1k eset\u00e9ben mind a n\u0151-, mind a h\u00edmivarban. A k\u00e9pz\u00e9s v\u00e9g\u00e9n a hallgat\u00f3k elm\u00e9leti klinikai ismeretei eg\u00e9sz\u00fclnek ki a mindennapi gyakorlatban felhaszn\u00e1lhat\u00f3<\/p>\n","protected":false},"author":3837,"featured_media":0,"parent":677,"menu_order":0,"comment_status":"closed","ping_status":"closed","template":"","meta":{"_acf_changed":false,"footnotes":""},"categories":[64],"tags":[],"class_list":["post-58273","page","type-page","status-publish","hentry","category-kurzusok"],"acf":[],"_links":{"self":[{"href":"https:\/\/univet.hu\/hu\/wp-json\/wp\/v2\/pages\/58273","targetHints":{"allow":["GET"]}}],"collection":[{"href":"https:\/\/univet.hu\/hu\/wp-json\/wp\/v2\/pages"}],"about":[{"href":"https:\/\/univet.hu\/hu\/wp-json\/wp\/v2\/types\/page"}],"author":[{"embeddable":true,"href":"https:\/\/univet.hu\/hu\/wp-json\/wp\/v2\/users\/3837"}],"replies":[{"embeddable":true,"href":"https:\/\/univet.hu\/hu\/wp-json\/wp\/v2\/comments?post=58273"}],"version-history":[{"count":0,"href":"https:\/\/univet.hu\/hu\/wp-json\/wp\/v2\/pages\/58273\/revisions"}],"up":[{"embeddable":true,"href":"https:\/\/univet.hu\/hu\/wp-json\/wp\/v2\/pages\/677"}],"wp:attachment":[{"href":"https:\/\/univet.hu\/hu\/wp-json\/wp\/v2\/media?parent=58273"}],"wp:term":[{"taxonomy":"category","embeddable":true,"href":"https:\/\/univet.hu\/hu\/wp-json\/wp\/v2\/categories?post=58273"},{"taxonomy":"post_tag","embeddable":true,"href":"https:\/\/univet.hu\/hu\/wp-json\/wp\/v2\/tags?post=58273"}],"curies":[{"name":"wp","href":"https:\/\/api.w.org\/{rel}","templated":true}]}}