{"id":58397,"date":"2020-09-23T14:15:03","date_gmt":"2020-09-23T12:15:03","guid":{"rendered":"https:\/\/univet.hu\/?page_id=58397"},"modified":"2026-02-10T03:58:18","modified_gmt":"2026-02-10T02:58:18","slug":"peto-edit","status":"publish","type":"page","link":"https:\/\/univet.hu\/hu\/egyetem\/munkatarsak\/peto-edit\/","title":{"rendered":"Pet\u0151 Edit"},"content":{"rendered":"<p>beszerz\u00e9si \u00fcgyint\u00e9z\u00e9s (p\u00e1ly\u00e1zatok)<\/p>","protected":false},"excerpt":{"rendered":"<p>beszerz\u00e9si \u00fcgyint\u00e9z\u00e9s (p\u00e1ly\u00e1zatok)<\/p>\n","protected":false},"author":5824,"featured_media":0,"parent":858,"menu_order":37,"comment_status":"closed","ping_status":"closed","template":"","meta":{"_acf_changed":false,"footnotes":""},"categories":[56],"tags":[],"class_list":["post-58397","page","type-page","status-publish","hentry","category-munkatarsak"],"acf":[],"_links":{"self":[{"href":"https:\/\/univet.hu\/hu\/wp-json\/wp\/v2\/pages\/58397","targetHints":{"allow":["GET"]}}],"collection":[{"href":"https:\/\/univet.hu\/hu\/wp-json\/wp\/v2\/pages"}],"about":[{"href":"https:\/\/univet.hu\/hu\/wp-json\/wp\/v2\/types\/page"}],"author":[{"embeddable":true,"href":"https:\/\/univet.hu\/hu\/wp-json\/wp\/v2\/users\/5824"}],"replies":[{"embeddable":true,"href":"https:\/\/univet.hu\/hu\/wp-json\/wp\/v2\/comments?post=58397"}],"version-history":[{"count":1,"href":"https:\/\/univet.hu\/hu\/wp-json\/wp\/v2\/pages\/58397\/revisions"}],"predecessor-version":[{"id":199464,"href":"https:\/\/univet.hu\/hu\/wp-json\/wp\/v2\/pages\/58397\/revisions\/199464"}],"up":[{"embeddable":true,"href":"https:\/\/univet.hu\/hu\/wp-json\/wp\/v2\/pages\/858"}],"wp:attachment":[{"href":"https:\/\/univet.hu\/hu\/wp-json\/wp\/v2\/media?parent=58397"}],"wp:term":[{"taxonomy":"category","embeddable":true,"href":"https:\/\/univet.hu\/hu\/wp-json\/wp\/v2\/categories?post=58397"},{"taxonomy":"post_tag","embeddable":true,"href":"https:\/\/univet.hu\/hu\/wp-json\/wp\/v2\/tags?post=58397"}],"curies":[{"name":"wp","href":"https:\/\/api.w.org\/{rel}","templated":true}]}}