{"id":58457,"date":"2020-09-24T10:44:49","date_gmt":"2020-09-24T08:44:49","guid":{"rendered":"https:\/\/univet.hu\/?page_id=58457"},"modified":"2026-02-10T03:58:32","modified_gmt":"2026-02-10T02:58:32","slug":"toth-friderika","status":"publish","type":"page","link":"https:\/\/univet.hu\/hu\/egyetem\/munkatarsak\/toth-friderika\/","title":{"rendered":"T\u00f3th Friderika"},"content":{"rendered":"<p>szerz\u0151d\u00e9sk\u00f6t\u00e9st ig\u00e9nyl\u0151 beszerz\u00e9sek int\u00e9z\u00e9se<\/p>","protected":false},"excerpt":{"rendered":"<p>szerz\u0151d\u00e9sk\u00f6t\u00e9st ig\u00e9nyl\u0151 beszerz\u00e9sek int\u00e9z\u00e9se<\/p>\n","protected":false},"author":5824,"featured_media":0,"parent":858,"menu_order":37,"comment_status":"closed","ping_status":"closed","template":"","meta":{"_acf_changed":false,"footnotes":""},"categories":[56],"tags":[],"class_list":["post-58457","page","type-page","status-publish","hentry","category-munkatarsak"],"acf":[],"_links":{"self":[{"href":"https:\/\/univet.hu\/hu\/wp-json\/wp\/v2\/pages\/58457","targetHints":{"allow":["GET"]}}],"collection":[{"href":"https:\/\/univet.hu\/hu\/wp-json\/wp\/v2\/pages"}],"about":[{"href":"https:\/\/univet.hu\/hu\/wp-json\/wp\/v2\/types\/page"}],"author":[{"embeddable":true,"href":"https:\/\/univet.hu\/hu\/wp-json\/wp\/v2\/users\/5824"}],"replies":[{"embeddable":true,"href":"https:\/\/univet.hu\/hu\/wp-json\/wp\/v2\/comments?post=58457"}],"version-history":[{"count":1,"href":"https:\/\/univet.hu\/hu\/wp-json\/wp\/v2\/pages\/58457\/revisions"}],"predecessor-version":[{"id":199480,"href":"https:\/\/univet.hu\/hu\/wp-json\/wp\/v2\/pages\/58457\/revisions\/199480"}],"up":[{"embeddable":true,"href":"https:\/\/univet.hu\/hu\/wp-json\/wp\/v2\/pages\/858"}],"wp:attachment":[{"href":"https:\/\/univet.hu\/hu\/wp-json\/wp\/v2\/media?parent=58457"}],"wp:term":[{"taxonomy":"category","embeddable":true,"href":"https:\/\/univet.hu\/hu\/wp-json\/wp\/v2\/categories?post=58457"},{"taxonomy":"post_tag","embeddable":true,"href":"https:\/\/univet.hu\/hu\/wp-json\/wp\/v2\/tags?post=58457"}],"curies":[{"name":"wp","href":"https:\/\/api.w.org\/{rel}","templated":true}]}}