{"id":58567,"date":"2020-09-28T10:43:22","date_gmt":"2020-09-28T08:43:22","guid":{"rendered":"https:\/\/univet.hu\/?page_id=58567"},"modified":"2026-02-23T08:42:27","modified_gmt":"2026-02-23T07:42:27","slug":"torok-dora","status":"publish","type":"page","link":"https:\/\/univet.hu\/hu\/egyetem\/munkatarsak\/torok-dora\/","title":{"rendered":"Dr. Balassa-T\u00f6r\u00f6k D\u00f3ra"},"content":{"rendered":"<p><b>Elnyert p\u00e1ly\u00e1zatok:<\/b><b><\/b><\/p> <ul> <li><b>2019. \u00daj Nemzeti Kiv\u00e1l\u00f3s\u00e1g Program<\/b>: Be\u00e1gyaz\u00f3d\u00e1si faktor vizsg\u00e1lata eg\u00e9rembri\u00f3kon<\/li> <li><b>2021. \u00daj Nemzeti Kiv\u00e1l\u00f3s\u00e1g Program<\/b>: Kutya sperma eltarthat\u00f3s\u00e1gi vizsg\u00e1latok k\u00fcl\u00f6nb\u00f6z\u0151 h\u00edg\u00edt\u00f3kban, 5\u00b0C-on t\u00f6rt\u00e9n\u0151 t\u00e1rol\u00e1ssal<\/li> <\/ul> <p>&nbsp;<\/p> <p><b>Publik\u00e1ci\u00f3k:<\/b><\/p> <ul> <li><a id=\"LPlnk645237\" name=\"x_x__Hlk88662595\" data-safelink=\"true\"><\/a>\u00a0T\u00f6r\u00f6k D.,\u00a0Somosk\u0151i B., Regl\u0151di D., Tam\u00e1s A., F\u00fcl\u00f6p B., Cseh S.,<b>2018<\/b>., Hipof\u00edzis adenil\u00e1t cikl\u00e1z aktiv\u00e1l\u00f3 polipeptid hat\u00e1sa n\u0151st\u00e9ny egerek ciklus\u00e1ra \u00e9s az embri\u00f3fejl\u0151d\u00e9sre \u2013 el\u0151zetes eredm\u00e9nyek, Hungarian Veterinary Journal 140(3): 181-187<\/li> <li>Bence Somosk\u0151i, D\u00f3ra T\u00f6r\u00f6k, D\u00f3ra Regl\u0151di, Andrea Tam\u00e1s, Bal\u00e1zs D. F\u00fcl\u00f6p, S\u00e1ndor Cseh, Possible effects of pituitary adenylate cyclase activating polypeptide (PACAP) on early embryo implantation marker HB-EGF in mouse, Reproductive Biology, Volume 20, Issue 1,\u00a0<b>2020<\/b>, Pages 9-13, ISSN 1642-431X, https:\/\/doi.org\/10.1016\/j.repbio.2020.01.005.<\/li> <li>T\u00f6r\u00f6k D\u00f3ra, Somosk\u0151i Bence, M\u00fcller Linda, Bord\u00e1s Lilla, Cseh S\u00e1ndor \u0150shonos magyar kankuty\u00e1k genetikai anyag\u00e1nak meg\u0151rz\u00e9se: a sperma r\u00f6vid ideig t\u00f6rt\u00e9n\u0151 t\u00e1rol\u00e1s\u00e1val kapcsolatos vizsg\u00e1latok: El\u0151zetes eredm\u00e9nyek MAGYAR \u00c1LLATORVOSOK LAPJA 143 : 9 pp. 563-568. , 6 p. (<b>2021<\/b>)<\/li> <li>Somosk\u0151i B., T\u00f6r\u00f6k D., Regl\u0151di D., Tam\u00e1s A., F\u00fcl\u00f6p B. D., Cseh S., Effects of pituitary adenylate cyclase activating polipeptide (PACAP) on early embryo development and implantation,\u00a0ECAR\u00a0<b>2019<\/b>\u00a0Symposium<b>\u00a0<\/b>Vetmeduni Vienna, Austria, 04th-06th July 2019<\/li> <li>T\u00f6r\u00f6k D\u00f3ra, Somosk\u0151i Bence, Bord\u00e1s Lilla, Regl\u0151di D\u00f3ra, Cseh S\u00e1ndor<br aria-hidden=\"true\" \/>PACAP increases survival rate and\u00a0<i>Hbegf\u00a0<\/i>expression of blastocysts when used as an additive during vitrification, ICAR2022 + 2, Bologna (Italy), 26th-30th June\u00a0<b>2022<\/b><\/li> <\/ul> <p>&nbsp;<\/p> <p><b>TDK hallgat\u00f3k:<\/b><\/p> <p>\u00b7\u00a0\u00a0\u00a0\u00a0\u00a0\u00a0\u00a0\u00a0\u00a0Peth\u0151 Dorottya Kinga: Kutya sperma mint\u00e1k h\u0171tve t\u00e1rol\u00e1s\u00e1val kapcsolatos vizsg\u00e1latok, t\u00e9mavezet\u0151k: Dr. Bacsa M\u00f3nika, T\u00f6r\u00f6k D\u00f3ra, Dr. Cseh S\u00e1ndor,\u00a0<b>2021.<\/b><\/p> <p>\u00b7\u00a0\u00a0\u00a0\u00a0\u00a0\u00a0\u00a0\u00a0\u00a0Varga Ilona: Exog\u00e9n PACAP hat\u00e1sa az embri\u00f3k min\u0151s\u00e9g\u00e9re \u00e9s fagyaszt\u00e1s ut\u00e1ni t\u00fal\u00e9l\u00e9s\u00e9re \u00c1llatorvostudom\u00e1nyi Egyetem, Sz\u00fcl\u00e9szeti \u00e9s Szaporod\u00e1sbiol\u00f3giai Tansz\u00e9k<br aria-hidden=\"true\" \/>T\u00e9mavezet\u0151k: T\u00f6r\u00f6k D\u00f3ra, Dr. Somosk\u0151i Bence, Dr. Cseh S\u00e1ndor\u00a0<b>2022.<\/b><\/p>","protected":false},"excerpt":{"rendered":"<p>Elnyert p\u00e1ly\u00e1zatok: 2019. \u00daj Nemzeti Kiv\u00e1l\u00f3s\u00e1g Program: Be\u00e1gyaz\u00f3d\u00e1si faktor vizsg\u00e1lata eg\u00e9rembri\u00f3kon 2021. \u00daj Nemzeti Kiv\u00e1l\u00f3s\u00e1g Program: Kutya sperma eltarthat\u00f3s\u00e1gi vizsg\u00e1latok k\u00fcl\u00f6nb\u00f6z\u0151 h\u00edg\u00edt\u00f3kban, 5\u00b0C-on t\u00f6rt\u00e9n\u0151 t\u00e1rol\u00e1ssal &nbsp; Publik\u00e1ci\u00f3k: \u00a0T\u00f6r\u00f6k D.,\u00a0Somosk\u0151i B., Regl\u0151di D., Tam\u00e1s A., F\u00fcl\u00f6p B., Cseh S.,2018., Hipof\u00edzis adenil\u00e1t cikl\u00e1z aktiv\u00e1l\u00f3 polipeptid hat\u00e1sa n\u0151st\u00e9ny egerek ciklus\u00e1ra \u00e9s az embri\u00f3fejl\u0151d\u00e9sre \u2013 el\u0151zetes eredm\u00e9nyek, Hungarian Veterinary<\/p>\n","protected":false},"author":5824,"featured_media":0,"parent":858,"menu_order":38,"comment_status":"closed","ping_status":"closed","template":"","meta":{"_acf_changed":false,"footnotes":""},"categories":[56],"tags":[],"class_list":["post-58567","page","type-page","status-publish","hentry","category-munkatarsak"],"acf":[],"_links":{"self":[{"href":"https:\/\/univet.hu\/hu\/wp-json\/wp\/v2\/pages\/58567","targetHints":{"allow":["GET"]}}],"collection":[{"href":"https:\/\/univet.hu\/hu\/wp-json\/wp\/v2\/pages"}],"about":[{"href":"https:\/\/univet.hu\/hu\/wp-json\/wp\/v2\/types\/page"}],"author":[{"embeddable":true,"href":"https:\/\/univet.hu\/hu\/wp-json\/wp\/v2\/users\/5824"}],"replies":[{"embeddable":true,"href":"https:\/\/univet.hu\/hu\/wp-json\/wp\/v2\/comments?post=58567"}],"version-history":[{"count":5,"href":"https:\/\/univet.hu\/hu\/wp-json\/wp\/v2\/pages\/58567\/revisions"}],"predecessor-version":[{"id":201309,"href":"https:\/\/univet.hu\/hu\/wp-json\/wp\/v2\/pages\/58567\/revisions\/201309"}],"up":[{"embeddable":true,"href":"https:\/\/univet.hu\/hu\/wp-json\/wp\/v2\/pages\/858"}],"wp:attachment":[{"href":"https:\/\/univet.hu\/hu\/wp-json\/wp\/v2\/media?parent=58567"}],"wp:term":[{"taxonomy":"category","embeddable":true,"href":"https:\/\/univet.hu\/hu\/wp-json\/wp\/v2\/categories?post=58567"},{"taxonomy":"post_tag","embeddable":true,"href":"https:\/\/univet.hu\/hu\/wp-json\/wp\/v2\/tags?post=58567"}],"curies":[{"name":"wp","href":"https:\/\/api.w.org\/{rel}","templated":true}]}}