{"id":58706,"date":"2020-10-13T14:28:30","date_gmt":"2020-10-13T12:28:30","guid":{"rendered":"https:\/\/univet.hu\/hu\/kutatas\/deokfii\/tevekenyseg\/ujonnan-felmerulo-kockazatok-azonositasa\/ujonnan-felmerulo-kockazatok-archivuma\/name-2\/"},"modified":"2020-12-17T16:51:57","modified_gmt":"2020-12-17T15:51:57","slug":"a-barf-etetes-kockazatai","status":"publish","type":"page","link":"https:\/\/univet.hu\/hu\/kutatas\/deokfii\/tevekenyseg\/ujonnan-felmerulo-kockazatok-azonositasa\/ujonnan-felmerulo-kockazatok-archivuma\/a-barf-etetes-kockazatai\/","title":{"rendered":"A BARF etet\u00e9s kock\u00e1zatai"},"content":{"rendered":"<p>&nbsp;<\/p> <p>Egyre jobban terjed a h\u00e1zi\u00e1llatok (f\u0151leg kuty\u00e1k) nyers h\u00fassal val\u00f3 etet\u00e9se, a BARF etet\u00e9s (Biologically Appropriate Raw Food vagy Bones And Raw Food), amely az emberre is vesz\u00e9lyes mikrobiol\u00f3giai kock\u00e1zatokat rejt mag\u00e1ban. A k\u00f6zelm\u00faltban t\u00f6bb olyan \u00fcgyre is f\u00e9ny der\u00fclt, ahol a h\u00e1zi\u00e1llat \u00e9s esetenk\u00e9nt annak gazd\u00e1ja is megbetegedett a nyers h\u00fassal val\u00f3 \u00e9rintkez\u00e9s k\u00f6vetkezt\u00e9ben.<\/p> <p>2019 m\u00e1jus\u00e1ban 13-15 macska volt \u00e9rintett <em>Mycobacterium bovis<\/em> okozta tuberkul\u00f3zis megbeteged\u00e9sben, amit bizony\u00edtottan BARF etet\u00e9s okozott. Az \u00fcgy r\u00e9szletei ebben a <a href=\"https:\/\/www.thetimes.co.uk\/edition\/news\/posh-natural-pet-food-recalled-as-cats-and-their-owners-develop-bovine-tuberculosis-t90zcjskt\" target=\"_blank\" rel=\"noopener\">h\u00edrben<\/a>, illetve ezen <a href=\"https:\/\/www.ncbi.nlm.nih.gov\/pubmed\/31082328\" target=\"_blank\" rel=\"noopener\">publik\u00e1ci\u00f3ban<\/a> olvashat\u00f3k.<\/p> <p><img loading=\"lazy\" decoding=\"async\" class=\"aligncenter wp-image-58741 size-medium\" src=\"https:\/\/univet.hu\/wp-content\/uploads\/2020\/10\/bordeaux-869037_1920_2-320x270.jpg\" alt=\"\" width=\"320\" height=\"270\" srcset=\"https:\/\/univet.hu\/wp-content\/uploads\/2020\/10\/bordeaux-869037_1920_2-320x270.jpg 320w, https:\/\/univet.hu\/wp-content\/uploads\/2020\/10\/bordeaux-869037_1920_2.jpg 603w\" sizes=\"auto, (max-width: 320px) 100vw, 320px\" \/><\/p> <p><strong>Kor\u00e1bbi \u00fcgyek BARF etet\u00e9s kapcs\u00e1n<\/strong>:<\/p> <p>Az EFSA EREN (Emerging Risk Exchange Network) 2017-es \u00fcl\u00e9s\u00e9n jutott tudom\u00e1sunkra az al\u00e1bbi <a href=\"https:\/\/www.ncbi.nlm.nih.gov\/pubmed\/29774845\" target=\"_blank\" rel=\"noopener\">\u00fcgy<\/a>: egy amerikai staffordshire terrier fert\u0151z\u0151d\u00f6tt meg <em>Brucella suis<\/em>-szal (biovar 1) nyers mezei ny\u00falb\u00f3l k\u00e9sz\u00fclt nyers t\u00e1pt\u00f3l.<\/p> <p>A k\u00f3rokoz\u00f3 emberre is vesz\u00e9lyes. A brucell\u00f3zis vet\u00e9l\u00e9st, term\u00e9ketlens\u00e9get, v\u00e9rm\u00e9rgez\u00e9st (hal\u00e1lt) okozhat, de nem felt\u00e9tlen\u00fcl, ekkor neh\u00e9z felismerni (magas l\u00e1z, fejf\u00e1j\u00e1s, elesetts\u00e9g). N\u00e9h\u00e1ny ter\u00fcleten (pl. M\u00e1lta) end\u00e9mi\u00e1s. A k\u00f3rokoz\u00f3 \u00e9lelmiszerek r\u00e9v\u00e9n, pl. nyers tejterm\u00e9kek, nyers h\u00fasok, vagy bel\u00e9legz\u00e9s \u00fatj\u00e1n terjed. Tipikus v\u00e1g\u00f3h\u00eddi betegs\u00e9g (\u00e1llatorvosok, v\u00e1g\u00f3h\u00eddi dolgoz\u00f3k), de ez a kutya nem \u00e9rintkezett ilyesmivel; BARF etet\u00e9st kapott (nyers h\u00fast\/csontot).<\/p> <p>A holland hat\u00f3s\u00e1g k\u00f6vette nyomon az esetet, ami alapj\u00e1n Brucell\u00e1val szennyezett argentin mezei ny\u00fal mell\u00e9kterm\u00e9k lehetett a kutya t\u00e1pj\u00e1ban, az okozhatta a megbeteged\u00e9st. A hat\u00f3s\u00e1gok Argent\u00edn\u00e1b\u00f3l sz\u00e1rmaz\u00f3, ny\u00fal has\u00edtott testekb\u0151l vettek mint\u00e1t, a t\u00e9telekb\u0151l 30-40%-os <em>B. suis<\/em> pozitivit\u00e1st mutattak ki.<\/p> <p>&nbsp;<\/p> <p>Tov\u00e1bbi, BARF etet\u00e9ssel kapcsolatos publik\u00e1ci\u00f3k:<\/p> <ul> <li>Egy 2015-\u00f6s <a href=\"https:\/\/www.ncbi.nlm.nih.gov\/pubmed\/26490763\" target=\"_blank\" rel=\"noopener\">tanulm\u00e1ny<\/a> alapj\u00e1n ESC (extended spectrum cephalosporins) rezisztens <em>E.<\/em>\u00a0<em>coli<\/em> forr\u00e1s lehet a nyers t\u00e1p.<\/li> <li>Egy 2007-es <a href=\"https:\/\/www.ncbi.nlm.nih.gov\/pubmed\/17310625\" target=\"_blank\" rel=\"noopener\">tanulm\u00e1ny<\/a> a nyers etet\u00e9s okozta szalmonella fert\u0151z\u00e9s kuty\u00e1k \u00e1ltali terjeszt\u00e9s\u00e9re h\u00edvja fel a figyelmet.<\/li> <\/ul>","protected":false},"excerpt":{"rendered":"<p>&nbsp; Egyre jobban terjed a h\u00e1zi\u00e1llatok (f\u0151leg kuty\u00e1k) nyers h\u00fassal val\u00f3 etet\u00e9se, a BARF etet\u00e9s (Biologically Appropriate Raw Food vagy Bones And Raw Food), amely az emberre is vesz\u00e9lyes mikrobiol\u00f3giai kock\u00e1zatokat rejt mag\u00e1ban. A k\u00f6zelm\u00faltban t\u00f6bb olyan \u00fcgyre is f\u00e9ny der\u00fclt, ahol a h\u00e1zi\u00e1llat \u00e9s esetenk\u00e9nt annak gazd\u00e1ja is megbetegedett a nyers h\u00fassal val\u00f3 \u00e9rintkez\u00e9s<\/p>\n","protected":false},"author":3268,"featured_media":0,"parent":58237,"menu_order":39,"comment_status":"open","ping_status":"open","template":"","meta":{"_acf_changed":false,"footnotes":""},"categories":[],"tags":[],"class_list":["post-58706","page","type-page","status-publish","hentry"],"acf":[],"_links":{"self":[{"href":"https:\/\/univet.hu\/hu\/wp-json\/wp\/v2\/pages\/58706","targetHints":{"allow":["GET"]}}],"collection":[{"href":"https:\/\/univet.hu\/hu\/wp-json\/wp\/v2\/pages"}],"about":[{"href":"https:\/\/univet.hu\/hu\/wp-json\/wp\/v2\/types\/page"}],"author":[{"embeddable":true,"href":"https:\/\/univet.hu\/hu\/wp-json\/wp\/v2\/users\/3268"}],"replies":[{"embeddable":true,"href":"https:\/\/univet.hu\/hu\/wp-json\/wp\/v2\/comments?post=58706"}],"version-history":[{"count":0,"href":"https:\/\/univet.hu\/hu\/wp-json\/wp\/v2\/pages\/58706\/revisions"}],"up":[{"embeddable":true,"href":"https:\/\/univet.hu\/hu\/wp-json\/wp\/v2\/pages\/58237"}],"wp:attachment":[{"href":"https:\/\/univet.hu\/hu\/wp-json\/wp\/v2\/media?parent=58706"}],"wp:term":[{"taxonomy":"category","embeddable":true,"href":"https:\/\/univet.hu\/hu\/wp-json\/wp\/v2\/categories?post=58706"},{"taxonomy":"post_tag","embeddable":true,"href":"https:\/\/univet.hu\/hu\/wp-json\/wp\/v2\/tags?post=58706"}],"curies":[{"name":"wp","href":"https:\/\/api.w.org\/{rel}","templated":true}]}}