{"id":59108,"date":"2020-10-19T14:02:55","date_gmt":"2020-10-19T12:02:55","guid":{"rendered":"https:\/\/univet.hu\/?page_id=59108"},"modified":"2026-02-10T03:58:37","modified_gmt":"2026-02-10T02:58:37","slug":"balint-anna","status":"publish","type":"page","link":"https:\/\/univet.hu\/hu\/egyetem\/munkatarsak\/balint-anna\/","title":{"rendered":"B\u00e1lint Anna"},"content":{"rendered":"<p>Az al\u00e1bbi tant\u00e1rgyakkal kapcsolatos vizsg\u00e1k, leckek\u00f6nyvek \u00e9s Neptun adminisztr\u00e1ci\u00f3s feladatok ell\u00e1t\u00e1sa:<\/p> <ul> <li>Takarm\u00e1nyoz\u00e1stani I.<\/li> <li>Takarm\u00e1nyoz\u00e1stan II.<\/li> <li>Futtermittelkunde<\/li> <li>\u00c1llatkerti \u00e1llatok takarm\u00e1nyoz\u00e1sa: N\u00f6v\u00e9nyev\u0151 eml\u0151s\u00f6k<\/li> <li>Egzotikus h\u00fcll\u0151k, madarak \u00e9s kiseml\u0151s\u00f6k t\u00e1pl\u00e1l\u00e1sa<\/li> <li>L\u00f3 dietetika<\/li> <li>Lovak teljes\u00edtm\u00e9ny-\u00e9lettana \u00e9s a sportl\u00f3gy\u00f3gy\u00e1szat<\/li> <li>Pr\u00e9mes \u00e1llatok teny\u00e9szt\u00e9se \u00e9s takarm\u00e1nyoz\u00e1sa<\/li> <li>Rovarok a hum\u00e1n t\u00e1pl\u00e1lkoz\u00e1sban \u00e9s takarm\u00e1nyoz\u00e1sban<\/li> <li>T\u00f3gazdas\u00e1gi halak teny\u00e9szt\u00e9se \u00e9s takarm\u00e1nyoz\u00e1sa<\/li> <\/ul>","protected":false},"excerpt":{"rendered":"<p>Az al\u00e1bbi tant\u00e1rgyakkal kapcsolatos vizsg\u00e1k, leckek\u00f6nyvek \u00e9s Neptun adminisztr\u00e1ci\u00f3s feladatok ell\u00e1t\u00e1sa: Takarm\u00e1nyoz\u00e1stani I. Takarm\u00e1nyoz\u00e1stan II. Futtermittelkunde \u00c1llatkerti \u00e1llatok takarm\u00e1nyoz\u00e1sa: N\u00f6v\u00e9nyev\u0151 eml\u0151s\u00f6k Egzotikus h\u00fcll\u0151k, madarak \u00e9s kiseml\u0151s\u00f6k t\u00e1pl\u00e1l\u00e1sa L\u00f3 dietetika Lovak teljes\u00edtm\u00e9ny-\u00e9lettana \u00e9s a sportl\u00f3gy\u00f3gy\u00e1szat Pr\u00e9mes \u00e1llatok teny\u00e9szt\u00e9se \u00e9s takarm\u00e1nyoz\u00e1sa Rovarok a hum\u00e1n t\u00e1pl\u00e1lkoz\u00e1sban \u00e9s takarm\u00e1nyoz\u00e1sban T\u00f3gazdas\u00e1gi halak teny\u00e9szt\u00e9se \u00e9s takarm\u00e1nyoz\u00e1sa<\/p>\n","protected":false},"author":5824,"featured_media":0,"parent":858,"menu_order":38,"comment_status":"closed","ping_status":"closed","template":"","meta":{"_acf_changed":false,"footnotes":""},"categories":[56],"tags":[],"class_list":["post-59108","page","type-page","status-publish","hentry","category-munkatarsak"],"acf":[],"_links":{"self":[{"href":"https:\/\/univet.hu\/hu\/wp-json\/wp\/v2\/pages\/59108","targetHints":{"allow":["GET"]}}],"collection":[{"href":"https:\/\/univet.hu\/hu\/wp-json\/wp\/v2\/pages"}],"about":[{"href":"https:\/\/univet.hu\/hu\/wp-json\/wp\/v2\/types\/page"}],"author":[{"embeddable":true,"href":"https:\/\/univet.hu\/hu\/wp-json\/wp\/v2\/users\/5824"}],"replies":[{"embeddable":true,"href":"https:\/\/univet.hu\/hu\/wp-json\/wp\/v2\/comments?post=59108"}],"version-history":[{"count":1,"href":"https:\/\/univet.hu\/hu\/wp-json\/wp\/v2\/pages\/59108\/revisions"}],"predecessor-version":[{"id":199484,"href":"https:\/\/univet.hu\/hu\/wp-json\/wp\/v2\/pages\/59108\/revisions\/199484"}],"up":[{"embeddable":true,"href":"https:\/\/univet.hu\/hu\/wp-json\/wp\/v2\/pages\/858"}],"wp:attachment":[{"href":"https:\/\/univet.hu\/hu\/wp-json\/wp\/v2\/media?parent=59108"}],"wp:term":[{"taxonomy":"category","embeddable":true,"href":"https:\/\/univet.hu\/hu\/wp-json\/wp\/v2\/categories?post=59108"},{"taxonomy":"post_tag","embeddable":true,"href":"https:\/\/univet.hu\/hu\/wp-json\/wp\/v2\/tags?post=59108"}],"curies":[{"name":"wp","href":"https:\/\/api.w.org\/{rel}","templated":true}]}}