{"id":59342,"date":"2020-10-26T09:28:35","date_gmt":"2020-10-26T08:28:35","guid":{"rendered":"https:\/\/univet.hu\/hu\/oktatas\/tovabbkepzes\/name\/"},"modified":"2022-07-21T13:12:34","modified_gmt":"2022-07-21T11:12:34","slug":"szakmai-napok-2021","status":"publish","type":"page","link":"https:\/\/univet.hu\/hu\/oktatas\/tovabbkepzes\/szakmai-napok-2021\/","title":{"rendered":"Szakmai Napok 2021"},"content":{"rendered":"<p>&nbsp;<\/p> <p><strong><span class=\"ITWTqi_23IoOPmK3O6ErT\"><b>&#8222;<\/b><\/span><b><span class=\"_15gqBTUta5ZVWkGNTkvx90\">\u00c1ltal\u00e1nos line\u00e1ris \u00e9s nemline\u00e1ris modellek<\/span>&#8221;\u00a0 online k\u00e9pz\u00e9s <\/b><br \/> <\/strong><\/p> <p>Hirdet\u00e9s:\u00a0 <a href=\"https:\/\/univet.hu\/wp-content\/uploads\/2021\/07\/Linmod-hirdete\u0301s-A4-210729.pdf\">Itt<\/a><\/p> <p>Jelentkez\u00e9si lap: <a href=\"https:\/\/forms.office.com\/Pages\/ResponsePage.aspx?id=cI-IPWq9kUSJE9qdG6_HR6U2mupHfSZPuW1DaX-WBj9UN0VaSkhBSzkwUU1XUTVLSEhXNkxDUDVXMy4u\">Itt<\/a><\/p> <p>R\u00e9szv\u00e9teli d\u00edj: 69.000 Ft<\/p> <p>A k\u00e9pz\u00e9s id\u0151pontja: 2021. november 5., november 12., november 19., november 26., december 3 &#8211; 10 -17.<\/p> <p>Jelentkez\u00e9si hat\u00e1rid\u0151: 2021. okt\u00f3ber 22.<\/p> <p>Tanulm\u00e1nyi felel\u0151s: Szem\u0151k Szilvia (<a class=\"decrypt\" rel=\"t{fnpl\/t{jmwjbAvojwfu\/iv\" href=\"javascript:void(0);\">[Kattintson az emailc\u00edmhez]<\/a>)<\/p> <p>&nbsp;<\/p> <p>&nbsp;<\/p> <p><strong>&#8222;S\u00fcrg\u0151ss\u00e9gi betegell\u00e1t\u00e1s a kis\u00e1llatgy\u00f3gy\u00e1szatban szakmai napok (2 nap)&#8221;\u00a0 2021.11.27-28.<br \/> <\/strong><\/p> <p class=\"x_MsoNormal\">Hirdet\u00e9s: <a href=\"https:\/\/univet.hu\/wp-content\/uploads\/2021\/10\/Su\u0308rgo\u030bsse\u0301gi-betegella\u0301ta\u0301s-A4-211020_01-2021.10.21..pdf\">itt<\/a><\/p> <p class=\"x_MsoNormal\">Jelentkez\u00e9si lap: <a href=\"https:\/\/forms.office.com\/Pages\/ResponsePage.aspx?id=cI-IPWq9kUSJE9qdG6_HR6U2mupHfSZPuW1DaX-WBj9UNUxPMUhDQllCS1dTMDZVTTJFUVFBMEZWTC4u\">itt<\/a><\/p> <p class=\"x_MsoNormal\">R\u00e9szv\u00e9teli d\u00edj: 42\u00a0000 Ft<\/p> <p class=\"x_MsoNormal\">Jelentkez\u00e9si hat\u00e1rid\u0151: 2021. november 13.<\/p> <p class=\"x_MsoNormal\">Helysz\u00edn: \u00c1llatorvostudom\u00e1nyi Egyetem, Aula<\/p> <p class=\"x_MsoNormal\">K\u00e9pz\u00e9s adminisztr\u00e1tora: B\u00e1lint Ildik\u00f3 (<a class=\"decrypt\" rel=\"cbmjou\/jmejlpAvojwfu\/iv\" href=\"javascript:void(0);\">[Kattintson az emailc\u00edmhez]<\/a>)<\/p> <p style=\"text-align: center;\"> <p><strong><span class=\"ITWTqi_23IoOPmK3O6ErT\"><b>&#8222;Bevezet\u00e9s az R haszn\u00e1lat\u00e1ba<\/b><\/span><b>&#8221;\u00a0 online k\u00e9pz\u00e9s <\/b><br \/> <\/strong><\/p> <p>Hirdet\u00e9s:\u00a0 <a href=\"https:\/\/univet.hu\/wp-content\/uploads\/2021\/07\/Statisztika-hirdete\u0301s-A4-2107161.pdf\">Itt\u00a0<\/a><\/p> <p>Jelentkez\u00e9si lap: <a href=\"https:\/\/forms.office.com\/Pages\/ResponsePage.aspx?id=cI-IPWq9kUSJE9qdG6_HR6U2mupHfSZPuW1DaX-WBj9URERVNFRUVFFTNEFNOU40TTdYNVlOUkZSMi4u\">Itt<\/a><\/p> <p>R\u00e9szv\u00e9teli d\u00edj: 45.000 Ft<\/p> <p>A k\u00e9pz\u00e9s id\u0151pontja: 2021. okt\u00f3ber 8., okt\u00f3ber 15., okt\u00f3ber 22. \u00e9s okt\u00f3ber 29-\u00e9n,<br \/> (4 alkalom) &#8211; p\u00e9nteki napokon 8:30-t\u00f3l 12:00-ig.<\/p> <p>Jelentkez\u00e9si hat\u00e1rid\u0151: 2021. szeptember 24.<\/p> <p>Tanulm\u00e1nyi felel\u0151s: Szem\u0151k Szilvia (<a class=\"decrypt\" rel=\"t{fnpl\/t{jmwjbAvojwfu\/iv\" href=\"javascript:void(0);\">[Kattintson az emailc\u00edmhez]<\/a>)<\/p> <p>&nbsp;<\/p> <p><b>&#8222;Kuty\u00e1k \u00e9s macsk\u00e1k veseprobl\u00e9m\u00e1i \u2013 Kives\u00e9zz\u00fck a ves\u00e9t \u2013 Tov\u00e1bbk\u00e9pz\u00e9s \u00e1llatorvosi asszisztenseknek<\/b><strong>&#8221; 2021.10.16.<\/strong><\/p> <p class=\"x_MsoNormal\">Hirdet\u00e9s: <a href=\"https:\/\/univet.hu\/wp-content\/uploads\/2021\/09\/A-kutya\u0301k-e\u0301s-macska\u0301k-veseproble\u0301ma\u0301i-A4-210913_01.pdf\">ITT<\/a><\/p> <p class=\"x_MsoNormal\">Jelentkez\u00e9si lap: <a href=\"https:\/\/forms.office.com\/Pages\/ResponsePage.aspx?id=cI-IPWq9kUSJE9qdG6_HR6U2mupHfSZPuW1DaX-WBj9UOFhLVTZBMk1QUzhCNzJHSDQyRVZEQkJDOC4u\">itt<\/a><\/p> <p class=\"x_MsoNormal\">R\u00e9szv\u00e9teli d\u00edj: 24\u00a0500 Ft \u2013 jelenl\u00e9ti<\/p> <p class=\"x_MsoNormal\">\u00a0\u00a0\u00a0\u00a0\u00a0\u00a0\u00a0\u00a0\u00a0\u00a0\u00a0\u00a0\u00a0\u00a0\u00a0\u00a0\u00a0\u00a0\u00a0\u00a0\u00a0\u00a0\u00a0\u00a0\u00a0\u00a0\u00a0\u00a0\u00a0\u00a0 19\u00a0500 Ft &#8211; online<\/p> <p class=\"x_MsoNormal\">jelentkez\u00e9si hat\u00e1rid\u0151: 2021. okt\u00f3ber 2. 23:59<\/p> <p class=\"x_MsoNormal\">Helysz\u00edn: \u00c1TE Tolnay<\/p> <p class=\"x_MsoNormal\">Felel\u0151s: Szem\u0151k Szilvia (<a class=\"decrypt\" rel=\"t{fnpl\/t{jmwjbAvojwfu\/iv\" href=\"javascript:void(0);\">[Kattintson az emailc\u00edmhez]<\/a>)<\/p> <p>&nbsp;<\/p> <p><strong><span class=\"ITWTqi_23IoOPmK3O6ErT\"><b>&#8222;A hazai vadeg\u00e9szs\u00e9g\u00fcgy \u00e9s vadgazd\u00e1lkod\u00e1s aktu\u00e1lis k\u00e9rd\u00e9sei 2021&#8221;\u00a0 2021.10.07.<br \/> <\/b><\/span><\/strong><\/p> <p>Hirdet\u00e9s:\u00a0 <a href=\"https:\/\/univet.hu\/wp-content\/uploads\/2021\/09\/A-hazai-vadeg\u00e9szs\u00e9g\u00fcgy-\u00e9s-vadgazd\u00e1lkod\u00e1s-aktu\u00e1lis-k\u00e9rd\u00e9sei-2021-1.pdf\">Itt<\/a><\/p> <p>Jelentkez\u00e9si lap: <a href=\"https:\/\/forms.office.com\/Pages\/ResponsePage.aspx?id=cI-IPWq9kUSJE9qdG6_HR6U2mupHfSZPuW1DaX-WBj9UMERNQVI0QjdBRzJOT0hCWldVUlpPVzFUSi4u\">Itt<\/a><\/p> <p class=\"x_MsoNormal\">A rendezv\u00e9ny t\u00e9r\u00edt\u00e9smentes, de el\u0151zetes regisztr\u00e1ci\u00f3hoz k\u00f6t\u00f6tt.<\/p> <p class=\"x_MsoNormal\">Jelentkez\u00e9si hat\u00e1rid\u0151: 2021. okt\u00f3ber 3.<\/p> <p class=\"x_MsoNormal\">Helysz\u00edn: \u00c1llatorvostudom\u00e1nyi Egyetem, Aula<\/p> <p class=\"x_MsoNormal\">Tov\u00e1bbi inform\u00e1ci\u00f3: Dr. Gyurcs\u00f3 Adrienn (<a class=\"decrypt\" rel=\"hzvsdtp\/besjfooAvojwfu\/iv\" href=\"javascript:void(0);\">[Kattintson az emailc\u00edmhez]<\/a>)<\/p> <p>&nbsp;<\/p> <p><strong><span class=\"ITWTqi_23IoOPmK3O6ErT\"><b>&#8222;<\/b><\/span><b>Egy\u00fcttm\u0171k\u00f6d\u00e9s \u00e9s kapcsolat\u00e9p\u00edt\u00e9s \u2013 interakt\u00edv workshop &#8211; saj\u00e1t m\u0171k\u00f6d\u00e9s\u00fcnkr\u0151l a kuty\u00e1k szemsz\u00f6g\u00e9b\u0151l&#8221; 2021.09.21.<\/b><br \/> <\/strong><\/p> <p>Hirdet\u00e9s:\u00a0 <a href=\"https:\/\/univet.hu\/wp-content\/uploads\/2021\/07\/Egy\u00fcttm\u0171k\u00f6d\u00e9s-\u00e9s-kapcsolat\u00e9p\u00edt\u00e9s-szakmai-nap-\u00c1TE-210921.pdf\">Itt<\/a><\/p> <p>Jelentkez\u00e9si lap: <a href=\"https:\/\/forms.office.com\/Pages\/ResponsePage.aspx?id=cI-IPWq9kUSJE9qdG6_HR6U2mupHfSZPuW1DaX-WBj9UN0dCS0RDSEYwUU0yVk5HRVNJODIzQ1hPTC4u\">Itt<\/a><\/p> <p>R\u00e9szv\u00e9teli d\u00edj: 9.000 Ft<\/p> <p>Jelentkez\u00e9si hat\u00e1rid\u0151: 2021. szeptember 7. (kedd) 23:59.<\/p> <p>Helysz\u00edn:\u00a0 \u00c1llatorvostudom\u00e1nyi Egyetem, 1078 Budapest Istv\u00e1n u. 2. \u201eH\u201d \u00e9p\u00fclet Tolnay terem<\/p> <p>Tanulm\u00e1nyi felel\u0151s: Szem\u0151k Szilvia (<a class=\"decrypt\" rel=\"t{fnpl\/t{jmwjbAvojwfu\/iv\" href=\"javascript:void(0);\">[Kattintson az emailc\u00edmhez]<\/a>)<\/p> <p>&nbsp;<\/p> <p><strong><span class=\"ITWTqi_23IoOPmK3O6ErT\"><b>&#8222;\u00dcll\u0151i est\u00e9k &#8211; L\u00f3gy\u00f3gy\u00e1szati aktualit\u00e1sok <\/b>\u201d<\/span>\u00a0 egy napos online k\u00e9pz\u00e9s, 2021. szeptember 09. (cs\u00fct\u00f6rt\u00f6k)\u00a0 16:00<br \/> <\/strong><\/p> <p>Hirdet\u00e9s:\u00a0 <a href=\"https:\/\/univet.hu\/wp-content\/uploads\/2021\/08\/U\u0308llo\u030bi-este\u0301k-hirdete\u0301s-A4-210817_01.pdf\">Itt<\/a><\/p> <p>Jelentkez\u00e9si lap: <a href=\"https:\/\/forms.office.com\/Pages\/ResponsePage.aspx?id=cI-IPWq9kUSJE9qdG6_HR6U2mupHfSZPuW1DaX-WBj9UM041NDI2SldPRlY2N1M4Sk0zMlc0T09RVC4u\">Itt<\/a><\/p> <p>R\u00e9szv\u00e9teli d\u00edj: 22.000 Ft<\/p> <p>Jelentkez\u00e9si hat\u00e1rid\u0151: 2021. augusztus 25. (szerda) 23:59.<\/p> <p>Helysz\u00edn:\u00a0 \u00c1llatorvostudom\u00e1nyi Egyetem &#8211; L\u00f3gy\u00f3gy\u00e1szati Tansz\u00e9k \u00e9s Klinika, \u00dcll\u0151, D\u00f3ra major<\/p> <p>Tanulm\u00e1nyi felel\u0151s: B\u00e1lint Ildik\u00f3 tov\u00e1bbk\u00e9pz\u00e9si el\u0151ad\u00f3\u00a0<strong>\u00a0<\/strong>(<a class=\"decrypt\" rel=\"cbmjou\/jmejlpAvojwfu\/iv\"><a class=\"decrypt\" rel=\"cbmjou\/jmejlpAvojwfu\/iv\" href=\"javascript:void(0);\">[Kattintson az emailc\u00edmhez]<\/a><\/a>)<\/p> <p>&nbsp;<\/p> <p><strong><span class=\"ITWTqi_23IoOPmK3O6ErT\"><b>&#8222;B\u0151v\u00edtett fokozat\u00fa sug\u00e1rv\u00e9delmi tanfolyam<\/b>\u201d<\/span>\u00a0 h\u00e1rom napos online egyetemi k\u00e9pz\u00e9s, 2021. m\u00e1jus 26-27-28.<br \/> <\/strong><\/p> <p>Hirdet\u00e9s: <a href=\"https:\/\/univet.hu\/wp-content\/uploads\/2021\/04\/Suga\u0301rve\u0301delmi-hirdete\u0301s-A4-210407.pdf\">Itt<\/a><\/p> <p>Jelentkez\u00e9si lap: <a href=\"https:\/\/forms.office.com\/Pages\/ResponsePage.aspx?id=cI-IPWq9kUSJE9qdG6_HR6U2mupHfSZPuW1DaX-WBj9UOUlSSE8yNldNU0hTMzdKWTMwNDk1TVdIVi4u\">Itt<\/a><\/p> <p>R\u00e9szv\u00e9teli d\u00edj: 49.000 Ft<\/p> <p>Jelentkez\u00e9si hat\u00e1rid\u0151: 2021. m\u00e1jus 16.<\/p> <p>Tanulm\u00e1nyi felel\u0151s: B\u00e1lint Ildik\u00f3 tov\u00e1bbk\u00e9pz\u00e9si el\u0151ad\u00f3\u00a0<strong>\u00a0<\/strong>(<a class=\"decrypt\" rel=\"cbmjou\/jmejlpAvojwfu\/iv\">[<a class=\"decrypt\" rel=\"cbmjou\/jmejlpAvojwfu\/iv\" href=\"javascript:void(0);\">[Kattintson az emailc\u00edmhez]<\/a>]<\/a>)<\/p> <p>&nbsp;<\/p> <p><strong>&#8222;\u00dajdons\u00e1gok a t\u0151gyeg\u00e9szs\u00e9g\u00fcgyi menedzsmentben&#8221; szakmai nap 2021. m\u00e1jus 12.<\/strong><\/p> <p>Hirdet\u00e9s: <a href=\"https:\/\/univet.hu\/wp-content\/uploads\/2021\/05\/Fenntarthato\u0301-a\u0301rutejtermele\u0301s-hirdete\u0301s-A4-210430_01-05.03..pdf\">Itt<\/a><\/p> <p>Jelentkez\u00e9si lap: <a href=\"https:\/\/forms.office.com\/Pages\/ResponsePage.aspx?id=cI-IPWq9kUSJE9qdG6_HR6U2mupHfSZPuW1DaX-WBj9UNDhEM0dCWVFRTjg5VUlWWkI5VkZITjhDSC4u\">Itt<\/a><\/p> <p><b>A rendezv\u00e9ny t\u00e9r\u00edt\u00e9smentes, de el\u0151zetes regisztr\u00e1ci\u00f3hoz k\u00f6t\u00f6tt.<\/b><\/p> <p>Jelentkez\u00e9si hat\u00e1rid\u0151: 2021. m\u00e1jus 05.<\/p> <p>Tanulm\u00e1nyi felel\u0151s: B\u00e1lint Ildik\u00f3 tov\u00e1bbk\u00e9pz\u00e9si el\u0151ad\u00f3\u00a0<strong>\u00a0<\/strong>(<a class=\"decrypt\" rel=\"cbmjou\/jmejlpAvojwfu\/iv\">[<a class=\"decrypt\" rel=\"cbmjou\/jmejlpAvojwfu\/iv\" href=\"javascript:void(0);\">[Kattintson az emailc\u00edmhez]<\/a>]<\/a>)<\/p> <p>&nbsp;<\/p> <p><strong>&#8222;Bevezet\u00e9s a statisztik\u00e1ba R-rel&#8221; (online + e-learning) \u2013 5 alkalmas egyetemi k\u00e9pz\u00e9s 2021. \u00e1prilis 9-t\u0151l (p\u00e9ntek)<\/strong><\/p> <p>Hirdet\u00e9s:\u00a0<a href=\"https:\/\/univet.hu\/wp-content\/uploads\/2021\/02\/Statisztika-hirdete\u0301s-A4-210202_01.pdf\">Itt<\/a><\/p> <p>Jelentkez\u00e9si lap:\u00a0<a href=\"https:\/\/forms.office.com\/Pages\/ResponsePage.aspx?id=cI-IPWq9kUSJE9qdG6_HR6U2mupHfSZPuW1DaX-WBj9UNVM4QUoxODRXODA0UUxMUFFIUEszWVhXSS4u&amp;wdLOR=c1E7AA177-F726-4684-8DAB-AAA46C046C66\" target=\"_blank\" rel=\"noopener noreferrer\" data-auth=\"NotApplicable\">Itt<\/a><\/p> <p>R\u00e9szv\u00e9teli d\u00edj: 75.000 Ft<\/p> <p>Jelentkez\u00e9si hat\u00e1rid\u0151: 2021. m\u00e1rcius 28.<\/p> <p>Tanulm\u00e1nyi felel\u0151s: Szem\u0151k Szilvia (<a class=\"decrypt\" rel=\"t{fnpl\/t{jmwjbAvojwfu\/iv\" href=\"javascript:void(0);\">[Kattintson az emailc\u00edmhez]<\/a>)<\/p> <p>&nbsp;<\/p> <p><strong>&#8222;A galamb-eg\u00e9szs\u00e9g\u00fcgy aktu\u00e1lis k\u00e9rd\u00e9sei a gyakorl\u00f3 \u00e1llatorvos szemsz\u00f6g\u00e9b\u0151l&#8221;<\/strong>\u00a0<strong>online egyetemi k\u00e9pz\u00e9s, 2021. m\u00e1rcius 19. (p\u00e9ntek)<\/strong><\/p> <p>Hirdet\u00e9s:\u00a0<a href=\"https:\/\/univet.hu\/wp-content\/uploads\/2021\/02\/Galamba\u0301szat-hirdete\u0301s-A4-210203_02.pdf\" target=\"_blank\" rel=\"noopener\">Itt<\/a><\/p> <p>Jelentkez\u00e9si lap:\u00a0<a href=\"https:\/\/forms.office.com\/Pages\/ResponsePage.aspx?id=cI-IPWq9kUSJE9qdG6_HR6U2mupHfSZPuW1DaX-WBj9UQkc1UEdZT0VMTTRCQjdOODNSTVFJNlBWRC4u&amp;wdLOR=c501455AD-6BA4-4B26-B2A3-3D584DA8A4D3\" target=\"_blank\" rel=\"noopener noreferrer\" data-auth=\"NotApplicable\">Itt<\/a><\/p> <p>R\u00e9szv\u00e9teli d\u00edj: 25.000 Ft<\/p> <p>Jelentkez\u00e9si hat\u00e1rid\u0151: 2021. m\u00e1rcius 5.<\/p> <p>Tanulm\u00e1nyi felel\u0151s: Szem\u0151k Szilvia (<a class=\"decrypt\" rel=\"t{fnpl\/t{jmwjbAvojwfu\/iv\" href=\"javascript:void(0);\">[Kattintson az emailc\u00edmhez]<\/a>)<\/p> <p>&nbsp;<\/p> <p><strong><span class=\"ITWTqi_23IoOPmK3O6ErT\">\u201cKib\u0151l lesz \u00e1llatk\u00ednz\u00f3? Az \u00e1llatb\u00e1ntalmaz\u00f3k profilja \u201d<\/span> egynapos egyetemi k\u00e9pz\u00e9s, 2021. febru\u00e1r 26.<br \/> <\/strong><\/p> <p>Hirdet\u00e9s: <a href=\"https:\/\/univet.hu\/wp-content\/uploads\/2021\/02\/A\u0301llatba\u0301ntalmaza\u0301s-hirdete\u0301s-A4-210209.pdf\">It<\/a><a href=\"https:\/\/univet.hu\/wp-content\/uploads\/2021\/02\/A\u0301llatba\u0301ntalmaza\u0301s-hirdete\u0301s-A4-210215.pdf\">t<\/a><\/p> <p>Jelentkez\u00e9si lap: <a href=\"https:\/\/forms.office.com\/Pages\/ResponsePage.aspx?id=cI-IPWq9kUSJE9qdG6_HR6U2mupHfSZPuW1DaX-WBj9UOE9GMTBTOVNVVjJVRkFEMTJHRzRLU0E5Sy4u\">Itt<\/a><\/p> <p>R\u00e9szv\u00e9teli d\u00edj: 9.900 Ft<\/p> <p>Jelentkez\u00e9si hat\u00e1rid\u0151: 2021. febru\u00e1r 12.<\/p> <p>Tanulm\u00e1nyi felel\u0151s: B\u00e1lint Ildik\u00f3 tov\u00e1bbk\u00e9pz\u00e9si el\u0151ad\u00f3\u00a0<strong>\u00a0<\/strong>(<a class=\"decrypt\" rel=\"cbmjou\/jmejlpAvojwfu\/iv\">[<a class=\"decrypt\" rel=\"cbmjou\/jmejlpAvojwfu\/iv\" href=\"javascript:void(0);\">[Kattintson az emailc\u00edmhez]<\/a>]<\/a>)<\/p> <p>&nbsp;<\/p> <p><strong><span class=\"ITWTqi_23IoOPmK3O6ErT\">\u201c<span class=\"marksy54bycek\" data-markjs=\"true\" data-ogac=\"\" data-ogab=\"\" data-ogsc=\"\" data-ogsb=\"\">Antibakter<\/span>i\u00e1lis \u00e9s gombaellenes szerek klinikai farmakol\u00f3gi\u00e1ja a kis\u00e1llat-gy\u00f3gy\u00e1szatban\u201d<\/span> szakmai nap, 2021. janu\u00e1r 19-20.<br \/> <\/strong><\/p> <p>Hirdet\u00e9s: <a href=\"https:\/\/univet.hu\/wp-content\/uploads\/2020\/12\/Antibakt-hirdete\u0301s-A4-201207.pdf\">Itt<\/a><\/p> <p>Jelentkez\u00e9si lap: <a href=\"https:\/\/forms.office.com\/Pages\/ResponsePage.aspx?id=cI-IPWq9kUSJE9qdG6_HR6U2mupHfSZPuW1DaX-WBj9UNVRWTVNXNzBYTTk5NFBaMTU4NjRYWVdCNS4u\">Itt<\/a><\/p> <p>R\u00e9szv\u00e9teli d\u00edj: 42.000 Ft<\/p> <p>Jelentkez\u00e9si hat\u00e1rid\u0151:<strong> 2021. janu\u00e1r 11. (h\u00e9tf\u0151) 23:45-ig.<\/strong><\/p> <p>Tanulm\u00e1nyi felel\u0151s: B\u00e1lint Ildik\u00f3 tov\u00e1bbk\u00e9pz\u00e9si el\u0151ad\u00f3\u00a0<strong>\u00a0<\/strong>(<a class=\"decrypt\" rel=\"cbmjou\/jmejlpAvojwfu\/iv\">[<a class=\"decrypt\" rel=\"cbmjou\/jmejlpAvojwfu\/iv\" href=\"javascript:void(0);\">[Kattintson az emailc\u00edmhez]<\/a>]<\/a>)<\/p> <p>&nbsp;<\/p> <p>&nbsp;<\/p> <p>&nbsp;<\/p> <p>&nbsp;<\/p>","protected":false},"excerpt":{"rendered":"<p>&nbsp; &#8222;\u00c1ltal\u00e1nos line\u00e1ris \u00e9s nemline\u00e1ris modellek&#8221;\u00a0 online k\u00e9pz\u00e9s Hirdet\u00e9s:\u00a0 Itt Jelentkez\u00e9si lap: Itt R\u00e9szv\u00e9teli d\u00edj: 69.000 Ft A k\u00e9pz\u00e9s id\u0151pontja: 2021. november 5., november 12., november 19., november 26., december 3 &#8211; 10 -17. Jelentkez\u00e9si hat\u00e1rid\u0151: 2021. okt\u00f3ber 22. Tanulm\u00e1nyi felel\u0151s: Szem\u0151k Szilvia ([Kattintson az emailc\u00edmhez]) &nbsp; &nbsp; &#8222;S\u00fcrg\u0151ss\u00e9gi betegell\u00e1t\u00e1s a kis\u00e1llatgy\u00f3gy\u00e1szatban szakmai napok (2<\/p>\n","protected":false},"author":2518,"featured_media":0,"parent":680,"menu_order":237,"comment_status":"open","ping_status":"open","template":"","meta":{"_acf_changed":false,"footnotes":""},"categories":[],"tags":[],"class_list":["post-59342","page","type-page","status-publish","hentry"],"acf":[],"_links":{"self":[{"href":"https:\/\/univet.hu\/hu\/wp-json\/wp\/v2\/pages\/59342","targetHints":{"allow":["GET"]}}],"collection":[{"href":"https:\/\/univet.hu\/hu\/wp-json\/wp\/v2\/pages"}],"about":[{"href":"https:\/\/univet.hu\/hu\/wp-json\/wp\/v2\/types\/page"}],"author":[{"embeddable":true,"href":"https:\/\/univet.hu\/hu\/wp-json\/wp\/v2\/users\/2518"}],"replies":[{"embeddable":true,"href":"https:\/\/univet.hu\/hu\/wp-json\/wp\/v2\/comments?post=59342"}],"version-history":[{"count":0,"href":"https:\/\/univet.hu\/hu\/wp-json\/wp\/v2\/pages\/59342\/revisions"}],"up":[{"embeddable":true,"href":"https:\/\/univet.hu\/hu\/wp-json\/wp\/v2\/pages\/680"}],"wp:attachment":[{"href":"https:\/\/univet.hu\/hu\/wp-json\/wp\/v2\/media?parent=59342"}],"wp:term":[{"taxonomy":"category","embeddable":true,"href":"https:\/\/univet.hu\/hu\/wp-json\/wp\/v2\/categories?post=59342"},{"taxonomy":"post_tag","embeddable":true,"href":"https:\/\/univet.hu\/hu\/wp-json\/wp\/v2\/tags?post=59342"}],"curies":[{"name":"wp","href":"https:\/\/api.w.org\/{rel}","templated":true}]}}