{"id":59934,"date":"2020-11-09T12:13:44","date_gmt":"2020-11-09T11:13:44","guid":{"rendered":"https:\/\/univet.hu\/hu\/egyetem\/munkatarsak\/csatari-dora\/"},"modified":"2026-02-10T03:57:47","modified_gmt":"2026-02-10T02:57:47","slug":"dr-csatari-dora","status":"publish","type":"page","link":"https:\/\/univet.hu\/hu\/egyetem\/munkatarsak\/dr-csatari-dora\/","title":{"rendered":"Csat\u00e1ri D\u00f3ra"},"content":{"rendered":"<p style=\"text-align: center\"><strong>Bemutatkoz\u00e1s<\/strong><\/p> <p>Dr. Csat\u00e1ri D\u00f3ra Budapesten sz\u00fcletett, k\u00f6z\u00e9piskol\u00e1s tanulm\u00e1nyait a budapesti Szent Istv\u00e1n Gimn\u00e1ziumban folytatta, majd az \u00e9retts\u00e9gi ut\u00e1n felv\u00e9telizett, akkor m\u00e9g a Szent Istv\u00e1n Egyetem \u00c1llatorvostudom\u00e1nyi Kar\u00e1ra. Diplom\u00e1j\u00e1t m\u00e1r az \u00f6n\u00e1ll\u00f3 \u00c1llatorvostudom\u00e1nyi Egyetemen vehette \u00e1t 2020-ban. A v\u00e9gz\u00e9s ut\u00e1n csatlakozott az Egzotikus\u00e1llat-\u00e9s Vadeg\u00e9szs\u00e9g\u00fcgyi Tansz\u00e9k klinikus munkat\u00e1rsaihoz, majd 2021-ben sikeres PhD felv\u00e9teli ut\u00e1n folytatja kutat\u00e1s\u00e1t a Tansz\u00e9ken. Ezzel p\u00e1rhuzamban 2020-ban elkezdte az Egzotikus \u00e1llatok gy\u00f3gy\u00e1szata szak\u00e1llatorvos szakir\u00e1ny\u00fa tov\u00e1bbk\u00e9pz\u00e9st is.<\/p> <p><strong>F\u0151bb kutat\u00e1si ter\u00fcletek:<\/strong><\/p> <p>egzotikus kiseml\u0151s\u00f6k megbeteged\u00e9sei, seb\u00e9szete<\/p> <p><strong>El\u0151rehalad\u00e1s<\/strong><\/p> <table style=\"height: 154px\" width=\"894\"> <tbody> <tr> <td style=\"width: 108.662px\">2020<\/td> <td style=\"width: 771.737px\">\u00c1llatorvos<\/td> <\/tr> <tr> <td style=\"width: 108.662px\">2021<\/td> <td style=\"width: 771.737px\">PhD. tanulm\u00e1nyok kezdete<\/td> <\/tr> <tr> <td style=\"width: 108.662px\">2023<\/td> <td style=\"width: 771.737px\">Egzotikus \u00e1llatok szak\u00e1llatorvosa<\/td> <\/tr> <tr> <td style=\"width: 108.662px\">2025<\/td> <td style=\"width: 771.737px\">\u00c1llatorvos-menedzser szak\u00e1llatorvos<\/td> <\/tr> <\/tbody> <\/table> <p>&nbsp;<\/p> <p>&nbsp;<\/p> <table style=\"height: 172px\" width=\"791\"> <tbody> <tr style=\"height: 43px\"> <td style=\"width: 182px;height: 43px;text-align: center\"><strong>Munkahelyek<\/strong><\/td> <td style=\"width: 331.047px;height: 43px;text-align: center\"><strong>Int\u00e9zm\u00e9ny neve<\/strong><\/td> <td style=\"width: 255.953px;height: 43px;text-align: center\"><strong>beoszt\u00e1s<\/strong><\/td> <\/tr> <tr style=\"height: 63px\"> <td style=\"width: 182px;height: 63px;text-align: center\">2021-<\/td> <td style=\"width: 331.047px;height: 63px;text-align: center\">\u00c1llatorvostudom\u00e1nyi Egyetem, Egzotikus\u00e1llat-\u00e9s Vadeg\u00e9szs\u00e9g\u00fcgyi Tansz\u00e9k<\/td> <td style=\"width: 255.953px;height: 63px;text-align: center\">PhD hallgat\u00f3, klinikus \u00e1llatorvos<\/td> <\/tr> <tr style=\"height: 66px\"> <td style=\"width: 182px;height: 66px;text-align: center\">2020-2021<\/td> <td style=\"width: 331.047px;height: 66px;text-align: center\">\u00c1llatorvostudom\u00e1nyi Egyetem, Egzotikus\u00e1llat-\u00e9s Vadeg\u00e9szs\u00e9g\u00fcgyi Tansz\u00e9k<\/td> <td style=\"width: 255.953px;height: 66px;text-align: center\">klinikus \u00e1llatorvos<\/td> <\/tr> <\/tbody> <\/table> <p>&nbsp;<\/p> <p><strong>Publik\u00e1ci\u00f3s lista (Top10)<\/strong><\/p> <p>MTMT:<\/p> <table style=\"height: 115px\"> <tbody> <tr style=\"height: 91px\"> <td style=\"height: 91px;width: 13.25px\">1.<\/td> <td style=\"height: 91px;width: 879.75px\"> <ol> <li>N\u00f3gr\u00e1di AL, Cope I, Csat\u00e1ri D, Arany-T\u00f3th A, Dud\u00e1s-Gy\u00f6rki Z, Vajdovich P, N\u00e9meth T, Hetyey Cs. Diagnosis and surgical managment of idiopathic bile duct cysts in a bearded dragon (Pogona vitticeps). UK VET COMPANION ANIMAL 27:(1) pp.1-5 (2022)<\/li> <\/ol> <\/td> <\/tr> <tr style=\"height: 24px\"> <td style=\"height: 24px;width: 13.25px\">2.<\/td> <td style=\"height: 24px;width: 879.75px\"> <ol> <li>N\u00f3gr\u00e1di AL, Kojer J, Csat\u00e1ri D, Cope I, N\u00e9meth T. Facial reconstructive surgery after tumour removal in a guinea pig (Cavia porcellus). UK VET COMPANION ANIMAL 26:(1) pp.1-4 (2021)<\/li> <\/ol> <\/td> <\/tr> <\/tbody> <\/table> <p>&nbsp;<\/p>","protected":false},"excerpt":{"rendered":"<p>Bemutatkoz\u00e1s Dr. Csat\u00e1ri D\u00f3ra Budapesten sz\u00fcletett, k\u00f6z\u00e9piskol\u00e1s tanulm\u00e1nyait a budapesti Szent Istv\u00e1n Gimn\u00e1ziumban folytatta, majd az \u00e9retts\u00e9gi ut\u00e1n felv\u00e9telizett, akkor m\u00e9g a Szent Istv\u00e1n Egyetem \u00c1llatorvostudom\u00e1nyi Kar\u00e1ra. Diplom\u00e1j\u00e1t m\u00e1r az \u00f6n\u00e1ll\u00f3 \u00c1llatorvostudom\u00e1nyi Egyetemen vehette \u00e1t 2020-ban. A v\u00e9gz\u00e9s ut\u00e1n csatlakozott az Egzotikus\u00e1llat-\u00e9s Vadeg\u00e9szs\u00e9g\u00fcgyi Tansz\u00e9k klinikus munkat\u00e1rsaihoz, majd 2021-ben sikeres PhD felv\u00e9teli ut\u00e1n folytatja kutat\u00e1s\u00e1t a<\/p>\n","protected":false},"author":5824,"featured_media":0,"parent":858,"menu_order":37,"comment_status":"open","ping_status":"open","template":"","meta":{"_acf_changed":false,"footnotes":""},"categories":[],"tags":[],"class_list":["post-59934","page","type-page","status-publish","hentry"],"acf":[],"_links":{"self":[{"href":"https:\/\/univet.hu\/hu\/wp-json\/wp\/v2\/pages\/59934","targetHints":{"allow":["GET"]}}],"collection":[{"href":"https:\/\/univet.hu\/hu\/wp-json\/wp\/v2\/pages"}],"about":[{"href":"https:\/\/univet.hu\/hu\/wp-json\/wp\/v2\/types\/page"}],"author":[{"embeddable":true,"href":"https:\/\/univet.hu\/hu\/wp-json\/wp\/v2\/users\/5824"}],"replies":[{"embeddable":true,"href":"https:\/\/univet.hu\/hu\/wp-json\/wp\/v2\/comments?post=59934"}],"version-history":[{"count":3,"href":"https:\/\/univet.hu\/hu\/wp-json\/wp\/v2\/pages\/59934\/revisions"}],"predecessor-version":[{"id":181763,"href":"https:\/\/univet.hu\/hu\/wp-json\/wp\/v2\/pages\/59934\/revisions\/181763"}],"up":[{"embeddable":true,"href":"https:\/\/univet.hu\/hu\/wp-json\/wp\/v2\/pages\/858"}],"wp:attachment":[{"href":"https:\/\/univet.hu\/hu\/wp-json\/wp\/v2\/media?parent=59934"}],"wp:term":[{"taxonomy":"category","embeddable":true,"href":"https:\/\/univet.hu\/hu\/wp-json\/wp\/v2\/categories?post=59934"},{"taxonomy":"post_tag","embeddable":true,"href":"https:\/\/univet.hu\/hu\/wp-json\/wp\/v2\/tags?post=59934"}],"curies":[{"name":"wp","href":"https:\/\/api.w.org\/{rel}","templated":true}]}}