{"id":60075,"date":"2020-11-12T10:55:56","date_gmt":"2020-11-12T09:55:56","guid":{"rendered":"https:\/\/univet.hu\/hu\/oktatas\/doktori-iskola\/tantargyak\/tematikak\/"},"modified":"2025-10-20T13:48:06","modified_gmt":"2025-10-20T11:48:06","slug":"tematikak","status":"publish","type":"page","link":"https:\/\/univet.hu\/hu\/oktatas\/doktori-iskola\/tantargyak\/tematikak\/","title":{"rendered":"TEMATIK\u00c1K _ r\u00e9gi"},"content":{"rendered":"<h4>I. \u00e9v 1. f\u00e9l\u00e9v<\/h4> <p><a href=\"https:\/\/univet.hu\/wp-content\/uploads\/2020\/11\/1_1_A-biostatisztika-alapjai-\u00e9s-a-kapcsol\u00f3d\u00f3-feladatok-megold\u00e1sa-sz\u00e1m\u00edt\u00f3g\u00e9p-seg\u00edts\u00e9g\u00e9vel-Munkalap1.pdf\">A biostatisztika alapjai \u00e9s a kapcsol\u00f3d\u00f3 feladatok megold\u00e1sa sz\u00e1m\u00edt\u00f3g\u00e9p seg\u00edts\u00e9g\u00e9vel<\/a><br \/> <a href=\"https:\/\/univet.hu\/wp-content\/uploads\/2020\/11\/1_1_Alkalmaz\u00e1sorint\u00e1lt-biostatisztika-Excelben-Munkalap1.pdf\">Alkalmaz\u00e1sorint\u00e1lt biostatisztika Excelben<\/a><br \/> <a href=\"https:\/\/univet.hu\/wp-content\/uploads\/2020\/11\/1_1_K\u00eds\u00e9rletek-tervez\u00e9s\u00e9nek-\u00e9s-ki\u00e9rt\u00e9kel\u00e9s\u00e9nek-statisztikai-m\u00f3dszerei-Munkalap1.pdf\">K\u00eds\u00e9rletek tervez\u00e9s\u00e9nek \u00e9s ki\u00e9rt\u00e9kel\u00e9s\u00e9nek statisztikai m\u00f3dszerei<\/a><br \/> <a href=\"https:\/\/univet.hu\/wp-content\/uploads\/2020\/11\/1_1_K\u00f6nyvt\u00e1ri-informatika-Munkalap1.pdf\">K\u00f6nyvt\u00e1ri informatika<\/a><br \/> <a href=\"https:\/\/univet.hu\/wp-content\/uploads\/2020\/11\/1_1_Labor\u00e1llat-tudom\u00e1ny-\u00e9s-\u00e1llatv\u00e9delem-Munkalap1.pdf\">Labor\u00e1llat-tudom\u00e1ny \u00e9s \u00e1llatv\u00e9delem<\/a><br \/> <a href=\"https:\/\/univet.hu\/wp-content\/uploads\/2020\/11\/1_1_Term\u00e9szettudom\u00e1nyos-kutat\u00e1sok-tervez\u00e9se-Munkalap1.pdf\">Term\u00e9szettudom\u00e1nyos kutat\u00e1sok tervez\u00e9se<\/a><\/p> <p><a href=\"https:\/\/univet.hu\/wp-content\/uploads\/2020\/11\/1_2_Modellek-a-popul\u00e1ci\u00f3biol\u00f3gi\u00e1ban.pdf\">Modellek a popul\u00e1ci\u00f3biol\u00f3gi\u00e1ban<\/a><br \/> <a href=\"https:\/\/univet.hu\/wp-content\/uploads\/2020\/11\/1_2_Sz\u00e1m\u00edt\u00f3g\u00e9pes-modellez\u00e9s.pdf\">Sz\u00e1m\u00edt\u00f3g\u00e9pes modellez\u00e9s<\/a><\/p> <h4>I. \u00e9v 2. f\u00e9l\u00e9v<\/h4> <p><a href=\"https:\/\/univet.hu\/wp-content\/uploads\/2020\/11\/1_2_Bevezet\u00e9s-a-pedag\u00f3gi\u00e1ba_-kommunikat\u00edv-didaktikai-alapvet\u00e9s.pdf\">Bevezet\u00e9s a pedag\u00f3gi\u00e1ba: kommunikat\u00edv didaktikai alapvet\u00e9s<\/a><br \/> <a href=\"https:\/\/univet.hu\/wp-content\/uploads\/2020\/11\/1_2_Epidemiol\u00f3giai-vizsg\u00e1latok-tervez\u00e9se-\u00e9s-ki\u00e9rt\u00e9kel\u00e9se.pdf\">Epidemiol\u00f3giai vizsg\u00e1latok tervez\u00e9se \u00e9s ki\u00e9rt\u00e9kel\u00e9se<\/a><br \/> <a href=\"https:\/\/univet.hu\/wp-content\/uploads\/2020\/11\/1_2_Grafika-\u00e9s-prezent\u00e1ci\u00f3.pdf\">Grafika \u00e9s prezent\u00e1ci\u00f3<\/a><br \/> <a href=\"https:\/\/univet.hu\/wp-content\/uploads\/2020\/11\/1_2_Kutat\u00e1si-etika.pdf\">Kutat\u00e1si etika<\/a><br \/> <a href=\"https:\/\/univet.hu\/wp-content\/uploads\/2020\/11\/1_2_Regresszi\u00f3s-modellek-regresszi\u00f3-sz\u00e1m\u00edt\u00e1s-a-kutat\u00e1sban.pdf\">Regresszi\u00f3s modellek, regresszi\u00f3-sz\u00e1m\u00edt\u00e1s a kutat\u00e1sban<\/a><br \/> <a href=\"https:\/\/univet.hu\/wp-content\/uploads\/2020\/11\/1_2_Tudom\u00e1nyos-publik\u00e1ci\u00f3k-k\u00e9sz\u00edt\u00e9se.pdf\">Tudom\u00e1nyos publik\u00e1ci\u00f3k k\u00e9sz\u00edt\u00e9se<\/a><\/p> <p><a href=\"https:\/\/univet.hu\/wp-content\/uploads\/2020\/11\/1_2_Az-Excel-t\u00e1bl\u00e1zatkezel\u0151-haszn\u00e1lata-fels\u0151fokon.pdf\">Az Excel t\u00e1bl\u00e1zatkezel\u0151 haszn\u00e1lata fels\u0151fokon<\/a><br \/> <a href=\"https:\/\/univet.hu\/wp-content\/uploads\/2020\/11\/1_2_Bevezet\u00e9s-a-hum\u00e1n-virol\u00f3gi\u00e1ba.pdf\">Bevezet\u00e9s a hum\u00e1n virol\u00f3gi\u00e1ba<\/a><br \/> Bioinformatics<br \/> Computer Modeling<br \/> <a href=\"https:\/\/univet.hu\/wp-content\/uploads\/2020\/11\/1_2_Eukari\u00f3ta-sejtek-teny\u00e9szt\u00e9se.pdf\">Eukari\u00f3ta sejtek teny\u00e9szt\u00e9se<\/a><br \/> <a href=\"https:\/\/univet.hu\/wp-content\/uploads\/2020\/11\/1_2_Genomikai-praktikum.pdf\">Genomikai praktikum<\/a><br \/> <a href=\"https:\/\/univet.hu\/wp-content\/uploads\/2020\/11\/1_2_Mikrobiol\u00f3giai-biotechnol\u00f3gia.pdf\">Mikrobiol\u00f3giai biotechnol\u00f3gia<\/a><br \/> Models in Population Biology<br \/> <a href=\"https:\/\/univet.hu\/wp-content\/uploads\/2020\/11\/1_2_Molecular-Biology.pdf\">Molekul\u00e1ris Biol\u00f3gia<\/a><br \/> <a href=\"https:\/\/univet.hu\/wp-content\/uploads\/2020\/11\/1_2_Redox-\u00e1llapot-\u00e9s-oxidat\u00edv-stressz-a-sejtek-\u00e9let\u00e9ben.pdf\">Redox \u00e1llapot \u00e9s oxidat\u00edv stressz a sejtek \u00e9let\u00e9ben<\/a><br \/> The molecular physiology of the cells<\/p> <p>&nbsp;<\/p>","protected":false},"excerpt":{"rendered":"<p>I. \u00e9v 1. f\u00e9l\u00e9v A biostatisztika alapjai \u00e9s a kapcsol\u00f3d\u00f3 feladatok megold\u00e1sa sz\u00e1m\u00edt\u00f3g\u00e9p seg\u00edts\u00e9g\u00e9vel Alkalmaz\u00e1sorint\u00e1lt biostatisztika Excelben K\u00eds\u00e9rletek tervez\u00e9s\u00e9nek \u00e9s ki\u00e9rt\u00e9kel\u00e9s\u00e9nek statisztikai m\u00f3dszerei K\u00f6nyvt\u00e1ri informatika Labor\u00e1llat-tudom\u00e1ny \u00e9s \u00e1llatv\u00e9delem Term\u00e9szettudom\u00e1nyos kutat\u00e1sok tervez\u00e9se Modellek a popul\u00e1ci\u00f3biol\u00f3gi\u00e1ban Sz\u00e1m\u00edt\u00f3g\u00e9pes modellez\u00e9s I. \u00e9v 2. f\u00e9l\u00e9v Bevezet\u00e9s a pedag\u00f3gi\u00e1ba: kommunikat\u00edv didaktikai alapvet\u00e9s Epidemiol\u00f3giai vizsg\u00e1latok tervez\u00e9se \u00e9s ki\u00e9rt\u00e9kel\u00e9se Grafika \u00e9s prezent\u00e1ci\u00f3 Kutat\u00e1si<\/p>\n","protected":false},"author":2676,"featured_media":0,"parent":757,"menu_order":0,"comment_status":"open","ping_status":"open","template":"","meta":{"_acf_changed":false,"footnotes":""},"categories":[],"tags":[],"class_list":["post-60075","page","type-page","status-publish","hentry"],"acf":[],"_links":{"self":[{"href":"https:\/\/univet.hu\/hu\/wp-json\/wp\/v2\/pages\/60075","targetHints":{"allow":["GET"]}}],"collection":[{"href":"https:\/\/univet.hu\/hu\/wp-json\/wp\/v2\/pages"}],"about":[{"href":"https:\/\/univet.hu\/hu\/wp-json\/wp\/v2\/types\/page"}],"author":[{"embeddable":true,"href":"https:\/\/univet.hu\/hu\/wp-json\/wp\/v2\/users\/2676"}],"replies":[{"embeddable":true,"href":"https:\/\/univet.hu\/hu\/wp-json\/wp\/v2\/comments?post=60075"}],"version-history":[{"count":1,"href":"https:\/\/univet.hu\/hu\/wp-json\/wp\/v2\/pages\/60075\/revisions"}],"predecessor-version":[{"id":193085,"href":"https:\/\/univet.hu\/hu\/wp-json\/wp\/v2\/pages\/60075\/revisions\/193085"}],"up":[{"embeddable":true,"href":"https:\/\/univet.hu\/hu\/wp-json\/wp\/v2\/pages\/757"}],"wp:attachment":[{"href":"https:\/\/univet.hu\/hu\/wp-json\/wp\/v2\/media?parent=60075"}],"wp:term":[{"taxonomy":"category","embeddable":true,"href":"https:\/\/univet.hu\/hu\/wp-json\/wp\/v2\/categories?post=60075"},{"taxonomy":"post_tag","embeddable":true,"href":"https:\/\/univet.hu\/hu\/wp-json\/wp\/v2\/tags?post=60075"}],"curies":[{"name":"wp","href":"https:\/\/api.w.org\/{rel}","templated":true}]}}